{"id":69642,"date":"2024-07-17T09:33:19","date_gmt":"2024-07-17T12:33:19","guid":{"rendered":"https:\/\/dev.gaiapole.com\/senza-categoria\/quick-lock-pole-wall-mount-track-rail-system\/"},"modified":"2025-11-02T11:52:08","modified_gmt":"2025-11-02T11:52:08","slug":"quick-lock-pole-wall-mount-track-rail-system","status":"publish","type":"product","link":"https:\/\/gaiapoleeurope.com\/it\/pali\/quick-lock-pole-wall-mount-track-rail-system\/","title":{"rendered":"QUICK LOCK POLE WALL MOUNT TRACK RAIL SYSTEM"},"content":{"rendered":"<p>Fissa il tuo palo alla parete con il sistema <strong>Quick Lock Pole Wall Mount Track Rail.<\/strong> Una soluzione semplice, rapida e facile per liberare spazio dopo l\u2019allenamento. Installato completamente a pressione dal basso, senza necessit\u00e0 di scale, il palo \u00e8 realizzato in acciaio inox bi-partito su misura per l\u2019altezza desiderata, e passa da statico a rotante con un semplice clic.  <\/p>\n","protected":false},"excerpt":{"rendered":"<p>Fissa il tuo palo alla parete con il sistema Quick Lock Pole Wall Mount Track Rail. Una soluzione semplice, rapida e facile per liberare spazio dopo l\u2019allenamento. Installato completamente a pressione dal basso, senza necessit\u00e0 di scale, il palo \u00e8 realizzato in acciaio inox bi-partito su misura per l\u2019altezza desiderata, e passa da statico a [&hellip;]<\/p>\n","protected":false},"featured_media":62113,"comment_status":"open","ping_status":"closed","template":"","meta":{"_acf_changed":false},"filtro":[1160,1572,1700,1699,2077,1574,1166,1157],"product_brand":[],"product_cat":[1139],"product_tag":[1141,1704,1706,1703,1705],"class_list":{"0":"post-69642","1":"product","2":"type-product","3":"status-publish","4":"has-post-thumbnail","6":"filtro-in-one-click-it","7":"filtro-installazione-a-pressione","8":"filtro-libera-spazio-facilmente","9":"filtro-nessuna-scala-necessaria","10":"filtro-brass-golden-it","11":"filtro-rivestito-in-gomma","12":"filtro-stainless-steel-it","13":"filtro-tailor-made-it","14":"product_cat-pali","15":"product_tag-bar-di-pole-dance","16":"product_tag-binario","17":"product_tag-binario-it","18":"product_tag-mount-it","19":"product_tag-struttura-da-parete-a-parete","21":"first","22":"instock","23":"taxable","24":"shipping-taxable","25":"purchasable","26":"product-type-variable","27":"add-to-wishlist-before_image"},"acf":[],"yoast_head":"<!-- This site is optimized with the Yoast SEO plugin v26.1.1 - https:\/\/yoast.com\/wordpress\/plugins\/seo\/ -->\n<title>QUICK LOCK POLE WALL MOUNT TRACK RAIL SYSTEM - Gaia Pole<\/title>\n<meta name=\"description\" content=\"Desliza tu barra y f\u00edjala a la pared con el sistema de riel de montaje en pared QUICK LOCK POLE\u00a1Simple, r\u00e1pido y f\u00e1cil para liberar espacio despu\u00e9s del entrenamiento!\" \/>\n<meta name=\"robots\" content=\"index, follow, max-snippet:-1, max-image-preview:large, max-video-preview:-1\" \/>\n<link rel=\"canonical\" href=\"https:\/\/gaiapoleeurope.com\/it\/pali\/quick-lock-pole-wall-mount-track-rail-system\/\" \/>\n<meta property=\"og:locale\" content=\"it_IT\" \/>\n<meta property=\"og:type\" content=\"article\" \/>\n<meta property=\"og:title\" content=\"QUICK LOCK POLE WALL MOUNT TRACK RAIL SYSTEM - Gaia Pole\" \/>\n<meta property=\"og:description\" content=\"Desliza tu barra y f\u00edjala a la pared con el sistema de riel de montaje en pared QUICK LOCK POLE\u00a1Simple, r\u00e1pido y f\u00e1cil para liberar espacio despu\u00e9s del entrenamiento!\" \/>\n<meta property=\"og:url\" content=\"https:\/\/gaiapoleeurope.com\/it\/pali\/quick-lock-pole-wall-mount-track-rail-system\/\" \/>\n<meta property=\"og:site_name\" content=\"Gaia Pole\" \/>\n<meta property=\"article:publisher\" content=\"https:\/\/www.facebook.com\/gaiapolefitness\" \/>\n<meta property=\"article:modified_time\" content=\"2025-11-02T11:52:08+00:00\" \/>\n<meta property=\"og:image\" content=\"https:\/\/gaiapoleeurope.com\/wp-content\/uploads\/2025\/06\/capa-trilho-de-parede-a-parede.jpg\" \/>\n\t<meta property=\"og:image:width\" content=\"1080\" \/>\n\t<meta property=\"og:image:height\" content=\"1080\" \/>\n\t<meta property=\"og:image:type\" content=\"image\/jpeg\" \/>\n<meta name=\"twitter:card\" content=\"summary_large_image\" \/>\n<script type=\"application\/ld+json\" class=\"yoast-schema-graph\">{\"@context\":\"https:\/\/schema.org\",\"@graph\":[{\"@type\":\"WebPage\",\"@id\":\"https:\/\/gaiapoleeurope.com\/it\/pali\/quick-lock-pole-wall-mount-track-rail-system\/\",\"url\":\"https:\/\/gaiapoleeurope.com\/it\/pali\/quick-lock-pole-wall-mount-track-rail-system\/\",\"name\":\"QUICK LOCK POLE WALL MOUNT TRACK RAIL SYSTEM - Gaia Pole\",\"isPartOf\":{\"@id\":\"https:\/\/gaiapoleeurope.com\/it\/#website\"},\"primaryImageOfPage\":{\"@id\":\"https:\/\/gaiapoleeurope.com\/it\/pali\/quick-lock-pole-wall-mount-track-rail-system\/#primaryimage\"},\"image\":{\"@id\":\"https:\/\/gaiapoleeurope.com\/it\/pali\/quick-lock-pole-wall-mount-track-rail-system\/#primaryimage\"},\"thumbnailUrl\":\"https:\/\/gaiapoleeurope.com\/wp-content\/uploads\/2025\/06\/capa-trilho-de-parede-a-parede.jpg\",\"datePublished\":\"2024-07-17T12:33:19+00:00\",\"dateModified\":\"2025-11-02T11:52:08+00:00\",\"description\":\"Desliza tu barra y f\u00edjala a la pared con el sistema de riel de montaje en pared QUICK LOCK POLE\u00a1Simple, r\u00e1pido y f\u00e1cil para liberar espacio despu\u00e9s del entrenamiento!\",\"breadcrumb\":{\"@id\":\"https:\/\/gaiapoleeurope.com\/it\/pali\/quick-lock-pole-wall-mount-track-rail-system\/#breadcrumb\"},\"inLanguage\":\"it-IT\",\"potentialAction\":[{\"@type\":\"ReadAction\",\"target\":[\"https:\/\/gaiapoleeurope.com\/it\/pali\/quick-lock-pole-wall-mount-track-rail-system\/\"]}]},{\"@type\":\"ImageObject\",\"inLanguage\":\"it-IT\",\"@id\":\"https:\/\/gaiapoleeurope.com\/it\/pali\/quick-lock-pole-wall-mount-track-rail-system\/#primaryimage\",\"url\":\"https:\/\/gaiapoleeurope.com\/wp-content\/uploads\/2025\/06\/capa-trilho-de-parede-a-parede.jpg\",\"contentUrl\":\"https:\/\/gaiapoleeurope.com\/wp-content\/uploads\/2025\/06\/capa-trilho-de-parede-a-parede.jpg\",\"width\":1080,\"height\":1080},{\"@type\":\"BreadcrumbList\",\"@id\":\"https:\/\/gaiapoleeurope.com\/it\/pali\/quick-lock-pole-wall-mount-track-rail-system\/#breadcrumb\",\"itemListElement\":[{\"@type\":\"ListItem\",\"position\":1,\"name\":\"Home\",\"item\":\"https:\/\/gaiapoleeurope.com\/it\/\"},{\"@type\":\"ListItem\",\"position\":2,\"name\":\"Negozio\",\"item\":\"https:\/\/gaiapoleeurope.com\/shop-page\/\"},{\"@type\":\"ListItem\",\"position\":3,\"name\":\"Pali\",\"item\":\"https:\/\/gaiapoleeurope.com\/it\/pali\/\"},{\"@type\":\"ListItem\",\"position\":4,\"name\":\"QUICK LOCK POLE WALL MOUNT TRACK RAIL SYSTEM\"}]},{\"@type\":\"WebSite\",\"@id\":\"https:\/\/gaiapoleeurope.com\/it\/#website\",\"url\":\"https:\/\/gaiapoleeurope.com\/it\/\",\"name\":\"Gaia Pole\",\"description\":\"\",\"publisher\":{\"@id\":\"https:\/\/gaiapoleeurope.com\/it\/#organization\"},\"potentialAction\":[{\"@type\":\"SearchAction\",\"target\":{\"@type\":\"EntryPoint\",\"urlTemplate\":\"https:\/\/gaiapoleeurope.com\/it\/?s={search_term_string}\"},\"query-input\":{\"@type\":\"PropertyValueSpecification\",\"valueRequired\":true,\"valueName\":\"search_term_string\"}}],\"inLanguage\":\"it-IT\"},{\"@type\":\"Organization\",\"@id\":\"https:\/\/gaiapoleeurope.com\/it\/#organization\",\"name\":\"Gaia Pole\",\"url\":\"https:\/\/gaiapoleeurope.com\/it\/\",\"logo\":{\"@type\":\"ImageObject\",\"inLanguage\":\"it-IT\",\"@id\":\"https:\/\/gaiapoleeurope.com\/it\/#\/schema\/logo\/image\/\",\"url\":\"https:\/\/gaiapoleeurope.com\/wp-content\/uploads\/2024\/08\/gaia-logo.svg\",\"contentUrl\":\"https:\/\/gaiapoleeurope.com\/wp-content\/uploads\/2024\/08\/gaia-logo.svg\",\"width\":423,\"height\":170,\"caption\":\"Gaia Pole\"},\"image\":{\"@id\":\"https:\/\/gaiapoleeurope.com\/it\/#\/schema\/logo\/image\/\"},\"sameAs\":[\"https:\/\/www.facebook.com\/gaiapolefitness\"]}]}<\/script>\n<!-- \/ Yoast SEO plugin. -->","yoast_head_json":{"title":"QUICK LOCK POLE WALL MOUNT TRACK RAIL SYSTEM - Gaia Pole","description":"Desliza tu barra y f\u00edjala a la pared con el sistema de riel de montaje en pared QUICK LOCK POLE\u00a1Simple, r\u00e1pido y f\u00e1cil para liberar espacio despu\u00e9s del entrenamiento!","robots":{"index":"index","follow":"follow","max-snippet":"max-snippet:-1","max-image-preview":"max-image-preview:large","max-video-preview":"max-video-preview:-1"},"canonical":"https:\/\/gaiapoleeurope.com\/it\/pali\/quick-lock-pole-wall-mount-track-rail-system\/","og_locale":"it_IT","og_type":"article","og_title":"QUICK LOCK POLE WALL MOUNT TRACK RAIL SYSTEM - Gaia Pole","og_description":"Desliza tu barra y f\u00edjala a la pared con el sistema de riel de montaje en pared QUICK LOCK POLE\u00a1Simple, r\u00e1pido y f\u00e1cil para liberar espacio despu\u00e9s del entrenamiento!","og_url":"https:\/\/gaiapoleeurope.com\/it\/pali\/quick-lock-pole-wall-mount-track-rail-system\/","og_site_name":"Gaia Pole","article_publisher":"https:\/\/www.facebook.com\/gaiapolefitness","article_modified_time":"2025-11-02T11:52:08+00:00","og_image":[{"width":1080,"height":1080,"url":"https:\/\/gaiapoleeurope.com\/wp-content\/uploads\/2025\/06\/capa-trilho-de-parede-a-parede.jpg","type":"image\/jpeg"}],"twitter_card":"summary_large_image","schema":{"@context":"https:\/\/schema.org","@graph":[{"@type":"WebPage","@id":"https:\/\/gaiapoleeurope.com\/it\/pali\/quick-lock-pole-wall-mount-track-rail-system\/","url":"https:\/\/gaiapoleeurope.com\/it\/pali\/quick-lock-pole-wall-mount-track-rail-system\/","name":"QUICK LOCK POLE WALL MOUNT TRACK RAIL SYSTEM - Gaia Pole","isPartOf":{"@id":"https:\/\/gaiapoleeurope.com\/it\/#website"},"primaryImageOfPage":{"@id":"https:\/\/gaiapoleeurope.com\/it\/pali\/quick-lock-pole-wall-mount-track-rail-system\/#primaryimage"},"image":{"@id":"https:\/\/gaiapoleeurope.com\/it\/pali\/quick-lock-pole-wall-mount-track-rail-system\/#primaryimage"},"thumbnailUrl":"https:\/\/gaiapoleeurope.com\/wp-content\/uploads\/2025\/06\/capa-trilho-de-parede-a-parede.jpg","datePublished":"2024-07-17T12:33:19+00:00","dateModified":"2025-11-02T11:52:08+00:00","description":"Desliza tu barra y f\u00edjala a la pared con el sistema de riel de montaje en pared QUICK LOCK POLE\u00a1Simple, r\u00e1pido y f\u00e1cil para liberar espacio despu\u00e9s del entrenamiento!","breadcrumb":{"@id":"https:\/\/gaiapoleeurope.com\/it\/pali\/quick-lock-pole-wall-mount-track-rail-system\/#breadcrumb"},"inLanguage":"it-IT","potentialAction":[{"@type":"ReadAction","target":["https:\/\/gaiapoleeurope.com\/it\/pali\/quick-lock-pole-wall-mount-track-rail-system\/"]}]},{"@type":"ImageObject","inLanguage":"it-IT","@id":"https:\/\/gaiapoleeurope.com\/it\/pali\/quick-lock-pole-wall-mount-track-rail-system\/#primaryimage","url":"https:\/\/gaiapoleeurope.com\/wp-content\/uploads\/2025\/06\/capa-trilho-de-parede-a-parede.jpg","contentUrl":"https:\/\/gaiapoleeurope.com\/wp-content\/uploads\/2025\/06\/capa-trilho-de-parede-a-parede.jpg","width":1080,"height":1080},{"@type":"BreadcrumbList","@id":"https:\/\/gaiapoleeurope.com\/it\/pali\/quick-lock-pole-wall-mount-track-rail-system\/#breadcrumb","itemListElement":[{"@type":"ListItem","position":1,"name":"Home","item":"https:\/\/gaiapoleeurope.com\/it\/"},{"@type":"ListItem","position":2,"name":"Negozio","item":"https:\/\/gaiapoleeurope.com\/shop-page\/"},{"@type":"ListItem","position":3,"name":"Pali","item":"https:\/\/gaiapoleeurope.com\/it\/pali\/"},{"@type":"ListItem","position":4,"name":"QUICK LOCK POLE WALL MOUNT TRACK RAIL SYSTEM"}]},{"@type":"WebSite","@id":"https:\/\/gaiapoleeurope.com\/it\/#website","url":"https:\/\/gaiapoleeurope.com\/it\/","name":"Gaia Pole","description":"","publisher":{"@id":"https:\/\/gaiapoleeurope.com\/it\/#organization"},"potentialAction":[{"@type":"SearchAction","target":{"@type":"EntryPoint","urlTemplate":"https:\/\/gaiapoleeurope.com\/it\/?s={search_term_string}"},"query-input":{"@type":"PropertyValueSpecification","valueRequired":true,"valueName":"search_term_string"}}],"inLanguage":"it-IT"},{"@type":"Organization","@id":"https:\/\/gaiapoleeurope.com\/it\/#organization","name":"Gaia Pole","url":"https:\/\/gaiapoleeurope.com\/it\/","logo":{"@type":"ImageObject","inLanguage":"it-IT","@id":"https:\/\/gaiapoleeurope.com\/it\/#\/schema\/logo\/image\/","url":"https:\/\/gaiapoleeurope.com\/wp-content\/uploads\/2024\/08\/gaia-logo.svg","contentUrl":"https:\/\/gaiapoleeurope.com\/wp-content\/uploads\/2024\/08\/gaia-logo.svg","width":423,"height":170,"caption":"Gaia Pole"},"image":{"@id":"https:\/\/gaiapoleeurope.com\/it\/#\/schema\/logo\/image\/"},"sameAs":["https:\/\/www.facebook.com\/gaiapolefitness"]}]}},"_links":{"self":[{"href":"https:\/\/gaiapoleeurope.com\/it\/wp-json\/wp\/v2\/product\/69642","targetHints":{"allow":["GET"]}}],"collection":[{"href":"https:\/\/gaiapoleeurope.com\/it\/wp-json\/wp\/v2\/product"}],"about":[{"href":"https:\/\/gaiapoleeurope.com\/it\/wp-json\/wp\/v2\/types\/product"}],"replies":[{"embeddable":true,"href":"https:\/\/gaiapoleeurope.com\/it\/wp-json\/wp\/v2\/comments?post=69642"}],"wp:featuredmedia":[{"embeddable":true,"href":"https:\/\/gaiapoleeurope.com\/it\/wp-json\/wp\/v2\/media\/62113"}],"wp:attachment":[{"href":"https:\/\/gaiapoleeurope.com\/it\/wp-json\/wp\/v2\/media?parent=69642"}],"wp:term":[{"taxonomy":"filtro","embeddable":true,"href":"https:\/\/gaiapoleeurope.com\/it\/wp-json\/wp\/v2\/filtro?post=69642"},{"taxonomy":"product_brand","embeddable":true,"href":"https:\/\/gaiapoleeurope.com\/it\/wp-json\/wp\/v2\/product_brand?post=69642"},{"taxonomy":"product_cat","embeddable":true,"href":"https:\/\/gaiapoleeurope.com\/it\/wp-json\/wp\/v2\/product_cat?post=69642"},{"taxonomy":"product_tag","embeddable":true,"href":"https:\/\/gaiapoleeurope.com\/it\/wp-json\/wp\/v2\/product_tag?post=69642"}],"curies":[{"name":"wp","href":"https:\/\/api.w.org\/{rel}","templated":true}]}}