{"id":69455,"date":"2024-07-10T13:36:38","date_gmt":"2024-07-10T16:36:38","guid":{"rendered":"https:\/\/dev.gaiapole.com\/non%20class\u00e9\/all-in-one-articulated-portable-pole\/"},"modified":"2025-09-11T04:01:52","modified_gmt":"2025-09-11T04:01:52","slug":"all-in-one-articulated-portable-pole","status":"publish","type":"product","link":"https:\/\/gaiapoleeurope.com\/fr\/barres\/all-in-one-articulated-portable-pole\/","title":{"rendered":"ALL IN ONE ARTICULATED PORTABLE POLE"},"content":{"rendered":"<p>Le ALL IN ONE ARTICULATED AND PORTABLE POLE a vraiment tout. C&rsquo;est la barre la plus compl\u00e8te au Monde! Cette technologie brevet\u00e9e est diff\u00e9rente de toutes les autres barres amovibles sur le march\u00e9 et peut \u00eatre rang\u00e9e dans le plafond quand elle n&rsquo;est pas utilis\u00e9e. De plus, elle est totalement amovible, facilitant le transport et peut \u00eatre assembl\u00e9e dans une grande vari\u00e9t\u00e9 de hauteurs. Fonction rotative et statique disponibles, passage de l&rsquo;une \u00e0 l&rsquo;autre en un simple clic.    <\/p>\n","protected":false},"excerpt":{"rendered":"<p>Le ALL IN ONE ARTICULATED AND PORTABLE POLE a vraiment tout. C&rsquo;est la barre la plus compl\u00e8te au Monde! Cette technologie brevet\u00e9e est diff\u00e9rente de toutes les autres barres amovibles sur le march\u00e9 et peut \u00eatre rang\u00e9e dans le plafond quand elle n&rsquo;est pas utilis\u00e9e. De plus, elle est totalement amovible, facilitant le transport et [&hellip;]<\/p>\n","protected":false},"featured_media":62039,"comment_status":"open","ping_status":"closed","template":"","meta":{"_acf_changed":false},"filtro":[1164,1154,1158,1399,1169,1149,1401],"product_brand":[],"product_cat":[1078],"product_tag":[1532,1527,1533,1079,1322,1528,1531,1529,1530,1080],"class_list":{"0":"post-69455","1":"product","2":"type-product","3":"status-publish","4":"has-post-thumbnail","6":"filtro-acier-inoxydable","7":"filtro-adaptable-fr","8":"filtro-en-un-clic","9":"filtro-liberation-facile-de-lespace","10":"filtro-makkelijk-mee-te-nemen-fr","11":"filtro-montage-par-pression","12":"filtro-sans-echelle-requise","13":"product_cat-barres","14":"product_tag-all-in-one-articulated-pole-fr","15":"product_tag-articulated-fr","16":"product_tag-articulated-pole-fr","17":"product_tag-barre-de-pole-dance","18":"product_tag-portable-fr","19":"product_tag-pressure-mounted-fr","20":"product_tag-spinning-fr","21":"product_tag-stanless-steel-fr","22":"product_tag-static-fr","23":"product_tag-verrouillage-rapide","25":"first","26":"instock","27":"taxable","28":"shipping-taxable","29":"purchasable","30":"product-type-variable","31":"has-default-attributes","32":"add-to-wishlist-before_image"},"acf":[],"yoast_head":"<!-- This site is optimized with the Yoast SEO plugin v26.1.1 - https:\/\/yoast.com\/wordpress\/plugins\/seo\/ -->\n<title>ALL IN ONE ARTICULATED PORTABLE POLE - Gaia Pole<\/title>\n<meta name=\"description\" content=\"Le ALL IN ONE ARTICULATED POLE est la barre la plus compl\u00e8te au Monde! Cette technologie brevet\u00e9e est diff\u00e9rente de toutes les autres barres amovibles sur le march\u00e9.\" \/>\n<meta name=\"robots\" content=\"index, follow, max-snippet:-1, max-image-preview:large, max-video-preview:-1\" \/>\n<link rel=\"canonical\" href=\"https:\/\/gaiapoleeurope.com\/fr\/barres\/all-in-one-articulated-portable-pole\/\" \/>\n<meta property=\"og:locale\" content=\"fr_FR\" \/>\n<meta property=\"og:type\" content=\"article\" \/>\n<meta property=\"og:title\" content=\"ALL IN ONE ARTICULATED PORTABLE POLE - Gaia Pole\" \/>\n<meta property=\"og:description\" content=\"Le ALL IN ONE ARTICULATED POLE est la barre la plus compl\u00e8te au Monde! Cette technologie brevet\u00e9e est diff\u00e9rente de toutes les autres barres amovibles sur le march\u00e9.\" \/>\n<meta property=\"og:url\" content=\"https:\/\/gaiapoleeurope.com\/fr\/barres\/all-in-one-articulated-portable-pole\/\" \/>\n<meta property=\"og:site_name\" content=\"Gaia Pole\" \/>\n<meta property=\"article:publisher\" content=\"https:\/\/www.facebook.com\/gaiapolefitness\" \/>\n<meta property=\"article:modified_time\" content=\"2025-09-11T04:01:52+00:00\" \/>\n<meta property=\"og:image\" content=\"https:\/\/gaiapoleeurope.com\/wp-content\/uploads\/2025\/06\/capa-all-in-one.jpg\" \/>\n\t<meta property=\"og:image:width\" content=\"1080\" \/>\n\t<meta property=\"og:image:height\" content=\"1080\" \/>\n\t<meta property=\"og:image:type\" content=\"image\/jpeg\" \/>\n<meta name=\"twitter:card\" content=\"summary_large_image\" \/>\n<script type=\"application\/ld+json\" class=\"yoast-schema-graph\">{\"@context\":\"https:\/\/schema.org\",\"@graph\":[{\"@type\":\"WebPage\",\"@id\":\"https:\/\/gaiapoleeurope.com\/fr\/barres\/all-in-one-articulated-portable-pole\/\",\"url\":\"https:\/\/gaiapoleeurope.com\/fr\/barres\/all-in-one-articulated-portable-pole\/\",\"name\":\"ALL IN ONE ARTICULATED PORTABLE POLE - Gaia Pole\",\"isPartOf\":{\"@id\":\"https:\/\/gaiapoleeurope.com\/fr\/#website\"},\"primaryImageOfPage\":{\"@id\":\"https:\/\/gaiapoleeurope.com\/fr\/barres\/all-in-one-articulated-portable-pole\/#primaryimage\"},\"image\":{\"@id\":\"https:\/\/gaiapoleeurope.com\/fr\/barres\/all-in-one-articulated-portable-pole\/#primaryimage\"},\"thumbnailUrl\":\"https:\/\/gaiapoleeurope.com\/wp-content\/uploads\/2025\/06\/capa-all-in-one.jpg\",\"datePublished\":\"2024-07-10T16:36:38+00:00\",\"dateModified\":\"2025-09-11T04:01:52+00:00\",\"description\":\"Le ALL IN ONE ARTICULATED POLE est la barre la plus compl\u00e8te au Monde! Cette technologie brevet\u00e9e est diff\u00e9rente de toutes les autres barres amovibles sur le march\u00e9.\",\"breadcrumb\":{\"@id\":\"https:\/\/gaiapoleeurope.com\/fr\/barres\/all-in-one-articulated-portable-pole\/#breadcrumb\"},\"inLanguage\":\"fr-FR\",\"potentialAction\":[{\"@type\":\"ReadAction\",\"target\":[\"https:\/\/gaiapoleeurope.com\/fr\/barres\/all-in-one-articulated-portable-pole\/\"]}]},{\"@type\":\"ImageObject\",\"inLanguage\":\"fr-FR\",\"@id\":\"https:\/\/gaiapoleeurope.com\/fr\/barres\/all-in-one-articulated-portable-pole\/#primaryimage\",\"url\":\"https:\/\/gaiapoleeurope.com\/wp-content\/uploads\/2025\/06\/capa-all-in-one.jpg\",\"contentUrl\":\"https:\/\/gaiapoleeurope.com\/wp-content\/uploads\/2025\/06\/capa-all-in-one.jpg\",\"width\":1080,\"height\":1080},{\"@type\":\"BreadcrumbList\",\"@id\":\"https:\/\/gaiapoleeurope.com\/fr\/barres\/all-in-one-articulated-portable-pole\/#breadcrumb\",\"itemListElement\":[{\"@type\":\"ListItem\",\"position\":1,\"name\":\"Home\",\"item\":\"https:\/\/gaiapoleeurope.com\/fr\/\"},{\"@type\":\"ListItem\",\"position\":2,\"name\":\"Boutique\",\"item\":\"https:\/\/gaiapoleeurope.com\/fr\/boutique\/\"},{\"@type\":\"ListItem\",\"position\":3,\"name\":\"Barres\",\"item\":\"https:\/\/gaiapoleeurope.com\/fr\/barres\/\"},{\"@type\":\"ListItem\",\"position\":4,\"name\":\"ALL IN ONE ARTICULATED PORTABLE POLE\"}]},{\"@type\":\"WebSite\",\"@id\":\"https:\/\/gaiapoleeurope.com\/fr\/#website\",\"url\":\"https:\/\/gaiapoleeurope.com\/fr\/\",\"name\":\"Gaia Pole\",\"description\":\"\",\"publisher\":{\"@id\":\"https:\/\/gaiapoleeurope.com\/fr\/#organization\"},\"potentialAction\":[{\"@type\":\"SearchAction\",\"target\":{\"@type\":\"EntryPoint\",\"urlTemplate\":\"https:\/\/gaiapoleeurope.com\/fr\/?s={search_term_string}\"},\"query-input\":{\"@type\":\"PropertyValueSpecification\",\"valueRequired\":true,\"valueName\":\"search_term_string\"}}],\"inLanguage\":\"fr-FR\"},{\"@type\":\"Organization\",\"@id\":\"https:\/\/gaiapoleeurope.com\/fr\/#organization\",\"name\":\"Gaia Pole\",\"url\":\"https:\/\/gaiapoleeurope.com\/fr\/\",\"logo\":{\"@type\":\"ImageObject\",\"inLanguage\":\"fr-FR\",\"@id\":\"https:\/\/gaiapoleeurope.com\/fr\/#\/schema\/logo\/image\/\",\"url\":\"https:\/\/gaiapoleeurope.com\/wp-content\/uploads\/2024\/08\/gaia-logo.svg\",\"contentUrl\":\"https:\/\/gaiapoleeurope.com\/wp-content\/uploads\/2024\/08\/gaia-logo.svg\",\"width\":423,\"height\":170,\"caption\":\"Gaia Pole\"},\"image\":{\"@id\":\"https:\/\/gaiapoleeurope.com\/fr\/#\/schema\/logo\/image\/\"},\"sameAs\":[\"https:\/\/www.facebook.com\/gaiapolefitness\"]}]}<\/script>\n<!-- \/ Yoast SEO plugin. -->","yoast_head_json":{"title":"ALL IN ONE ARTICULATED PORTABLE POLE - Gaia Pole","description":"Le ALL IN ONE ARTICULATED POLE est la barre la plus compl\u00e8te au Monde! Cette technologie brevet\u00e9e est diff\u00e9rente de toutes les autres barres amovibles sur le march\u00e9.","robots":{"index":"index","follow":"follow","max-snippet":"max-snippet:-1","max-image-preview":"max-image-preview:large","max-video-preview":"max-video-preview:-1"},"canonical":"https:\/\/gaiapoleeurope.com\/fr\/barres\/all-in-one-articulated-portable-pole\/","og_locale":"fr_FR","og_type":"article","og_title":"ALL IN ONE ARTICULATED PORTABLE POLE - Gaia Pole","og_description":"Le ALL IN ONE ARTICULATED POLE est la barre la plus compl\u00e8te au Monde! Cette technologie brevet\u00e9e est diff\u00e9rente de toutes les autres barres amovibles sur le march\u00e9.","og_url":"https:\/\/gaiapoleeurope.com\/fr\/barres\/all-in-one-articulated-portable-pole\/","og_site_name":"Gaia Pole","article_publisher":"https:\/\/www.facebook.com\/gaiapolefitness","article_modified_time":"2025-09-11T04:01:52+00:00","og_image":[{"width":1080,"height":1080,"url":"https:\/\/gaiapoleeurope.com\/wp-content\/uploads\/2025\/06\/capa-all-in-one.jpg","type":"image\/jpeg"}],"twitter_card":"summary_large_image","schema":{"@context":"https:\/\/schema.org","@graph":[{"@type":"WebPage","@id":"https:\/\/gaiapoleeurope.com\/fr\/barres\/all-in-one-articulated-portable-pole\/","url":"https:\/\/gaiapoleeurope.com\/fr\/barres\/all-in-one-articulated-portable-pole\/","name":"ALL IN ONE ARTICULATED PORTABLE POLE - Gaia Pole","isPartOf":{"@id":"https:\/\/gaiapoleeurope.com\/fr\/#website"},"primaryImageOfPage":{"@id":"https:\/\/gaiapoleeurope.com\/fr\/barres\/all-in-one-articulated-portable-pole\/#primaryimage"},"image":{"@id":"https:\/\/gaiapoleeurope.com\/fr\/barres\/all-in-one-articulated-portable-pole\/#primaryimage"},"thumbnailUrl":"https:\/\/gaiapoleeurope.com\/wp-content\/uploads\/2025\/06\/capa-all-in-one.jpg","datePublished":"2024-07-10T16:36:38+00:00","dateModified":"2025-09-11T04:01:52+00:00","description":"Le ALL IN ONE ARTICULATED POLE est la barre la plus compl\u00e8te au Monde! Cette technologie brevet\u00e9e est diff\u00e9rente de toutes les autres barres amovibles sur le march\u00e9.","breadcrumb":{"@id":"https:\/\/gaiapoleeurope.com\/fr\/barres\/all-in-one-articulated-portable-pole\/#breadcrumb"},"inLanguage":"fr-FR","potentialAction":[{"@type":"ReadAction","target":["https:\/\/gaiapoleeurope.com\/fr\/barres\/all-in-one-articulated-portable-pole\/"]}]},{"@type":"ImageObject","inLanguage":"fr-FR","@id":"https:\/\/gaiapoleeurope.com\/fr\/barres\/all-in-one-articulated-portable-pole\/#primaryimage","url":"https:\/\/gaiapoleeurope.com\/wp-content\/uploads\/2025\/06\/capa-all-in-one.jpg","contentUrl":"https:\/\/gaiapoleeurope.com\/wp-content\/uploads\/2025\/06\/capa-all-in-one.jpg","width":1080,"height":1080},{"@type":"BreadcrumbList","@id":"https:\/\/gaiapoleeurope.com\/fr\/barres\/all-in-one-articulated-portable-pole\/#breadcrumb","itemListElement":[{"@type":"ListItem","position":1,"name":"Home","item":"https:\/\/gaiapoleeurope.com\/fr\/"},{"@type":"ListItem","position":2,"name":"Boutique","item":"https:\/\/gaiapoleeurope.com\/fr\/boutique\/"},{"@type":"ListItem","position":3,"name":"Barres","item":"https:\/\/gaiapoleeurope.com\/fr\/barres\/"},{"@type":"ListItem","position":4,"name":"ALL IN ONE ARTICULATED PORTABLE POLE"}]},{"@type":"WebSite","@id":"https:\/\/gaiapoleeurope.com\/fr\/#website","url":"https:\/\/gaiapoleeurope.com\/fr\/","name":"Gaia Pole","description":"","publisher":{"@id":"https:\/\/gaiapoleeurope.com\/fr\/#organization"},"potentialAction":[{"@type":"SearchAction","target":{"@type":"EntryPoint","urlTemplate":"https:\/\/gaiapoleeurope.com\/fr\/?s={search_term_string}"},"query-input":{"@type":"PropertyValueSpecification","valueRequired":true,"valueName":"search_term_string"}}],"inLanguage":"fr-FR"},{"@type":"Organization","@id":"https:\/\/gaiapoleeurope.com\/fr\/#organization","name":"Gaia Pole","url":"https:\/\/gaiapoleeurope.com\/fr\/","logo":{"@type":"ImageObject","inLanguage":"fr-FR","@id":"https:\/\/gaiapoleeurope.com\/fr\/#\/schema\/logo\/image\/","url":"https:\/\/gaiapoleeurope.com\/wp-content\/uploads\/2024\/08\/gaia-logo.svg","contentUrl":"https:\/\/gaiapoleeurope.com\/wp-content\/uploads\/2024\/08\/gaia-logo.svg","width":423,"height":170,"caption":"Gaia Pole"},"image":{"@id":"https:\/\/gaiapoleeurope.com\/fr\/#\/schema\/logo\/image\/"},"sameAs":["https:\/\/www.facebook.com\/gaiapolefitness"]}]}},"_links":{"self":[{"href":"https:\/\/gaiapoleeurope.com\/fr\/wp-json\/wp\/v2\/product\/69455","targetHints":{"allow":["GET"]}}],"collection":[{"href":"https:\/\/gaiapoleeurope.com\/fr\/wp-json\/wp\/v2\/product"}],"about":[{"href":"https:\/\/gaiapoleeurope.com\/fr\/wp-json\/wp\/v2\/types\/product"}],"replies":[{"embeddable":true,"href":"https:\/\/gaiapoleeurope.com\/fr\/wp-json\/wp\/v2\/comments?post=69455"}],"wp:featuredmedia":[{"embeddable":true,"href":"https:\/\/gaiapoleeurope.com\/fr\/wp-json\/wp\/v2\/media\/62039"}],"wp:attachment":[{"href":"https:\/\/gaiapoleeurope.com\/fr\/wp-json\/wp\/v2\/media?parent=69455"}],"wp:term":[{"taxonomy":"filtro","embeddable":true,"href":"https:\/\/gaiapoleeurope.com\/fr\/wp-json\/wp\/v2\/filtro?post=69455"},{"taxonomy":"product_brand","embeddable":true,"href":"https:\/\/gaiapoleeurope.com\/fr\/wp-json\/wp\/v2\/product_brand?post=69455"},{"taxonomy":"product_cat","embeddable":true,"href":"https:\/\/gaiapoleeurope.com\/fr\/wp-json\/wp\/v2\/product_cat?post=69455"},{"taxonomy":"product_tag","embeddable":true,"href":"https:\/\/gaiapoleeurope.com\/fr\/wp-json\/wp\/v2\/product_tag?post=69455"}],"curies":[{"name":"wp","href":"https:\/\/api.w.org\/{rel}","templated":true}]}}