{"id":69439,"date":"2024-07-10T13:41:49","date_gmt":"2024-07-10T16:41:49","guid":{"rendered":"https:\/\/dev.gaiapole.com\/non%20class\u00e9\/portable-flying-pole\/"},"modified":"2025-09-11T04:28:35","modified_gmt":"2025-09-11T04:28:35","slug":"portable-flying-pole","status":"publish","type":"product","link":"https:\/\/gaiapoleeurope.com\/fr\/aeriennes\/portable-flying-pole\/","title":{"rendered":"PORTABLE FLYING POLE"},"content":{"rendered":"<p>Notre unique <strong>Portable Flying Pole <\/strong>est une barre pendulaire caoutchout\u00e9e qui offre DEUX possibilit\u00e9s de longueur pour vous permettre d&rsquo;explorer vos comp\u00e9tences partout car elle peut \u00eatre mont\u00e9e au plafond ou m\u00eame install\u00e9e dans la nature pour des sensations a\u00e9riennes; install\u00e9e sur notre Gaia Stage pour \u00eatre mise en rotation avec la Fonction Quick Lock ou sur notre plaque de base whirlpool exclusive pour une performance en cercle complet. D\u00e9montable et totalement facile \u00e0 transporter avec notre \u00e9tui rigide optionnel! <\/p>\n","protected":false},"excerpt":{"rendered":"<p>Notre unique Portable Flying Pole est une barre pendulaire caoutchout\u00e9e qui offre DEUX possibilit\u00e9s de longueur pour vous permettre d&rsquo;explorer vos comp\u00e9tences partout car elle peut \u00eatre mont\u00e9e au plafond ou m\u00eame install\u00e9e dans la nature pour des sensations a\u00e9riennes; install\u00e9e sur notre Gaia Stage pour \u00eatre mise en rotation avec la Fonction Quick Lock [&hellip;]<\/p>\n","protected":false},"featured_media":62051,"comment_status":"open","ping_status":"closed","template":"","meta":{"_acf_changed":false},"filtro":[],"product_brand":[],"product_cat":[1320],"product_tag":[1520,1337,1322,1522,1521],"class_list":{"0":"post-69439","1":"product","2":"type-product","3":"status-publish","4":"has-post-thumbnail","6":"product_cat-aeriennes","7":"product_tag-chinese-pole-fr","8":"product_tag-flying-pole-fr","9":"product_tag-portable-fr","10":"product_tag-portable-flying-pole-fr","11":"product_tag-rubber-pole-fr","13":"first","14":"instock","15":"taxable","16":"shipping-taxable","17":"purchasable","18":"product-type-variable","19":"has-default-attributes","20":"add-to-wishlist-before_image"},"acf":[],"yoast_head":"<!-- This site is optimized with the Yoast SEO plugin v26.1.1 - https:\/\/yoast.com\/wordpress\/plugins\/seo\/ -->\n<title>PORTABLE FLYING POLE - Gaia Pole<\/title>\n<meta name=\"description\" content=\"La seule sur le march\u00e9, la Portable Flying Pole est une barre pendulaire caoutchout\u00e9e qui offre DEUX possibilit\u00e9s de longueur pour vous permettre d&#039;explorer vos comp\u00e9tences dans n&#039;importe quel environnement!\" \/>\n<meta name=\"robots\" content=\"index, follow, max-snippet:-1, max-image-preview:large, max-video-preview:-1\" \/>\n<link rel=\"canonical\" href=\"https:\/\/gaiapoleeurope.com\/fr\/aeriennes\/portable-flying-pole\/\" \/>\n<meta property=\"og:locale\" content=\"fr_FR\" \/>\n<meta property=\"og:type\" content=\"article\" \/>\n<meta property=\"og:title\" content=\"PORTABLE FLYING POLE - Gaia Pole\" \/>\n<meta property=\"og:description\" content=\"La seule sur le march\u00e9, la Portable Flying Pole est une barre pendulaire caoutchout\u00e9e qui offre DEUX possibilit\u00e9s de longueur pour vous permettre d&#039;explorer vos comp\u00e9tences dans n&#039;importe quel environnement!\" \/>\n<meta property=\"og:url\" content=\"https:\/\/gaiapoleeurope.com\/fr\/aeriennes\/portable-flying-pole\/\" \/>\n<meta property=\"og:site_name\" content=\"Gaia Pole\" \/>\n<meta property=\"article:publisher\" content=\"https:\/\/www.facebook.com\/gaiapolefitness\" \/>\n<meta property=\"article:modified_time\" content=\"2025-09-11T04:28:35+00:00\" \/>\n<meta property=\"og:image\" content=\"https:\/\/gaiapoleeurope.com\/wp-content\/uploads\/2025\/06\/capa-flying-pole.jpg\" \/>\n\t<meta property=\"og:image:width\" content=\"1080\" \/>\n\t<meta property=\"og:image:height\" content=\"1080\" \/>\n\t<meta property=\"og:image:type\" content=\"image\/jpeg\" \/>\n<meta name=\"twitter:card\" content=\"summary_large_image\" \/>\n<script type=\"application\/ld+json\" class=\"yoast-schema-graph\">{\"@context\":\"https:\/\/schema.org\",\"@graph\":[{\"@type\":\"WebPage\",\"@id\":\"https:\/\/gaiapoleeurope.com\/fr\/aeriennes\/portable-flying-pole\/\",\"url\":\"https:\/\/gaiapoleeurope.com\/fr\/aeriennes\/portable-flying-pole\/\",\"name\":\"PORTABLE FLYING POLE - Gaia Pole\",\"isPartOf\":{\"@id\":\"https:\/\/gaiapoleeurope.com\/fr\/#website\"},\"primaryImageOfPage\":{\"@id\":\"https:\/\/gaiapoleeurope.com\/fr\/aeriennes\/portable-flying-pole\/#primaryimage\"},\"image\":{\"@id\":\"https:\/\/gaiapoleeurope.com\/fr\/aeriennes\/portable-flying-pole\/#primaryimage\"},\"thumbnailUrl\":\"https:\/\/gaiapoleeurope.com\/wp-content\/uploads\/2025\/06\/capa-flying-pole-1.jpg\",\"datePublished\":\"2024-07-10T16:41:49+00:00\",\"dateModified\":\"2025-09-11T04:28:35+00:00\",\"description\":\"La seule sur le march\u00e9, la Portable Flying Pole est une barre pendulaire caoutchout\u00e9e qui offre DEUX possibilit\u00e9s de longueur pour vous permettre d'explorer vos comp\u00e9tences dans n'importe quel environnement!\",\"breadcrumb\":{\"@id\":\"https:\/\/gaiapoleeurope.com\/fr\/aeriennes\/portable-flying-pole\/#breadcrumb\"},\"inLanguage\":\"fr-FR\",\"potentialAction\":[{\"@type\":\"ReadAction\",\"target\":[\"https:\/\/gaiapoleeurope.com\/fr\/aeriennes\/portable-flying-pole\/\"]}]},{\"@type\":\"ImageObject\",\"inLanguage\":\"fr-FR\",\"@id\":\"https:\/\/gaiapoleeurope.com\/fr\/aeriennes\/portable-flying-pole\/#primaryimage\",\"url\":\"https:\/\/gaiapoleeurope.com\/wp-content\/uploads\/2025\/06\/capa-flying-pole-1.jpg\",\"contentUrl\":\"https:\/\/gaiapoleeurope.com\/wp-content\/uploads\/2025\/06\/capa-flying-pole-1.jpg\",\"width\":1080,\"height\":1080},{\"@type\":\"BreadcrumbList\",\"@id\":\"https:\/\/gaiapoleeurope.com\/fr\/aeriennes\/portable-flying-pole\/#breadcrumb\",\"itemListElement\":[{\"@type\":\"ListItem\",\"position\":1,\"name\":\"Home\",\"item\":\"https:\/\/gaiapoleeurope.com\/fr\/\"},{\"@type\":\"ListItem\",\"position\":2,\"name\":\"Boutique\",\"item\":\"https:\/\/gaiapoleeurope.com\/fr\/boutique\/\"},{\"@type\":\"ListItem\",\"position\":3,\"name\":\"Activit\u00e9s a\u00e9riennes\",\"item\":\"https:\/\/gaiapoleeurope.com\/fr\/aeriennes\/\"},{\"@type\":\"ListItem\",\"position\":4,\"name\":\"PORTABLE FLYING POLE\"}]},{\"@type\":\"WebSite\",\"@id\":\"https:\/\/gaiapoleeurope.com\/fr\/#website\",\"url\":\"https:\/\/gaiapoleeurope.com\/fr\/\",\"name\":\"Gaia Pole\",\"description\":\"\",\"publisher\":{\"@id\":\"https:\/\/gaiapoleeurope.com\/fr\/#organization\"},\"potentialAction\":[{\"@type\":\"SearchAction\",\"target\":{\"@type\":\"EntryPoint\",\"urlTemplate\":\"https:\/\/gaiapoleeurope.com\/fr\/?s={search_term_string}\"},\"query-input\":{\"@type\":\"PropertyValueSpecification\",\"valueRequired\":true,\"valueName\":\"search_term_string\"}}],\"inLanguage\":\"fr-FR\"},{\"@type\":\"Organization\",\"@id\":\"https:\/\/gaiapoleeurope.com\/fr\/#organization\",\"name\":\"Gaia Pole\",\"url\":\"https:\/\/gaiapoleeurope.com\/fr\/\",\"logo\":{\"@type\":\"ImageObject\",\"inLanguage\":\"fr-FR\",\"@id\":\"https:\/\/gaiapoleeurope.com\/fr\/#\/schema\/logo\/image\/\",\"url\":\"https:\/\/gaiapoleeurope.com\/wp-content\/uploads\/2024\/08\/gaia-logo.svg\",\"contentUrl\":\"https:\/\/gaiapoleeurope.com\/wp-content\/uploads\/2024\/08\/gaia-logo.svg\",\"width\":423,\"height\":170,\"caption\":\"Gaia Pole\"},\"image\":{\"@id\":\"https:\/\/gaiapoleeurope.com\/fr\/#\/schema\/logo\/image\/\"},\"sameAs\":[\"https:\/\/www.facebook.com\/gaiapolefitness\"]}]}<\/script>\n<!-- \/ Yoast SEO plugin. -->","yoast_head_json":{"title":"PORTABLE FLYING POLE - Gaia Pole","description":"La seule sur le march\u00e9, la Portable Flying Pole est une barre pendulaire caoutchout\u00e9e qui offre DEUX possibilit\u00e9s de longueur pour vous permettre d'explorer vos comp\u00e9tences dans n'importe quel environnement!","robots":{"index":"index","follow":"follow","max-snippet":"max-snippet:-1","max-image-preview":"max-image-preview:large","max-video-preview":"max-video-preview:-1"},"canonical":"https:\/\/gaiapoleeurope.com\/fr\/aeriennes\/portable-flying-pole\/","og_locale":"fr_FR","og_type":"article","og_title":"PORTABLE FLYING POLE - Gaia Pole","og_description":"La seule sur le march\u00e9, la Portable Flying Pole est une barre pendulaire caoutchout\u00e9e qui offre DEUX possibilit\u00e9s de longueur pour vous permettre d'explorer vos comp\u00e9tences dans n'importe quel environnement!","og_url":"https:\/\/gaiapoleeurope.com\/fr\/aeriennes\/portable-flying-pole\/","og_site_name":"Gaia Pole","article_publisher":"https:\/\/www.facebook.com\/gaiapolefitness","article_modified_time":"2025-09-11T04:28:35+00:00","og_image":[{"width":1080,"height":1080,"url":"https:\/\/gaiapoleeurope.com\/wp-content\/uploads\/2025\/06\/capa-flying-pole.jpg","type":"image\/jpeg"}],"twitter_card":"summary_large_image","schema":{"@context":"https:\/\/schema.org","@graph":[{"@type":"WebPage","@id":"https:\/\/gaiapoleeurope.com\/fr\/aeriennes\/portable-flying-pole\/","url":"https:\/\/gaiapoleeurope.com\/fr\/aeriennes\/portable-flying-pole\/","name":"PORTABLE FLYING POLE - Gaia Pole","isPartOf":{"@id":"https:\/\/gaiapoleeurope.com\/fr\/#website"},"primaryImageOfPage":{"@id":"https:\/\/gaiapoleeurope.com\/fr\/aeriennes\/portable-flying-pole\/#primaryimage"},"image":{"@id":"https:\/\/gaiapoleeurope.com\/fr\/aeriennes\/portable-flying-pole\/#primaryimage"},"thumbnailUrl":"https:\/\/gaiapoleeurope.com\/wp-content\/uploads\/2025\/06\/capa-flying-pole-1.jpg","datePublished":"2024-07-10T16:41:49+00:00","dateModified":"2025-09-11T04:28:35+00:00","description":"La seule sur le march\u00e9, la Portable Flying Pole est une barre pendulaire caoutchout\u00e9e qui offre DEUX possibilit\u00e9s de longueur pour vous permettre d'explorer vos comp\u00e9tences dans n'importe quel environnement!","breadcrumb":{"@id":"https:\/\/gaiapoleeurope.com\/fr\/aeriennes\/portable-flying-pole\/#breadcrumb"},"inLanguage":"fr-FR","potentialAction":[{"@type":"ReadAction","target":["https:\/\/gaiapoleeurope.com\/fr\/aeriennes\/portable-flying-pole\/"]}]},{"@type":"ImageObject","inLanguage":"fr-FR","@id":"https:\/\/gaiapoleeurope.com\/fr\/aeriennes\/portable-flying-pole\/#primaryimage","url":"https:\/\/gaiapoleeurope.com\/wp-content\/uploads\/2025\/06\/capa-flying-pole-1.jpg","contentUrl":"https:\/\/gaiapoleeurope.com\/wp-content\/uploads\/2025\/06\/capa-flying-pole-1.jpg","width":1080,"height":1080},{"@type":"BreadcrumbList","@id":"https:\/\/gaiapoleeurope.com\/fr\/aeriennes\/portable-flying-pole\/#breadcrumb","itemListElement":[{"@type":"ListItem","position":1,"name":"Home","item":"https:\/\/gaiapoleeurope.com\/fr\/"},{"@type":"ListItem","position":2,"name":"Boutique","item":"https:\/\/gaiapoleeurope.com\/fr\/boutique\/"},{"@type":"ListItem","position":3,"name":"Activit\u00e9s a\u00e9riennes","item":"https:\/\/gaiapoleeurope.com\/fr\/aeriennes\/"},{"@type":"ListItem","position":4,"name":"PORTABLE FLYING POLE"}]},{"@type":"WebSite","@id":"https:\/\/gaiapoleeurope.com\/fr\/#website","url":"https:\/\/gaiapoleeurope.com\/fr\/","name":"Gaia Pole","description":"","publisher":{"@id":"https:\/\/gaiapoleeurope.com\/fr\/#organization"},"potentialAction":[{"@type":"SearchAction","target":{"@type":"EntryPoint","urlTemplate":"https:\/\/gaiapoleeurope.com\/fr\/?s={search_term_string}"},"query-input":{"@type":"PropertyValueSpecification","valueRequired":true,"valueName":"search_term_string"}}],"inLanguage":"fr-FR"},{"@type":"Organization","@id":"https:\/\/gaiapoleeurope.com\/fr\/#organization","name":"Gaia Pole","url":"https:\/\/gaiapoleeurope.com\/fr\/","logo":{"@type":"ImageObject","inLanguage":"fr-FR","@id":"https:\/\/gaiapoleeurope.com\/fr\/#\/schema\/logo\/image\/","url":"https:\/\/gaiapoleeurope.com\/wp-content\/uploads\/2024\/08\/gaia-logo.svg","contentUrl":"https:\/\/gaiapoleeurope.com\/wp-content\/uploads\/2024\/08\/gaia-logo.svg","width":423,"height":170,"caption":"Gaia Pole"},"image":{"@id":"https:\/\/gaiapoleeurope.com\/fr\/#\/schema\/logo\/image\/"},"sameAs":["https:\/\/www.facebook.com\/gaiapolefitness"]}]}},"_links":{"self":[{"href":"https:\/\/gaiapoleeurope.com\/fr\/wp-json\/wp\/v2\/product\/69439","targetHints":{"allow":["GET"]}}],"collection":[{"href":"https:\/\/gaiapoleeurope.com\/fr\/wp-json\/wp\/v2\/product"}],"about":[{"href":"https:\/\/gaiapoleeurope.com\/fr\/wp-json\/wp\/v2\/types\/product"}],"replies":[{"embeddable":true,"href":"https:\/\/gaiapoleeurope.com\/fr\/wp-json\/wp\/v2\/comments?post=69439"}],"wp:featuredmedia":[{"embeddable":true,"href":"https:\/\/gaiapoleeurope.com\/fr\/wp-json\/wp\/v2\/media\/62051"}],"wp:attachment":[{"href":"https:\/\/gaiapoleeurope.com\/fr\/wp-json\/wp\/v2\/media?parent=69439"}],"wp:term":[{"taxonomy":"filtro","embeddable":true,"href":"https:\/\/gaiapoleeurope.com\/fr\/wp-json\/wp\/v2\/filtro?post=69439"},{"taxonomy":"product_brand","embeddable":true,"href":"https:\/\/gaiapoleeurope.com\/fr\/wp-json\/wp\/v2\/product_brand?post=69439"},{"taxonomy":"product_cat","embeddable":true,"href":"https:\/\/gaiapoleeurope.com\/fr\/wp-json\/wp\/v2\/product_cat?post=69439"},{"taxonomy":"product_tag","embeddable":true,"href":"https:\/\/gaiapoleeurope.com\/fr\/wp-json\/wp\/v2\/product_tag?post=69439"}],"curies":[{"name":"wp","href":"https:\/\/api.w.org\/{rel}","templated":true}]}}