{"id":69401,"date":"2024-07-10T13:49:04","date_gmt":"2024-07-10T16:49:04","guid":{"rendered":"https:\/\/dev.gaiapole.com\/non%20class\u00e9\/portable-stage-pole\/"},"modified":"2025-10-08T19:07:00","modified_gmt":"2025-10-08T19:07:00","slug":"portable-stage-pole","status":"publish","type":"product","link":"https:\/\/gaiapoleeurope.com\/fr\/scenes\/portable-stage-pole\/","title":{"rendered":"PORTABLE STAGE POLE"},"content":{"rendered":"<p>Le <strong>Quick Lock Portable Stage Pole<\/strong> est une cr\u00e9ation exclusive de Gaia Pole qui combine praticit\u00e9, beaut\u00e9 et s\u00e9curit\u00e9 dans le m\u00eame produit. <span style=\"font-weight: 400;\">Le seul au monde \u00e0 se transformer en valises \u00e0 roulettes, il est id\u00e9al pour les <strong>activit\u00e9s ext\u00e9rieures<\/strong> et les <strong>\u00e9v\u00e9nements,<\/strong> ainsi qu&rsquo;un puissant outil de marketing pour les studios. Base carr\u00e9e et stabilit\u00e9 tout-terrain, avec transport intelligent et non seulement avec un Quick Lock Pole en acier inoxydable mais aussi compatibilit\u00e9 avec Flying Pole pour une barre caoutchout\u00e9e ou le magnifique Lollipop Hoop. <\/span><\/p>\n","protected":false},"excerpt":{"rendered":"<p>Le Quick Lock Portable Stage Pole est une cr\u00e9ation exclusive de Gaia Pole qui combine praticit\u00e9, beaut\u00e9 et s\u00e9curit\u00e9 dans le m\u00eame produit. Le seul au monde \u00e0 se transformer en valises \u00e0 roulettes, il est id\u00e9al pour les activit\u00e9s ext\u00e9rieures et les \u00e9v\u00e9nements, ainsi qu&rsquo;un puissant outil de marketing pour les studios. Base carr\u00e9e [&hellip;]<\/p>\n","protected":false},"featured_media":70260,"comment_status":"open","ping_status":"closed","template":"","meta":{"_acf_changed":false},"filtro":[],"product_brand":[],"product_cat":[1436],"product_tag":[1502,1505,1503,1504,1506,1501,1080],"class_list":{"0":"post-69401","1":"product","2":"type-product","3":"status-publish","4":"has-post-thumbnail","6":"product_cat-scenes","7":"product_tag-mobile-stages-fr","8":"product_tag-portable-stage-fr","9":"product_tag-portable-stages-fr","10":"product_tag-stage-fr","11":"product_tag-stage-pole-fr","12":"product_tag-stages-fr","13":"product_tag-verrouillage-rapide","14":"product_shipping_class-palcos-fr","16":"first","17":"instock","18":"taxable","19":"shipping-taxable","20":"purchasable","21":"product-type-variable","22":"has-default-attributes","23":"add-to-wishlist-before_image"},"acf":[],"yoast_head":"<!-- This site is optimized with the Yoast SEO plugin v26.1.1 - https:\/\/yoast.com\/wordpress\/plugins\/seo\/ -->\n<title>PORTABLE STAGE POLE - Gaia Pole<\/title>\n<meta name=\"description\" content=\"Le Quick Lock Portable Stage Pole est une cr\u00e9ation exclusive de Gaia Pole qui combine praticit\u00e9, beaut\u00e9 et s\u00e9curit\u00e9 dans le m\u00eame produit.\" \/>\n<meta name=\"robots\" content=\"index, follow, max-snippet:-1, max-image-preview:large, max-video-preview:-1\" \/>\n<link rel=\"canonical\" href=\"https:\/\/gaiapoleeurope.com\/fr\/scenes\/portable-stage-pole\/\" \/>\n<meta property=\"og:locale\" content=\"fr_FR\" \/>\n<meta property=\"og:type\" content=\"article\" \/>\n<meta property=\"og:title\" content=\"PORTABLE STAGE POLE - Gaia Pole\" \/>\n<meta property=\"og:description\" content=\"Le Quick Lock Portable Stage Pole est une cr\u00e9ation exclusive de Gaia Pole qui combine praticit\u00e9, beaut\u00e9 et s\u00e9curit\u00e9 dans le m\u00eame produit.\" \/>\n<meta property=\"og:url\" content=\"https:\/\/gaiapoleeurope.com\/fr\/scenes\/portable-stage-pole\/\" \/>\n<meta property=\"og:site_name\" content=\"Gaia Pole\" \/>\n<meta property=\"article:publisher\" content=\"https:\/\/www.facebook.com\/gaiapolefitness\" \/>\n<meta property=\"article:modified_time\" content=\"2025-10-08T19:07:00+00:00\" \/>\n<meta property=\"og:image\" content=\"https:\/\/gaiapoleeurope.com\/wp-content\/uploads\/2024\/07\/01_Capa_Palco-Quick-Lock-1.jpg\" \/>\n\t<meta property=\"og:image:width\" content=\"1080\" \/>\n\t<meta property=\"og:image:height\" content=\"1080\" \/>\n\t<meta property=\"og:image:type\" content=\"image\/jpeg\" \/>\n<meta name=\"twitter:card\" content=\"summary_large_image\" \/>\n<meta name=\"twitter:label1\" content=\"Dur\u00e9e de lecture estim\u00e9e\" \/>\n\t<meta name=\"twitter:data1\" content=\"1 minute\" \/>\n<script type=\"application\/ld+json\" class=\"yoast-schema-graph\">{\"@context\":\"https:\/\/schema.org\",\"@graph\":[{\"@type\":\"WebPage\",\"@id\":\"https:\/\/gaiapoleeurope.com\/fr\/scenes\/portable-stage-pole\/\",\"url\":\"https:\/\/gaiapoleeurope.com\/fr\/scenes\/portable-stage-pole\/\",\"name\":\"PORTABLE STAGE POLE - Gaia Pole\",\"isPartOf\":{\"@id\":\"https:\/\/gaiapoleeurope.com\/fr\/#website\"},\"primaryImageOfPage\":{\"@id\":\"https:\/\/gaiapoleeurope.com\/fr\/scenes\/portable-stage-pole\/#primaryimage\"},\"image\":{\"@id\":\"https:\/\/gaiapoleeurope.com\/fr\/scenes\/portable-stage-pole\/#primaryimage\"},\"thumbnailUrl\":\"https:\/\/gaiapoleeurope.com\/wp-content\/uploads\/2024\/07\/01_Capa_Palco-Quick-Lock.jpg\",\"datePublished\":\"2024-07-10T16:49:04+00:00\",\"dateModified\":\"2025-10-08T19:07:00+00:00\",\"description\":\"Le Quick Lock Portable Stage Pole est une cr\u00e9ation exclusive de Gaia Pole qui combine praticit\u00e9, beaut\u00e9 et s\u00e9curit\u00e9 dans le m\u00eame produit.\",\"breadcrumb\":{\"@id\":\"https:\/\/gaiapoleeurope.com\/fr\/scenes\/portable-stage-pole\/#breadcrumb\"},\"inLanguage\":\"fr-FR\",\"potentialAction\":[{\"@type\":\"ReadAction\",\"target\":[\"https:\/\/gaiapoleeurope.com\/fr\/scenes\/portable-stage-pole\/\"]}]},{\"@type\":\"ImageObject\",\"inLanguage\":\"fr-FR\",\"@id\":\"https:\/\/gaiapoleeurope.com\/fr\/scenes\/portable-stage-pole\/#primaryimage\",\"url\":\"https:\/\/gaiapoleeurope.com\/wp-content\/uploads\/2024\/07\/01_Capa_Palco-Quick-Lock.jpg\",\"contentUrl\":\"https:\/\/gaiapoleeurope.com\/wp-content\/uploads\/2024\/07\/01_Capa_Palco-Quick-Lock.jpg\",\"width\":1080,\"height\":1080},{\"@type\":\"BreadcrumbList\",\"@id\":\"https:\/\/gaiapoleeurope.com\/fr\/scenes\/portable-stage-pole\/#breadcrumb\",\"itemListElement\":[{\"@type\":\"ListItem\",\"position\":1,\"name\":\"Home\",\"item\":\"https:\/\/gaiapoleeurope.com\/fr\/\"},{\"@type\":\"ListItem\",\"position\":2,\"name\":\"Boutique\",\"item\":\"https:\/\/gaiapoleeurope.com\/fr\/boutique\/\"},{\"@type\":\"ListItem\",\"position\":3,\"name\":\"Sc\u00e8nes\",\"item\":\"https:\/\/gaiapoleeurope.com\/fr\/scenes\/\"},{\"@type\":\"ListItem\",\"position\":4,\"name\":\"PORTABLE STAGE POLE\"}]},{\"@type\":\"WebSite\",\"@id\":\"https:\/\/gaiapoleeurope.com\/fr\/#website\",\"url\":\"https:\/\/gaiapoleeurope.com\/fr\/\",\"name\":\"Gaia Pole\",\"description\":\"\",\"publisher\":{\"@id\":\"https:\/\/gaiapoleeurope.com\/fr\/#organization\"},\"potentialAction\":[{\"@type\":\"SearchAction\",\"target\":{\"@type\":\"EntryPoint\",\"urlTemplate\":\"https:\/\/gaiapoleeurope.com\/fr\/?s={search_term_string}\"},\"query-input\":{\"@type\":\"PropertyValueSpecification\",\"valueRequired\":true,\"valueName\":\"search_term_string\"}}],\"inLanguage\":\"fr-FR\"},{\"@type\":\"Organization\",\"@id\":\"https:\/\/gaiapoleeurope.com\/fr\/#organization\",\"name\":\"Gaia Pole\",\"url\":\"https:\/\/gaiapoleeurope.com\/fr\/\",\"logo\":{\"@type\":\"ImageObject\",\"inLanguage\":\"fr-FR\",\"@id\":\"https:\/\/gaiapoleeurope.com\/fr\/#\/schema\/logo\/image\/\",\"url\":\"https:\/\/gaiapoleeurope.com\/wp-content\/uploads\/2024\/08\/gaia-logo.svg\",\"contentUrl\":\"https:\/\/gaiapoleeurope.com\/wp-content\/uploads\/2024\/08\/gaia-logo.svg\",\"width\":423,\"height\":170,\"caption\":\"Gaia Pole\"},\"image\":{\"@id\":\"https:\/\/gaiapoleeurope.com\/fr\/#\/schema\/logo\/image\/\"},\"sameAs\":[\"https:\/\/www.facebook.com\/gaiapolefitness\"]}]}<\/script>\n<!-- \/ Yoast SEO plugin. -->","yoast_head_json":{"title":"PORTABLE STAGE POLE - Gaia Pole","description":"Le Quick Lock Portable Stage Pole est une cr\u00e9ation exclusive de Gaia Pole qui combine praticit\u00e9, beaut\u00e9 et s\u00e9curit\u00e9 dans le m\u00eame produit.","robots":{"index":"index","follow":"follow","max-snippet":"max-snippet:-1","max-image-preview":"max-image-preview:large","max-video-preview":"max-video-preview:-1"},"canonical":"https:\/\/gaiapoleeurope.com\/fr\/scenes\/portable-stage-pole\/","og_locale":"fr_FR","og_type":"article","og_title":"PORTABLE STAGE POLE - Gaia Pole","og_description":"Le Quick Lock Portable Stage Pole est une cr\u00e9ation exclusive de Gaia Pole qui combine praticit\u00e9, beaut\u00e9 et s\u00e9curit\u00e9 dans le m\u00eame produit.","og_url":"https:\/\/gaiapoleeurope.com\/fr\/scenes\/portable-stage-pole\/","og_site_name":"Gaia Pole","article_publisher":"https:\/\/www.facebook.com\/gaiapolefitness","article_modified_time":"2025-10-08T19:07:00+00:00","og_image":[{"width":1080,"height":1080,"url":"https:\/\/gaiapoleeurope.com\/wp-content\/uploads\/2024\/07\/01_Capa_Palco-Quick-Lock-1.jpg","type":"image\/jpeg"}],"twitter_card":"summary_large_image","twitter_misc":{"Dur\u00e9e de lecture estim\u00e9e":"1 minute"},"schema":{"@context":"https:\/\/schema.org","@graph":[{"@type":"WebPage","@id":"https:\/\/gaiapoleeurope.com\/fr\/scenes\/portable-stage-pole\/","url":"https:\/\/gaiapoleeurope.com\/fr\/scenes\/portable-stage-pole\/","name":"PORTABLE STAGE POLE - Gaia Pole","isPartOf":{"@id":"https:\/\/gaiapoleeurope.com\/fr\/#website"},"primaryImageOfPage":{"@id":"https:\/\/gaiapoleeurope.com\/fr\/scenes\/portable-stage-pole\/#primaryimage"},"image":{"@id":"https:\/\/gaiapoleeurope.com\/fr\/scenes\/portable-stage-pole\/#primaryimage"},"thumbnailUrl":"https:\/\/gaiapoleeurope.com\/wp-content\/uploads\/2024\/07\/01_Capa_Palco-Quick-Lock.jpg","datePublished":"2024-07-10T16:49:04+00:00","dateModified":"2025-10-08T19:07:00+00:00","description":"Le Quick Lock Portable Stage Pole est une cr\u00e9ation exclusive de Gaia Pole qui combine praticit\u00e9, beaut\u00e9 et s\u00e9curit\u00e9 dans le m\u00eame produit.","breadcrumb":{"@id":"https:\/\/gaiapoleeurope.com\/fr\/scenes\/portable-stage-pole\/#breadcrumb"},"inLanguage":"fr-FR","potentialAction":[{"@type":"ReadAction","target":["https:\/\/gaiapoleeurope.com\/fr\/scenes\/portable-stage-pole\/"]}]},{"@type":"ImageObject","inLanguage":"fr-FR","@id":"https:\/\/gaiapoleeurope.com\/fr\/scenes\/portable-stage-pole\/#primaryimage","url":"https:\/\/gaiapoleeurope.com\/wp-content\/uploads\/2024\/07\/01_Capa_Palco-Quick-Lock.jpg","contentUrl":"https:\/\/gaiapoleeurope.com\/wp-content\/uploads\/2024\/07\/01_Capa_Palco-Quick-Lock.jpg","width":1080,"height":1080},{"@type":"BreadcrumbList","@id":"https:\/\/gaiapoleeurope.com\/fr\/scenes\/portable-stage-pole\/#breadcrumb","itemListElement":[{"@type":"ListItem","position":1,"name":"Home","item":"https:\/\/gaiapoleeurope.com\/fr\/"},{"@type":"ListItem","position":2,"name":"Boutique","item":"https:\/\/gaiapoleeurope.com\/fr\/boutique\/"},{"@type":"ListItem","position":3,"name":"Sc\u00e8nes","item":"https:\/\/gaiapoleeurope.com\/fr\/scenes\/"},{"@type":"ListItem","position":4,"name":"PORTABLE STAGE POLE"}]},{"@type":"WebSite","@id":"https:\/\/gaiapoleeurope.com\/fr\/#website","url":"https:\/\/gaiapoleeurope.com\/fr\/","name":"Gaia Pole","description":"","publisher":{"@id":"https:\/\/gaiapoleeurope.com\/fr\/#organization"},"potentialAction":[{"@type":"SearchAction","target":{"@type":"EntryPoint","urlTemplate":"https:\/\/gaiapoleeurope.com\/fr\/?s={search_term_string}"},"query-input":{"@type":"PropertyValueSpecification","valueRequired":true,"valueName":"search_term_string"}}],"inLanguage":"fr-FR"},{"@type":"Organization","@id":"https:\/\/gaiapoleeurope.com\/fr\/#organization","name":"Gaia Pole","url":"https:\/\/gaiapoleeurope.com\/fr\/","logo":{"@type":"ImageObject","inLanguage":"fr-FR","@id":"https:\/\/gaiapoleeurope.com\/fr\/#\/schema\/logo\/image\/","url":"https:\/\/gaiapoleeurope.com\/wp-content\/uploads\/2024\/08\/gaia-logo.svg","contentUrl":"https:\/\/gaiapoleeurope.com\/wp-content\/uploads\/2024\/08\/gaia-logo.svg","width":423,"height":170,"caption":"Gaia Pole"},"image":{"@id":"https:\/\/gaiapoleeurope.com\/fr\/#\/schema\/logo\/image\/"},"sameAs":["https:\/\/www.facebook.com\/gaiapolefitness"]}]}},"_links":{"self":[{"href":"https:\/\/gaiapoleeurope.com\/fr\/wp-json\/wp\/v2\/product\/69401","targetHints":{"allow":["GET"]}}],"collection":[{"href":"https:\/\/gaiapoleeurope.com\/fr\/wp-json\/wp\/v2\/product"}],"about":[{"href":"https:\/\/gaiapoleeurope.com\/fr\/wp-json\/wp\/v2\/types\/product"}],"replies":[{"embeddable":true,"href":"https:\/\/gaiapoleeurope.com\/fr\/wp-json\/wp\/v2\/comments?post=69401"}],"wp:featuredmedia":[{"embeddable":true,"href":"https:\/\/gaiapoleeurope.com\/fr\/wp-json\/wp\/v2\/media\/70260"}],"wp:attachment":[{"href":"https:\/\/gaiapoleeurope.com\/fr\/wp-json\/wp\/v2\/media?parent=69401"}],"wp:term":[{"taxonomy":"filtro","embeddable":true,"href":"https:\/\/gaiapoleeurope.com\/fr\/wp-json\/wp\/v2\/filtro?post=69401"},{"taxonomy":"product_brand","embeddable":true,"href":"https:\/\/gaiapoleeurope.com\/fr\/wp-json\/wp\/v2\/product_brand?post=69401"},{"taxonomy":"product_cat","embeddable":true,"href":"https:\/\/gaiapoleeurope.com\/fr\/wp-json\/wp\/v2\/product_cat?post=69401"},{"taxonomy":"product_tag","embeddable":true,"href":"https:\/\/gaiapoleeurope.com\/fr\/wp-json\/wp\/v2\/product_tag?post=69401"}],"curies":[{"name":"wp","href":"https:\/\/api.w.org\/{rel}","templated":true}]}}