{"id":69383,"date":"2024-07-10T13:52:20","date_gmt":"2024-07-10T16:52:20","guid":{"rendered":"https:\/\/dev.gaiapole.com\/non%20class\u00e9\/safety-mat\/"},"modified":"2025-09-11T05:00:18","modified_gmt":"2025-09-11T05:00:18","slug":"safety-mat","status":"publish","type":"product","link":"https:\/\/gaiapoleeurope.com\/fr\/accessoires\/safety-mat\/","title":{"rendered":"SAFETY MAT"},"content":{"rendered":"<p>Si vous recherchez une s\u00e9curit\u00e9 suppl\u00e9mentaire dans votre pratique, le <strong>Gaia Pole Safety Mat <\/strong>est la solution parfaite ! D\u00e9couvrez-en plus sur ce produit premium ! Il s&rsquo;adapte parfaitement autour de votre barre.  <\/p>\n","protected":false},"excerpt":{"rendered":"<p>Si vous recherchez une s\u00e9curit\u00e9 suppl\u00e9mentaire dans votre pratique, le Gaia Pole Safety Mat est la solution parfaite ! D\u00e9couvrez-en plus sur ce produit premium ! Il s&rsquo;adapte parfaitement autour de votre barre.<\/p>\n","protected":false},"featured_media":62067,"comment_status":"open","ping_status":"closed","template":"","meta":{"_acf_changed":false},"filtro":[],"product_brand":[],"product_cat":[1129],"product_tag":[1130,1482,1135,1338,1484,1483],"class_list":{"0":"post-69383","1":"product","2":"type-product","3":"status-publish","4":"has-post-thumbnail","6":"product_cat-accessoires","7":"product_tag-accessoire","8":"product_tag-mattress-fr","9":"product_tag-pole-dance-fr","10":"product_tag-protection-fr","11":"product_tag-safety-mat-fr","12":"product_tag-security-fr","14":"first","15":"instock","16":"taxable","17":"shipping-taxable","18":"purchasable","19":"product-type-simple","20":"add-to-wishlist-before_image"},"acf":[],"yoast_head":"<!-- This site is optimized with the Yoast SEO plugin v26.1.1 - https:\/\/yoast.com\/wordpress\/plugins\/seo\/ -->\n<title>SAFETY MAT - Gaia Pole<\/title>\n<meta name=\"description\" content=\"Si vous recherchez une s\u00e9curit\u00e9 suppl\u00e9mentaire dans votre pratique, le Gaia Pole Safety Mat est la solution parfaite ! D\u00e9couvrez-en plus sur ce produit premium !\" \/>\n<meta name=\"robots\" content=\"index, follow, max-snippet:-1, max-image-preview:large, max-video-preview:-1\" \/>\n<link rel=\"canonical\" href=\"https:\/\/gaiapoleeurope.com\/fr\/accessoires\/safety-mat\/\" \/>\n<meta property=\"og:locale\" content=\"fr_FR\" \/>\n<meta property=\"og:type\" content=\"article\" \/>\n<meta property=\"og:title\" content=\"SAFETY MAT - Gaia Pole\" \/>\n<meta property=\"og:description\" content=\"Si vous recherchez une s\u00e9curit\u00e9 suppl\u00e9mentaire dans votre pratique, le Gaia Pole Safety Mat est la solution parfaite ! D\u00e9couvrez-en plus sur ce produit premium !\" \/>\n<meta property=\"og:url\" content=\"https:\/\/gaiapoleeurope.com\/fr\/accessoires\/safety-mat\/\" \/>\n<meta property=\"og:site_name\" content=\"Gaia Pole\" \/>\n<meta property=\"article:publisher\" content=\"https:\/\/www.facebook.com\/gaiapolefitness\" \/>\n<meta property=\"article:modified_time\" content=\"2025-09-11T05:00:18+00:00\" \/>\n<meta property=\"og:image\" content=\"https:\/\/gaiapoleeurope.com\/wp-content\/uploads\/2025\/06\/capa-colchonete-de-protecao.jpg\" \/>\n\t<meta property=\"og:image:width\" content=\"1080\" \/>\n\t<meta property=\"og:image:height\" content=\"1080\" \/>\n\t<meta property=\"og:image:type\" content=\"image\/jpeg\" \/>\n<meta name=\"twitter:card\" content=\"summary_large_image\" \/>\n<script type=\"application\/ld+json\" class=\"yoast-schema-graph\">{\"@context\":\"https:\/\/schema.org\",\"@graph\":[{\"@type\":\"WebPage\",\"@id\":\"https:\/\/gaiapoleeurope.com\/fr\/accessoires\/safety-mat\/\",\"url\":\"https:\/\/gaiapoleeurope.com\/fr\/accessoires\/safety-mat\/\",\"name\":\"SAFETY MAT - Gaia Pole\",\"isPartOf\":{\"@id\":\"https:\/\/gaiapoleeurope.com\/fr\/#website\"},\"primaryImageOfPage\":{\"@id\":\"https:\/\/gaiapoleeurope.com\/fr\/accessoires\/safety-mat\/#primaryimage\"},\"image\":{\"@id\":\"https:\/\/gaiapoleeurope.com\/fr\/accessoires\/safety-mat\/#primaryimage\"},\"thumbnailUrl\":\"https:\/\/gaiapoleeurope.com\/wp-content\/uploads\/2025\/06\/capa-colchonete-de-protecao.jpg\",\"datePublished\":\"2024-07-10T16:52:20+00:00\",\"dateModified\":\"2025-09-11T05:00:18+00:00\",\"description\":\"Si vous recherchez une s\u00e9curit\u00e9 suppl\u00e9mentaire dans votre pratique, le Gaia Pole Safety Mat est la solution parfaite ! D\u00e9couvrez-en plus sur ce produit premium !\",\"breadcrumb\":{\"@id\":\"https:\/\/gaiapoleeurope.com\/fr\/accessoires\/safety-mat\/#breadcrumb\"},\"inLanguage\":\"fr-FR\",\"potentialAction\":[{\"@type\":\"ReadAction\",\"target\":[\"https:\/\/gaiapoleeurope.com\/fr\/accessoires\/safety-mat\/\"]}]},{\"@type\":\"ImageObject\",\"inLanguage\":\"fr-FR\",\"@id\":\"https:\/\/gaiapoleeurope.com\/fr\/accessoires\/safety-mat\/#primaryimage\",\"url\":\"https:\/\/gaiapoleeurope.com\/wp-content\/uploads\/2025\/06\/capa-colchonete-de-protecao.jpg\",\"contentUrl\":\"https:\/\/gaiapoleeurope.com\/wp-content\/uploads\/2025\/06\/capa-colchonete-de-protecao.jpg\",\"width\":1080,\"height\":1080},{\"@type\":\"BreadcrumbList\",\"@id\":\"https:\/\/gaiapoleeurope.com\/fr\/accessoires\/safety-mat\/#breadcrumb\",\"itemListElement\":[{\"@type\":\"ListItem\",\"position\":1,\"name\":\"Home\",\"item\":\"https:\/\/gaiapoleeurope.com\/fr\/\"},{\"@type\":\"ListItem\",\"position\":2,\"name\":\"Boutique\",\"item\":\"https:\/\/gaiapoleeurope.com\/fr\/boutique\/\"},{\"@type\":\"ListItem\",\"position\":3,\"name\":\"Accessoires\",\"item\":\"https:\/\/gaiapoleeurope.com\/fr\/accessoires\/\"},{\"@type\":\"ListItem\",\"position\":4,\"name\":\"SAFETY MAT\"}]},{\"@type\":\"WebSite\",\"@id\":\"https:\/\/gaiapoleeurope.com\/fr\/#website\",\"url\":\"https:\/\/gaiapoleeurope.com\/fr\/\",\"name\":\"Gaia Pole\",\"description\":\"\",\"publisher\":{\"@id\":\"https:\/\/gaiapoleeurope.com\/fr\/#organization\"},\"potentialAction\":[{\"@type\":\"SearchAction\",\"target\":{\"@type\":\"EntryPoint\",\"urlTemplate\":\"https:\/\/gaiapoleeurope.com\/fr\/?s={search_term_string}\"},\"query-input\":{\"@type\":\"PropertyValueSpecification\",\"valueRequired\":true,\"valueName\":\"search_term_string\"}}],\"inLanguage\":\"fr-FR\"},{\"@type\":\"Organization\",\"@id\":\"https:\/\/gaiapoleeurope.com\/fr\/#organization\",\"name\":\"Gaia Pole\",\"url\":\"https:\/\/gaiapoleeurope.com\/fr\/\",\"logo\":{\"@type\":\"ImageObject\",\"inLanguage\":\"fr-FR\",\"@id\":\"https:\/\/gaiapoleeurope.com\/fr\/#\/schema\/logo\/image\/\",\"url\":\"https:\/\/gaiapoleeurope.com\/wp-content\/uploads\/2024\/08\/gaia-logo.svg\",\"contentUrl\":\"https:\/\/gaiapoleeurope.com\/wp-content\/uploads\/2024\/08\/gaia-logo.svg\",\"width\":423,\"height\":170,\"caption\":\"Gaia Pole\"},\"image\":{\"@id\":\"https:\/\/gaiapoleeurope.com\/fr\/#\/schema\/logo\/image\/\"},\"sameAs\":[\"https:\/\/www.facebook.com\/gaiapolefitness\"]}]}<\/script>\n<!-- \/ Yoast SEO plugin. -->","yoast_head_json":{"title":"SAFETY MAT - Gaia Pole","description":"Si vous recherchez une s\u00e9curit\u00e9 suppl\u00e9mentaire dans votre pratique, le Gaia Pole Safety Mat est la solution parfaite ! D\u00e9couvrez-en plus sur ce produit premium !","robots":{"index":"index","follow":"follow","max-snippet":"max-snippet:-1","max-image-preview":"max-image-preview:large","max-video-preview":"max-video-preview:-1"},"canonical":"https:\/\/gaiapoleeurope.com\/fr\/accessoires\/safety-mat\/","og_locale":"fr_FR","og_type":"article","og_title":"SAFETY MAT - Gaia Pole","og_description":"Si vous recherchez une s\u00e9curit\u00e9 suppl\u00e9mentaire dans votre pratique, le Gaia Pole Safety Mat est la solution parfaite ! D\u00e9couvrez-en plus sur ce produit premium !","og_url":"https:\/\/gaiapoleeurope.com\/fr\/accessoires\/safety-mat\/","og_site_name":"Gaia Pole","article_publisher":"https:\/\/www.facebook.com\/gaiapolefitness","article_modified_time":"2025-09-11T05:00:18+00:00","og_image":[{"width":1080,"height":1080,"url":"https:\/\/gaiapoleeurope.com\/wp-content\/uploads\/2025\/06\/capa-colchonete-de-protecao.jpg","type":"image\/jpeg"}],"twitter_card":"summary_large_image","schema":{"@context":"https:\/\/schema.org","@graph":[{"@type":"WebPage","@id":"https:\/\/gaiapoleeurope.com\/fr\/accessoires\/safety-mat\/","url":"https:\/\/gaiapoleeurope.com\/fr\/accessoires\/safety-mat\/","name":"SAFETY MAT - Gaia Pole","isPartOf":{"@id":"https:\/\/gaiapoleeurope.com\/fr\/#website"},"primaryImageOfPage":{"@id":"https:\/\/gaiapoleeurope.com\/fr\/accessoires\/safety-mat\/#primaryimage"},"image":{"@id":"https:\/\/gaiapoleeurope.com\/fr\/accessoires\/safety-mat\/#primaryimage"},"thumbnailUrl":"https:\/\/gaiapoleeurope.com\/wp-content\/uploads\/2025\/06\/capa-colchonete-de-protecao.jpg","datePublished":"2024-07-10T16:52:20+00:00","dateModified":"2025-09-11T05:00:18+00:00","description":"Si vous recherchez une s\u00e9curit\u00e9 suppl\u00e9mentaire dans votre pratique, le Gaia Pole Safety Mat est la solution parfaite ! D\u00e9couvrez-en plus sur ce produit premium !","breadcrumb":{"@id":"https:\/\/gaiapoleeurope.com\/fr\/accessoires\/safety-mat\/#breadcrumb"},"inLanguage":"fr-FR","potentialAction":[{"@type":"ReadAction","target":["https:\/\/gaiapoleeurope.com\/fr\/accessoires\/safety-mat\/"]}]},{"@type":"ImageObject","inLanguage":"fr-FR","@id":"https:\/\/gaiapoleeurope.com\/fr\/accessoires\/safety-mat\/#primaryimage","url":"https:\/\/gaiapoleeurope.com\/wp-content\/uploads\/2025\/06\/capa-colchonete-de-protecao.jpg","contentUrl":"https:\/\/gaiapoleeurope.com\/wp-content\/uploads\/2025\/06\/capa-colchonete-de-protecao.jpg","width":1080,"height":1080},{"@type":"BreadcrumbList","@id":"https:\/\/gaiapoleeurope.com\/fr\/accessoires\/safety-mat\/#breadcrumb","itemListElement":[{"@type":"ListItem","position":1,"name":"Home","item":"https:\/\/gaiapoleeurope.com\/fr\/"},{"@type":"ListItem","position":2,"name":"Boutique","item":"https:\/\/gaiapoleeurope.com\/fr\/boutique\/"},{"@type":"ListItem","position":3,"name":"Accessoires","item":"https:\/\/gaiapoleeurope.com\/fr\/accessoires\/"},{"@type":"ListItem","position":4,"name":"SAFETY MAT"}]},{"@type":"WebSite","@id":"https:\/\/gaiapoleeurope.com\/fr\/#website","url":"https:\/\/gaiapoleeurope.com\/fr\/","name":"Gaia Pole","description":"","publisher":{"@id":"https:\/\/gaiapoleeurope.com\/fr\/#organization"},"potentialAction":[{"@type":"SearchAction","target":{"@type":"EntryPoint","urlTemplate":"https:\/\/gaiapoleeurope.com\/fr\/?s={search_term_string}"},"query-input":{"@type":"PropertyValueSpecification","valueRequired":true,"valueName":"search_term_string"}}],"inLanguage":"fr-FR"},{"@type":"Organization","@id":"https:\/\/gaiapoleeurope.com\/fr\/#organization","name":"Gaia Pole","url":"https:\/\/gaiapoleeurope.com\/fr\/","logo":{"@type":"ImageObject","inLanguage":"fr-FR","@id":"https:\/\/gaiapoleeurope.com\/fr\/#\/schema\/logo\/image\/","url":"https:\/\/gaiapoleeurope.com\/wp-content\/uploads\/2024\/08\/gaia-logo.svg","contentUrl":"https:\/\/gaiapoleeurope.com\/wp-content\/uploads\/2024\/08\/gaia-logo.svg","width":423,"height":170,"caption":"Gaia Pole"},"image":{"@id":"https:\/\/gaiapoleeurope.com\/fr\/#\/schema\/logo\/image\/"},"sameAs":["https:\/\/www.facebook.com\/gaiapolefitness"]}]}},"_links":{"self":[{"href":"https:\/\/gaiapoleeurope.com\/fr\/wp-json\/wp\/v2\/product\/69383","targetHints":{"allow":["GET"]}}],"collection":[{"href":"https:\/\/gaiapoleeurope.com\/fr\/wp-json\/wp\/v2\/product"}],"about":[{"href":"https:\/\/gaiapoleeurope.com\/fr\/wp-json\/wp\/v2\/types\/product"}],"replies":[{"embeddable":true,"href":"https:\/\/gaiapoleeurope.com\/fr\/wp-json\/wp\/v2\/comments?post=69383"}],"wp:featuredmedia":[{"embeddable":true,"href":"https:\/\/gaiapoleeurope.com\/fr\/wp-json\/wp\/v2\/media\/62067"}],"wp:attachment":[{"href":"https:\/\/gaiapoleeurope.com\/fr\/wp-json\/wp\/v2\/media?parent=69383"}],"wp:term":[{"taxonomy":"filtro","embeddable":true,"href":"https:\/\/gaiapoleeurope.com\/fr\/wp-json\/wp\/v2\/filtro?post=69383"},{"taxonomy":"product_brand","embeddable":true,"href":"https:\/\/gaiapoleeurope.com\/fr\/wp-json\/wp\/v2\/product_brand?post=69383"},{"taxonomy":"product_cat","embeddable":true,"href":"https:\/\/gaiapoleeurope.com\/fr\/wp-json\/wp\/v2\/product_cat?post=69383"},{"taxonomy":"product_tag","embeddable":true,"href":"https:\/\/gaiapoleeurope.com\/fr\/wp-json\/wp\/v2\/product_tag?post=69383"}],"curies":[{"name":"wp","href":"https:\/\/api.w.org\/{rel}","templated":true}]}}