{"id":68805,"date":"2024-07-17T09:33:19","date_gmt":"2024-07-17T12:33:19","guid":{"rendered":"https:\/\/dev.gaiapole.com\/non%20class\u00e9\/systeme-de-rail-mural-pour-barre-quick-lock-pole\/"},"modified":"2025-11-02T11:49:25","modified_gmt":"2025-11-02T11:49:25","slug":"quick-lock-pole-wall-mount-track-rail-system","status":"publish","type":"product","link":"https:\/\/gaiapoleeurope.com\/fr\/barres\/quick-lock-pole-wall-mount-track-rail-system\/","title":{"rendered":"QUICK LOCK POLE WALL MOUNT TRACK RAIL SYSTEM"},"content":{"rendered":"<p>Faites glisser votre barre et fixez-la au mur avec le <strong>syst\u00e8me de rail mural QUICK LOCK POLE. <\/strong>Simple, rapide et facile pour lib\u00e9rer de l\u2019espace apr\u00e8s l\u2019entra\u00eenement. Enti\u00e8rement mont\u00e9 par pression depuis le sol, sans \u00e9chelle, avec une barre en acier inoxydable en 2 parties faite sur mesure selon la hauteur souhait\u00e9e, qui passe du mode statique au mode spinning en un simple clic.  <\/p>\n","protected":false},"excerpt":{"rendered":"<p>Faites glisser votre barre et fixez-la au mur avec le syst\u00e8me de rail mural QUICK LOCK POLE. Simple, rapide et facile pour lib\u00e9rer de l\u2019espace apr\u00e8s l\u2019entra\u00eenement. Enti\u00e8rement mont\u00e9 par pression depuis le sol, sans \u00e9chelle, avec une barre en acier inoxydable en 2 parties faite sur mesure selon la hauteur souhait\u00e9e, qui passe du [&hellip;]<\/p>\n","protected":false},"featured_media":62111,"comment_status":"open","ping_status":"closed","template":"","meta":{"_acf_changed":false},"filtro":[1164,1158,2076,1399,1149,1168,1401,1155],"product_brand":[],"product_cat":[1078],"product_tag":[1079,1360,1358,1359,1333],"class_list":{"0":"post-68805","1":"product","2":"type-product","3":"status-publish","4":"has-post-thumbnail","6":"filtro-acier-inoxydable","7":"filtro-en-un-clic","8":"filtro-brass-golden-fr","9":"filtro-liberation-facile-de-lespace","10":"filtro-montage-par-pression","11":"filtro-revetement-en-caoutchouc","12":"filtro-sans-echelle-requise","13":"filtro-sur-mesure","14":"product_cat-barres","15":"product_tag-barre-de-pole-dance","16":"product_tag-panier","17":"product_tag-rail-fr","18":"product_tag-structure-mur-a-mur","19":"product_tag-support-fr-2","21":"first","22":"instock","23":"taxable","24":"shipping-taxable","25":"purchasable","26":"product-type-variable","27":"add-to-wishlist-before_image"},"acf":[],"yoast_head":"<!-- This site is optimized with the Yoast SEO plugin v26.1.1 - https:\/\/yoast.com\/wordpress\/plugins\/seo\/ -->\n<title>QUICK LOCK POLE WALL MOUNT TRACK RAIL SYSTEM - Gaia Pole<\/title>\n<meta name=\"description\" content=\"Faites glisser votre barre et fixez-la au mur avec le syst\u00e8me de rail mural QUICK LOCK POLE. Simple, rapide et facile pour lib\u00e9rer de l\u2019espace apr\u00e8s l\u2019entra\u00eenement.\" \/>\n<meta name=\"robots\" content=\"index, follow, max-snippet:-1, max-image-preview:large, max-video-preview:-1\" \/>\n<link rel=\"canonical\" href=\"https:\/\/gaiapoleeurope.com\/fr\/barres\/quick-lock-pole-wall-mount-track-rail-system\/\" \/>\n<meta property=\"og:locale\" content=\"fr_FR\" \/>\n<meta property=\"og:type\" content=\"article\" \/>\n<meta property=\"og:title\" content=\"QUICK LOCK POLE WALL MOUNT TRACK RAIL SYSTEM - Gaia Pole\" \/>\n<meta property=\"og:description\" content=\"Faites glisser votre barre et fixez-la au mur avec le syst\u00e8me de rail mural QUICK LOCK POLE. Simple, rapide et facile pour lib\u00e9rer de l\u2019espace apr\u00e8s l\u2019entra\u00eenement.\" \/>\n<meta property=\"og:url\" content=\"https:\/\/gaiapoleeurope.com\/fr\/barres\/quick-lock-pole-wall-mount-track-rail-system\/\" \/>\n<meta property=\"og:site_name\" content=\"Gaia Pole\" \/>\n<meta property=\"article:publisher\" content=\"https:\/\/www.facebook.com\/gaiapolefitness\" \/>\n<meta property=\"article:modified_time\" content=\"2025-11-02T11:49:25+00:00\" \/>\n<meta property=\"og:image\" content=\"https:\/\/gaiapoleeurope.com\/wp-content\/uploads\/2025\/06\/capa-trilho-de-parede-a-parede.jpg\" \/>\n\t<meta property=\"og:image:width\" content=\"1080\" \/>\n\t<meta property=\"og:image:height\" content=\"1080\" \/>\n\t<meta property=\"og:image:type\" content=\"image\/jpeg\" \/>\n<meta name=\"twitter:card\" content=\"summary_large_image\" \/>\n<script type=\"application\/ld+json\" class=\"yoast-schema-graph\">{\"@context\":\"https:\/\/schema.org\",\"@graph\":[{\"@type\":\"WebPage\",\"@id\":\"https:\/\/gaiapoleeurope.com\/fr\/barres\/quick-lock-pole-wall-mount-track-rail-system\/\",\"url\":\"https:\/\/gaiapoleeurope.com\/fr\/barres\/quick-lock-pole-wall-mount-track-rail-system\/\",\"name\":\"QUICK LOCK POLE WALL MOUNT TRACK RAIL SYSTEM - Gaia Pole\",\"isPartOf\":{\"@id\":\"https:\/\/gaiapoleeurope.com\/fr\/#website\"},\"primaryImageOfPage\":{\"@id\":\"https:\/\/gaiapoleeurope.com\/fr\/barres\/quick-lock-pole-wall-mount-track-rail-system\/#primaryimage\"},\"image\":{\"@id\":\"https:\/\/gaiapoleeurope.com\/fr\/barres\/quick-lock-pole-wall-mount-track-rail-system\/#primaryimage\"},\"thumbnailUrl\":\"https:\/\/gaiapoleeurope.com\/wp-content\/uploads\/2025\/06\/capa-trilho-de-parede-a-parede.jpg\",\"datePublished\":\"2024-07-17T12:33:19+00:00\",\"dateModified\":\"2025-11-02T11:49:25+00:00\",\"description\":\"Faites glisser votre barre et fixez-la au mur avec le syst\u00e8me de rail mural QUICK LOCK POLE. Simple, rapide et facile pour lib\u00e9rer de l\u2019espace apr\u00e8s l\u2019entra\u00eenement.\",\"breadcrumb\":{\"@id\":\"https:\/\/gaiapoleeurope.com\/fr\/barres\/quick-lock-pole-wall-mount-track-rail-system\/#breadcrumb\"},\"inLanguage\":\"fr-FR\",\"potentialAction\":[{\"@type\":\"ReadAction\",\"target\":[\"https:\/\/gaiapoleeurope.com\/fr\/barres\/quick-lock-pole-wall-mount-track-rail-system\/\"]}]},{\"@type\":\"ImageObject\",\"inLanguage\":\"fr-FR\",\"@id\":\"https:\/\/gaiapoleeurope.com\/fr\/barres\/quick-lock-pole-wall-mount-track-rail-system\/#primaryimage\",\"url\":\"https:\/\/gaiapoleeurope.com\/wp-content\/uploads\/2025\/06\/capa-trilho-de-parede-a-parede.jpg\",\"contentUrl\":\"https:\/\/gaiapoleeurope.com\/wp-content\/uploads\/2025\/06\/capa-trilho-de-parede-a-parede.jpg\",\"width\":1080,\"height\":1080},{\"@type\":\"BreadcrumbList\",\"@id\":\"https:\/\/gaiapoleeurope.com\/fr\/barres\/quick-lock-pole-wall-mount-track-rail-system\/#breadcrumb\",\"itemListElement\":[{\"@type\":\"ListItem\",\"position\":1,\"name\":\"Home\",\"item\":\"https:\/\/gaiapoleeurope.com\/fr\/\"},{\"@type\":\"ListItem\",\"position\":2,\"name\":\"Boutique\",\"item\":\"https:\/\/gaiapoleeurope.com\/fr\/boutique\/\"},{\"@type\":\"ListItem\",\"position\":3,\"name\":\"Barres\",\"item\":\"https:\/\/gaiapoleeurope.com\/fr\/barres\/\"},{\"@type\":\"ListItem\",\"position\":4,\"name\":\"QUICK LOCK POLE WALL MOUNT TRACK RAIL SYSTEM\"}]},{\"@type\":\"WebSite\",\"@id\":\"https:\/\/gaiapoleeurope.com\/fr\/#website\",\"url\":\"https:\/\/gaiapoleeurope.com\/fr\/\",\"name\":\"Gaia Pole\",\"description\":\"\",\"publisher\":{\"@id\":\"https:\/\/gaiapoleeurope.com\/fr\/#organization\"},\"potentialAction\":[{\"@type\":\"SearchAction\",\"target\":{\"@type\":\"EntryPoint\",\"urlTemplate\":\"https:\/\/gaiapoleeurope.com\/fr\/?s={search_term_string}\"},\"query-input\":{\"@type\":\"PropertyValueSpecification\",\"valueRequired\":true,\"valueName\":\"search_term_string\"}}],\"inLanguage\":\"fr-FR\"},{\"@type\":\"Organization\",\"@id\":\"https:\/\/gaiapoleeurope.com\/fr\/#organization\",\"name\":\"Gaia Pole\",\"url\":\"https:\/\/gaiapoleeurope.com\/fr\/\",\"logo\":{\"@type\":\"ImageObject\",\"inLanguage\":\"fr-FR\",\"@id\":\"https:\/\/gaiapoleeurope.com\/fr\/#\/schema\/logo\/image\/\",\"url\":\"https:\/\/gaiapoleeurope.com\/wp-content\/uploads\/2024\/08\/gaia-logo.svg\",\"contentUrl\":\"https:\/\/gaiapoleeurope.com\/wp-content\/uploads\/2024\/08\/gaia-logo.svg\",\"width\":423,\"height\":170,\"caption\":\"Gaia Pole\"},\"image\":{\"@id\":\"https:\/\/gaiapoleeurope.com\/fr\/#\/schema\/logo\/image\/\"},\"sameAs\":[\"https:\/\/www.facebook.com\/gaiapolefitness\"]}]}<\/script>\n<!-- \/ Yoast SEO plugin. -->","yoast_head_json":{"title":"QUICK LOCK POLE WALL MOUNT TRACK RAIL SYSTEM - Gaia Pole","description":"Faites glisser votre barre et fixez-la au mur avec le syst\u00e8me de rail mural QUICK LOCK POLE. Simple, rapide et facile pour lib\u00e9rer de l\u2019espace apr\u00e8s l\u2019entra\u00eenement.","robots":{"index":"index","follow":"follow","max-snippet":"max-snippet:-1","max-image-preview":"max-image-preview:large","max-video-preview":"max-video-preview:-1"},"canonical":"https:\/\/gaiapoleeurope.com\/fr\/barres\/quick-lock-pole-wall-mount-track-rail-system\/","og_locale":"fr_FR","og_type":"article","og_title":"QUICK LOCK POLE WALL MOUNT TRACK RAIL SYSTEM - Gaia Pole","og_description":"Faites glisser votre barre et fixez-la au mur avec le syst\u00e8me de rail mural QUICK LOCK POLE. Simple, rapide et facile pour lib\u00e9rer de l\u2019espace apr\u00e8s l\u2019entra\u00eenement.","og_url":"https:\/\/gaiapoleeurope.com\/fr\/barres\/quick-lock-pole-wall-mount-track-rail-system\/","og_site_name":"Gaia Pole","article_publisher":"https:\/\/www.facebook.com\/gaiapolefitness","article_modified_time":"2025-11-02T11:49:25+00:00","og_image":[{"width":1080,"height":1080,"url":"https:\/\/gaiapoleeurope.com\/wp-content\/uploads\/2025\/06\/capa-trilho-de-parede-a-parede.jpg","type":"image\/jpeg"}],"twitter_card":"summary_large_image","schema":{"@context":"https:\/\/schema.org","@graph":[{"@type":"WebPage","@id":"https:\/\/gaiapoleeurope.com\/fr\/barres\/quick-lock-pole-wall-mount-track-rail-system\/","url":"https:\/\/gaiapoleeurope.com\/fr\/barres\/quick-lock-pole-wall-mount-track-rail-system\/","name":"QUICK LOCK POLE WALL MOUNT TRACK RAIL SYSTEM - Gaia Pole","isPartOf":{"@id":"https:\/\/gaiapoleeurope.com\/fr\/#website"},"primaryImageOfPage":{"@id":"https:\/\/gaiapoleeurope.com\/fr\/barres\/quick-lock-pole-wall-mount-track-rail-system\/#primaryimage"},"image":{"@id":"https:\/\/gaiapoleeurope.com\/fr\/barres\/quick-lock-pole-wall-mount-track-rail-system\/#primaryimage"},"thumbnailUrl":"https:\/\/gaiapoleeurope.com\/wp-content\/uploads\/2025\/06\/capa-trilho-de-parede-a-parede.jpg","datePublished":"2024-07-17T12:33:19+00:00","dateModified":"2025-11-02T11:49:25+00:00","description":"Faites glisser votre barre et fixez-la au mur avec le syst\u00e8me de rail mural QUICK LOCK POLE. Simple, rapide et facile pour lib\u00e9rer de l\u2019espace apr\u00e8s l\u2019entra\u00eenement.","breadcrumb":{"@id":"https:\/\/gaiapoleeurope.com\/fr\/barres\/quick-lock-pole-wall-mount-track-rail-system\/#breadcrumb"},"inLanguage":"fr-FR","potentialAction":[{"@type":"ReadAction","target":["https:\/\/gaiapoleeurope.com\/fr\/barres\/quick-lock-pole-wall-mount-track-rail-system\/"]}]},{"@type":"ImageObject","inLanguage":"fr-FR","@id":"https:\/\/gaiapoleeurope.com\/fr\/barres\/quick-lock-pole-wall-mount-track-rail-system\/#primaryimage","url":"https:\/\/gaiapoleeurope.com\/wp-content\/uploads\/2025\/06\/capa-trilho-de-parede-a-parede.jpg","contentUrl":"https:\/\/gaiapoleeurope.com\/wp-content\/uploads\/2025\/06\/capa-trilho-de-parede-a-parede.jpg","width":1080,"height":1080},{"@type":"BreadcrumbList","@id":"https:\/\/gaiapoleeurope.com\/fr\/barres\/quick-lock-pole-wall-mount-track-rail-system\/#breadcrumb","itemListElement":[{"@type":"ListItem","position":1,"name":"Home","item":"https:\/\/gaiapoleeurope.com\/fr\/"},{"@type":"ListItem","position":2,"name":"Boutique","item":"https:\/\/gaiapoleeurope.com\/fr\/boutique\/"},{"@type":"ListItem","position":3,"name":"Barres","item":"https:\/\/gaiapoleeurope.com\/fr\/barres\/"},{"@type":"ListItem","position":4,"name":"QUICK LOCK POLE WALL MOUNT TRACK RAIL SYSTEM"}]},{"@type":"WebSite","@id":"https:\/\/gaiapoleeurope.com\/fr\/#website","url":"https:\/\/gaiapoleeurope.com\/fr\/","name":"Gaia Pole","description":"","publisher":{"@id":"https:\/\/gaiapoleeurope.com\/fr\/#organization"},"potentialAction":[{"@type":"SearchAction","target":{"@type":"EntryPoint","urlTemplate":"https:\/\/gaiapoleeurope.com\/fr\/?s={search_term_string}"},"query-input":{"@type":"PropertyValueSpecification","valueRequired":true,"valueName":"search_term_string"}}],"inLanguage":"fr-FR"},{"@type":"Organization","@id":"https:\/\/gaiapoleeurope.com\/fr\/#organization","name":"Gaia Pole","url":"https:\/\/gaiapoleeurope.com\/fr\/","logo":{"@type":"ImageObject","inLanguage":"fr-FR","@id":"https:\/\/gaiapoleeurope.com\/fr\/#\/schema\/logo\/image\/","url":"https:\/\/gaiapoleeurope.com\/wp-content\/uploads\/2024\/08\/gaia-logo.svg","contentUrl":"https:\/\/gaiapoleeurope.com\/wp-content\/uploads\/2024\/08\/gaia-logo.svg","width":423,"height":170,"caption":"Gaia Pole"},"image":{"@id":"https:\/\/gaiapoleeurope.com\/fr\/#\/schema\/logo\/image\/"},"sameAs":["https:\/\/www.facebook.com\/gaiapolefitness"]}]}},"_links":{"self":[{"href":"https:\/\/gaiapoleeurope.com\/fr\/wp-json\/wp\/v2\/product\/68805","targetHints":{"allow":["GET"]}}],"collection":[{"href":"https:\/\/gaiapoleeurope.com\/fr\/wp-json\/wp\/v2\/product"}],"about":[{"href":"https:\/\/gaiapoleeurope.com\/fr\/wp-json\/wp\/v2\/types\/product"}],"replies":[{"embeddable":true,"href":"https:\/\/gaiapoleeurope.com\/fr\/wp-json\/wp\/v2\/comments?post=68805"}],"wp:featuredmedia":[{"embeddable":true,"href":"https:\/\/gaiapoleeurope.com\/fr\/wp-json\/wp\/v2\/media\/62111"}],"wp:attachment":[{"href":"https:\/\/gaiapoleeurope.com\/fr\/wp-json\/wp\/v2\/media?parent=68805"}],"wp:term":[{"taxonomy":"filtro","embeddable":true,"href":"https:\/\/gaiapoleeurope.com\/fr\/wp-json\/wp\/v2\/filtro?post=68805"},{"taxonomy":"product_brand","embeddable":true,"href":"https:\/\/gaiapoleeurope.com\/fr\/wp-json\/wp\/v2\/product_brand?post=68805"},{"taxonomy":"product_cat","embeddable":true,"href":"https:\/\/gaiapoleeurope.com\/fr\/wp-json\/wp\/v2\/product_cat?post=68805"},{"taxonomy":"product_tag","embeddable":true,"href":"https:\/\/gaiapoleeurope.com\/fr\/wp-json\/wp\/v2\/product_tag?post=68805"}],"curies":[{"name":"wp","href":"https:\/\/api.w.org\/{rel}","templated":true}]}}