{"id":62686,"date":"2024-07-10T14:12:51","date_gmt":"2024-07-10T17:12:51","guid":{"rendered":"https:\/\/dev.gaiapole.com\/non%20class\u00e9\/plasterboard-ceiling-extensions\/"},"modified":"2025-09-11T05:17:15","modified_gmt":"2025-09-11T05:17:15","slug":"plasterboard-ceiling-extensions","status":"publish","type":"product","link":"https:\/\/gaiapoleeurope.com\/fr\/structures-et-supports\/plasterboard-ceiling-extensions\/","title":{"rendered":"PLASTERBOARD CEILING EXTENSIONS"},"content":{"rendered":"<p>Les EXTENSIONS DE PLAFOND EN PLACO sont install\u00e9es entre le placo et la dalle, garantissant une finition impeccable et une installation s\u00e9curis\u00e9e.<\/p>\n","protected":false},"excerpt":{"rendered":"<p>Les EXTENSIONS DE PLAFOND EN PLACO sont install\u00e9es entre le placo et la dalle, garantissant une finition impeccable et une installation s\u00e9curis\u00e9e.<\/p>\n","protected":false},"featured_media":62071,"comment_status":"open","ping_status":"closed","template":"","meta":{"_acf_changed":false},"filtro":[],"product_brand":[],"product_cat":[1326],"product_tag":[1370,1372,1371,1334],"class_list":{"0":"post-62686","1":"product","2":"type-product","3":"status-publish","4":"has-post-thumbnail","6":"product_cat-structures-et-supports","7":"product_tag-adaptateur","8":"product_tag-extensions-de-plafond-en-placoplatre","9":"product_tag-placoplatre","10":"product_tag-plafond-fr","11":"product_shipping_class-melhor-envio-fr","13":"first","14":"instock","15":"taxable","16":"shipping-taxable","17":"purchasable","18":"product-type-variable","19":"add-to-wishlist-before_image"},"acf":[],"yoast_head":"<!-- This site is optimized with the Yoast SEO plugin v26.1.1 - https:\/\/yoast.com\/wordpress\/plugins\/seo\/ -->\n<title>PLASTERBOARD CEILING EXTENSIONS - Gaia Pole<\/title>\n<meta name=\"description\" content=\"Les EXTENSIONS DE PLAFOND EN PLACO sont install\u00e9es entre le placo et la dalle, garantissant une finition impeccable et une installation s\u00e9curis\u00e9e.\" \/>\n<meta name=\"robots\" content=\"index, follow, max-snippet:-1, max-image-preview:large, max-video-preview:-1\" \/>\n<link rel=\"canonical\" href=\"https:\/\/gaiapoleeurope.com\/fr\/structures-et-supports\/plasterboard-ceiling-extensions\/\" \/>\n<meta property=\"og:locale\" content=\"fr_FR\" \/>\n<meta property=\"og:type\" content=\"article\" \/>\n<meta property=\"og:title\" content=\"PLASTERBOARD CEILING EXTENSIONS - Gaia Pole\" \/>\n<meta property=\"og:description\" content=\"Les EXTENSIONS DE PLAFOND EN PLACO sont install\u00e9es entre le placo et la dalle, garantissant une finition impeccable et une installation s\u00e9curis\u00e9e.\" \/>\n<meta property=\"og:url\" content=\"https:\/\/gaiapoleeurope.com\/fr\/structures-et-supports\/plasterboard-ceiling-extensions\/\" \/>\n<meta property=\"og:site_name\" content=\"Gaia Pole\" \/>\n<meta property=\"article:publisher\" content=\"https:\/\/www.facebook.com\/gaiapolefitness\" \/>\n<meta property=\"article:modified_time\" content=\"2025-09-11T05:17:15+00:00\" \/>\n<meta property=\"og:image\" content=\"https:\/\/gaiapoleeurope.com\/wp-content\/uploads\/2025\/06\/capa-prolongador-teto-de-gesso.jpg\" \/>\n\t<meta property=\"og:image:width\" content=\"1080\" \/>\n\t<meta property=\"og:image:height\" content=\"1080\" \/>\n\t<meta property=\"og:image:type\" content=\"image\/jpeg\" \/>\n<meta name=\"twitter:card\" content=\"summary_large_image\" \/>\n<script type=\"application\/ld+json\" class=\"yoast-schema-graph\">{\"@context\":\"https:\/\/schema.org\",\"@graph\":[{\"@type\":\"WebPage\",\"@id\":\"https:\/\/gaiapoleeurope.com\/fr\/structures-et-supports\/plasterboard-ceiling-extensions\/\",\"url\":\"https:\/\/gaiapoleeurope.com\/fr\/structures-et-supports\/plasterboard-ceiling-extensions\/\",\"name\":\"PLASTERBOARD CEILING EXTENSIONS - Gaia Pole\",\"isPartOf\":{\"@id\":\"https:\/\/gaiapoleeurope.com\/fr\/#website\"},\"primaryImageOfPage\":{\"@id\":\"https:\/\/gaiapoleeurope.com\/fr\/structures-et-supports\/plasterboard-ceiling-extensions\/#primaryimage\"},\"image\":{\"@id\":\"https:\/\/gaiapoleeurope.com\/fr\/structures-et-supports\/plasterboard-ceiling-extensions\/#primaryimage\"},\"thumbnailUrl\":\"https:\/\/gaiapoleeurope.com\/wp-content\/uploads\/2025\/06\/capa-prolongador-teto-de-gesso.jpg\",\"datePublished\":\"2024-07-10T17:12:51+00:00\",\"dateModified\":\"2025-09-11T05:17:15+00:00\",\"description\":\"Les EXTENSIONS DE PLAFOND EN PLACO sont install\u00e9es entre le placo et la dalle, garantissant une finition impeccable et une installation s\u00e9curis\u00e9e.\",\"breadcrumb\":{\"@id\":\"https:\/\/gaiapoleeurope.com\/fr\/structures-et-supports\/plasterboard-ceiling-extensions\/#breadcrumb\"},\"inLanguage\":\"fr-FR\",\"potentialAction\":[{\"@type\":\"ReadAction\",\"target\":[\"https:\/\/gaiapoleeurope.com\/fr\/structures-et-supports\/plasterboard-ceiling-extensions\/\"]}]},{\"@type\":\"ImageObject\",\"inLanguage\":\"fr-FR\",\"@id\":\"https:\/\/gaiapoleeurope.com\/fr\/structures-et-supports\/plasterboard-ceiling-extensions\/#primaryimage\",\"url\":\"https:\/\/gaiapoleeurope.com\/wp-content\/uploads\/2025\/06\/capa-prolongador-teto-de-gesso.jpg\",\"contentUrl\":\"https:\/\/gaiapoleeurope.com\/wp-content\/uploads\/2025\/06\/capa-prolongador-teto-de-gesso.jpg\",\"width\":1080,\"height\":1080},{\"@type\":\"BreadcrumbList\",\"@id\":\"https:\/\/gaiapoleeurope.com\/fr\/structures-et-supports\/plasterboard-ceiling-extensions\/#breadcrumb\",\"itemListElement\":[{\"@type\":\"ListItem\",\"position\":1,\"name\":\"Home\",\"item\":\"https:\/\/gaiapoleeurope.com\/fr\/\"},{\"@type\":\"ListItem\",\"position\":2,\"name\":\"Boutique\",\"item\":\"https:\/\/gaiapoleeurope.com\/fr\/boutique\/\"},{\"@type\":\"ListItem\",\"position\":3,\"name\":\"Structures et Supports\",\"item\":\"https:\/\/gaiapoleeurope.com\/fr\/structures-et-supports\/\"},{\"@type\":\"ListItem\",\"position\":4,\"name\":\"PLASTERBOARD CEILING EXTENSIONS\"}]},{\"@type\":\"WebSite\",\"@id\":\"https:\/\/gaiapoleeurope.com\/fr\/#website\",\"url\":\"https:\/\/gaiapoleeurope.com\/fr\/\",\"name\":\"Gaia Pole\",\"description\":\"\",\"publisher\":{\"@id\":\"https:\/\/gaiapoleeurope.com\/fr\/#organization\"},\"potentialAction\":[{\"@type\":\"SearchAction\",\"target\":{\"@type\":\"EntryPoint\",\"urlTemplate\":\"https:\/\/gaiapoleeurope.com\/fr\/?s={search_term_string}\"},\"query-input\":{\"@type\":\"PropertyValueSpecification\",\"valueRequired\":true,\"valueName\":\"search_term_string\"}}],\"inLanguage\":\"fr-FR\"},{\"@type\":\"Organization\",\"@id\":\"https:\/\/gaiapoleeurope.com\/fr\/#organization\",\"name\":\"Gaia Pole\",\"url\":\"https:\/\/gaiapoleeurope.com\/fr\/\",\"logo\":{\"@type\":\"ImageObject\",\"inLanguage\":\"fr-FR\",\"@id\":\"https:\/\/gaiapoleeurope.com\/fr\/#\/schema\/logo\/image\/\",\"url\":\"https:\/\/gaiapoleeurope.com\/wp-content\/uploads\/2024\/08\/gaia-logo.svg\",\"contentUrl\":\"https:\/\/gaiapoleeurope.com\/wp-content\/uploads\/2024\/08\/gaia-logo.svg\",\"width\":423,\"height\":170,\"caption\":\"Gaia Pole\"},\"image\":{\"@id\":\"https:\/\/gaiapoleeurope.com\/fr\/#\/schema\/logo\/image\/\"},\"sameAs\":[\"https:\/\/www.facebook.com\/gaiapolefitness\"]}]}<\/script>\n<!-- \/ Yoast SEO plugin. -->","yoast_head_json":{"title":"PLASTERBOARD CEILING EXTENSIONS - Gaia Pole","description":"Les EXTENSIONS DE PLAFOND EN PLACO sont install\u00e9es entre le placo et la dalle, garantissant une finition impeccable et une installation s\u00e9curis\u00e9e.","robots":{"index":"index","follow":"follow","max-snippet":"max-snippet:-1","max-image-preview":"max-image-preview:large","max-video-preview":"max-video-preview:-1"},"canonical":"https:\/\/gaiapoleeurope.com\/fr\/structures-et-supports\/plasterboard-ceiling-extensions\/","og_locale":"fr_FR","og_type":"article","og_title":"PLASTERBOARD CEILING EXTENSIONS - Gaia Pole","og_description":"Les EXTENSIONS DE PLAFOND EN PLACO sont install\u00e9es entre le placo et la dalle, garantissant une finition impeccable et une installation s\u00e9curis\u00e9e.","og_url":"https:\/\/gaiapoleeurope.com\/fr\/structures-et-supports\/plasterboard-ceiling-extensions\/","og_site_name":"Gaia Pole","article_publisher":"https:\/\/www.facebook.com\/gaiapolefitness","article_modified_time":"2025-09-11T05:17:15+00:00","og_image":[{"width":1080,"height":1080,"url":"https:\/\/gaiapoleeurope.com\/wp-content\/uploads\/2025\/06\/capa-prolongador-teto-de-gesso.jpg","type":"image\/jpeg"}],"twitter_card":"summary_large_image","schema":{"@context":"https:\/\/schema.org","@graph":[{"@type":"WebPage","@id":"https:\/\/gaiapoleeurope.com\/fr\/structures-et-supports\/plasterboard-ceiling-extensions\/","url":"https:\/\/gaiapoleeurope.com\/fr\/structures-et-supports\/plasterboard-ceiling-extensions\/","name":"PLASTERBOARD CEILING EXTENSIONS - Gaia Pole","isPartOf":{"@id":"https:\/\/gaiapoleeurope.com\/fr\/#website"},"primaryImageOfPage":{"@id":"https:\/\/gaiapoleeurope.com\/fr\/structures-et-supports\/plasterboard-ceiling-extensions\/#primaryimage"},"image":{"@id":"https:\/\/gaiapoleeurope.com\/fr\/structures-et-supports\/plasterboard-ceiling-extensions\/#primaryimage"},"thumbnailUrl":"https:\/\/gaiapoleeurope.com\/wp-content\/uploads\/2025\/06\/capa-prolongador-teto-de-gesso.jpg","datePublished":"2024-07-10T17:12:51+00:00","dateModified":"2025-09-11T05:17:15+00:00","description":"Les EXTENSIONS DE PLAFOND EN PLACO sont install\u00e9es entre le placo et la dalle, garantissant une finition impeccable et une installation s\u00e9curis\u00e9e.","breadcrumb":{"@id":"https:\/\/gaiapoleeurope.com\/fr\/structures-et-supports\/plasterboard-ceiling-extensions\/#breadcrumb"},"inLanguage":"fr-FR","potentialAction":[{"@type":"ReadAction","target":["https:\/\/gaiapoleeurope.com\/fr\/structures-et-supports\/plasterboard-ceiling-extensions\/"]}]},{"@type":"ImageObject","inLanguage":"fr-FR","@id":"https:\/\/gaiapoleeurope.com\/fr\/structures-et-supports\/plasterboard-ceiling-extensions\/#primaryimage","url":"https:\/\/gaiapoleeurope.com\/wp-content\/uploads\/2025\/06\/capa-prolongador-teto-de-gesso.jpg","contentUrl":"https:\/\/gaiapoleeurope.com\/wp-content\/uploads\/2025\/06\/capa-prolongador-teto-de-gesso.jpg","width":1080,"height":1080},{"@type":"BreadcrumbList","@id":"https:\/\/gaiapoleeurope.com\/fr\/structures-et-supports\/plasterboard-ceiling-extensions\/#breadcrumb","itemListElement":[{"@type":"ListItem","position":1,"name":"Home","item":"https:\/\/gaiapoleeurope.com\/fr\/"},{"@type":"ListItem","position":2,"name":"Boutique","item":"https:\/\/gaiapoleeurope.com\/fr\/boutique\/"},{"@type":"ListItem","position":3,"name":"Structures et Supports","item":"https:\/\/gaiapoleeurope.com\/fr\/structures-et-supports\/"},{"@type":"ListItem","position":4,"name":"PLASTERBOARD CEILING EXTENSIONS"}]},{"@type":"WebSite","@id":"https:\/\/gaiapoleeurope.com\/fr\/#website","url":"https:\/\/gaiapoleeurope.com\/fr\/","name":"Gaia Pole","description":"","publisher":{"@id":"https:\/\/gaiapoleeurope.com\/fr\/#organization"},"potentialAction":[{"@type":"SearchAction","target":{"@type":"EntryPoint","urlTemplate":"https:\/\/gaiapoleeurope.com\/fr\/?s={search_term_string}"},"query-input":{"@type":"PropertyValueSpecification","valueRequired":true,"valueName":"search_term_string"}}],"inLanguage":"fr-FR"},{"@type":"Organization","@id":"https:\/\/gaiapoleeurope.com\/fr\/#organization","name":"Gaia Pole","url":"https:\/\/gaiapoleeurope.com\/fr\/","logo":{"@type":"ImageObject","inLanguage":"fr-FR","@id":"https:\/\/gaiapoleeurope.com\/fr\/#\/schema\/logo\/image\/","url":"https:\/\/gaiapoleeurope.com\/wp-content\/uploads\/2024\/08\/gaia-logo.svg","contentUrl":"https:\/\/gaiapoleeurope.com\/wp-content\/uploads\/2024\/08\/gaia-logo.svg","width":423,"height":170,"caption":"Gaia Pole"},"image":{"@id":"https:\/\/gaiapoleeurope.com\/fr\/#\/schema\/logo\/image\/"},"sameAs":["https:\/\/www.facebook.com\/gaiapolefitness"]}]}},"_links":{"self":[{"href":"https:\/\/gaiapoleeurope.com\/fr\/wp-json\/wp\/v2\/product\/62686","targetHints":{"allow":["GET"]}}],"collection":[{"href":"https:\/\/gaiapoleeurope.com\/fr\/wp-json\/wp\/v2\/product"}],"about":[{"href":"https:\/\/gaiapoleeurope.com\/fr\/wp-json\/wp\/v2\/types\/product"}],"replies":[{"embeddable":true,"href":"https:\/\/gaiapoleeurope.com\/fr\/wp-json\/wp\/v2\/comments?post=62686"}],"wp:featuredmedia":[{"embeddable":true,"href":"https:\/\/gaiapoleeurope.com\/fr\/wp-json\/wp\/v2\/media\/62071"}],"wp:attachment":[{"href":"https:\/\/gaiapoleeurope.com\/fr\/wp-json\/wp\/v2\/media?parent=62686"}],"wp:term":[{"taxonomy":"filtro","embeddable":true,"href":"https:\/\/gaiapoleeurope.com\/fr\/wp-json\/wp\/v2\/filtro?post=62686"},{"taxonomy":"product_brand","embeddable":true,"href":"https:\/\/gaiapoleeurope.com\/fr\/wp-json\/wp\/v2\/product_brand?post=62686"},{"taxonomy":"product_cat","embeddable":true,"href":"https:\/\/gaiapoleeurope.com\/fr\/wp-json\/wp\/v2\/product_cat?post=62686"},{"taxonomy":"product_tag","embeddable":true,"href":"https:\/\/gaiapoleeurope.com\/fr\/wp-json\/wp\/v2\/product_tag?post=62686"}],"curies":[{"name":"wp","href":"https:\/\/api.w.org\/{rel}","templated":true}]}}