{"id":62678,"date":"2024-07-10T15:01:53","date_gmt":"2024-07-10T18:01:53","guid":{"rendered":"https:\/\/dev.gaiapole.com\/non%20class\u00e9\/systeme-de-rail-plafond-pour-barre-quick-lock-pole\/"},"modified":"2025-11-02T11:56:13","modified_gmt":"2025-11-02T11:56:13","slug":"quick-lock-pole-ceiling-mount-track-rail-system","status":"publish","type":"product","link":"https:\/\/gaiapoleeurope.com\/fr\/barres\/quick-lock-pole-ceiling-mount-track-rail-system\/","title":{"rendered":"QUICK LOCK POLE CEILING MOUNT TRACK RAIL SYSTEM"},"content":{"rendered":"<p>Faites glisser votre barre et fixez-la au plafond avec le <strong>Syst\u00e8me de Rail Plafond QUICK LOCK POLE. <\/strong>Simple, rapide et efficace pour lib\u00e9rer l\u2019espace apr\u00e8s l\u2019entra\u00eenement. Mont\u00e9 enti\u00e8rement par pression depuis le sol, sans \u00e9chelle, avec une barre en acier inoxydable en deux parties, faite sur mesure selon votre hauteur, passant du mode statique au spinning en un simple clic.  <\/p>\n","protected":false},"excerpt":{"rendered":"<p>Faites glisser votre barre et fixez-la au plafond avec le Syst\u00e8me de Rail Plafond QUICK LOCK POLE. Simple, rapide et efficace pour lib\u00e9rer l\u2019espace apr\u00e8s l\u2019entra\u00eenement. Mont\u00e9 enti\u00e8rement par pression depuis le sol, sans \u00e9chelle, avec une barre en acier inoxydable en deux parties, faite sur mesure selon votre hauteur, passant du mode statique au [&hellip;]<\/p>\n","protected":false},"featured_media":60745,"comment_status":"open","ping_status":"closed","template":"","meta":{"_acf_changed":false},"filtro":[1164,1158,2076,1399,1149,1405,1168,1401,1155,1395],"product_brand":[],"product_cat":[1078],"product_tag":[1079,1360,1362,1358,1359,1333,1363,1361],"class_list":{"0":"post-62678","1":"product","2":"type-product","3":"status-publish","4":"has-post-thumbnail","6":"filtro-acier-inoxydable","7":"filtro-en-un-clic","8":"filtro-brass-golden-fr","9":"filtro-liberation-facile-de-lespace","10":"filtro-montage-par-pression","11":"filtro-quick-lock-pole-fr","12":"filtro-revetement-en-caoutchouc","13":"filtro-sans-echelle-requise","14":"filtro-sur-mesure","15":"filtro-systeme-de-rail-a-fixer-au-plafond","16":"product_cat-barres","17":"product_tag-barre-de-pole-dance","18":"product_tag-panier","19":"product_tag-quick-lock-pole-fr","20":"product_tag-rail-fr","21":"product_tag-structure-mur-a-mur","22":"product_tag-support-fr-2","23":"product_tag-systeme-de-rail","24":"product_tag-systeme-de-rail-plafond-quick-lock-pole","26":"first","27":"instock","28":"taxable","29":"shipping-taxable","30":"purchasable","31":"product-type-variable","32":"add-to-wishlist-before_image"},"acf":[],"yoast_head":"<!-- This site is optimized with the Yoast SEO plugin v26.1.1 - https:\/\/yoast.com\/wordpress\/plugins\/seo\/ -->\n<title>QUICK LOCK POLE CEILING MOUNT TRACK RAIL SYSTEM - Gaia Pole<\/title>\n<meta name=\"description\" content=\"Faites glisser votre barre et fixez-la au mur avec le Syst\u00e8me de Rail Plafond QUICK LOCK POLE.Simple, rapide et efficace pour lib\u00e9rer de l\u2019espace apr\u00e8s l\u2019entra\u00eenement.\" \/>\n<meta name=\"robots\" content=\"index, follow, max-snippet:-1, max-image-preview:large, max-video-preview:-1\" \/>\n<link rel=\"canonical\" href=\"https:\/\/gaiapoleeurope.com\/fr\/barres\/quick-lock-pole-ceiling-mount-track-rail-system\/\" \/>\n<meta property=\"og:locale\" content=\"fr_FR\" \/>\n<meta property=\"og:type\" content=\"article\" \/>\n<meta property=\"og:title\" content=\"QUICK LOCK POLE CEILING MOUNT TRACK RAIL SYSTEM - Gaia Pole\" \/>\n<meta property=\"og:description\" content=\"Faites glisser votre barre et fixez-la au mur avec le Syst\u00e8me de Rail Plafond QUICK LOCK POLE.Simple, rapide et efficace pour lib\u00e9rer de l\u2019espace apr\u00e8s l\u2019entra\u00eenement.\" \/>\n<meta property=\"og:url\" content=\"https:\/\/gaiapoleeurope.com\/fr\/barres\/quick-lock-pole-ceiling-mount-track-rail-system\/\" \/>\n<meta property=\"og:site_name\" content=\"Gaia Pole\" \/>\n<meta property=\"article:publisher\" content=\"https:\/\/www.facebook.com\/gaiapolefitness\" \/>\n<meta property=\"article:modified_time\" content=\"2025-11-02T11:56:13+00:00\" \/>\n<meta property=\"og:image\" content=\"https:\/\/gaiapoleeurope.com\/wp-content\/uploads\/2025\/06\/02-1-4.jpg\" \/>\n\t<meta property=\"og:image:width\" content=\"1080\" \/>\n\t<meta property=\"og:image:height\" content=\"1080\" \/>\n\t<meta property=\"og:image:type\" content=\"image\/jpeg\" \/>\n<meta name=\"twitter:card\" content=\"summary_large_image\" \/>\n<script type=\"application\/ld+json\" class=\"yoast-schema-graph\">{\"@context\":\"https:\/\/schema.org\",\"@graph\":[{\"@type\":\"WebPage\",\"@id\":\"https:\/\/gaiapoleeurope.com\/fr\/barres\/quick-lock-pole-ceiling-mount-track-rail-system\/\",\"url\":\"https:\/\/gaiapoleeurope.com\/fr\/barres\/quick-lock-pole-ceiling-mount-track-rail-system\/\",\"name\":\"QUICK LOCK POLE CEILING MOUNT TRACK RAIL SYSTEM - Gaia Pole\",\"isPartOf\":{\"@id\":\"https:\/\/gaiapoleeurope.com\/fr\/#website\"},\"primaryImageOfPage\":{\"@id\":\"https:\/\/gaiapoleeurope.com\/fr\/barres\/quick-lock-pole-ceiling-mount-track-rail-system\/#primaryimage\"},\"image\":{\"@id\":\"https:\/\/gaiapoleeurope.com\/fr\/barres\/quick-lock-pole-ceiling-mount-track-rail-system\/#primaryimage\"},\"thumbnailUrl\":\"https:\/\/gaiapoleeurope.com\/wp-content\/uploads\/2024\/07\/capa-pole-removivel-em-trilho.jpg\",\"datePublished\":\"2024-07-10T18:01:53+00:00\",\"dateModified\":\"2025-11-02T11:56:13+00:00\",\"description\":\"Faites glisser votre barre et fixez-la au mur avec le Syst\u00e8me de Rail Plafond QUICK LOCK POLE.Simple, rapide et efficace pour lib\u00e9rer de l\u2019espace apr\u00e8s l\u2019entra\u00eenement.\",\"breadcrumb\":{\"@id\":\"https:\/\/gaiapoleeurope.com\/fr\/barres\/quick-lock-pole-ceiling-mount-track-rail-system\/#breadcrumb\"},\"inLanguage\":\"fr-FR\",\"potentialAction\":[{\"@type\":\"ReadAction\",\"target\":[\"https:\/\/gaiapoleeurope.com\/fr\/barres\/quick-lock-pole-ceiling-mount-track-rail-system\/\"]}]},{\"@type\":\"ImageObject\",\"inLanguage\":\"fr-FR\",\"@id\":\"https:\/\/gaiapoleeurope.com\/fr\/barres\/quick-lock-pole-ceiling-mount-track-rail-system\/#primaryimage\",\"url\":\"https:\/\/gaiapoleeurope.com\/wp-content\/uploads\/2024\/07\/capa-pole-removivel-em-trilho.jpg\",\"contentUrl\":\"https:\/\/gaiapoleeurope.com\/wp-content\/uploads\/2024\/07\/capa-pole-removivel-em-trilho.jpg\",\"width\":1080,\"height\":1080,\"caption\":\"QUICK LOCK POLE Ceiling mount Track Rail System\"},{\"@type\":\"BreadcrumbList\",\"@id\":\"https:\/\/gaiapoleeurope.com\/fr\/barres\/quick-lock-pole-ceiling-mount-track-rail-system\/#breadcrumb\",\"itemListElement\":[{\"@type\":\"ListItem\",\"position\":1,\"name\":\"Home\",\"item\":\"https:\/\/gaiapoleeurope.com\/fr\/\"},{\"@type\":\"ListItem\",\"position\":2,\"name\":\"Boutique\",\"item\":\"https:\/\/gaiapoleeurope.com\/fr\/boutique\/\"},{\"@type\":\"ListItem\",\"position\":3,\"name\":\"Barres\",\"item\":\"https:\/\/gaiapoleeurope.com\/fr\/barres\/\"},{\"@type\":\"ListItem\",\"position\":4,\"name\":\"QUICK LOCK POLE CEILING MOUNT TRACK RAIL SYSTEM\"}]},{\"@type\":\"WebSite\",\"@id\":\"https:\/\/gaiapoleeurope.com\/fr\/#website\",\"url\":\"https:\/\/gaiapoleeurope.com\/fr\/\",\"name\":\"Gaia Pole\",\"description\":\"\",\"publisher\":{\"@id\":\"https:\/\/gaiapoleeurope.com\/fr\/#organization\"},\"potentialAction\":[{\"@type\":\"SearchAction\",\"target\":{\"@type\":\"EntryPoint\",\"urlTemplate\":\"https:\/\/gaiapoleeurope.com\/fr\/?s={search_term_string}\"},\"query-input\":{\"@type\":\"PropertyValueSpecification\",\"valueRequired\":true,\"valueName\":\"search_term_string\"}}],\"inLanguage\":\"fr-FR\"},{\"@type\":\"Organization\",\"@id\":\"https:\/\/gaiapoleeurope.com\/fr\/#organization\",\"name\":\"Gaia Pole\",\"url\":\"https:\/\/gaiapoleeurope.com\/fr\/\",\"logo\":{\"@type\":\"ImageObject\",\"inLanguage\":\"fr-FR\",\"@id\":\"https:\/\/gaiapoleeurope.com\/fr\/#\/schema\/logo\/image\/\",\"url\":\"https:\/\/gaiapoleeurope.com\/wp-content\/uploads\/2024\/08\/gaia-logo.svg\",\"contentUrl\":\"https:\/\/gaiapoleeurope.com\/wp-content\/uploads\/2024\/08\/gaia-logo.svg\",\"width\":423,\"height\":170,\"caption\":\"Gaia Pole\"},\"image\":{\"@id\":\"https:\/\/gaiapoleeurope.com\/fr\/#\/schema\/logo\/image\/\"},\"sameAs\":[\"https:\/\/www.facebook.com\/gaiapolefitness\"]}]}<\/script>\n<!-- \/ Yoast SEO plugin. -->","yoast_head_json":{"title":"QUICK LOCK POLE CEILING MOUNT TRACK RAIL SYSTEM - Gaia Pole","description":"Faites glisser votre barre et fixez-la au mur avec le Syst\u00e8me de Rail Plafond QUICK LOCK POLE.Simple, rapide et efficace pour lib\u00e9rer de l\u2019espace apr\u00e8s l\u2019entra\u00eenement.","robots":{"index":"index","follow":"follow","max-snippet":"max-snippet:-1","max-image-preview":"max-image-preview:large","max-video-preview":"max-video-preview:-1"},"canonical":"https:\/\/gaiapoleeurope.com\/fr\/barres\/quick-lock-pole-ceiling-mount-track-rail-system\/","og_locale":"fr_FR","og_type":"article","og_title":"QUICK LOCK POLE CEILING MOUNT TRACK RAIL SYSTEM - Gaia Pole","og_description":"Faites glisser votre barre et fixez-la au mur avec le Syst\u00e8me de Rail Plafond QUICK LOCK POLE.Simple, rapide et efficace pour lib\u00e9rer de l\u2019espace apr\u00e8s l\u2019entra\u00eenement.","og_url":"https:\/\/gaiapoleeurope.com\/fr\/barres\/quick-lock-pole-ceiling-mount-track-rail-system\/","og_site_name":"Gaia Pole","article_publisher":"https:\/\/www.facebook.com\/gaiapolefitness","article_modified_time":"2025-11-02T11:56:13+00:00","og_image":[{"width":1080,"height":1080,"url":"https:\/\/gaiapoleeurope.com\/wp-content\/uploads\/2025\/06\/02-1-4.jpg","type":"image\/jpeg"}],"twitter_card":"summary_large_image","schema":{"@context":"https:\/\/schema.org","@graph":[{"@type":"WebPage","@id":"https:\/\/gaiapoleeurope.com\/fr\/barres\/quick-lock-pole-ceiling-mount-track-rail-system\/","url":"https:\/\/gaiapoleeurope.com\/fr\/barres\/quick-lock-pole-ceiling-mount-track-rail-system\/","name":"QUICK LOCK POLE CEILING MOUNT TRACK RAIL SYSTEM - Gaia Pole","isPartOf":{"@id":"https:\/\/gaiapoleeurope.com\/fr\/#website"},"primaryImageOfPage":{"@id":"https:\/\/gaiapoleeurope.com\/fr\/barres\/quick-lock-pole-ceiling-mount-track-rail-system\/#primaryimage"},"image":{"@id":"https:\/\/gaiapoleeurope.com\/fr\/barres\/quick-lock-pole-ceiling-mount-track-rail-system\/#primaryimage"},"thumbnailUrl":"https:\/\/gaiapoleeurope.com\/wp-content\/uploads\/2024\/07\/capa-pole-removivel-em-trilho.jpg","datePublished":"2024-07-10T18:01:53+00:00","dateModified":"2025-11-02T11:56:13+00:00","description":"Faites glisser votre barre et fixez-la au mur avec le Syst\u00e8me de Rail Plafond QUICK LOCK POLE.Simple, rapide et efficace pour lib\u00e9rer de l\u2019espace apr\u00e8s l\u2019entra\u00eenement.","breadcrumb":{"@id":"https:\/\/gaiapoleeurope.com\/fr\/barres\/quick-lock-pole-ceiling-mount-track-rail-system\/#breadcrumb"},"inLanguage":"fr-FR","potentialAction":[{"@type":"ReadAction","target":["https:\/\/gaiapoleeurope.com\/fr\/barres\/quick-lock-pole-ceiling-mount-track-rail-system\/"]}]},{"@type":"ImageObject","inLanguage":"fr-FR","@id":"https:\/\/gaiapoleeurope.com\/fr\/barres\/quick-lock-pole-ceiling-mount-track-rail-system\/#primaryimage","url":"https:\/\/gaiapoleeurope.com\/wp-content\/uploads\/2024\/07\/capa-pole-removivel-em-trilho.jpg","contentUrl":"https:\/\/gaiapoleeurope.com\/wp-content\/uploads\/2024\/07\/capa-pole-removivel-em-trilho.jpg","width":1080,"height":1080,"caption":"QUICK LOCK POLE Ceiling mount Track Rail System"},{"@type":"BreadcrumbList","@id":"https:\/\/gaiapoleeurope.com\/fr\/barres\/quick-lock-pole-ceiling-mount-track-rail-system\/#breadcrumb","itemListElement":[{"@type":"ListItem","position":1,"name":"Home","item":"https:\/\/gaiapoleeurope.com\/fr\/"},{"@type":"ListItem","position":2,"name":"Boutique","item":"https:\/\/gaiapoleeurope.com\/fr\/boutique\/"},{"@type":"ListItem","position":3,"name":"Barres","item":"https:\/\/gaiapoleeurope.com\/fr\/barres\/"},{"@type":"ListItem","position":4,"name":"QUICK LOCK POLE CEILING MOUNT TRACK RAIL SYSTEM"}]},{"@type":"WebSite","@id":"https:\/\/gaiapoleeurope.com\/fr\/#website","url":"https:\/\/gaiapoleeurope.com\/fr\/","name":"Gaia Pole","description":"","publisher":{"@id":"https:\/\/gaiapoleeurope.com\/fr\/#organization"},"potentialAction":[{"@type":"SearchAction","target":{"@type":"EntryPoint","urlTemplate":"https:\/\/gaiapoleeurope.com\/fr\/?s={search_term_string}"},"query-input":{"@type":"PropertyValueSpecification","valueRequired":true,"valueName":"search_term_string"}}],"inLanguage":"fr-FR"},{"@type":"Organization","@id":"https:\/\/gaiapoleeurope.com\/fr\/#organization","name":"Gaia Pole","url":"https:\/\/gaiapoleeurope.com\/fr\/","logo":{"@type":"ImageObject","inLanguage":"fr-FR","@id":"https:\/\/gaiapoleeurope.com\/fr\/#\/schema\/logo\/image\/","url":"https:\/\/gaiapoleeurope.com\/wp-content\/uploads\/2024\/08\/gaia-logo.svg","contentUrl":"https:\/\/gaiapoleeurope.com\/wp-content\/uploads\/2024\/08\/gaia-logo.svg","width":423,"height":170,"caption":"Gaia Pole"},"image":{"@id":"https:\/\/gaiapoleeurope.com\/fr\/#\/schema\/logo\/image\/"},"sameAs":["https:\/\/www.facebook.com\/gaiapolefitness"]}]}},"_links":{"self":[{"href":"https:\/\/gaiapoleeurope.com\/fr\/wp-json\/wp\/v2\/product\/62678","targetHints":{"allow":["GET"]}}],"collection":[{"href":"https:\/\/gaiapoleeurope.com\/fr\/wp-json\/wp\/v2\/product"}],"about":[{"href":"https:\/\/gaiapoleeurope.com\/fr\/wp-json\/wp\/v2\/types\/product"}],"replies":[{"embeddable":true,"href":"https:\/\/gaiapoleeurope.com\/fr\/wp-json\/wp\/v2\/comments?post=62678"}],"wp:featuredmedia":[{"embeddable":true,"href":"https:\/\/gaiapoleeurope.com\/fr\/wp-json\/wp\/v2\/media\/60745"}],"wp:attachment":[{"href":"https:\/\/gaiapoleeurope.com\/fr\/wp-json\/wp\/v2\/media?parent=62678"}],"wp:term":[{"taxonomy":"filtro","embeddable":true,"href":"https:\/\/gaiapoleeurope.com\/fr\/wp-json\/wp\/v2\/filtro?post=62678"},{"taxonomy":"product_brand","embeddable":true,"href":"https:\/\/gaiapoleeurope.com\/fr\/wp-json\/wp\/v2\/product_brand?post=62678"},{"taxonomy":"product_cat","embeddable":true,"href":"https:\/\/gaiapoleeurope.com\/fr\/wp-json\/wp\/v2\/product_cat?post=62678"},{"taxonomy":"product_tag","embeddable":true,"href":"https:\/\/gaiapoleeurope.com\/fr\/wp-json\/wp\/v2\/product_tag?post=62678"}],"curies":[{"name":"wp","href":"https:\/\/api.w.org\/{rel}","templated":true}]}}