{"id":62663,"date":"2024-07-10T16:47:03","date_gmt":"2024-07-10T16:47:03","guid":{"rendered":"https:\/\/dev.gaiapole.com\/non%20class\u00e9\/cerceau-aerien-ou-lollipop\/"},"modified":"2025-09-11T05:39:30","modified_gmt":"2025-09-11T05:39:30","slug":"aerial-lollipop-hoop","status":"publish","type":"product","link":"https:\/\/gaiapoleeurope.com\/fr\/aeriennes\/aerial-lollipop-hoop\/","title":{"rendered":"AERIAL OR LOLLIPOP HOOP"},"content":{"rendered":"<p><strong>Le Cerceau A\u00e9rien Gaia Pole <\/strong>est parfait pour celles et ceux qui souhaitent apporter la magie du cirque chez eux. Il est id\u00e9al autant pour les professionnels que pour les d\u00e9butants. Choisissez entre Z\u00e9ro Point, Point Unique ou 2 Points d\u2019Ancrage. \u00c9galement disponible : le <strong>Lollipop Hoop<\/strong>, compatible avec la <a href=\"https:\/\/gaiapoleeurope.com\/fr\/scenes\/portable-stage-pole\/\">Gaia Stage.<\/a>   <\/p>\n","protected":false},"excerpt":{"rendered":"<p>Le Cerceau A\u00e9rien Gaia Pole est parfait pour celles et ceux qui souhaitent apporter la magie du cirque chez eux. Il est id\u00e9al autant pour les professionnels que pour les d\u00e9butants. Choisissez entre Z\u00e9ro Point, Point Unique ou 2 Points d\u2019Ancrage. \u00c9galement disponible : le Lollipop Hoop, compatible avec la Gaia Stage.<\/p>\n","protected":false},"featured_media":62059,"comment_status":"open","ping_status":"closed","template":"","meta":{"_acf_changed":false},"filtro":[],"product_brand":[],"product_cat":[1320],"product_tag":[1321,1351,1350,1349],"class_list":{"0":"post-62663","1":"product","2":"type-product","3":"status-publish","4":"has-post-thumbnail","6":"product_cat-aeriennes","7":"product_tag-aerien","8":"product_tag-cerceau","9":"product_tag-cerceau-aerien","10":"product_tag-kit-dinstallation","11":"product_shipping_class-equipements","13":"first","14":"instock","15":"taxable","16":"shipping-taxable","17":"purchasable","18":"product-type-variable","19":"has-default-attributes","20":"add-to-wishlist-before_image"},"acf":[],"yoast_head":"<!-- This site is optimized with the Yoast SEO plugin v26.1.1 - https:\/\/yoast.com\/wordpress\/plugins\/seo\/ -->\n<title>AERIAL OR LOLLIPOP HOOP - Gaia Pole<\/title>\n<meta name=\"description\" content=\"Le Cerceau A\u00e9rien ou Lollipop Gaia Pole est parfait pour celles et ceux qui souhaitent apporter la magie du cirque chez eux. Id\u00e9al pour les professionnels comme pour les d\u00e9butants.\" \/>\n<meta name=\"robots\" content=\"index, follow, max-snippet:-1, max-image-preview:large, max-video-preview:-1\" \/>\n<link rel=\"canonical\" href=\"https:\/\/gaiapoleeurope.com\/fr\/aeriennes\/aerial-lollipop-hoop\/\" \/>\n<meta property=\"og:locale\" content=\"fr_FR\" \/>\n<meta property=\"og:type\" content=\"article\" \/>\n<meta property=\"og:title\" content=\"AERIAL OR LOLLIPOP HOOP - Gaia Pole\" \/>\n<meta property=\"og:description\" content=\"Le Cerceau A\u00e9rien ou Lollipop Gaia Pole est parfait pour celles et ceux qui souhaitent apporter la magie du cirque chez eux. Id\u00e9al pour les professionnels comme pour les d\u00e9butants.\" \/>\n<meta property=\"og:url\" content=\"https:\/\/gaiapoleeurope.com\/fr\/aeriennes\/aerial-lollipop-hoop\/\" \/>\n<meta property=\"og:site_name\" content=\"Gaia Pole\" \/>\n<meta property=\"article:publisher\" content=\"https:\/\/www.facebook.com\/gaiapolefitness\" \/>\n<meta property=\"article:modified_time\" content=\"2025-09-11T05:39:30+00:00\" \/>\n<meta property=\"og:image\" content=\"https:\/\/gaiapoleeurope.com\/wp-content\/uploads\/2025\/06\/capa-lira-circense.jpg\" \/>\n\t<meta property=\"og:image:width\" content=\"1080\" \/>\n\t<meta property=\"og:image:height\" content=\"1080\" \/>\n\t<meta property=\"og:image:type\" content=\"image\/jpeg\" \/>\n<meta name=\"twitter:card\" content=\"summary_large_image\" \/>\n<script type=\"application\/ld+json\" class=\"yoast-schema-graph\">{\"@context\":\"https:\/\/schema.org\",\"@graph\":[{\"@type\":\"WebPage\",\"@id\":\"https:\/\/gaiapoleeurope.com\/fr\/aeriennes\/aerial-lollipop-hoop\/\",\"url\":\"https:\/\/gaiapoleeurope.com\/fr\/aeriennes\/aerial-lollipop-hoop\/\",\"name\":\"AERIAL OR LOLLIPOP HOOP - Gaia Pole\",\"isPartOf\":{\"@id\":\"https:\/\/gaiapoleeurope.com\/fr\/#website\"},\"primaryImageOfPage\":{\"@id\":\"https:\/\/gaiapoleeurope.com\/fr\/aeriennes\/aerial-lollipop-hoop\/#primaryimage\"},\"image\":{\"@id\":\"https:\/\/gaiapoleeurope.com\/fr\/aeriennes\/aerial-lollipop-hoop\/#primaryimage\"},\"thumbnailUrl\":\"https:\/\/gaiapoleeurope.com\/wp-content\/uploads\/2025\/06\/capa-lira-circense.jpg\",\"datePublished\":\"2024-07-10T16:47:03+00:00\",\"dateModified\":\"2025-09-11T05:39:30+00:00\",\"description\":\"Le Cerceau A\u00e9rien ou Lollipop Gaia Pole est parfait pour celles et ceux qui souhaitent apporter la magie du cirque chez eux. Id\u00e9al pour les professionnels comme pour les d\u00e9butants.\",\"breadcrumb\":{\"@id\":\"https:\/\/gaiapoleeurope.com\/fr\/aeriennes\/aerial-lollipop-hoop\/#breadcrumb\"},\"inLanguage\":\"fr-FR\",\"potentialAction\":[{\"@type\":\"ReadAction\",\"target\":[\"https:\/\/gaiapoleeurope.com\/fr\/aeriennes\/aerial-lollipop-hoop\/\"]}]},{\"@type\":\"ImageObject\",\"inLanguage\":\"fr-FR\",\"@id\":\"https:\/\/gaiapoleeurope.com\/fr\/aeriennes\/aerial-lollipop-hoop\/#primaryimage\",\"url\":\"https:\/\/gaiapoleeurope.com\/wp-content\/uploads\/2025\/06\/capa-lira-circense.jpg\",\"contentUrl\":\"https:\/\/gaiapoleeurope.com\/wp-content\/uploads\/2025\/06\/capa-lira-circense.jpg\",\"width\":1080,\"height\":1080},{\"@type\":\"BreadcrumbList\",\"@id\":\"https:\/\/gaiapoleeurope.com\/fr\/aeriennes\/aerial-lollipop-hoop\/#breadcrumb\",\"itemListElement\":[{\"@type\":\"ListItem\",\"position\":1,\"name\":\"Home\",\"item\":\"https:\/\/gaiapoleeurope.com\/fr\/\"},{\"@type\":\"ListItem\",\"position\":2,\"name\":\"Boutique\",\"item\":\"https:\/\/gaiapoleeurope.com\/fr\/boutique\/\"},{\"@type\":\"ListItem\",\"position\":3,\"name\":\"Activit\u00e9s a\u00e9riennes\",\"item\":\"https:\/\/gaiapoleeurope.com\/fr\/aeriennes\/\"},{\"@type\":\"ListItem\",\"position\":4,\"name\":\"AERIAL OR LOLLIPOP HOOP\"}]},{\"@type\":\"WebSite\",\"@id\":\"https:\/\/gaiapoleeurope.com\/fr\/#website\",\"url\":\"https:\/\/gaiapoleeurope.com\/fr\/\",\"name\":\"Gaia Pole\",\"description\":\"\",\"publisher\":{\"@id\":\"https:\/\/gaiapoleeurope.com\/fr\/#organization\"},\"potentialAction\":[{\"@type\":\"SearchAction\",\"target\":{\"@type\":\"EntryPoint\",\"urlTemplate\":\"https:\/\/gaiapoleeurope.com\/fr\/?s={search_term_string}\"},\"query-input\":{\"@type\":\"PropertyValueSpecification\",\"valueRequired\":true,\"valueName\":\"search_term_string\"}}],\"inLanguage\":\"fr-FR\"},{\"@type\":\"Organization\",\"@id\":\"https:\/\/gaiapoleeurope.com\/fr\/#organization\",\"name\":\"Gaia Pole\",\"url\":\"https:\/\/gaiapoleeurope.com\/fr\/\",\"logo\":{\"@type\":\"ImageObject\",\"inLanguage\":\"fr-FR\",\"@id\":\"https:\/\/gaiapoleeurope.com\/fr\/#\/schema\/logo\/image\/\",\"url\":\"https:\/\/gaiapoleeurope.com\/wp-content\/uploads\/2024\/08\/gaia-logo.svg\",\"contentUrl\":\"https:\/\/gaiapoleeurope.com\/wp-content\/uploads\/2024\/08\/gaia-logo.svg\",\"width\":423,\"height\":170,\"caption\":\"Gaia Pole\"},\"image\":{\"@id\":\"https:\/\/gaiapoleeurope.com\/fr\/#\/schema\/logo\/image\/\"},\"sameAs\":[\"https:\/\/www.facebook.com\/gaiapolefitness\"]}]}<\/script>\n<!-- \/ Yoast SEO plugin. -->","yoast_head_json":{"title":"AERIAL OR LOLLIPOP HOOP - Gaia Pole","description":"Le Cerceau A\u00e9rien ou Lollipop Gaia Pole est parfait pour celles et ceux qui souhaitent apporter la magie du cirque chez eux. Id\u00e9al pour les professionnels comme pour les d\u00e9butants.","robots":{"index":"index","follow":"follow","max-snippet":"max-snippet:-1","max-image-preview":"max-image-preview:large","max-video-preview":"max-video-preview:-1"},"canonical":"https:\/\/gaiapoleeurope.com\/fr\/aeriennes\/aerial-lollipop-hoop\/","og_locale":"fr_FR","og_type":"article","og_title":"AERIAL OR LOLLIPOP HOOP - Gaia Pole","og_description":"Le Cerceau A\u00e9rien ou Lollipop Gaia Pole est parfait pour celles et ceux qui souhaitent apporter la magie du cirque chez eux. Id\u00e9al pour les professionnels comme pour les d\u00e9butants.","og_url":"https:\/\/gaiapoleeurope.com\/fr\/aeriennes\/aerial-lollipop-hoop\/","og_site_name":"Gaia Pole","article_publisher":"https:\/\/www.facebook.com\/gaiapolefitness","article_modified_time":"2025-09-11T05:39:30+00:00","og_image":[{"width":1080,"height":1080,"url":"https:\/\/gaiapoleeurope.com\/wp-content\/uploads\/2025\/06\/capa-lira-circense.jpg","type":"image\/jpeg"}],"twitter_card":"summary_large_image","schema":{"@context":"https:\/\/schema.org","@graph":[{"@type":"WebPage","@id":"https:\/\/gaiapoleeurope.com\/fr\/aeriennes\/aerial-lollipop-hoop\/","url":"https:\/\/gaiapoleeurope.com\/fr\/aeriennes\/aerial-lollipop-hoop\/","name":"AERIAL OR LOLLIPOP HOOP - Gaia Pole","isPartOf":{"@id":"https:\/\/gaiapoleeurope.com\/fr\/#website"},"primaryImageOfPage":{"@id":"https:\/\/gaiapoleeurope.com\/fr\/aeriennes\/aerial-lollipop-hoop\/#primaryimage"},"image":{"@id":"https:\/\/gaiapoleeurope.com\/fr\/aeriennes\/aerial-lollipop-hoop\/#primaryimage"},"thumbnailUrl":"https:\/\/gaiapoleeurope.com\/wp-content\/uploads\/2025\/06\/capa-lira-circense.jpg","datePublished":"2024-07-10T16:47:03+00:00","dateModified":"2025-09-11T05:39:30+00:00","description":"Le Cerceau A\u00e9rien ou Lollipop Gaia Pole est parfait pour celles et ceux qui souhaitent apporter la magie du cirque chez eux. Id\u00e9al pour les professionnels comme pour les d\u00e9butants.","breadcrumb":{"@id":"https:\/\/gaiapoleeurope.com\/fr\/aeriennes\/aerial-lollipop-hoop\/#breadcrumb"},"inLanguage":"fr-FR","potentialAction":[{"@type":"ReadAction","target":["https:\/\/gaiapoleeurope.com\/fr\/aeriennes\/aerial-lollipop-hoop\/"]}]},{"@type":"ImageObject","inLanguage":"fr-FR","@id":"https:\/\/gaiapoleeurope.com\/fr\/aeriennes\/aerial-lollipop-hoop\/#primaryimage","url":"https:\/\/gaiapoleeurope.com\/wp-content\/uploads\/2025\/06\/capa-lira-circense.jpg","contentUrl":"https:\/\/gaiapoleeurope.com\/wp-content\/uploads\/2025\/06\/capa-lira-circense.jpg","width":1080,"height":1080},{"@type":"BreadcrumbList","@id":"https:\/\/gaiapoleeurope.com\/fr\/aeriennes\/aerial-lollipop-hoop\/#breadcrumb","itemListElement":[{"@type":"ListItem","position":1,"name":"Home","item":"https:\/\/gaiapoleeurope.com\/fr\/"},{"@type":"ListItem","position":2,"name":"Boutique","item":"https:\/\/gaiapoleeurope.com\/fr\/boutique\/"},{"@type":"ListItem","position":3,"name":"Activit\u00e9s a\u00e9riennes","item":"https:\/\/gaiapoleeurope.com\/fr\/aeriennes\/"},{"@type":"ListItem","position":4,"name":"AERIAL OR LOLLIPOP HOOP"}]},{"@type":"WebSite","@id":"https:\/\/gaiapoleeurope.com\/fr\/#website","url":"https:\/\/gaiapoleeurope.com\/fr\/","name":"Gaia Pole","description":"","publisher":{"@id":"https:\/\/gaiapoleeurope.com\/fr\/#organization"},"potentialAction":[{"@type":"SearchAction","target":{"@type":"EntryPoint","urlTemplate":"https:\/\/gaiapoleeurope.com\/fr\/?s={search_term_string}"},"query-input":{"@type":"PropertyValueSpecification","valueRequired":true,"valueName":"search_term_string"}}],"inLanguage":"fr-FR"},{"@type":"Organization","@id":"https:\/\/gaiapoleeurope.com\/fr\/#organization","name":"Gaia Pole","url":"https:\/\/gaiapoleeurope.com\/fr\/","logo":{"@type":"ImageObject","inLanguage":"fr-FR","@id":"https:\/\/gaiapoleeurope.com\/fr\/#\/schema\/logo\/image\/","url":"https:\/\/gaiapoleeurope.com\/wp-content\/uploads\/2024\/08\/gaia-logo.svg","contentUrl":"https:\/\/gaiapoleeurope.com\/wp-content\/uploads\/2024\/08\/gaia-logo.svg","width":423,"height":170,"caption":"Gaia Pole"},"image":{"@id":"https:\/\/gaiapoleeurope.com\/fr\/#\/schema\/logo\/image\/"},"sameAs":["https:\/\/www.facebook.com\/gaiapolefitness"]}]}},"_links":{"self":[{"href":"https:\/\/gaiapoleeurope.com\/fr\/wp-json\/wp\/v2\/product\/62663","targetHints":{"allow":["GET"]}}],"collection":[{"href":"https:\/\/gaiapoleeurope.com\/fr\/wp-json\/wp\/v2\/product"}],"about":[{"href":"https:\/\/gaiapoleeurope.com\/fr\/wp-json\/wp\/v2\/types\/product"}],"replies":[{"embeddable":true,"href":"https:\/\/gaiapoleeurope.com\/fr\/wp-json\/wp\/v2\/comments?post=62663"}],"wp:featuredmedia":[{"embeddable":true,"href":"https:\/\/gaiapoleeurope.com\/fr\/wp-json\/wp\/v2\/media\/62059"}],"wp:attachment":[{"href":"https:\/\/gaiapoleeurope.com\/fr\/wp-json\/wp\/v2\/media?parent=62663"}],"wp:term":[{"taxonomy":"filtro","embeddable":true,"href":"https:\/\/gaiapoleeurope.com\/fr\/wp-json\/wp\/v2\/filtro?post=62663"},{"taxonomy":"product_brand","embeddable":true,"href":"https:\/\/gaiapoleeurope.com\/fr\/wp-json\/wp\/v2\/product_brand?post=62663"},{"taxonomy":"product_cat","embeddable":true,"href":"https:\/\/gaiapoleeurope.com\/fr\/wp-json\/wp\/v2\/product_cat?post=62663"},{"taxonomy":"product_tag","embeddable":true,"href":"https:\/\/gaiapoleeurope.com\/fr\/wp-json\/wp\/v2\/product_tag?post=62663"}],"curies":[{"name":"wp","href":"https:\/\/api.w.org\/{rel}","templated":true}]}}