{"id":62662,"date":"2024-07-11T08:43:08","date_gmt":"2024-07-11T11:43:08","guid":{"rendered":"https:\/\/dev.gaiapole.com\/non%20class\u00e9\/valise-rigide-de-transport\/"},"modified":"2025-09-11T05:48:22","modified_gmt":"2025-09-11T05:48:22","slug":"carry-on-hard-case","status":"publish","type":"product","link":"https:\/\/gaiapoleeurope.com\/fr\/accessoires\/carry-on-hard-case\/","title":{"rendered":"CARRY-ON HARD CASE"},"content":{"rendered":"<p>La Valise Rigide de Transport est l\u2019accessoire parfait pour toute personne poss\u00e9dant n\u2019importe quel mod\u00e8le de barre portable et souhaitant pr\u00e9server l\u2019int\u00e9grit\u00e9 de son \u00e9quipement. \u00c9galement compatible avec le Flying Pole, elle garantit que aucune pi\u00e8ce ne se perde et est id\u00e9ale pour le coffre de votre voiture ou comme bagage en soute lors de voyages en avion. <\/p>\n","protected":false},"excerpt":{"rendered":"<p>La Valise Rigide de Transport est l\u2019accessoire parfait pour toute personne poss\u00e9dant n\u2019importe quel mod\u00e8le de barre portable et souhaitant pr\u00e9server l\u2019int\u00e9grit\u00e9 de son \u00e9quipement. \u00c9galement compatible avec le Flying Pole, elle garantit que aucune pi\u00e8ce ne se perde et est id\u00e9ale pour le coffre de votre voiture ou comme bagage en soute lors de [&hellip;]<\/p>\n","protected":false},"featured_media":62091,"comment_status":"open","ping_status":"closed","template":"","meta":{"_acf_changed":false},"filtro":[],"product_brand":[],"product_cat":[1129],"product_tag":[1337,1338,1339,1340,1343,1342,1341],"class_list":{"0":"post-62662","1":"product","2":"type-product","3":"status-publish","4":"has-post-thumbnail","6":"product_cat-accessoires","7":"product_tag-flying-pole-fr","8":"product_tag-protection-fr","9":"product_tag-transport-fr","10":"product_tag-valise","11":"product_tag-valise-de-transport","12":"product_tag-valise-rigide","13":"product_tag-valise-rigide-de-transport","15":"first","16":"instock","17":"taxable","18":"shipping-taxable","19":"purchasable","20":"product-type-simple","21":"add-to-wishlist-before_image"},"acf":[],"yoast_head":"<!-- This site is optimized with the Yoast SEO plugin v26.1.1 - https:\/\/yoast.com\/wordpress\/plugins\/seo\/ -->\n<title>CARRY-ON HARD CASE - Gaia Pole<\/title>\n<meta name=\"description\" content=\"La Valise Rigide de Transport est l\u2019accessoire parfait pour toute personne poss\u00e9dant n\u2019importe quel mod\u00e8le de barre portable Gaia Pole et souhaitant pr\u00e9server l\u2019int\u00e9grit\u00e9 de son \u00e9quipement.\" \/>\n<meta name=\"robots\" content=\"index, follow, max-snippet:-1, max-image-preview:large, max-video-preview:-1\" \/>\n<link rel=\"canonical\" href=\"https:\/\/gaiapoleeurope.com\/fr\/accessoires\/carry-on-hard-case\/\" \/>\n<meta property=\"og:locale\" content=\"fr_FR\" \/>\n<meta property=\"og:type\" content=\"article\" \/>\n<meta property=\"og:title\" content=\"CARRY-ON HARD CASE - Gaia Pole\" \/>\n<meta property=\"og:description\" content=\"La Valise Rigide de Transport est l\u2019accessoire parfait pour toute personne poss\u00e9dant n\u2019importe quel mod\u00e8le de barre portable Gaia Pole et souhaitant pr\u00e9server l\u2019int\u00e9grit\u00e9 de son \u00e9quipement.\" \/>\n<meta property=\"og:url\" content=\"https:\/\/gaiapoleeurope.com\/fr\/accessoires\/carry-on-hard-case\/\" \/>\n<meta property=\"og:site_name\" content=\"Gaia Pole\" \/>\n<meta property=\"article:publisher\" content=\"https:\/\/www.facebook.com\/gaiapolefitness\" \/>\n<meta property=\"article:modified_time\" content=\"2025-09-11T05:48:22+00:00\" \/>\n<meta property=\"og:image\" content=\"https:\/\/gaiapoleeurope.com\/wp-content\/uploads\/2025\/06\/capa-estojo-para-transporte.jpg\" \/>\n\t<meta property=\"og:image:width\" content=\"1080\" \/>\n\t<meta property=\"og:image:height\" content=\"1080\" \/>\n\t<meta property=\"og:image:type\" content=\"image\/jpeg\" \/>\n<meta name=\"twitter:card\" content=\"summary_large_image\" \/>\n<script type=\"application\/ld+json\" class=\"yoast-schema-graph\">{\"@context\":\"https:\/\/schema.org\",\"@graph\":[{\"@type\":\"WebPage\",\"@id\":\"https:\/\/gaiapoleeurope.com\/fr\/accessoires\/carry-on-hard-case\/\",\"url\":\"https:\/\/gaiapoleeurope.com\/fr\/accessoires\/carry-on-hard-case\/\",\"name\":\"CARRY-ON HARD CASE - Gaia Pole\",\"isPartOf\":{\"@id\":\"https:\/\/gaiapoleeurope.com\/fr\/#website\"},\"primaryImageOfPage\":{\"@id\":\"https:\/\/gaiapoleeurope.com\/fr\/accessoires\/carry-on-hard-case\/#primaryimage\"},\"image\":{\"@id\":\"https:\/\/gaiapoleeurope.com\/fr\/accessoires\/carry-on-hard-case\/#primaryimage\"},\"thumbnailUrl\":\"https:\/\/gaiapoleeurope.com\/wp-content\/uploads\/2025\/06\/capa-estojo-para-transporte.jpg\",\"datePublished\":\"2024-07-11T11:43:08+00:00\",\"dateModified\":\"2025-09-11T05:48:22+00:00\",\"description\":\"La Valise Rigide de Transport est l\u2019accessoire parfait pour toute personne poss\u00e9dant n\u2019importe quel mod\u00e8le de barre portable Gaia Pole et souhaitant pr\u00e9server l\u2019int\u00e9grit\u00e9 de son \u00e9quipement.\",\"breadcrumb\":{\"@id\":\"https:\/\/gaiapoleeurope.com\/fr\/accessoires\/carry-on-hard-case\/#breadcrumb\"},\"inLanguage\":\"fr-FR\",\"potentialAction\":[{\"@type\":\"ReadAction\",\"target\":[\"https:\/\/gaiapoleeurope.com\/fr\/accessoires\/carry-on-hard-case\/\"]}]},{\"@type\":\"ImageObject\",\"inLanguage\":\"fr-FR\",\"@id\":\"https:\/\/gaiapoleeurope.com\/fr\/accessoires\/carry-on-hard-case\/#primaryimage\",\"url\":\"https:\/\/gaiapoleeurope.com\/wp-content\/uploads\/2025\/06\/capa-estojo-para-transporte.jpg\",\"contentUrl\":\"https:\/\/gaiapoleeurope.com\/wp-content\/uploads\/2025\/06\/capa-estojo-para-transporte.jpg\",\"width\":1080,\"height\":1080},{\"@type\":\"BreadcrumbList\",\"@id\":\"https:\/\/gaiapoleeurope.com\/fr\/accessoires\/carry-on-hard-case\/#breadcrumb\",\"itemListElement\":[{\"@type\":\"ListItem\",\"position\":1,\"name\":\"Home\",\"item\":\"https:\/\/gaiapoleeurope.com\/fr\/\"},{\"@type\":\"ListItem\",\"position\":2,\"name\":\"Boutique\",\"item\":\"https:\/\/gaiapoleeurope.com\/fr\/boutique\/\"},{\"@type\":\"ListItem\",\"position\":3,\"name\":\"Accessoires\",\"item\":\"https:\/\/gaiapoleeurope.com\/fr\/accessoires\/\"},{\"@type\":\"ListItem\",\"position\":4,\"name\":\"CARRY-ON HARD CASE\"}]},{\"@type\":\"WebSite\",\"@id\":\"https:\/\/gaiapoleeurope.com\/fr\/#website\",\"url\":\"https:\/\/gaiapoleeurope.com\/fr\/\",\"name\":\"Gaia Pole\",\"description\":\"\",\"publisher\":{\"@id\":\"https:\/\/gaiapoleeurope.com\/fr\/#organization\"},\"potentialAction\":[{\"@type\":\"SearchAction\",\"target\":{\"@type\":\"EntryPoint\",\"urlTemplate\":\"https:\/\/gaiapoleeurope.com\/fr\/?s={search_term_string}\"},\"query-input\":{\"@type\":\"PropertyValueSpecification\",\"valueRequired\":true,\"valueName\":\"search_term_string\"}}],\"inLanguage\":\"fr-FR\"},{\"@type\":\"Organization\",\"@id\":\"https:\/\/gaiapoleeurope.com\/fr\/#organization\",\"name\":\"Gaia Pole\",\"url\":\"https:\/\/gaiapoleeurope.com\/fr\/\",\"logo\":{\"@type\":\"ImageObject\",\"inLanguage\":\"fr-FR\",\"@id\":\"https:\/\/gaiapoleeurope.com\/fr\/#\/schema\/logo\/image\/\",\"url\":\"https:\/\/gaiapoleeurope.com\/wp-content\/uploads\/2024\/08\/gaia-logo.svg\",\"contentUrl\":\"https:\/\/gaiapoleeurope.com\/wp-content\/uploads\/2024\/08\/gaia-logo.svg\",\"width\":423,\"height\":170,\"caption\":\"Gaia Pole\"},\"image\":{\"@id\":\"https:\/\/gaiapoleeurope.com\/fr\/#\/schema\/logo\/image\/\"},\"sameAs\":[\"https:\/\/www.facebook.com\/gaiapolefitness\"]}]}<\/script>\n<!-- \/ Yoast SEO plugin. -->","yoast_head_json":{"title":"CARRY-ON HARD CASE - Gaia Pole","description":"La Valise Rigide de Transport est l\u2019accessoire parfait pour toute personne poss\u00e9dant n\u2019importe quel mod\u00e8le de barre portable Gaia Pole et souhaitant pr\u00e9server l\u2019int\u00e9grit\u00e9 de son \u00e9quipement.","robots":{"index":"index","follow":"follow","max-snippet":"max-snippet:-1","max-image-preview":"max-image-preview:large","max-video-preview":"max-video-preview:-1"},"canonical":"https:\/\/gaiapoleeurope.com\/fr\/accessoires\/carry-on-hard-case\/","og_locale":"fr_FR","og_type":"article","og_title":"CARRY-ON HARD CASE - Gaia Pole","og_description":"La Valise Rigide de Transport est l\u2019accessoire parfait pour toute personne poss\u00e9dant n\u2019importe quel mod\u00e8le de barre portable Gaia Pole et souhaitant pr\u00e9server l\u2019int\u00e9grit\u00e9 de son \u00e9quipement.","og_url":"https:\/\/gaiapoleeurope.com\/fr\/accessoires\/carry-on-hard-case\/","og_site_name":"Gaia Pole","article_publisher":"https:\/\/www.facebook.com\/gaiapolefitness","article_modified_time":"2025-09-11T05:48:22+00:00","og_image":[{"width":1080,"height":1080,"url":"https:\/\/gaiapoleeurope.com\/wp-content\/uploads\/2025\/06\/capa-estojo-para-transporte.jpg","type":"image\/jpeg"}],"twitter_card":"summary_large_image","schema":{"@context":"https:\/\/schema.org","@graph":[{"@type":"WebPage","@id":"https:\/\/gaiapoleeurope.com\/fr\/accessoires\/carry-on-hard-case\/","url":"https:\/\/gaiapoleeurope.com\/fr\/accessoires\/carry-on-hard-case\/","name":"CARRY-ON HARD CASE - Gaia Pole","isPartOf":{"@id":"https:\/\/gaiapoleeurope.com\/fr\/#website"},"primaryImageOfPage":{"@id":"https:\/\/gaiapoleeurope.com\/fr\/accessoires\/carry-on-hard-case\/#primaryimage"},"image":{"@id":"https:\/\/gaiapoleeurope.com\/fr\/accessoires\/carry-on-hard-case\/#primaryimage"},"thumbnailUrl":"https:\/\/gaiapoleeurope.com\/wp-content\/uploads\/2025\/06\/capa-estojo-para-transporte.jpg","datePublished":"2024-07-11T11:43:08+00:00","dateModified":"2025-09-11T05:48:22+00:00","description":"La Valise Rigide de Transport est l\u2019accessoire parfait pour toute personne poss\u00e9dant n\u2019importe quel mod\u00e8le de barre portable Gaia Pole et souhaitant pr\u00e9server l\u2019int\u00e9grit\u00e9 de son \u00e9quipement.","breadcrumb":{"@id":"https:\/\/gaiapoleeurope.com\/fr\/accessoires\/carry-on-hard-case\/#breadcrumb"},"inLanguage":"fr-FR","potentialAction":[{"@type":"ReadAction","target":["https:\/\/gaiapoleeurope.com\/fr\/accessoires\/carry-on-hard-case\/"]}]},{"@type":"ImageObject","inLanguage":"fr-FR","@id":"https:\/\/gaiapoleeurope.com\/fr\/accessoires\/carry-on-hard-case\/#primaryimage","url":"https:\/\/gaiapoleeurope.com\/wp-content\/uploads\/2025\/06\/capa-estojo-para-transporte.jpg","contentUrl":"https:\/\/gaiapoleeurope.com\/wp-content\/uploads\/2025\/06\/capa-estojo-para-transporte.jpg","width":1080,"height":1080},{"@type":"BreadcrumbList","@id":"https:\/\/gaiapoleeurope.com\/fr\/accessoires\/carry-on-hard-case\/#breadcrumb","itemListElement":[{"@type":"ListItem","position":1,"name":"Home","item":"https:\/\/gaiapoleeurope.com\/fr\/"},{"@type":"ListItem","position":2,"name":"Boutique","item":"https:\/\/gaiapoleeurope.com\/fr\/boutique\/"},{"@type":"ListItem","position":3,"name":"Accessoires","item":"https:\/\/gaiapoleeurope.com\/fr\/accessoires\/"},{"@type":"ListItem","position":4,"name":"CARRY-ON HARD CASE"}]},{"@type":"WebSite","@id":"https:\/\/gaiapoleeurope.com\/fr\/#website","url":"https:\/\/gaiapoleeurope.com\/fr\/","name":"Gaia Pole","description":"","publisher":{"@id":"https:\/\/gaiapoleeurope.com\/fr\/#organization"},"potentialAction":[{"@type":"SearchAction","target":{"@type":"EntryPoint","urlTemplate":"https:\/\/gaiapoleeurope.com\/fr\/?s={search_term_string}"},"query-input":{"@type":"PropertyValueSpecification","valueRequired":true,"valueName":"search_term_string"}}],"inLanguage":"fr-FR"},{"@type":"Organization","@id":"https:\/\/gaiapoleeurope.com\/fr\/#organization","name":"Gaia Pole","url":"https:\/\/gaiapoleeurope.com\/fr\/","logo":{"@type":"ImageObject","inLanguage":"fr-FR","@id":"https:\/\/gaiapoleeurope.com\/fr\/#\/schema\/logo\/image\/","url":"https:\/\/gaiapoleeurope.com\/wp-content\/uploads\/2024\/08\/gaia-logo.svg","contentUrl":"https:\/\/gaiapoleeurope.com\/wp-content\/uploads\/2024\/08\/gaia-logo.svg","width":423,"height":170,"caption":"Gaia Pole"},"image":{"@id":"https:\/\/gaiapoleeurope.com\/fr\/#\/schema\/logo\/image\/"},"sameAs":["https:\/\/www.facebook.com\/gaiapolefitness"]}]}},"_links":{"self":[{"href":"https:\/\/gaiapoleeurope.com\/fr\/wp-json\/wp\/v2\/product\/62662","targetHints":{"allow":["GET"]}}],"collection":[{"href":"https:\/\/gaiapoleeurope.com\/fr\/wp-json\/wp\/v2\/product"}],"about":[{"href":"https:\/\/gaiapoleeurope.com\/fr\/wp-json\/wp\/v2\/types\/product"}],"replies":[{"embeddable":true,"href":"https:\/\/gaiapoleeurope.com\/fr\/wp-json\/wp\/v2\/comments?post=62662"}],"wp:featuredmedia":[{"embeddable":true,"href":"https:\/\/gaiapoleeurope.com\/fr\/wp-json\/wp\/v2\/media\/62091"}],"wp:attachment":[{"href":"https:\/\/gaiapoleeurope.com\/fr\/wp-json\/wp\/v2\/media?parent=62662"}],"wp:term":[{"taxonomy":"filtro","embeddable":true,"href":"https:\/\/gaiapoleeurope.com\/fr\/wp-json\/wp\/v2\/filtro?post=62662"},{"taxonomy":"product_brand","embeddable":true,"href":"https:\/\/gaiapoleeurope.com\/fr\/wp-json\/wp\/v2\/product_brand?post=62662"},{"taxonomy":"product_cat","embeddable":true,"href":"https:\/\/gaiapoleeurope.com\/fr\/wp-json\/wp\/v2\/product_cat?post=62662"},{"taxonomy":"product_tag","embeddable":true,"href":"https:\/\/gaiapoleeurope.com\/fr\/wp-json\/wp\/v2\/product_tag?post=62662"}],"curies":[{"name":"wp","href":"https:\/\/api.w.org\/{rel}","templated":true}]}}