{"id":62657,"date":"2024-07-11T08:44:52","date_gmt":"2024-07-11T11:44:52","guid":{"rendered":"https:\/\/dev.gaiapole.com\/non%20class\u00e9\/support-plafond-aerien\/"},"modified":"2025-09-11T05:51:55","modified_gmt":"2025-09-11T05:51:55","slug":"aerial-ceiling-mount","status":"publish","type":"product","link":"https:\/\/gaiapoleeurope.com\/fr\/structures-et-supports\/aerial-ceiling-mount\/","title":{"rendered":"AERIAL CEILING MOUNT"},"content":{"rendered":"<p>Le SUPPORT PLAFOND A\u00c9RIEN est parfait pour garantir une s\u00e9curit\u00e9 totale lors de la fixation d\u2019\u00e9quipements a\u00e9riens tels que le Flying Pole, le tissu acrobatique, le cerceau a\u00e9rien, la soie et bien d\u2019autres.<\/p>\n","protected":false},"excerpt":{"rendered":"<p>Le SUPPORT PLAFOND A\u00c9RIEN est parfait pour garantir une s\u00e9curit\u00e9 totale lors de la fixation d\u2019\u00e9quipements a\u00e9riens tels que le Flying Pole, le tissu acrobatique, le cerceau a\u00e9rien, la soie et bien d\u2019autres.<\/p>\n","protected":false},"featured_media":62099,"comment_status":"open","ping_status":"closed","template":"","meta":{"_acf_changed":false},"filtro":[],"product_brand":[],"product_cat":[1326],"product_tag":[1321,1331,1329,1328,1330],"class_list":{"0":"post-62657","1":"product","2":"type-product","3":"status-publish","4":"has-post-thumbnail","6":"product_cat-structures-et-supports","7":"product_tag-aerien","8":"product_tag-bungee-fr","9":"product_tag-support-fr","10":"product_tag-tissu","11":"product_tag-trapeze-fr","12":"product_shipping_class-melhor-envio-fr","14":"first","15":"instock","16":"taxable","17":"shipping-taxable","18":"purchasable","19":"product-type-variable","20":"add-to-wishlist-before_image"},"acf":[],"yoast_head":"<!-- This site is optimized with the Yoast SEO plugin v26.1.1 - https:\/\/yoast.com\/wordpress\/plugins\/seo\/ -->\n<title>AERIAL CEILING MOUNT - Gaia Pole<\/title>\n<meta name=\"description\" content=\"Le SUPPORT PLAFOND A\u00c9RIEN est parfait pour garantir une s\u00e9curit\u00e9 totale lors de la fixation d\u2019\u00e9quipements a\u00e9riens tels que le Flying Pole, le tissu acrobatique, le cerceau a\u00e9rien.\" \/>\n<meta name=\"robots\" content=\"index, follow, max-snippet:-1, max-image-preview:large, max-video-preview:-1\" \/>\n<link rel=\"canonical\" href=\"https:\/\/gaiapoleeurope.com\/fr\/structures-et-supports\/aerial-ceiling-mount\/\" \/>\n<meta property=\"og:locale\" content=\"fr_FR\" \/>\n<meta property=\"og:type\" content=\"article\" \/>\n<meta property=\"og:title\" content=\"AERIAL CEILING MOUNT - Gaia Pole\" \/>\n<meta property=\"og:description\" content=\"Le SUPPORT PLAFOND A\u00c9RIEN est parfait pour garantir une s\u00e9curit\u00e9 totale lors de la fixation d\u2019\u00e9quipements a\u00e9riens tels que le Flying Pole, le tissu acrobatique, le cerceau a\u00e9rien.\" \/>\n<meta property=\"og:url\" content=\"https:\/\/gaiapoleeurope.com\/fr\/structures-et-supports\/aerial-ceiling-mount\/\" \/>\n<meta property=\"og:site_name\" content=\"Gaia Pole\" \/>\n<meta property=\"article:publisher\" content=\"https:\/\/www.facebook.com\/gaiapolefitness\" \/>\n<meta property=\"article:modified_time\" content=\"2025-09-11T05:51:55+00:00\" \/>\n<meta property=\"og:image\" content=\"https:\/\/gaiapoleeurope.com\/wp-content\/uploads\/2025\/06\/capa-suporte-para-teto-e-aereos.jpg\" \/>\n\t<meta property=\"og:image:width\" content=\"1080\" \/>\n\t<meta property=\"og:image:height\" content=\"1080\" \/>\n\t<meta property=\"og:image:type\" content=\"image\/jpeg\" \/>\n<meta name=\"twitter:card\" content=\"summary_large_image\" \/>\n<script type=\"application\/ld+json\" class=\"yoast-schema-graph\">{\"@context\":\"https:\/\/schema.org\",\"@graph\":[{\"@type\":\"WebPage\",\"@id\":\"https:\/\/gaiapoleeurope.com\/fr\/structures-et-supports\/aerial-ceiling-mount\/\",\"url\":\"https:\/\/gaiapoleeurope.com\/fr\/structures-et-supports\/aerial-ceiling-mount\/\",\"name\":\"AERIAL CEILING MOUNT - Gaia Pole\",\"isPartOf\":{\"@id\":\"https:\/\/gaiapoleeurope.com\/fr\/#website\"},\"primaryImageOfPage\":{\"@id\":\"https:\/\/gaiapoleeurope.com\/fr\/structures-et-supports\/aerial-ceiling-mount\/#primaryimage\"},\"image\":{\"@id\":\"https:\/\/gaiapoleeurope.com\/fr\/structures-et-supports\/aerial-ceiling-mount\/#primaryimage\"},\"thumbnailUrl\":\"https:\/\/gaiapoleeurope.com\/wp-content\/uploads\/2025\/06\/capa-suporte-para-teto-e-aereos.jpg\",\"datePublished\":\"2024-07-11T11:44:52+00:00\",\"dateModified\":\"2025-09-11T05:51:55+00:00\",\"description\":\"Le SUPPORT PLAFOND A\u00c9RIEN est parfait pour garantir une s\u00e9curit\u00e9 totale lors de la fixation d\u2019\u00e9quipements a\u00e9riens tels que le Flying Pole, le tissu acrobatique, le cerceau a\u00e9rien.\",\"breadcrumb\":{\"@id\":\"https:\/\/gaiapoleeurope.com\/fr\/structures-et-supports\/aerial-ceiling-mount\/#breadcrumb\"},\"inLanguage\":\"fr-FR\",\"potentialAction\":[{\"@type\":\"ReadAction\",\"target\":[\"https:\/\/gaiapoleeurope.com\/fr\/structures-et-supports\/aerial-ceiling-mount\/\"]}]},{\"@type\":\"ImageObject\",\"inLanguage\":\"fr-FR\",\"@id\":\"https:\/\/gaiapoleeurope.com\/fr\/structures-et-supports\/aerial-ceiling-mount\/#primaryimage\",\"url\":\"https:\/\/gaiapoleeurope.com\/wp-content\/uploads\/2025\/06\/capa-suporte-para-teto-e-aereos.jpg\",\"contentUrl\":\"https:\/\/gaiapoleeurope.com\/wp-content\/uploads\/2025\/06\/capa-suporte-para-teto-e-aereos.jpg\",\"width\":1080,\"height\":1080},{\"@type\":\"BreadcrumbList\",\"@id\":\"https:\/\/gaiapoleeurope.com\/fr\/structures-et-supports\/aerial-ceiling-mount\/#breadcrumb\",\"itemListElement\":[{\"@type\":\"ListItem\",\"position\":1,\"name\":\"Home\",\"item\":\"https:\/\/gaiapoleeurope.com\/fr\/\"},{\"@type\":\"ListItem\",\"position\":2,\"name\":\"Boutique\",\"item\":\"https:\/\/gaiapoleeurope.com\/fr\/boutique\/\"},{\"@type\":\"ListItem\",\"position\":3,\"name\":\"Structures et Supports\",\"item\":\"https:\/\/gaiapoleeurope.com\/fr\/structures-et-supports\/\"},{\"@type\":\"ListItem\",\"position\":4,\"name\":\"AERIAL CEILING MOUNT\"}]},{\"@type\":\"WebSite\",\"@id\":\"https:\/\/gaiapoleeurope.com\/fr\/#website\",\"url\":\"https:\/\/gaiapoleeurope.com\/fr\/\",\"name\":\"Gaia Pole\",\"description\":\"\",\"publisher\":{\"@id\":\"https:\/\/gaiapoleeurope.com\/fr\/#organization\"},\"potentialAction\":[{\"@type\":\"SearchAction\",\"target\":{\"@type\":\"EntryPoint\",\"urlTemplate\":\"https:\/\/gaiapoleeurope.com\/fr\/?s={search_term_string}\"},\"query-input\":{\"@type\":\"PropertyValueSpecification\",\"valueRequired\":true,\"valueName\":\"search_term_string\"}}],\"inLanguage\":\"fr-FR\"},{\"@type\":\"Organization\",\"@id\":\"https:\/\/gaiapoleeurope.com\/fr\/#organization\",\"name\":\"Gaia Pole\",\"url\":\"https:\/\/gaiapoleeurope.com\/fr\/\",\"logo\":{\"@type\":\"ImageObject\",\"inLanguage\":\"fr-FR\",\"@id\":\"https:\/\/gaiapoleeurope.com\/fr\/#\/schema\/logo\/image\/\",\"url\":\"https:\/\/gaiapoleeurope.com\/wp-content\/uploads\/2024\/08\/gaia-logo.svg\",\"contentUrl\":\"https:\/\/gaiapoleeurope.com\/wp-content\/uploads\/2024\/08\/gaia-logo.svg\",\"width\":423,\"height\":170,\"caption\":\"Gaia Pole\"},\"image\":{\"@id\":\"https:\/\/gaiapoleeurope.com\/fr\/#\/schema\/logo\/image\/\"},\"sameAs\":[\"https:\/\/www.facebook.com\/gaiapolefitness\"]}]}<\/script>\n<!-- \/ Yoast SEO plugin. -->","yoast_head_json":{"title":"AERIAL CEILING MOUNT - Gaia Pole","description":"Le SUPPORT PLAFOND A\u00c9RIEN est parfait pour garantir une s\u00e9curit\u00e9 totale lors de la fixation d\u2019\u00e9quipements a\u00e9riens tels que le Flying Pole, le tissu acrobatique, le cerceau a\u00e9rien.","robots":{"index":"index","follow":"follow","max-snippet":"max-snippet:-1","max-image-preview":"max-image-preview:large","max-video-preview":"max-video-preview:-1"},"canonical":"https:\/\/gaiapoleeurope.com\/fr\/structures-et-supports\/aerial-ceiling-mount\/","og_locale":"fr_FR","og_type":"article","og_title":"AERIAL CEILING MOUNT - Gaia Pole","og_description":"Le SUPPORT PLAFOND A\u00c9RIEN est parfait pour garantir une s\u00e9curit\u00e9 totale lors de la fixation d\u2019\u00e9quipements a\u00e9riens tels que le Flying Pole, le tissu acrobatique, le cerceau a\u00e9rien.","og_url":"https:\/\/gaiapoleeurope.com\/fr\/structures-et-supports\/aerial-ceiling-mount\/","og_site_name":"Gaia Pole","article_publisher":"https:\/\/www.facebook.com\/gaiapolefitness","article_modified_time":"2025-09-11T05:51:55+00:00","og_image":[{"width":1080,"height":1080,"url":"https:\/\/gaiapoleeurope.com\/wp-content\/uploads\/2025\/06\/capa-suporte-para-teto-e-aereos.jpg","type":"image\/jpeg"}],"twitter_card":"summary_large_image","schema":{"@context":"https:\/\/schema.org","@graph":[{"@type":"WebPage","@id":"https:\/\/gaiapoleeurope.com\/fr\/structures-et-supports\/aerial-ceiling-mount\/","url":"https:\/\/gaiapoleeurope.com\/fr\/structures-et-supports\/aerial-ceiling-mount\/","name":"AERIAL CEILING MOUNT - Gaia Pole","isPartOf":{"@id":"https:\/\/gaiapoleeurope.com\/fr\/#website"},"primaryImageOfPage":{"@id":"https:\/\/gaiapoleeurope.com\/fr\/structures-et-supports\/aerial-ceiling-mount\/#primaryimage"},"image":{"@id":"https:\/\/gaiapoleeurope.com\/fr\/structures-et-supports\/aerial-ceiling-mount\/#primaryimage"},"thumbnailUrl":"https:\/\/gaiapoleeurope.com\/wp-content\/uploads\/2025\/06\/capa-suporte-para-teto-e-aereos.jpg","datePublished":"2024-07-11T11:44:52+00:00","dateModified":"2025-09-11T05:51:55+00:00","description":"Le SUPPORT PLAFOND A\u00c9RIEN est parfait pour garantir une s\u00e9curit\u00e9 totale lors de la fixation d\u2019\u00e9quipements a\u00e9riens tels que le Flying Pole, le tissu acrobatique, le cerceau a\u00e9rien.","breadcrumb":{"@id":"https:\/\/gaiapoleeurope.com\/fr\/structures-et-supports\/aerial-ceiling-mount\/#breadcrumb"},"inLanguage":"fr-FR","potentialAction":[{"@type":"ReadAction","target":["https:\/\/gaiapoleeurope.com\/fr\/structures-et-supports\/aerial-ceiling-mount\/"]}]},{"@type":"ImageObject","inLanguage":"fr-FR","@id":"https:\/\/gaiapoleeurope.com\/fr\/structures-et-supports\/aerial-ceiling-mount\/#primaryimage","url":"https:\/\/gaiapoleeurope.com\/wp-content\/uploads\/2025\/06\/capa-suporte-para-teto-e-aereos.jpg","contentUrl":"https:\/\/gaiapoleeurope.com\/wp-content\/uploads\/2025\/06\/capa-suporte-para-teto-e-aereos.jpg","width":1080,"height":1080},{"@type":"BreadcrumbList","@id":"https:\/\/gaiapoleeurope.com\/fr\/structures-et-supports\/aerial-ceiling-mount\/#breadcrumb","itemListElement":[{"@type":"ListItem","position":1,"name":"Home","item":"https:\/\/gaiapoleeurope.com\/fr\/"},{"@type":"ListItem","position":2,"name":"Boutique","item":"https:\/\/gaiapoleeurope.com\/fr\/boutique\/"},{"@type":"ListItem","position":3,"name":"Structures et Supports","item":"https:\/\/gaiapoleeurope.com\/fr\/structures-et-supports\/"},{"@type":"ListItem","position":4,"name":"AERIAL CEILING MOUNT"}]},{"@type":"WebSite","@id":"https:\/\/gaiapoleeurope.com\/fr\/#website","url":"https:\/\/gaiapoleeurope.com\/fr\/","name":"Gaia Pole","description":"","publisher":{"@id":"https:\/\/gaiapoleeurope.com\/fr\/#organization"},"potentialAction":[{"@type":"SearchAction","target":{"@type":"EntryPoint","urlTemplate":"https:\/\/gaiapoleeurope.com\/fr\/?s={search_term_string}"},"query-input":{"@type":"PropertyValueSpecification","valueRequired":true,"valueName":"search_term_string"}}],"inLanguage":"fr-FR"},{"@type":"Organization","@id":"https:\/\/gaiapoleeurope.com\/fr\/#organization","name":"Gaia Pole","url":"https:\/\/gaiapoleeurope.com\/fr\/","logo":{"@type":"ImageObject","inLanguage":"fr-FR","@id":"https:\/\/gaiapoleeurope.com\/fr\/#\/schema\/logo\/image\/","url":"https:\/\/gaiapoleeurope.com\/wp-content\/uploads\/2024\/08\/gaia-logo.svg","contentUrl":"https:\/\/gaiapoleeurope.com\/wp-content\/uploads\/2024\/08\/gaia-logo.svg","width":423,"height":170,"caption":"Gaia Pole"},"image":{"@id":"https:\/\/gaiapoleeurope.com\/fr\/#\/schema\/logo\/image\/"},"sameAs":["https:\/\/www.facebook.com\/gaiapolefitness"]}]}},"_links":{"self":[{"href":"https:\/\/gaiapoleeurope.com\/fr\/wp-json\/wp\/v2\/product\/62657","targetHints":{"allow":["GET"]}}],"collection":[{"href":"https:\/\/gaiapoleeurope.com\/fr\/wp-json\/wp\/v2\/product"}],"about":[{"href":"https:\/\/gaiapoleeurope.com\/fr\/wp-json\/wp\/v2\/types\/product"}],"replies":[{"embeddable":true,"href":"https:\/\/gaiapoleeurope.com\/fr\/wp-json\/wp\/v2\/comments?post=62657"}],"wp:featuredmedia":[{"embeddable":true,"href":"https:\/\/gaiapoleeurope.com\/fr\/wp-json\/wp\/v2\/media\/62099"}],"wp:attachment":[{"href":"https:\/\/gaiapoleeurope.com\/fr\/wp-json\/wp\/v2\/media?parent=62657"}],"wp:term":[{"taxonomy":"filtro","embeddable":true,"href":"https:\/\/gaiapoleeurope.com\/fr\/wp-json\/wp\/v2\/filtro?post=62657"},{"taxonomy":"product_brand","embeddable":true,"href":"https:\/\/gaiapoleeurope.com\/fr\/wp-json\/wp\/v2\/product_brand?post=62657"},{"taxonomy":"product_cat","embeddable":true,"href":"https:\/\/gaiapoleeurope.com\/fr\/wp-json\/wp\/v2\/product_cat?post=62657"},{"taxonomy":"product_tag","embeddable":true,"href":"https:\/\/gaiapoleeurope.com\/fr\/wp-json\/wp\/v2\/product_tag?post=62657"}],"curies":[{"name":"wp","href":"https:\/\/api.w.org\/{rel}","templated":true}]}}