{"id":62654,"date":"2024-08-07T11:12:43","date_gmt":"2024-08-07T14:12:43","guid":{"rendered":"https:\/\/dev.gaiapole.com\/non%20class\u00e9\/barre-statique-amovible\/"},"modified":"2025-10-31T11:26:06","modified_gmt":"2025-10-31T11:26:06","slug":"static-removable-pole","status":"publish","type":"product","link":"https:\/\/gaiapoleeurope.com\/fr\/barres\/static-removable-pole\/","title":{"rendered":"STATIC REMOVABLE POLE"},"content":{"rendered":"<p>La barre statique amovible est parfaite pour celles et ceux qui d\u00e9butent dans le sport et souhaitent y aller en douceur. Mont\u00e9e par pression et fabriqu\u00e9e sur mesure selon la hauteur souhait\u00e9e, cette barre en acier inoxydable en 2 parties dispose uniquement de la fonction statique, mais elle peut \u00eatre mise \u00e0 niveau en spinning plus tard en rempla\u00e7ant simplement la pi\u00e8ce inf\u00e9rieure \u2014 elle \u00e9volue avec vous ! <\/p>\n","protected":false},"excerpt":{"rendered":"<p>La barre statique amovible est parfaite pour celles et ceux qui d\u00e9butent dans le sport et souhaitent y aller en douceur. Mont\u00e9e par pression et fabriqu\u00e9e sur mesure selon la hauteur souhait\u00e9e, cette barre en acier inoxydable en 2 parties dispose uniquement de la fonction statique, mais elle peut \u00eatre mise \u00e0 niveau en spinning [&hellip;]<\/p>\n","protected":false},"featured_media":62151,"comment_status":"open","ping_status":"closed","template":"","meta":{"_acf_changed":false},"filtro":[1164,1161,1432,2076,1149,1168,1411,1155],"product_brand":[],"product_cat":[1078],"product_tag":[],"class_list":{"0":"post-62654","1":"product","2":"type-product","3":"status-publish","4":"has-post-thumbnail","6":"filtro-acier-inoxydable","7":"filtro-avec-echelle","8":"filtro-barre-statique-amovible","9":"filtro-brass-golden-fr","10":"filtro-montage-par-pression","11":"filtro-revetement-en-caoutchouc","12":"filtro-statique-uniquement","13":"filtro-sur-mesure","14":"product_cat-barres","15":"product_shipping_class-equipements","17":"first","18":"instock","19":"taxable","20":"shipping-taxable","21":"purchasable","22":"product-type-variable","23":"add-to-wishlist-before_image"},"acf":[],"yoast_head":"<!-- This site is optimized with the Yoast SEO plugin v26.1.1 - https:\/\/yoast.com\/wordpress\/plugins\/seo\/ -->\n<title>STATIC REMOVABLE POLE - Gaia Pole<\/title>\n<meta name=\"description\" content=\"La barre statique amovible est parfaite pour celles et ceux qui d\u00e9butent dans le sport et souhaitent y aller en douceur\" \/>\n<meta name=\"robots\" content=\"index, follow, max-snippet:-1, max-image-preview:large, max-video-preview:-1\" \/>\n<link rel=\"canonical\" href=\"https:\/\/gaiapoleeurope.com\/fr\/barres\/static-removable-pole\/\" \/>\n<meta property=\"og:locale\" content=\"fr_FR\" \/>\n<meta property=\"og:type\" content=\"article\" \/>\n<meta property=\"og:title\" content=\"STATIC REMOVABLE POLE - Gaia Pole\" \/>\n<meta property=\"og:description\" content=\"La barre statique amovible est parfaite pour celles et ceux qui d\u00e9butent dans le sport et souhaitent y aller en douceur\" \/>\n<meta property=\"og:url\" content=\"https:\/\/gaiapoleeurope.com\/fr\/barres\/static-removable-pole\/\" \/>\n<meta property=\"og:site_name\" content=\"Gaia Pole\" \/>\n<meta property=\"article:publisher\" content=\"https:\/\/www.facebook.com\/gaiapolefitness\" \/>\n<meta property=\"article:modified_time\" content=\"2025-10-31T11:26:06+00:00\" \/>\n<meta property=\"og:image\" content=\"https:\/\/gaiapoleeurope.com\/wp-content\/uploads\/2025\/06\/capa-removivel-estatico.jpg\" \/>\n\t<meta property=\"og:image:width\" content=\"1080\" \/>\n\t<meta property=\"og:image:height\" content=\"1080\" \/>\n\t<meta property=\"og:image:type\" content=\"image\/jpeg\" \/>\n<meta name=\"twitter:card\" content=\"summary_large_image\" \/>\n<script type=\"application\/ld+json\" class=\"yoast-schema-graph\">{\"@context\":\"https:\/\/schema.org\",\"@graph\":[{\"@type\":\"WebPage\",\"@id\":\"https:\/\/gaiapoleeurope.com\/fr\/barres\/static-removable-pole\/\",\"url\":\"https:\/\/gaiapoleeurope.com\/fr\/barres\/static-removable-pole\/\",\"name\":\"STATIC REMOVABLE POLE - Gaia Pole\",\"isPartOf\":{\"@id\":\"https:\/\/gaiapoleeurope.com\/fr\/#website\"},\"primaryImageOfPage\":{\"@id\":\"https:\/\/gaiapoleeurope.com\/fr\/barres\/static-removable-pole\/#primaryimage\"},\"image\":{\"@id\":\"https:\/\/gaiapoleeurope.com\/fr\/barres\/static-removable-pole\/#primaryimage\"},\"thumbnailUrl\":\"https:\/\/gaiapoleeurope.com\/wp-content\/uploads\/2025\/06\/capa-removivel-estatico.jpg\",\"datePublished\":\"2024-08-07T14:12:43+00:00\",\"dateModified\":\"2025-10-31T11:26:06+00:00\",\"description\":\"La barre statique amovible est parfaite pour celles et ceux qui d\u00e9butent dans le sport et souhaitent y aller en douceur\",\"breadcrumb\":{\"@id\":\"https:\/\/gaiapoleeurope.com\/fr\/barres\/static-removable-pole\/#breadcrumb\"},\"inLanguage\":\"fr-FR\",\"potentialAction\":[{\"@type\":\"ReadAction\",\"target\":[\"https:\/\/gaiapoleeurope.com\/fr\/barres\/static-removable-pole\/\"]}]},{\"@type\":\"ImageObject\",\"inLanguage\":\"fr-FR\",\"@id\":\"https:\/\/gaiapoleeurope.com\/fr\/barres\/static-removable-pole\/#primaryimage\",\"url\":\"https:\/\/gaiapoleeurope.com\/wp-content\/uploads\/2025\/06\/capa-removivel-estatico.jpg\",\"contentUrl\":\"https:\/\/gaiapoleeurope.com\/wp-content\/uploads\/2025\/06\/capa-removivel-estatico.jpg\",\"width\":1080,\"height\":1080},{\"@type\":\"BreadcrumbList\",\"@id\":\"https:\/\/gaiapoleeurope.com\/fr\/barres\/static-removable-pole\/#breadcrumb\",\"itemListElement\":[{\"@type\":\"ListItem\",\"position\":1,\"name\":\"Home\",\"item\":\"https:\/\/gaiapoleeurope.com\/fr\/\"},{\"@type\":\"ListItem\",\"position\":2,\"name\":\"Boutique\",\"item\":\"https:\/\/gaiapoleeurope.com\/fr\/boutique\/\"},{\"@type\":\"ListItem\",\"position\":3,\"name\":\"Barres\",\"item\":\"https:\/\/gaiapoleeurope.com\/fr\/barres\/\"},{\"@type\":\"ListItem\",\"position\":4,\"name\":\"STATIC REMOVABLE POLE\"}]},{\"@type\":\"WebSite\",\"@id\":\"https:\/\/gaiapoleeurope.com\/fr\/#website\",\"url\":\"https:\/\/gaiapoleeurope.com\/fr\/\",\"name\":\"Gaia Pole\",\"description\":\"\",\"publisher\":{\"@id\":\"https:\/\/gaiapoleeurope.com\/fr\/#organization\"},\"potentialAction\":[{\"@type\":\"SearchAction\",\"target\":{\"@type\":\"EntryPoint\",\"urlTemplate\":\"https:\/\/gaiapoleeurope.com\/fr\/?s={search_term_string}\"},\"query-input\":{\"@type\":\"PropertyValueSpecification\",\"valueRequired\":true,\"valueName\":\"search_term_string\"}}],\"inLanguage\":\"fr-FR\"},{\"@type\":\"Organization\",\"@id\":\"https:\/\/gaiapoleeurope.com\/fr\/#organization\",\"name\":\"Gaia Pole\",\"url\":\"https:\/\/gaiapoleeurope.com\/fr\/\",\"logo\":{\"@type\":\"ImageObject\",\"inLanguage\":\"fr-FR\",\"@id\":\"https:\/\/gaiapoleeurope.com\/fr\/#\/schema\/logo\/image\/\",\"url\":\"https:\/\/gaiapoleeurope.com\/wp-content\/uploads\/2024\/08\/gaia-logo.svg\",\"contentUrl\":\"https:\/\/gaiapoleeurope.com\/wp-content\/uploads\/2024\/08\/gaia-logo.svg\",\"width\":423,\"height\":170,\"caption\":\"Gaia Pole\"},\"image\":{\"@id\":\"https:\/\/gaiapoleeurope.com\/fr\/#\/schema\/logo\/image\/\"},\"sameAs\":[\"https:\/\/www.facebook.com\/gaiapolefitness\"]}]}<\/script>\n<!-- \/ Yoast SEO plugin. -->","yoast_head_json":{"title":"STATIC REMOVABLE POLE - Gaia Pole","description":"La barre statique amovible est parfaite pour celles et ceux qui d\u00e9butent dans le sport et souhaitent y aller en douceur","robots":{"index":"index","follow":"follow","max-snippet":"max-snippet:-1","max-image-preview":"max-image-preview:large","max-video-preview":"max-video-preview:-1"},"canonical":"https:\/\/gaiapoleeurope.com\/fr\/barres\/static-removable-pole\/","og_locale":"fr_FR","og_type":"article","og_title":"STATIC REMOVABLE POLE - Gaia Pole","og_description":"La barre statique amovible est parfaite pour celles et ceux qui d\u00e9butent dans le sport et souhaitent y aller en douceur","og_url":"https:\/\/gaiapoleeurope.com\/fr\/barres\/static-removable-pole\/","og_site_name":"Gaia Pole","article_publisher":"https:\/\/www.facebook.com\/gaiapolefitness","article_modified_time":"2025-10-31T11:26:06+00:00","og_image":[{"width":1080,"height":1080,"url":"https:\/\/gaiapoleeurope.com\/wp-content\/uploads\/2025\/06\/capa-removivel-estatico.jpg","type":"image\/jpeg"}],"twitter_card":"summary_large_image","schema":{"@context":"https:\/\/schema.org","@graph":[{"@type":"WebPage","@id":"https:\/\/gaiapoleeurope.com\/fr\/barres\/static-removable-pole\/","url":"https:\/\/gaiapoleeurope.com\/fr\/barres\/static-removable-pole\/","name":"STATIC REMOVABLE POLE - Gaia Pole","isPartOf":{"@id":"https:\/\/gaiapoleeurope.com\/fr\/#website"},"primaryImageOfPage":{"@id":"https:\/\/gaiapoleeurope.com\/fr\/barres\/static-removable-pole\/#primaryimage"},"image":{"@id":"https:\/\/gaiapoleeurope.com\/fr\/barres\/static-removable-pole\/#primaryimage"},"thumbnailUrl":"https:\/\/gaiapoleeurope.com\/wp-content\/uploads\/2025\/06\/capa-removivel-estatico.jpg","datePublished":"2024-08-07T14:12:43+00:00","dateModified":"2025-10-31T11:26:06+00:00","description":"La barre statique amovible est parfaite pour celles et ceux qui d\u00e9butent dans le sport et souhaitent y aller en douceur","breadcrumb":{"@id":"https:\/\/gaiapoleeurope.com\/fr\/barres\/static-removable-pole\/#breadcrumb"},"inLanguage":"fr-FR","potentialAction":[{"@type":"ReadAction","target":["https:\/\/gaiapoleeurope.com\/fr\/barres\/static-removable-pole\/"]}]},{"@type":"ImageObject","inLanguage":"fr-FR","@id":"https:\/\/gaiapoleeurope.com\/fr\/barres\/static-removable-pole\/#primaryimage","url":"https:\/\/gaiapoleeurope.com\/wp-content\/uploads\/2025\/06\/capa-removivel-estatico.jpg","contentUrl":"https:\/\/gaiapoleeurope.com\/wp-content\/uploads\/2025\/06\/capa-removivel-estatico.jpg","width":1080,"height":1080},{"@type":"BreadcrumbList","@id":"https:\/\/gaiapoleeurope.com\/fr\/barres\/static-removable-pole\/#breadcrumb","itemListElement":[{"@type":"ListItem","position":1,"name":"Home","item":"https:\/\/gaiapoleeurope.com\/fr\/"},{"@type":"ListItem","position":2,"name":"Boutique","item":"https:\/\/gaiapoleeurope.com\/fr\/boutique\/"},{"@type":"ListItem","position":3,"name":"Barres","item":"https:\/\/gaiapoleeurope.com\/fr\/barres\/"},{"@type":"ListItem","position":4,"name":"STATIC REMOVABLE POLE"}]},{"@type":"WebSite","@id":"https:\/\/gaiapoleeurope.com\/fr\/#website","url":"https:\/\/gaiapoleeurope.com\/fr\/","name":"Gaia Pole","description":"","publisher":{"@id":"https:\/\/gaiapoleeurope.com\/fr\/#organization"},"potentialAction":[{"@type":"SearchAction","target":{"@type":"EntryPoint","urlTemplate":"https:\/\/gaiapoleeurope.com\/fr\/?s={search_term_string}"},"query-input":{"@type":"PropertyValueSpecification","valueRequired":true,"valueName":"search_term_string"}}],"inLanguage":"fr-FR"},{"@type":"Organization","@id":"https:\/\/gaiapoleeurope.com\/fr\/#organization","name":"Gaia Pole","url":"https:\/\/gaiapoleeurope.com\/fr\/","logo":{"@type":"ImageObject","inLanguage":"fr-FR","@id":"https:\/\/gaiapoleeurope.com\/fr\/#\/schema\/logo\/image\/","url":"https:\/\/gaiapoleeurope.com\/wp-content\/uploads\/2024\/08\/gaia-logo.svg","contentUrl":"https:\/\/gaiapoleeurope.com\/wp-content\/uploads\/2024\/08\/gaia-logo.svg","width":423,"height":170,"caption":"Gaia Pole"},"image":{"@id":"https:\/\/gaiapoleeurope.com\/fr\/#\/schema\/logo\/image\/"},"sameAs":["https:\/\/www.facebook.com\/gaiapolefitness"]}]}},"_links":{"self":[{"href":"https:\/\/gaiapoleeurope.com\/fr\/wp-json\/wp\/v2\/product\/62654","targetHints":{"allow":["GET"]}}],"collection":[{"href":"https:\/\/gaiapoleeurope.com\/fr\/wp-json\/wp\/v2\/product"}],"about":[{"href":"https:\/\/gaiapoleeurope.com\/fr\/wp-json\/wp\/v2\/types\/product"}],"replies":[{"embeddable":true,"href":"https:\/\/gaiapoleeurope.com\/fr\/wp-json\/wp\/v2\/comments?post=62654"}],"wp:featuredmedia":[{"embeddable":true,"href":"https:\/\/gaiapoleeurope.com\/fr\/wp-json\/wp\/v2\/media\/62151"}],"wp:attachment":[{"href":"https:\/\/gaiapoleeurope.com\/fr\/wp-json\/wp\/v2\/media?parent=62654"}],"wp:term":[{"taxonomy":"filtro","embeddable":true,"href":"https:\/\/gaiapoleeurope.com\/fr\/wp-json\/wp\/v2\/filtro?post=62654"},{"taxonomy":"product_brand","embeddable":true,"href":"https:\/\/gaiapoleeurope.com\/fr\/wp-json\/wp\/v2\/product_brand?post=62654"},{"taxonomy":"product_cat","embeddable":true,"href":"https:\/\/gaiapoleeurope.com\/fr\/wp-json\/wp\/v2\/product_cat?post=62654"},{"taxonomy":"product_tag","embeddable":true,"href":"https:\/\/gaiapoleeurope.com\/fr\/wp-json\/wp\/v2\/product_tag?post=62654"}],"curies":[{"name":"wp","href":"https:\/\/api.w.org\/{rel}","templated":true}]}}