{"id":62616,"date":"2025-01-09T11:33:25","date_gmt":"2025-01-09T11:33:25","guid":{"rendered":"https:\/\/dev.gaiapole.com\/non%20class\u00e9\/portique-aerien-multidiscipline-portable\/"},"modified":"2025-09-11T06:10:14","modified_gmt":"2025-09-11T06:10:14","slug":"portable-multidiscipline-aerial-rig","status":"publish","type":"product","link":"https:\/\/gaiapoleeurope.com\/fr\/aeriennes\/portable-multidiscipline-aerial-rig\/","title":{"rendered":"Portable Multidiscipline Aerial Rig"},"content":{"rendered":"<p>Structure stable et portable de 5 m pour les disciplines a\u00e9riennes, assemblable et d\u00e9montable, aucune fixation requise, facile \u00e0 installer et \u00e0 transporter, convient pour le cerceau a\u00e9rien (lyra), trap\u00e8ze, tissu, voiles et bungee.<\/p>\n","protected":false},"excerpt":{"rendered":"<p>Structure stable et portable de 5 m pour les disciplines a\u00e9riennes, assemblable et d\u00e9montable, aucune fixation requise, facile \u00e0 installer et \u00e0 transporter, convient pour le cerceau a\u00e9rien (lyra), trap\u00e8ze, tissu, voiles et bungee.<\/p>\n","protected":false},"featured_media":62167,"comment_status":"open","ping_status":"closed","template":"","meta":{"_acf_changed":false},"filtro":[1420,1429,1423,1417],"product_brand":[],"product_cat":[1320],"product_tag":[1321,1322,1324,1323],"class_list":{"0":"post-62616","1":"product","2":"type-product","3":"status-publish","4":"has-post-thumbnail","6":"filtro-aerien","7":"filtro-portable-fr","8":"filtro-structure-aerienne","9":"filtro-structure-en-a","10":"product_cat-aeriennes","11":"product_tag-aerien","12":"product_tag-portable-fr","13":"product_tag-portique-aerien","14":"product_tag-structure-fr","16":"first","17":"instock","18":"taxable","19":"shipping-taxable","20":"purchasable","21":"product-type-simple","22":"add-to-wishlist-before_image"},"acf":[],"yoast_head":"<!-- This site is optimized with the Yoast SEO plugin v26.1.1 - https:\/\/yoast.com\/wordpress\/plugins\/seo\/ -->\n<title>Portable Multidiscipline Aerial Rig - Gaia Pole<\/title>\n<meta name=\"description\" content=\"Structure stable et portable de 5 m pour les disciplines a\u00e9riennes, aucune fixation requise, facile \u00e0 installer et \u00e0 transporter, convient pour cerceau a\u00e9rien, trap\u00e8ze et bungee.\" \/>\n<meta name=\"robots\" content=\"index, follow, max-snippet:-1, max-image-preview:large, max-video-preview:-1\" \/>\n<link rel=\"canonical\" href=\"https:\/\/gaiapoleeurope.com\/fr\/aeriennes\/portable-multidiscipline-aerial-rig\/\" \/>\n<meta property=\"og:locale\" content=\"fr_FR\" \/>\n<meta property=\"og:type\" content=\"article\" \/>\n<meta property=\"og:title\" content=\"Portable Multidiscipline Aerial Rig - Gaia Pole\" \/>\n<meta property=\"og:description\" content=\"Structure stable et portable de 5 m pour les disciplines a\u00e9riennes, aucune fixation requise, facile \u00e0 installer et \u00e0 transporter, convient pour cerceau a\u00e9rien, trap\u00e8ze et bungee.\" \/>\n<meta property=\"og:url\" content=\"https:\/\/gaiapoleeurope.com\/fr\/aeriennes\/portable-multidiscipline-aerial-rig\/\" \/>\n<meta property=\"og:site_name\" content=\"Gaia Pole\" \/>\n<meta property=\"article:publisher\" content=\"https:\/\/www.facebook.com\/gaiapolefitness\" \/>\n<meta property=\"article:modified_time\" content=\"2025-09-11T06:10:14+00:00\" \/>\n<meta property=\"og:image\" content=\"https:\/\/gaiapoleeurope.com\/wp-content\/uploads\/2025\/06\/06-1.webp\" \/>\n\t<meta property=\"og:image:width\" content=\"1080\" \/>\n\t<meta property=\"og:image:height\" content=\"1080\" \/>\n\t<meta property=\"og:image:type\" content=\"image\/webp\" \/>\n<meta name=\"twitter:card\" content=\"summary_large_image\" \/>\n<script type=\"application\/ld+json\" class=\"yoast-schema-graph\">{\"@context\":\"https:\/\/schema.org\",\"@graph\":[{\"@type\":\"WebPage\",\"@id\":\"https:\/\/gaiapoleeurope.com\/fr\/aeriennes\/portable-multidiscipline-aerial-rig\/\",\"url\":\"https:\/\/gaiapoleeurope.com\/fr\/aeriennes\/portable-multidiscipline-aerial-rig\/\",\"name\":\"Portable Multidiscipline Aerial Rig - Gaia Pole\",\"isPartOf\":{\"@id\":\"https:\/\/gaiapoleeurope.com\/fr\/#website\"},\"primaryImageOfPage\":{\"@id\":\"https:\/\/gaiapoleeurope.com\/fr\/aeriennes\/portable-multidiscipline-aerial-rig\/#primaryimage\"},\"image\":{\"@id\":\"https:\/\/gaiapoleeurope.com\/fr\/aeriennes\/portable-multidiscipline-aerial-rig\/#primaryimage\"},\"thumbnailUrl\":\"https:\/\/gaiapoleeurope.com\/wp-content\/uploads\/2025\/06\/06-1.webp\",\"datePublished\":\"2025-01-09T11:33:25+00:00\",\"dateModified\":\"2025-09-11T06:10:14+00:00\",\"description\":\"Structure stable et portable de 5 m pour les disciplines a\u00e9riennes, aucune fixation requise, facile \u00e0 installer et \u00e0 transporter, convient pour cerceau a\u00e9rien, trap\u00e8ze et bungee.\",\"breadcrumb\":{\"@id\":\"https:\/\/gaiapoleeurope.com\/fr\/aeriennes\/portable-multidiscipline-aerial-rig\/#breadcrumb\"},\"inLanguage\":\"fr-FR\",\"potentialAction\":[{\"@type\":\"ReadAction\",\"target\":[\"https:\/\/gaiapoleeurope.com\/fr\/aeriennes\/portable-multidiscipline-aerial-rig\/\"]}]},{\"@type\":\"ImageObject\",\"inLanguage\":\"fr-FR\",\"@id\":\"https:\/\/gaiapoleeurope.com\/fr\/aeriennes\/portable-multidiscipline-aerial-rig\/#primaryimage\",\"url\":\"https:\/\/gaiapoleeurope.com\/wp-content\/uploads\/2025\/06\/06-1.webp\",\"contentUrl\":\"https:\/\/gaiapoleeurope.com\/wp-content\/uploads\/2025\/06\/06-1.webp\",\"width\":1080,\"height\":1080},{\"@type\":\"BreadcrumbList\",\"@id\":\"https:\/\/gaiapoleeurope.com\/fr\/aeriennes\/portable-multidiscipline-aerial-rig\/#breadcrumb\",\"itemListElement\":[{\"@type\":\"ListItem\",\"position\":1,\"name\":\"Home\",\"item\":\"https:\/\/gaiapoleeurope.com\/fr\/\"},{\"@type\":\"ListItem\",\"position\":2,\"name\":\"Boutique\",\"item\":\"https:\/\/gaiapoleeurope.com\/fr\/boutique\/\"},{\"@type\":\"ListItem\",\"position\":3,\"name\":\"Activit\u00e9s a\u00e9riennes\",\"item\":\"https:\/\/gaiapoleeurope.com\/fr\/aeriennes\/\"},{\"@type\":\"ListItem\",\"position\":4,\"name\":\"Portable Multidiscipline Aerial Rig\"}]},{\"@type\":\"WebSite\",\"@id\":\"https:\/\/gaiapoleeurope.com\/fr\/#website\",\"url\":\"https:\/\/gaiapoleeurope.com\/fr\/\",\"name\":\"Gaia Pole\",\"description\":\"\",\"publisher\":{\"@id\":\"https:\/\/gaiapoleeurope.com\/fr\/#organization\"},\"potentialAction\":[{\"@type\":\"SearchAction\",\"target\":{\"@type\":\"EntryPoint\",\"urlTemplate\":\"https:\/\/gaiapoleeurope.com\/fr\/?s={search_term_string}\"},\"query-input\":{\"@type\":\"PropertyValueSpecification\",\"valueRequired\":true,\"valueName\":\"search_term_string\"}}],\"inLanguage\":\"fr-FR\"},{\"@type\":\"Organization\",\"@id\":\"https:\/\/gaiapoleeurope.com\/fr\/#organization\",\"name\":\"Gaia Pole\",\"url\":\"https:\/\/gaiapoleeurope.com\/fr\/\",\"logo\":{\"@type\":\"ImageObject\",\"inLanguage\":\"fr-FR\",\"@id\":\"https:\/\/gaiapoleeurope.com\/fr\/#\/schema\/logo\/image\/\",\"url\":\"https:\/\/gaiapoleeurope.com\/wp-content\/uploads\/2024\/08\/gaia-logo.svg\",\"contentUrl\":\"https:\/\/gaiapoleeurope.com\/wp-content\/uploads\/2024\/08\/gaia-logo.svg\",\"width\":423,\"height\":170,\"caption\":\"Gaia Pole\"},\"image\":{\"@id\":\"https:\/\/gaiapoleeurope.com\/fr\/#\/schema\/logo\/image\/\"},\"sameAs\":[\"https:\/\/www.facebook.com\/gaiapolefitness\"]}]}<\/script>\n<!-- \/ Yoast SEO plugin. -->","yoast_head_json":{"title":"Portable Multidiscipline Aerial Rig - Gaia Pole","description":"Structure stable et portable de 5 m pour les disciplines a\u00e9riennes, aucune fixation requise, facile \u00e0 installer et \u00e0 transporter, convient pour cerceau a\u00e9rien, trap\u00e8ze et bungee.","robots":{"index":"index","follow":"follow","max-snippet":"max-snippet:-1","max-image-preview":"max-image-preview:large","max-video-preview":"max-video-preview:-1"},"canonical":"https:\/\/gaiapoleeurope.com\/fr\/aeriennes\/portable-multidiscipline-aerial-rig\/","og_locale":"fr_FR","og_type":"article","og_title":"Portable Multidiscipline Aerial Rig - Gaia Pole","og_description":"Structure stable et portable de 5 m pour les disciplines a\u00e9riennes, aucune fixation requise, facile \u00e0 installer et \u00e0 transporter, convient pour cerceau a\u00e9rien, trap\u00e8ze et bungee.","og_url":"https:\/\/gaiapoleeurope.com\/fr\/aeriennes\/portable-multidiscipline-aerial-rig\/","og_site_name":"Gaia Pole","article_publisher":"https:\/\/www.facebook.com\/gaiapolefitness","article_modified_time":"2025-09-11T06:10:14+00:00","og_image":[{"width":1080,"height":1080,"url":"https:\/\/gaiapoleeurope.com\/wp-content\/uploads\/2025\/06\/06-1.webp","type":"image\/webp"}],"twitter_card":"summary_large_image","schema":{"@context":"https:\/\/schema.org","@graph":[{"@type":"WebPage","@id":"https:\/\/gaiapoleeurope.com\/fr\/aeriennes\/portable-multidiscipline-aerial-rig\/","url":"https:\/\/gaiapoleeurope.com\/fr\/aeriennes\/portable-multidiscipline-aerial-rig\/","name":"Portable Multidiscipline Aerial Rig - Gaia Pole","isPartOf":{"@id":"https:\/\/gaiapoleeurope.com\/fr\/#website"},"primaryImageOfPage":{"@id":"https:\/\/gaiapoleeurope.com\/fr\/aeriennes\/portable-multidiscipline-aerial-rig\/#primaryimage"},"image":{"@id":"https:\/\/gaiapoleeurope.com\/fr\/aeriennes\/portable-multidiscipline-aerial-rig\/#primaryimage"},"thumbnailUrl":"https:\/\/gaiapoleeurope.com\/wp-content\/uploads\/2025\/06\/06-1.webp","datePublished":"2025-01-09T11:33:25+00:00","dateModified":"2025-09-11T06:10:14+00:00","description":"Structure stable et portable de 5 m pour les disciplines a\u00e9riennes, aucune fixation requise, facile \u00e0 installer et \u00e0 transporter, convient pour cerceau a\u00e9rien, trap\u00e8ze et bungee.","breadcrumb":{"@id":"https:\/\/gaiapoleeurope.com\/fr\/aeriennes\/portable-multidiscipline-aerial-rig\/#breadcrumb"},"inLanguage":"fr-FR","potentialAction":[{"@type":"ReadAction","target":["https:\/\/gaiapoleeurope.com\/fr\/aeriennes\/portable-multidiscipline-aerial-rig\/"]}]},{"@type":"ImageObject","inLanguage":"fr-FR","@id":"https:\/\/gaiapoleeurope.com\/fr\/aeriennes\/portable-multidiscipline-aerial-rig\/#primaryimage","url":"https:\/\/gaiapoleeurope.com\/wp-content\/uploads\/2025\/06\/06-1.webp","contentUrl":"https:\/\/gaiapoleeurope.com\/wp-content\/uploads\/2025\/06\/06-1.webp","width":1080,"height":1080},{"@type":"BreadcrumbList","@id":"https:\/\/gaiapoleeurope.com\/fr\/aeriennes\/portable-multidiscipline-aerial-rig\/#breadcrumb","itemListElement":[{"@type":"ListItem","position":1,"name":"Home","item":"https:\/\/gaiapoleeurope.com\/fr\/"},{"@type":"ListItem","position":2,"name":"Boutique","item":"https:\/\/gaiapoleeurope.com\/fr\/boutique\/"},{"@type":"ListItem","position":3,"name":"Activit\u00e9s a\u00e9riennes","item":"https:\/\/gaiapoleeurope.com\/fr\/aeriennes\/"},{"@type":"ListItem","position":4,"name":"Portable Multidiscipline Aerial Rig"}]},{"@type":"WebSite","@id":"https:\/\/gaiapoleeurope.com\/fr\/#website","url":"https:\/\/gaiapoleeurope.com\/fr\/","name":"Gaia Pole","description":"","publisher":{"@id":"https:\/\/gaiapoleeurope.com\/fr\/#organization"},"potentialAction":[{"@type":"SearchAction","target":{"@type":"EntryPoint","urlTemplate":"https:\/\/gaiapoleeurope.com\/fr\/?s={search_term_string}"},"query-input":{"@type":"PropertyValueSpecification","valueRequired":true,"valueName":"search_term_string"}}],"inLanguage":"fr-FR"},{"@type":"Organization","@id":"https:\/\/gaiapoleeurope.com\/fr\/#organization","name":"Gaia Pole","url":"https:\/\/gaiapoleeurope.com\/fr\/","logo":{"@type":"ImageObject","inLanguage":"fr-FR","@id":"https:\/\/gaiapoleeurope.com\/fr\/#\/schema\/logo\/image\/","url":"https:\/\/gaiapoleeurope.com\/wp-content\/uploads\/2024\/08\/gaia-logo.svg","contentUrl":"https:\/\/gaiapoleeurope.com\/wp-content\/uploads\/2024\/08\/gaia-logo.svg","width":423,"height":170,"caption":"Gaia Pole"},"image":{"@id":"https:\/\/gaiapoleeurope.com\/fr\/#\/schema\/logo\/image\/"},"sameAs":["https:\/\/www.facebook.com\/gaiapolefitness"]}]}},"_links":{"self":[{"href":"https:\/\/gaiapoleeurope.com\/fr\/wp-json\/wp\/v2\/product\/62616","targetHints":{"allow":["GET"]}}],"collection":[{"href":"https:\/\/gaiapoleeurope.com\/fr\/wp-json\/wp\/v2\/product"}],"about":[{"href":"https:\/\/gaiapoleeurope.com\/fr\/wp-json\/wp\/v2\/types\/product"}],"replies":[{"embeddable":true,"href":"https:\/\/gaiapoleeurope.com\/fr\/wp-json\/wp\/v2\/comments?post=62616"}],"wp:featuredmedia":[{"embeddable":true,"href":"https:\/\/gaiapoleeurope.com\/fr\/wp-json\/wp\/v2\/media\/62167"}],"wp:attachment":[{"href":"https:\/\/gaiapoleeurope.com\/fr\/wp-json\/wp\/v2\/media?parent=62616"}],"wp:term":[{"taxonomy":"filtro","embeddable":true,"href":"https:\/\/gaiapoleeurope.com\/fr\/wp-json\/wp\/v2\/filtro?post=62616"},{"taxonomy":"product_brand","embeddable":true,"href":"https:\/\/gaiapoleeurope.com\/fr\/wp-json\/wp\/v2\/product_brand?post=62616"},{"taxonomy":"product_cat","embeddable":true,"href":"https:\/\/gaiapoleeurope.com\/fr\/wp-json\/wp\/v2\/product_cat?post=62616"},{"taxonomy":"product_tag","embeddable":true,"href":"https:\/\/gaiapoleeurope.com\/fr\/wp-json\/wp\/v2\/product_tag?post=62616"}],"curies":[{"name":"wp","href":"https:\/\/api.w.org\/{rel}","templated":true}]}}