{"id":62367,"date":"2024-07-10T09:16:19","date_gmt":"2024-07-10T12:16:19","guid":{"rendered":"https:\/\/dev.gaiapole.com\/non%20class\u00e9\/bande-dalimentation\/"},"modified":"2025-09-10T13:43:13","modified_gmt":"2025-09-10T13:43:13","slug":"power-band","status":"publish","type":"product","link":"https:\/\/gaiapoleeurope.com\/fr\/accessoires\/power-band\/","title":{"rendered":"POWER BAND"},"content":{"rendered":"<p>Le Gaia Pole Power Band est une bande \u00e9lastique pour compl\u00e9ter vos s\u00e9ances d&rsquo;entra\u00eenement ! Elle apporte un soutien suppl\u00e9mentaire dans une vari\u00e9t\u00e9 d&rsquo;exercices. <\/p>\n","protected":false},"excerpt":{"rendered":"<p>Le Gaia Pole Power Band est une bande \u00e9lastique pour compl\u00e9ter vos s\u00e9ances d&rsquo;entra\u00eenement ! Elle apporte un soutien suppl\u00e9mentaire dans une vari\u00e9t\u00e9 d&rsquo;exercices.<\/p>\n","protected":false},"featured_media":61999,"comment_status":"open","ping_status":"closed","template":"","meta":{"_acf_changed":false},"filtro":[],"product_brand":[],"product_cat":[1129],"product_tag":[1130,1136,1131,1133,1134,1132,1135],"class_list":{"0":"post-62367","1":"product","2":"type-product","3":"status-publish","4":"has-post-thumbnail","6":"product_cat-accessoires","7":"product_tag-accessoire","8":"product_tag-bande-de-puissance","9":"product_tag-bande-elastique","10":"product_tag-flexibilite","11":"product_tag-force","12":"product_tag-formation","13":"product_tag-pole-dance-fr","15":"first","16":"instock","17":"taxable","18":"shipping-taxable","19":"purchasable","20":"product-type-variable","21":"add-to-wishlist-before_image"},"acf":[],"yoast_head":"<!-- This site is optimized with the Yoast SEO plugin v26.1.1 - https:\/\/yoast.com\/wordpress\/plugins\/seo\/ -->\n<title>POWER BAND - Gaia Pole<\/title>\n<meta name=\"description\" content=\"Le Gaia Pole Power Band est une bande \u00e9lastique pour compl\u00e9ter vos s\u00e9ances d&#039;entra\u00eenement ! Elle apporte un soutien suppl\u00e9mentaire dans une vari\u00e9t\u00e9 d&#039;exercices.\" \/>\n<meta name=\"robots\" content=\"index, follow, max-snippet:-1, max-image-preview:large, max-video-preview:-1\" \/>\n<link rel=\"canonical\" href=\"https:\/\/gaiapoleeurope.com\/fr\/accessoires\/power-band\/\" \/>\n<meta property=\"og:locale\" content=\"fr_FR\" \/>\n<meta property=\"og:type\" content=\"article\" \/>\n<meta property=\"og:title\" content=\"POWER BAND - Gaia Pole\" \/>\n<meta property=\"og:description\" content=\"Le Gaia Pole Power Band est une bande \u00e9lastique pour compl\u00e9ter vos s\u00e9ances d&#039;entra\u00eenement ! Elle apporte un soutien suppl\u00e9mentaire dans une vari\u00e9t\u00e9 d&#039;exercices.\" \/>\n<meta property=\"og:url\" content=\"https:\/\/gaiapoleeurope.com\/fr\/accessoires\/power-band\/\" \/>\n<meta property=\"og:site_name\" content=\"Gaia Pole\" \/>\n<meta property=\"article:publisher\" content=\"https:\/\/www.facebook.com\/gaiapolefitness\" \/>\n<meta property=\"article:modified_time\" content=\"2025-09-10T13:43:13+00:00\" \/>\n<meta property=\"og:image\" content=\"https:\/\/gaiapoleeurope.com\/wp-content\/uploads\/2025\/06\/capa-power-band.jpg\" \/>\n\t<meta property=\"og:image:width\" content=\"1080\" \/>\n\t<meta property=\"og:image:height\" content=\"1080\" \/>\n\t<meta property=\"og:image:type\" content=\"image\/jpeg\" \/>\n<meta name=\"twitter:card\" content=\"summary_large_image\" \/>\n<script type=\"application\/ld+json\" class=\"yoast-schema-graph\">{\"@context\":\"https:\/\/schema.org\",\"@graph\":[{\"@type\":\"WebPage\",\"@id\":\"https:\/\/gaiapoleeurope.com\/fr\/accessoires\/power-band\/\",\"url\":\"https:\/\/gaiapoleeurope.com\/fr\/accessoires\/power-band\/\",\"name\":\"POWER BAND - Gaia Pole\",\"isPartOf\":{\"@id\":\"https:\/\/gaiapoleeurope.com\/fr\/#website\"},\"primaryImageOfPage\":{\"@id\":\"https:\/\/gaiapoleeurope.com\/fr\/accessoires\/power-band\/#primaryimage\"},\"image\":{\"@id\":\"https:\/\/gaiapoleeurope.com\/fr\/accessoires\/power-band\/#primaryimage\"},\"thumbnailUrl\":\"https:\/\/gaiapoleeurope.com\/wp-content\/uploads\/2025\/06\/capa-power-band.jpg\",\"datePublished\":\"2024-07-10T12:16:19+00:00\",\"dateModified\":\"2025-09-10T13:43:13+00:00\",\"description\":\"Le Gaia Pole Power Band est une bande \u00e9lastique pour compl\u00e9ter vos s\u00e9ances d'entra\u00eenement ! Elle apporte un soutien suppl\u00e9mentaire dans une vari\u00e9t\u00e9 d'exercices.\",\"breadcrumb\":{\"@id\":\"https:\/\/gaiapoleeurope.com\/fr\/accessoires\/power-band\/#breadcrumb\"},\"inLanguage\":\"fr-FR\",\"potentialAction\":[{\"@type\":\"ReadAction\",\"target\":[\"https:\/\/gaiapoleeurope.com\/fr\/accessoires\/power-band\/\"]}]},{\"@type\":\"ImageObject\",\"inLanguage\":\"fr-FR\",\"@id\":\"https:\/\/gaiapoleeurope.com\/fr\/accessoires\/power-band\/#primaryimage\",\"url\":\"https:\/\/gaiapoleeurope.com\/wp-content\/uploads\/2025\/06\/capa-power-band.jpg\",\"contentUrl\":\"https:\/\/gaiapoleeurope.com\/wp-content\/uploads\/2025\/06\/capa-power-band.jpg\",\"width\":1080,\"height\":1080},{\"@type\":\"BreadcrumbList\",\"@id\":\"https:\/\/gaiapoleeurope.com\/fr\/accessoires\/power-band\/#breadcrumb\",\"itemListElement\":[{\"@type\":\"ListItem\",\"position\":1,\"name\":\"Home\",\"item\":\"https:\/\/gaiapoleeurope.com\/fr\/\"},{\"@type\":\"ListItem\",\"position\":2,\"name\":\"Boutique\",\"item\":\"https:\/\/gaiapoleeurope.com\/fr\/boutique\/\"},{\"@type\":\"ListItem\",\"position\":3,\"name\":\"Accessoires\",\"item\":\"https:\/\/gaiapoleeurope.com\/fr\/accessoires\/\"},{\"@type\":\"ListItem\",\"position\":4,\"name\":\"POWER BAND\"}]},{\"@type\":\"WebSite\",\"@id\":\"https:\/\/gaiapoleeurope.com\/fr\/#website\",\"url\":\"https:\/\/gaiapoleeurope.com\/fr\/\",\"name\":\"Gaia Pole\",\"description\":\"\",\"publisher\":{\"@id\":\"https:\/\/gaiapoleeurope.com\/fr\/#organization\"},\"potentialAction\":[{\"@type\":\"SearchAction\",\"target\":{\"@type\":\"EntryPoint\",\"urlTemplate\":\"https:\/\/gaiapoleeurope.com\/fr\/?s={search_term_string}\"},\"query-input\":{\"@type\":\"PropertyValueSpecification\",\"valueRequired\":true,\"valueName\":\"search_term_string\"}}],\"inLanguage\":\"fr-FR\"},{\"@type\":\"Organization\",\"@id\":\"https:\/\/gaiapoleeurope.com\/fr\/#organization\",\"name\":\"Gaia Pole\",\"url\":\"https:\/\/gaiapoleeurope.com\/fr\/\",\"logo\":{\"@type\":\"ImageObject\",\"inLanguage\":\"fr-FR\",\"@id\":\"https:\/\/gaiapoleeurope.com\/fr\/#\/schema\/logo\/image\/\",\"url\":\"https:\/\/gaiapoleeurope.com\/wp-content\/uploads\/2024\/08\/gaia-logo.svg\",\"contentUrl\":\"https:\/\/gaiapoleeurope.com\/wp-content\/uploads\/2024\/08\/gaia-logo.svg\",\"width\":423,\"height\":170,\"caption\":\"Gaia Pole\"},\"image\":{\"@id\":\"https:\/\/gaiapoleeurope.com\/fr\/#\/schema\/logo\/image\/\"},\"sameAs\":[\"https:\/\/www.facebook.com\/gaiapolefitness\"]}]}<\/script>\n<!-- \/ Yoast SEO plugin. -->","yoast_head_json":{"title":"POWER BAND - Gaia Pole","description":"Le Gaia Pole Power Band est une bande \u00e9lastique pour compl\u00e9ter vos s\u00e9ances d'entra\u00eenement ! Elle apporte un soutien suppl\u00e9mentaire dans une vari\u00e9t\u00e9 d'exercices.","robots":{"index":"index","follow":"follow","max-snippet":"max-snippet:-1","max-image-preview":"max-image-preview:large","max-video-preview":"max-video-preview:-1"},"canonical":"https:\/\/gaiapoleeurope.com\/fr\/accessoires\/power-band\/","og_locale":"fr_FR","og_type":"article","og_title":"POWER BAND - Gaia Pole","og_description":"Le Gaia Pole Power Band est une bande \u00e9lastique pour compl\u00e9ter vos s\u00e9ances d'entra\u00eenement ! Elle apporte un soutien suppl\u00e9mentaire dans une vari\u00e9t\u00e9 d'exercices.","og_url":"https:\/\/gaiapoleeurope.com\/fr\/accessoires\/power-band\/","og_site_name":"Gaia Pole","article_publisher":"https:\/\/www.facebook.com\/gaiapolefitness","article_modified_time":"2025-09-10T13:43:13+00:00","og_image":[{"width":1080,"height":1080,"url":"https:\/\/gaiapoleeurope.com\/wp-content\/uploads\/2025\/06\/capa-power-band.jpg","type":"image\/jpeg"}],"twitter_card":"summary_large_image","schema":{"@context":"https:\/\/schema.org","@graph":[{"@type":"WebPage","@id":"https:\/\/gaiapoleeurope.com\/fr\/accessoires\/power-band\/","url":"https:\/\/gaiapoleeurope.com\/fr\/accessoires\/power-band\/","name":"POWER BAND - Gaia Pole","isPartOf":{"@id":"https:\/\/gaiapoleeurope.com\/fr\/#website"},"primaryImageOfPage":{"@id":"https:\/\/gaiapoleeurope.com\/fr\/accessoires\/power-band\/#primaryimage"},"image":{"@id":"https:\/\/gaiapoleeurope.com\/fr\/accessoires\/power-band\/#primaryimage"},"thumbnailUrl":"https:\/\/gaiapoleeurope.com\/wp-content\/uploads\/2025\/06\/capa-power-band.jpg","datePublished":"2024-07-10T12:16:19+00:00","dateModified":"2025-09-10T13:43:13+00:00","description":"Le Gaia Pole Power Band est une bande \u00e9lastique pour compl\u00e9ter vos s\u00e9ances d'entra\u00eenement ! Elle apporte un soutien suppl\u00e9mentaire dans une vari\u00e9t\u00e9 d'exercices.","breadcrumb":{"@id":"https:\/\/gaiapoleeurope.com\/fr\/accessoires\/power-band\/#breadcrumb"},"inLanguage":"fr-FR","potentialAction":[{"@type":"ReadAction","target":["https:\/\/gaiapoleeurope.com\/fr\/accessoires\/power-band\/"]}]},{"@type":"ImageObject","inLanguage":"fr-FR","@id":"https:\/\/gaiapoleeurope.com\/fr\/accessoires\/power-band\/#primaryimage","url":"https:\/\/gaiapoleeurope.com\/wp-content\/uploads\/2025\/06\/capa-power-band.jpg","contentUrl":"https:\/\/gaiapoleeurope.com\/wp-content\/uploads\/2025\/06\/capa-power-band.jpg","width":1080,"height":1080},{"@type":"BreadcrumbList","@id":"https:\/\/gaiapoleeurope.com\/fr\/accessoires\/power-band\/#breadcrumb","itemListElement":[{"@type":"ListItem","position":1,"name":"Home","item":"https:\/\/gaiapoleeurope.com\/fr\/"},{"@type":"ListItem","position":2,"name":"Boutique","item":"https:\/\/gaiapoleeurope.com\/fr\/boutique\/"},{"@type":"ListItem","position":3,"name":"Accessoires","item":"https:\/\/gaiapoleeurope.com\/fr\/accessoires\/"},{"@type":"ListItem","position":4,"name":"POWER BAND"}]},{"@type":"WebSite","@id":"https:\/\/gaiapoleeurope.com\/fr\/#website","url":"https:\/\/gaiapoleeurope.com\/fr\/","name":"Gaia Pole","description":"","publisher":{"@id":"https:\/\/gaiapoleeurope.com\/fr\/#organization"},"potentialAction":[{"@type":"SearchAction","target":{"@type":"EntryPoint","urlTemplate":"https:\/\/gaiapoleeurope.com\/fr\/?s={search_term_string}"},"query-input":{"@type":"PropertyValueSpecification","valueRequired":true,"valueName":"search_term_string"}}],"inLanguage":"fr-FR"},{"@type":"Organization","@id":"https:\/\/gaiapoleeurope.com\/fr\/#organization","name":"Gaia Pole","url":"https:\/\/gaiapoleeurope.com\/fr\/","logo":{"@type":"ImageObject","inLanguage":"fr-FR","@id":"https:\/\/gaiapoleeurope.com\/fr\/#\/schema\/logo\/image\/","url":"https:\/\/gaiapoleeurope.com\/wp-content\/uploads\/2024\/08\/gaia-logo.svg","contentUrl":"https:\/\/gaiapoleeurope.com\/wp-content\/uploads\/2024\/08\/gaia-logo.svg","width":423,"height":170,"caption":"Gaia Pole"},"image":{"@id":"https:\/\/gaiapoleeurope.com\/fr\/#\/schema\/logo\/image\/"},"sameAs":["https:\/\/www.facebook.com\/gaiapolefitness"]}]}},"_links":{"self":[{"href":"https:\/\/gaiapoleeurope.com\/fr\/wp-json\/wp\/v2\/product\/62367","targetHints":{"allow":["GET"]}}],"collection":[{"href":"https:\/\/gaiapoleeurope.com\/fr\/wp-json\/wp\/v2\/product"}],"about":[{"href":"https:\/\/gaiapoleeurope.com\/fr\/wp-json\/wp\/v2\/types\/product"}],"replies":[{"embeddable":true,"href":"https:\/\/gaiapoleeurope.com\/fr\/wp-json\/wp\/v2\/comments?post=62367"}],"wp:featuredmedia":[{"embeddable":true,"href":"https:\/\/gaiapoleeurope.com\/fr\/wp-json\/wp\/v2\/media\/61999"}],"wp:attachment":[{"href":"https:\/\/gaiapoleeurope.com\/fr\/wp-json\/wp\/v2\/media?parent=62367"}],"wp:term":[{"taxonomy":"filtro","embeddable":true,"href":"https:\/\/gaiapoleeurope.com\/fr\/wp-json\/wp\/v2\/filtro?post=62367"},{"taxonomy":"product_brand","embeddable":true,"href":"https:\/\/gaiapoleeurope.com\/fr\/wp-json\/wp\/v2\/product_brand?post=62367"},{"taxonomy":"product_cat","embeddable":true,"href":"https:\/\/gaiapoleeurope.com\/fr\/wp-json\/wp\/v2\/product_cat?post=62367"},{"taxonomy":"product_tag","embeddable":true,"href":"https:\/\/gaiapoleeurope.com\/fr\/wp-json\/wp\/v2\/product_tag?post=62367"}],"curies":[{"name":"wp","href":"https:\/\/api.w.org\/{rel}","templated":true}]}}