{"id":62363,"date":"2024-07-10T11:52:24","date_gmt":"2024-07-10T14:52:24","guid":{"rendered":"https:\/\/dev.gaiapole.com\/non%20class\u00e9\/poteau-facilement-amovible\/"},"modified":"2025-09-10T14:09:28","modified_gmt":"2025-09-10T14:09:28","slug":"easy-removable-pole","status":"publish","type":"product","link":"https:\/\/gaiapoleeurope.com\/fr\/barres\/easy-removable-pole\/","title":{"rendered":"EASY REMOVABLE POLE"},"content":{"rendered":"<p>EASY REMOVABLE POLE est la combinaison parfaite de la meilleure technologie de pivotement et d&rsquo;un prix qui tient dans votre poche ! Mont\u00e9 sous pression et adapt\u00e9 \u00e0 la hauteur dont vous avez besoin, ce m\u00e2t en acier inoxydable en deux parties passe de l&rsquo;\u00e9tat statique \u00e0 l&rsquo;\u00e9tat rotatif en un simple clic et n\u00e9cessite une \u00e9chelle pour son installation. <\/p>\n","protected":false},"excerpt":{"rendered":"<p>EASY REMOVABLE POLE est la combinaison parfaite de la meilleure technologie de pivotement et d&rsquo;un prix qui tient dans votre poche ! Mont\u00e9 sous pression et adapt\u00e9 \u00e0 la hauteur dont vous avez besoin, ce m\u00e2t en acier inoxydable en deux parties passe de l&rsquo;\u00e9tat statique \u00e0 l&rsquo;\u00e9tat rotatif en un simple clic et n\u00e9cessite [&hellip;]<\/p>\n","protected":false},"featured_media":62023,"comment_status":"open","ping_status":"closed","template":"","meta":{"_acf_changed":false},"filtro":[1164,1161,1158,2076,1149,1168,1155],"product_brand":[],"product_cat":[1078],"product_tag":[1119,1122,1079,1081,1121,1125,1124,1120,1123,1080],"class_list":{"0":"post-62363","1":"product","2":"type-product","3":"status-publish","4":"has-post-thumbnail","6":"filtro-acier-inoxydable","7":"filtro-avec-echelle","8":"filtro-en-un-clic","9":"filtro-brass-golden-fr","10":"filtro-montage-par-pression","11":"filtro-revetement-en-caoutchouc","12":"filtro-sur-mesure","13":"product_cat-barres","14":"product_tag-acier-inoxydable","15":"product_tag-amovible","16":"product_tag-barre-de-pole-dance","17":"product_tag-facile","18":"product_tag-par-pression","19":"product_tag-pole-demontable","20":"product_tag-poteau-facilement-amovible","21":"product_tag-revetement-en-caoutchouc","22":"product_tag-sans-trous","23":"product_tag-verrouillage-rapide","25":"first","26":"instock","27":"taxable","28":"shipping-taxable","29":"purchasable","30":"product-type-variable","31":"add-to-wishlist-before_image"},"acf":[],"yoast_head":"<!-- This site is optimized with the Yoast SEO plugin v26.1.1 - https:\/\/yoast.com\/wordpress\/plugins\/seo\/ -->\n<title>EASY REMOVABLE POLE - Gaia Pole<\/title>\n<meta name=\"description\" content=\"EASY REMOVABLE POLE est la combinaison parfaite de la meilleure technologie de pivotement et d&#039;un prix qui tient dans votre poche !\" \/>\n<meta name=\"robots\" content=\"index, follow, max-snippet:-1, max-image-preview:large, max-video-preview:-1\" \/>\n<link rel=\"canonical\" href=\"https:\/\/gaiapoleeurope.com\/fr\/barres\/easy-removable-pole\/\" \/>\n<meta property=\"og:locale\" content=\"fr_FR\" \/>\n<meta property=\"og:type\" content=\"article\" \/>\n<meta property=\"og:title\" content=\"EASY REMOVABLE POLE - Gaia Pole\" \/>\n<meta property=\"og:description\" content=\"EASY REMOVABLE POLE est la combinaison parfaite de la meilleure technologie de pivotement et d&#039;un prix qui tient dans votre poche !\" \/>\n<meta property=\"og:url\" content=\"https:\/\/gaiapoleeurope.com\/fr\/barres\/easy-removable-pole\/\" \/>\n<meta property=\"og:site_name\" content=\"Gaia Pole\" \/>\n<meta property=\"article:publisher\" content=\"https:\/\/www.facebook.com\/gaiapolefitness\" \/>\n<meta property=\"article:modified_time\" content=\"2025-09-10T14:09:28+00:00\" \/>\n<meta property=\"og:image\" content=\"https:\/\/gaiapoleeurope.com\/wp-content\/uploads\/2025\/06\/capa-removivel-easy.jpg\" \/>\n\t<meta property=\"og:image:width\" content=\"1080\" \/>\n\t<meta property=\"og:image:height\" content=\"1080\" \/>\n\t<meta property=\"og:image:type\" content=\"image\/jpeg\" \/>\n<meta name=\"twitter:card\" content=\"summary_large_image\" \/>\n<script type=\"application\/ld+json\" class=\"yoast-schema-graph\">{\"@context\":\"https:\/\/schema.org\",\"@graph\":[{\"@type\":\"WebPage\",\"@id\":\"https:\/\/gaiapoleeurope.com\/fr\/barres\/easy-removable-pole\/\",\"url\":\"https:\/\/gaiapoleeurope.com\/fr\/barres\/easy-removable-pole\/\",\"name\":\"EASY REMOVABLE POLE - Gaia Pole\",\"isPartOf\":{\"@id\":\"https:\/\/gaiapoleeurope.com\/fr\/#website\"},\"primaryImageOfPage\":{\"@id\":\"https:\/\/gaiapoleeurope.com\/fr\/barres\/easy-removable-pole\/#primaryimage\"},\"image\":{\"@id\":\"https:\/\/gaiapoleeurope.com\/fr\/barres\/easy-removable-pole\/#primaryimage\"},\"thumbnailUrl\":\"https:\/\/gaiapoleeurope.com\/wp-content\/uploads\/2025\/06\/capa-removivel-easy.jpg\",\"datePublished\":\"2024-07-10T14:52:24+00:00\",\"dateModified\":\"2025-09-10T14:09:28+00:00\",\"description\":\"EASY REMOVABLE POLE est la combinaison parfaite de la meilleure technologie de pivotement et d'un prix qui tient dans votre poche !\",\"breadcrumb\":{\"@id\":\"https:\/\/gaiapoleeurope.com\/fr\/barres\/easy-removable-pole\/#breadcrumb\"},\"inLanguage\":\"fr-FR\",\"potentialAction\":[{\"@type\":\"ReadAction\",\"target\":[\"https:\/\/gaiapoleeurope.com\/fr\/barres\/easy-removable-pole\/\"]}]},{\"@type\":\"ImageObject\",\"inLanguage\":\"fr-FR\",\"@id\":\"https:\/\/gaiapoleeurope.com\/fr\/barres\/easy-removable-pole\/#primaryimage\",\"url\":\"https:\/\/gaiapoleeurope.com\/wp-content\/uploads\/2025\/06\/capa-removivel-easy.jpg\",\"contentUrl\":\"https:\/\/gaiapoleeurope.com\/wp-content\/uploads\/2025\/06\/capa-removivel-easy.jpg\",\"width\":1080,\"height\":1080},{\"@type\":\"BreadcrumbList\",\"@id\":\"https:\/\/gaiapoleeurope.com\/fr\/barres\/easy-removable-pole\/#breadcrumb\",\"itemListElement\":[{\"@type\":\"ListItem\",\"position\":1,\"name\":\"Home\",\"item\":\"https:\/\/gaiapoleeurope.com\/fr\/\"},{\"@type\":\"ListItem\",\"position\":2,\"name\":\"Boutique\",\"item\":\"https:\/\/gaiapoleeurope.com\/fr\/boutique\/\"},{\"@type\":\"ListItem\",\"position\":3,\"name\":\"Barres\",\"item\":\"https:\/\/gaiapoleeurope.com\/fr\/barres\/\"},{\"@type\":\"ListItem\",\"position\":4,\"name\":\"EASY REMOVABLE POLE\"}]},{\"@type\":\"WebSite\",\"@id\":\"https:\/\/gaiapoleeurope.com\/fr\/#website\",\"url\":\"https:\/\/gaiapoleeurope.com\/fr\/\",\"name\":\"Gaia Pole\",\"description\":\"\",\"publisher\":{\"@id\":\"https:\/\/gaiapoleeurope.com\/fr\/#organization\"},\"potentialAction\":[{\"@type\":\"SearchAction\",\"target\":{\"@type\":\"EntryPoint\",\"urlTemplate\":\"https:\/\/gaiapoleeurope.com\/fr\/?s={search_term_string}\"},\"query-input\":{\"@type\":\"PropertyValueSpecification\",\"valueRequired\":true,\"valueName\":\"search_term_string\"}}],\"inLanguage\":\"fr-FR\"},{\"@type\":\"Organization\",\"@id\":\"https:\/\/gaiapoleeurope.com\/fr\/#organization\",\"name\":\"Gaia Pole\",\"url\":\"https:\/\/gaiapoleeurope.com\/fr\/\",\"logo\":{\"@type\":\"ImageObject\",\"inLanguage\":\"fr-FR\",\"@id\":\"https:\/\/gaiapoleeurope.com\/fr\/#\/schema\/logo\/image\/\",\"url\":\"https:\/\/gaiapoleeurope.com\/wp-content\/uploads\/2024\/08\/gaia-logo.svg\",\"contentUrl\":\"https:\/\/gaiapoleeurope.com\/wp-content\/uploads\/2024\/08\/gaia-logo.svg\",\"width\":423,\"height\":170,\"caption\":\"Gaia Pole\"},\"image\":{\"@id\":\"https:\/\/gaiapoleeurope.com\/fr\/#\/schema\/logo\/image\/\"},\"sameAs\":[\"https:\/\/www.facebook.com\/gaiapolefitness\"]}]}<\/script>\n<!-- \/ Yoast SEO plugin. -->","yoast_head_json":{"title":"EASY REMOVABLE POLE - Gaia Pole","description":"EASY REMOVABLE POLE est la combinaison parfaite de la meilleure technologie de pivotement et d'un prix qui tient dans votre poche !","robots":{"index":"index","follow":"follow","max-snippet":"max-snippet:-1","max-image-preview":"max-image-preview:large","max-video-preview":"max-video-preview:-1"},"canonical":"https:\/\/gaiapoleeurope.com\/fr\/barres\/easy-removable-pole\/","og_locale":"fr_FR","og_type":"article","og_title":"EASY REMOVABLE POLE - Gaia Pole","og_description":"EASY REMOVABLE POLE est la combinaison parfaite de la meilleure technologie de pivotement et d'un prix qui tient dans votre poche !","og_url":"https:\/\/gaiapoleeurope.com\/fr\/barres\/easy-removable-pole\/","og_site_name":"Gaia Pole","article_publisher":"https:\/\/www.facebook.com\/gaiapolefitness","article_modified_time":"2025-09-10T14:09:28+00:00","og_image":[{"width":1080,"height":1080,"url":"https:\/\/gaiapoleeurope.com\/wp-content\/uploads\/2025\/06\/capa-removivel-easy.jpg","type":"image\/jpeg"}],"twitter_card":"summary_large_image","schema":{"@context":"https:\/\/schema.org","@graph":[{"@type":"WebPage","@id":"https:\/\/gaiapoleeurope.com\/fr\/barres\/easy-removable-pole\/","url":"https:\/\/gaiapoleeurope.com\/fr\/barres\/easy-removable-pole\/","name":"EASY REMOVABLE POLE - Gaia Pole","isPartOf":{"@id":"https:\/\/gaiapoleeurope.com\/fr\/#website"},"primaryImageOfPage":{"@id":"https:\/\/gaiapoleeurope.com\/fr\/barres\/easy-removable-pole\/#primaryimage"},"image":{"@id":"https:\/\/gaiapoleeurope.com\/fr\/barres\/easy-removable-pole\/#primaryimage"},"thumbnailUrl":"https:\/\/gaiapoleeurope.com\/wp-content\/uploads\/2025\/06\/capa-removivel-easy.jpg","datePublished":"2024-07-10T14:52:24+00:00","dateModified":"2025-09-10T14:09:28+00:00","description":"EASY REMOVABLE POLE est la combinaison parfaite de la meilleure technologie de pivotement et d'un prix qui tient dans votre poche !","breadcrumb":{"@id":"https:\/\/gaiapoleeurope.com\/fr\/barres\/easy-removable-pole\/#breadcrumb"},"inLanguage":"fr-FR","potentialAction":[{"@type":"ReadAction","target":["https:\/\/gaiapoleeurope.com\/fr\/barres\/easy-removable-pole\/"]}]},{"@type":"ImageObject","inLanguage":"fr-FR","@id":"https:\/\/gaiapoleeurope.com\/fr\/barres\/easy-removable-pole\/#primaryimage","url":"https:\/\/gaiapoleeurope.com\/wp-content\/uploads\/2025\/06\/capa-removivel-easy.jpg","contentUrl":"https:\/\/gaiapoleeurope.com\/wp-content\/uploads\/2025\/06\/capa-removivel-easy.jpg","width":1080,"height":1080},{"@type":"BreadcrumbList","@id":"https:\/\/gaiapoleeurope.com\/fr\/barres\/easy-removable-pole\/#breadcrumb","itemListElement":[{"@type":"ListItem","position":1,"name":"Home","item":"https:\/\/gaiapoleeurope.com\/fr\/"},{"@type":"ListItem","position":2,"name":"Boutique","item":"https:\/\/gaiapoleeurope.com\/fr\/boutique\/"},{"@type":"ListItem","position":3,"name":"Barres","item":"https:\/\/gaiapoleeurope.com\/fr\/barres\/"},{"@type":"ListItem","position":4,"name":"EASY REMOVABLE POLE"}]},{"@type":"WebSite","@id":"https:\/\/gaiapoleeurope.com\/fr\/#website","url":"https:\/\/gaiapoleeurope.com\/fr\/","name":"Gaia Pole","description":"","publisher":{"@id":"https:\/\/gaiapoleeurope.com\/fr\/#organization"},"potentialAction":[{"@type":"SearchAction","target":{"@type":"EntryPoint","urlTemplate":"https:\/\/gaiapoleeurope.com\/fr\/?s={search_term_string}"},"query-input":{"@type":"PropertyValueSpecification","valueRequired":true,"valueName":"search_term_string"}}],"inLanguage":"fr-FR"},{"@type":"Organization","@id":"https:\/\/gaiapoleeurope.com\/fr\/#organization","name":"Gaia Pole","url":"https:\/\/gaiapoleeurope.com\/fr\/","logo":{"@type":"ImageObject","inLanguage":"fr-FR","@id":"https:\/\/gaiapoleeurope.com\/fr\/#\/schema\/logo\/image\/","url":"https:\/\/gaiapoleeurope.com\/wp-content\/uploads\/2024\/08\/gaia-logo.svg","contentUrl":"https:\/\/gaiapoleeurope.com\/wp-content\/uploads\/2024\/08\/gaia-logo.svg","width":423,"height":170,"caption":"Gaia Pole"},"image":{"@id":"https:\/\/gaiapoleeurope.com\/fr\/#\/schema\/logo\/image\/"},"sameAs":["https:\/\/www.facebook.com\/gaiapolefitness"]}]}},"_links":{"self":[{"href":"https:\/\/gaiapoleeurope.com\/fr\/wp-json\/wp\/v2\/product\/62363","targetHints":{"allow":["GET"]}}],"collection":[{"href":"https:\/\/gaiapoleeurope.com\/fr\/wp-json\/wp\/v2\/product"}],"about":[{"href":"https:\/\/gaiapoleeurope.com\/fr\/wp-json\/wp\/v2\/types\/product"}],"replies":[{"embeddable":true,"href":"https:\/\/gaiapoleeurope.com\/fr\/wp-json\/wp\/v2\/comments?post=62363"}],"wp:featuredmedia":[{"embeddable":true,"href":"https:\/\/gaiapoleeurope.com\/fr\/wp-json\/wp\/v2\/media\/62023"}],"wp:attachment":[{"href":"https:\/\/gaiapoleeurope.com\/fr\/wp-json\/wp\/v2\/media?parent=62363"}],"wp:term":[{"taxonomy":"filtro","embeddable":true,"href":"https:\/\/gaiapoleeurope.com\/fr\/wp-json\/wp\/v2\/filtro?post=62363"},{"taxonomy":"product_brand","embeddable":true,"href":"https:\/\/gaiapoleeurope.com\/fr\/wp-json\/wp\/v2\/product_brand?post=62363"},{"taxonomy":"product_cat","embeddable":true,"href":"https:\/\/gaiapoleeurope.com\/fr\/wp-json\/wp\/v2\/product_cat?post=62363"},{"taxonomy":"product_tag","embeddable":true,"href":"https:\/\/gaiapoleeurope.com\/fr\/wp-json\/wp\/v2\/product_tag?post=62363"}],"curies":[{"name":"wp","href":"https:\/\/api.w.org\/{rel}","templated":true}]}}