{"id":62350,"date":"2024-07-10T11:16:32","date_gmt":"2024-07-10T14:16:32","guid":{"rendered":"https:\/\/dev.gaiapole.com\/non%20class\u00e9\/verrouillage-rapide-du-poteau-permanent\/"},"modified":"2025-09-10T13:54:08","modified_gmt":"2025-09-10T13:54:08","slug":"quick-lock-permanent-pole","status":"publish","type":"product","link":"https:\/\/gaiapoleeurope.com\/fr\/barres\/quick-lock-permanent-pole\/","title":{"rendered":"QUICK LOCK PERMANENT POLE"},"content":{"rendered":"<p>La QUICK LOCK PERMANENT POLE est parfaite pour ceux qui ont un endroit r\u00e9serv\u00e9 pour s&rsquo;entra\u00eener et passer du statique au spinning en un seul clic ! Il s&rsquo;agit d&rsquo;un m\u00e2t en acier inoxydable en deux parties, viss\u00e9 au plafond et au sol et con\u00e7u sur mesure pour la hauteur dont vous avez besoin. <\/p>\n","protected":false},"excerpt":{"rendered":"<p>La QUICK LOCK PERMANENT POLE est parfaite pour ceux qui ont un endroit r\u00e9serv\u00e9 pour s&rsquo;entra\u00eener et passer du statique au spinning en un seul clic ! Il s&rsquo;agit d&rsquo;un m\u00e2t en acier inoxydable en deux parties, viss\u00e9 au plafond et au sol et con\u00e7u sur mesure pour la hauteur dont vous avez besoin.<\/p>\n","protected":false},"featured_media":62188,"comment_status":"open","ping_status":"closed","template":"","meta":{"_acf_changed":false},"filtro":[1164,1161,1158,1151,2076,1168,1155],"product_brand":[],"product_cat":[1078],"product_tag":[1079,1086,1080,1085],"class_list":{"0":"post-62350","1":"product","2":"type-product","3":"status-publish","4":"has-post-thumbnail","6":"filtro-acier-inoxydable","7":"filtro-avec-echelle","8":"filtro-en-un-clic","9":"filtro-fixe-par-vis","10":"filtro-brass-golden-fr","11":"filtro-revetement-en-caoutchouc","12":"filtro-sur-mesure","13":"product_cat-barres","14":"product_tag-barre-de-pole-dance","15":"product_tag-pole-permanent","16":"product_tag-verrouillage-rapide","17":"product_tag-verrouillage-rapide-permanent","18":"product_shipping_class-equipements","20":"first","21":"instock","22":"taxable","23":"shipping-taxable","24":"purchasable","25":"product-type-variable","26":"add-to-wishlist-before_image"},"acf":[],"yoast_head":"<!-- This site is optimized with the Yoast SEO plugin v26.1.1 - https:\/\/yoast.com\/wordpress\/plugins\/seo\/ -->\n<title>QUICK LOCK PERMANENT POLE - Gaia Pole<\/title>\n<meta name=\"description\" content=\"Le QUICK LOCK PERMANENT POLE est parfait pour ceux qui ont un endroit r\u00e9serv\u00e9 pour s&#039;entra\u00eener et passer de la statique \u00e0 la rotation en un seul clic !\" \/>\n<meta name=\"robots\" content=\"index, follow, max-snippet:-1, max-image-preview:large, max-video-preview:-1\" \/>\n<link rel=\"canonical\" href=\"https:\/\/gaiapoleeurope.com\/fr\/barres\/quick-lock-permanent-pole\/\" \/>\n<meta property=\"og:locale\" content=\"fr_FR\" \/>\n<meta property=\"og:type\" content=\"article\" \/>\n<meta property=\"og:title\" content=\"QUICK LOCK PERMANENT POLE - Gaia Pole\" \/>\n<meta property=\"og:description\" content=\"Le QUICK LOCK PERMANENT POLE est parfait pour ceux qui ont un endroit r\u00e9serv\u00e9 pour s&#039;entra\u00eener et passer de la statique \u00e0 la rotation en un seul clic !\" \/>\n<meta property=\"og:url\" content=\"https:\/\/gaiapoleeurope.com\/fr\/barres\/quick-lock-permanent-pole\/\" \/>\n<meta property=\"og:site_name\" content=\"Gaia Pole\" \/>\n<meta property=\"article:publisher\" content=\"https:\/\/www.facebook.com\/gaiapolefitness\" \/>\n<meta property=\"article:modified_time\" content=\"2025-09-10T13:54:08+00:00\" \/>\n<meta property=\"og:image\" content=\"https:\/\/gaiapoleeurope.com\/wp-content\/uploads\/2024\/07\/Capa_Fixa-QL.png\" \/>\n\t<meta property=\"og:image:width\" content=\"1080\" \/>\n\t<meta property=\"og:image:height\" content=\"1080\" \/>\n\t<meta property=\"og:image:type\" content=\"image\/png\" \/>\n<meta name=\"twitter:card\" content=\"summary_large_image\" \/>\n<script type=\"application\/ld+json\" class=\"yoast-schema-graph\">{\"@context\":\"https:\/\/schema.org\",\"@graph\":[{\"@type\":\"WebPage\",\"@id\":\"https:\/\/gaiapoleeurope.com\/fr\/barres\/quick-lock-permanent-pole\/\",\"url\":\"https:\/\/gaiapoleeurope.com\/fr\/barres\/quick-lock-permanent-pole\/\",\"name\":\"QUICK LOCK PERMANENT POLE - Gaia Pole\",\"isPartOf\":{\"@id\":\"https:\/\/gaiapoleeurope.com\/fr\/#website\"},\"primaryImageOfPage\":{\"@id\":\"https:\/\/gaiapoleeurope.com\/fr\/barres\/quick-lock-permanent-pole\/#primaryimage\"},\"image\":{\"@id\":\"https:\/\/gaiapoleeurope.com\/fr\/barres\/quick-lock-permanent-pole\/#primaryimage\"},\"thumbnailUrl\":\"https:\/\/gaiapoleeurope.com\/wp-content\/uploads\/2025\/06\/Permanent-Poles.webp\",\"datePublished\":\"2024-07-10T14:16:32+00:00\",\"dateModified\":\"2025-09-10T13:54:08+00:00\",\"description\":\"Le QUICK LOCK PERMANENT POLE est parfait pour ceux qui ont un endroit r\u00e9serv\u00e9 pour s'entra\u00eener et passer de la statique \u00e0 la rotation en un seul clic !\",\"breadcrumb\":{\"@id\":\"https:\/\/gaiapoleeurope.com\/fr\/barres\/quick-lock-permanent-pole\/#breadcrumb\"},\"inLanguage\":\"fr-FR\",\"potentialAction\":[{\"@type\":\"ReadAction\",\"target\":[\"https:\/\/gaiapoleeurope.com\/fr\/barres\/quick-lock-permanent-pole\/\"]}]},{\"@type\":\"ImageObject\",\"inLanguage\":\"fr-FR\",\"@id\":\"https:\/\/gaiapoleeurope.com\/fr\/barres\/quick-lock-permanent-pole\/#primaryimage\",\"url\":\"https:\/\/gaiapoleeurope.com\/wp-content\/uploads\/2025\/06\/Permanent-Poles.webp\",\"contentUrl\":\"https:\/\/gaiapoleeurope.com\/wp-content\/uploads\/2025\/06\/Permanent-Poles.webp\",\"width\":1080,\"height\":1080},{\"@type\":\"BreadcrumbList\",\"@id\":\"https:\/\/gaiapoleeurope.com\/fr\/barres\/quick-lock-permanent-pole\/#breadcrumb\",\"itemListElement\":[{\"@type\":\"ListItem\",\"position\":1,\"name\":\"Home\",\"item\":\"https:\/\/gaiapoleeurope.com\/fr\/\"},{\"@type\":\"ListItem\",\"position\":2,\"name\":\"Boutique\",\"item\":\"https:\/\/gaiapoleeurope.com\/fr\/boutique\/\"},{\"@type\":\"ListItem\",\"position\":3,\"name\":\"Barres\",\"item\":\"https:\/\/gaiapoleeurope.com\/fr\/barres\/\"},{\"@type\":\"ListItem\",\"position\":4,\"name\":\"QUICK LOCK PERMANENT POLE\"}]},{\"@type\":\"WebSite\",\"@id\":\"https:\/\/gaiapoleeurope.com\/fr\/#website\",\"url\":\"https:\/\/gaiapoleeurope.com\/fr\/\",\"name\":\"Gaia Pole\",\"description\":\"\",\"publisher\":{\"@id\":\"https:\/\/gaiapoleeurope.com\/fr\/#organization\"},\"potentialAction\":[{\"@type\":\"SearchAction\",\"target\":{\"@type\":\"EntryPoint\",\"urlTemplate\":\"https:\/\/gaiapoleeurope.com\/fr\/?s={search_term_string}\"},\"query-input\":{\"@type\":\"PropertyValueSpecification\",\"valueRequired\":true,\"valueName\":\"search_term_string\"}}],\"inLanguage\":\"fr-FR\"},{\"@type\":\"Organization\",\"@id\":\"https:\/\/gaiapoleeurope.com\/fr\/#organization\",\"name\":\"Gaia Pole\",\"url\":\"https:\/\/gaiapoleeurope.com\/fr\/\",\"logo\":{\"@type\":\"ImageObject\",\"inLanguage\":\"fr-FR\",\"@id\":\"https:\/\/gaiapoleeurope.com\/fr\/#\/schema\/logo\/image\/\",\"url\":\"https:\/\/gaiapoleeurope.com\/wp-content\/uploads\/2024\/08\/gaia-logo.svg\",\"contentUrl\":\"https:\/\/gaiapoleeurope.com\/wp-content\/uploads\/2024\/08\/gaia-logo.svg\",\"width\":423,\"height\":170,\"caption\":\"Gaia Pole\"},\"image\":{\"@id\":\"https:\/\/gaiapoleeurope.com\/fr\/#\/schema\/logo\/image\/\"},\"sameAs\":[\"https:\/\/www.facebook.com\/gaiapolefitness\"]}]}<\/script>\n<!-- \/ Yoast SEO plugin. -->","yoast_head_json":{"title":"QUICK LOCK PERMANENT POLE - Gaia Pole","description":"Le QUICK LOCK PERMANENT POLE est parfait pour ceux qui ont un endroit r\u00e9serv\u00e9 pour s'entra\u00eener et passer de la statique \u00e0 la rotation en un seul clic !","robots":{"index":"index","follow":"follow","max-snippet":"max-snippet:-1","max-image-preview":"max-image-preview:large","max-video-preview":"max-video-preview:-1"},"canonical":"https:\/\/gaiapoleeurope.com\/fr\/barres\/quick-lock-permanent-pole\/","og_locale":"fr_FR","og_type":"article","og_title":"QUICK LOCK PERMANENT POLE - Gaia Pole","og_description":"Le QUICK LOCK PERMANENT POLE est parfait pour ceux qui ont un endroit r\u00e9serv\u00e9 pour s'entra\u00eener et passer de la statique \u00e0 la rotation en un seul clic !","og_url":"https:\/\/gaiapoleeurope.com\/fr\/barres\/quick-lock-permanent-pole\/","og_site_name":"Gaia Pole","article_publisher":"https:\/\/www.facebook.com\/gaiapolefitness","article_modified_time":"2025-09-10T13:54:08+00:00","og_image":[{"width":1080,"height":1080,"url":"https:\/\/gaiapoleeurope.com\/wp-content\/uploads\/2024\/07\/Capa_Fixa-QL.png","type":"image\/png"}],"twitter_card":"summary_large_image","schema":{"@context":"https:\/\/schema.org","@graph":[{"@type":"WebPage","@id":"https:\/\/gaiapoleeurope.com\/fr\/barres\/quick-lock-permanent-pole\/","url":"https:\/\/gaiapoleeurope.com\/fr\/barres\/quick-lock-permanent-pole\/","name":"QUICK LOCK PERMANENT POLE - Gaia Pole","isPartOf":{"@id":"https:\/\/gaiapoleeurope.com\/fr\/#website"},"primaryImageOfPage":{"@id":"https:\/\/gaiapoleeurope.com\/fr\/barres\/quick-lock-permanent-pole\/#primaryimage"},"image":{"@id":"https:\/\/gaiapoleeurope.com\/fr\/barres\/quick-lock-permanent-pole\/#primaryimage"},"thumbnailUrl":"https:\/\/gaiapoleeurope.com\/wp-content\/uploads\/2025\/06\/Permanent-Poles.webp","datePublished":"2024-07-10T14:16:32+00:00","dateModified":"2025-09-10T13:54:08+00:00","description":"Le QUICK LOCK PERMANENT POLE est parfait pour ceux qui ont un endroit r\u00e9serv\u00e9 pour s'entra\u00eener et passer de la statique \u00e0 la rotation en un seul clic !","breadcrumb":{"@id":"https:\/\/gaiapoleeurope.com\/fr\/barres\/quick-lock-permanent-pole\/#breadcrumb"},"inLanguage":"fr-FR","potentialAction":[{"@type":"ReadAction","target":["https:\/\/gaiapoleeurope.com\/fr\/barres\/quick-lock-permanent-pole\/"]}]},{"@type":"ImageObject","inLanguage":"fr-FR","@id":"https:\/\/gaiapoleeurope.com\/fr\/barres\/quick-lock-permanent-pole\/#primaryimage","url":"https:\/\/gaiapoleeurope.com\/wp-content\/uploads\/2025\/06\/Permanent-Poles.webp","contentUrl":"https:\/\/gaiapoleeurope.com\/wp-content\/uploads\/2025\/06\/Permanent-Poles.webp","width":1080,"height":1080},{"@type":"BreadcrumbList","@id":"https:\/\/gaiapoleeurope.com\/fr\/barres\/quick-lock-permanent-pole\/#breadcrumb","itemListElement":[{"@type":"ListItem","position":1,"name":"Home","item":"https:\/\/gaiapoleeurope.com\/fr\/"},{"@type":"ListItem","position":2,"name":"Boutique","item":"https:\/\/gaiapoleeurope.com\/fr\/boutique\/"},{"@type":"ListItem","position":3,"name":"Barres","item":"https:\/\/gaiapoleeurope.com\/fr\/barres\/"},{"@type":"ListItem","position":4,"name":"QUICK LOCK PERMANENT POLE"}]},{"@type":"WebSite","@id":"https:\/\/gaiapoleeurope.com\/fr\/#website","url":"https:\/\/gaiapoleeurope.com\/fr\/","name":"Gaia Pole","description":"","publisher":{"@id":"https:\/\/gaiapoleeurope.com\/fr\/#organization"},"potentialAction":[{"@type":"SearchAction","target":{"@type":"EntryPoint","urlTemplate":"https:\/\/gaiapoleeurope.com\/fr\/?s={search_term_string}"},"query-input":{"@type":"PropertyValueSpecification","valueRequired":true,"valueName":"search_term_string"}}],"inLanguage":"fr-FR"},{"@type":"Organization","@id":"https:\/\/gaiapoleeurope.com\/fr\/#organization","name":"Gaia Pole","url":"https:\/\/gaiapoleeurope.com\/fr\/","logo":{"@type":"ImageObject","inLanguage":"fr-FR","@id":"https:\/\/gaiapoleeurope.com\/fr\/#\/schema\/logo\/image\/","url":"https:\/\/gaiapoleeurope.com\/wp-content\/uploads\/2024\/08\/gaia-logo.svg","contentUrl":"https:\/\/gaiapoleeurope.com\/wp-content\/uploads\/2024\/08\/gaia-logo.svg","width":423,"height":170,"caption":"Gaia Pole"},"image":{"@id":"https:\/\/gaiapoleeurope.com\/fr\/#\/schema\/logo\/image\/"},"sameAs":["https:\/\/www.facebook.com\/gaiapolefitness"]}]}},"_links":{"self":[{"href":"https:\/\/gaiapoleeurope.com\/fr\/wp-json\/wp\/v2\/product\/62350","targetHints":{"allow":["GET"]}}],"collection":[{"href":"https:\/\/gaiapoleeurope.com\/fr\/wp-json\/wp\/v2\/product"}],"about":[{"href":"https:\/\/gaiapoleeurope.com\/fr\/wp-json\/wp\/v2\/types\/product"}],"replies":[{"embeddable":true,"href":"https:\/\/gaiapoleeurope.com\/fr\/wp-json\/wp\/v2\/comments?post=62350"}],"wp:featuredmedia":[{"embeddable":true,"href":"https:\/\/gaiapoleeurope.com\/fr\/wp-json\/wp\/v2\/media\/62188"}],"wp:attachment":[{"href":"https:\/\/gaiapoleeurope.com\/fr\/wp-json\/wp\/v2\/media?parent=62350"}],"wp:term":[{"taxonomy":"filtro","embeddable":true,"href":"https:\/\/gaiapoleeurope.com\/fr\/wp-json\/wp\/v2\/filtro?post=62350"},{"taxonomy":"product_brand","embeddable":true,"href":"https:\/\/gaiapoleeurope.com\/fr\/wp-json\/wp\/v2\/product_brand?post=62350"},{"taxonomy":"product_cat","embeddable":true,"href":"https:\/\/gaiapoleeurope.com\/fr\/wp-json\/wp\/v2\/product_cat?post=62350"},{"taxonomy":"product_tag","embeddable":true,"href":"https:\/\/gaiapoleeurope.com\/fr\/wp-json\/wp\/v2\/product_tag?post=62350"}],"curies":[{"name":"wp","href":"https:\/\/api.w.org\/{rel}","templated":true}]}}