{"id":62349,"date":"2024-07-10T13:34:20","date_gmt":"2024-07-10T16:34:20","guid":{"rendered":"https:\/\/dev.gaiapole.com\/non%20class\u00e9\/poteau-facile-a-transporter\/"},"modified":"2025-09-11T03:51:45","modified_gmt":"2025-09-11T03:51:45","slug":"easy-portable-pole","status":"publish","type":"product","link":"https:\/\/gaiapoleeurope.com\/fr\/barres\/easy-portable-pole\/","title":{"rendered":"EASY PORTABLE POLE"},"content":{"rendered":"<p>Le EASY PORTABLE POLE s&rsquo;adapte \u00e0 diff\u00e9rentes hauteurs. Mont\u00e9 sous pression et install\u00e9 \u00e0 l&rsquo;aide d&rsquo;une \u00e9chelle, il est totalement amovible, ce qui permet de le transporter facilement avec notre valise rigide optionnelle. De plus, il passe de l&rsquo;\u00e9tat statique \u00e0 l&rsquo;\u00e9tat rotatif en un simple clic.  <\/p>\n","protected":false},"excerpt":{"rendered":"<p>Le EASY PORTABLE POLE s&rsquo;adapte \u00e0 diff\u00e9rentes hauteurs. Mont\u00e9 sous pression et install\u00e9 \u00e0 l&rsquo;aide d&rsquo;une \u00e9chelle, il est totalement amovible, ce qui permet de le transporter facilement avec notre valise rigide optionnelle. De plus, il passe de l&rsquo;\u00e9tat statique \u00e0 l&rsquo;\u00e9tat rotatif en un simple clic.<\/p>\n","protected":false},"featured_media":62035,"comment_status":"open","ping_status":"closed","template":"","meta":{"_acf_changed":false},"filtro":[1164,1154,1161,1158,1169,1149],"product_brand":[],"product_cat":[1078],"product_tag":[1079,1081,1080],"class_list":{"0":"post-62349","1":"product","2":"type-product","3":"status-publish","4":"has-post-thumbnail","6":"filtro-acier-inoxydable","7":"filtro-adaptable-fr","8":"filtro-avec-echelle","9":"filtro-en-un-clic","10":"filtro-makkelijk-mee-te-nemen-fr","11":"filtro-montage-par-pression","12":"product_cat-barres","13":"product_tag-barre-de-pole-dance","14":"product_tag-facile","15":"product_tag-verrouillage-rapide","17":"first","18":"instock","19":"taxable","20":"shipping-taxable","21":"purchasable","22":"product-type-variable","23":"has-default-attributes","24":"add-to-wishlist-before_image"},"acf":[],"yoast_head":"<!-- This site is optimized with the Yoast SEO plugin v26.1.1 - https:\/\/yoast.com\/wordpress\/plugins\/seo\/ -->\n<title>EASY PORTABLE POLE - Gaia Pole<\/title>\n<meta name=\"description\" content=\"Le Easy Portable Pole est id\u00e9al pour ceux qui recherchent la libert\u00e9 et qui aiment tourner. En effet, il est facile \u00e0 transporter.\" \/>\n<meta name=\"robots\" content=\"index, follow, max-snippet:-1, max-image-preview:large, max-video-preview:-1\" \/>\n<link rel=\"canonical\" href=\"https:\/\/gaiapoleeurope.com\/fr\/barres\/easy-portable-pole\/\" \/>\n<meta property=\"og:locale\" content=\"fr_FR\" \/>\n<meta property=\"og:type\" content=\"article\" \/>\n<meta property=\"og:title\" content=\"EASY PORTABLE POLE - Gaia Pole\" \/>\n<meta property=\"og:description\" content=\"Le Easy Portable Pole est id\u00e9al pour ceux qui recherchent la libert\u00e9 et qui aiment tourner. En effet, il est facile \u00e0 transporter.\" \/>\n<meta property=\"og:url\" content=\"https:\/\/gaiapoleeurope.com\/fr\/barres\/easy-portable-pole\/\" \/>\n<meta property=\"og:site_name\" content=\"Gaia Pole\" \/>\n<meta property=\"article:publisher\" content=\"https:\/\/www.facebook.com\/gaiapolefitness\" \/>\n<meta property=\"article:modified_time\" content=\"2025-09-11T03:51:45+00:00\" \/>\n<meta property=\"og:image\" content=\"https:\/\/gaiapoleeurope.com\/wp-content\/uploads\/2025\/06\/capa-portatil-easy.jpg\" \/>\n\t<meta property=\"og:image:width\" content=\"1080\" \/>\n\t<meta property=\"og:image:height\" content=\"1080\" \/>\n\t<meta property=\"og:image:type\" content=\"image\/jpeg\" \/>\n<meta name=\"twitter:card\" content=\"summary_large_image\" \/>\n<script type=\"application\/ld+json\" class=\"yoast-schema-graph\">{\"@context\":\"https:\/\/schema.org\",\"@graph\":[{\"@type\":\"WebPage\",\"@id\":\"https:\/\/gaiapoleeurope.com\/fr\/barres\/easy-portable-pole\/\",\"url\":\"https:\/\/gaiapoleeurope.com\/fr\/barres\/easy-portable-pole\/\",\"name\":\"EASY PORTABLE POLE - Gaia Pole\",\"isPartOf\":{\"@id\":\"https:\/\/gaiapoleeurope.com\/fr\/#website\"},\"primaryImageOfPage\":{\"@id\":\"https:\/\/gaiapoleeurope.com\/fr\/barres\/easy-portable-pole\/#primaryimage\"},\"image\":{\"@id\":\"https:\/\/gaiapoleeurope.com\/fr\/barres\/easy-portable-pole\/#primaryimage\"},\"thumbnailUrl\":\"https:\/\/gaiapoleeurope.com\/wp-content\/uploads\/2025\/06\/capa-portatil-easy.jpg\",\"datePublished\":\"2024-07-10T16:34:20+00:00\",\"dateModified\":\"2025-09-11T03:51:45+00:00\",\"description\":\"Le Easy Portable Pole est id\u00e9al pour ceux qui recherchent la libert\u00e9 et qui aiment tourner. En effet, il est facile \u00e0 transporter.\",\"breadcrumb\":{\"@id\":\"https:\/\/gaiapoleeurope.com\/fr\/barres\/easy-portable-pole\/#breadcrumb\"},\"inLanguage\":\"fr-FR\",\"potentialAction\":[{\"@type\":\"ReadAction\",\"target\":[\"https:\/\/gaiapoleeurope.com\/fr\/barres\/easy-portable-pole\/\"]}]},{\"@type\":\"ImageObject\",\"inLanguage\":\"fr-FR\",\"@id\":\"https:\/\/gaiapoleeurope.com\/fr\/barres\/easy-portable-pole\/#primaryimage\",\"url\":\"https:\/\/gaiapoleeurope.com\/wp-content\/uploads\/2025\/06\/capa-portatil-easy.jpg\",\"contentUrl\":\"https:\/\/gaiapoleeurope.com\/wp-content\/uploads\/2025\/06\/capa-portatil-easy.jpg\",\"width\":1080,\"height\":1080},{\"@type\":\"BreadcrumbList\",\"@id\":\"https:\/\/gaiapoleeurope.com\/fr\/barres\/easy-portable-pole\/#breadcrumb\",\"itemListElement\":[{\"@type\":\"ListItem\",\"position\":1,\"name\":\"Home\",\"item\":\"https:\/\/gaiapoleeurope.com\/fr\/\"},{\"@type\":\"ListItem\",\"position\":2,\"name\":\"Boutique\",\"item\":\"https:\/\/gaiapoleeurope.com\/fr\/boutique\/\"},{\"@type\":\"ListItem\",\"position\":3,\"name\":\"Barres\",\"item\":\"https:\/\/gaiapoleeurope.com\/fr\/barres\/\"},{\"@type\":\"ListItem\",\"position\":4,\"name\":\"EASY PORTABLE POLE\"}]},{\"@type\":\"WebSite\",\"@id\":\"https:\/\/gaiapoleeurope.com\/fr\/#website\",\"url\":\"https:\/\/gaiapoleeurope.com\/fr\/\",\"name\":\"Gaia Pole\",\"description\":\"\",\"publisher\":{\"@id\":\"https:\/\/gaiapoleeurope.com\/fr\/#organization\"},\"potentialAction\":[{\"@type\":\"SearchAction\",\"target\":{\"@type\":\"EntryPoint\",\"urlTemplate\":\"https:\/\/gaiapoleeurope.com\/fr\/?s={search_term_string}\"},\"query-input\":{\"@type\":\"PropertyValueSpecification\",\"valueRequired\":true,\"valueName\":\"search_term_string\"}}],\"inLanguage\":\"fr-FR\"},{\"@type\":\"Organization\",\"@id\":\"https:\/\/gaiapoleeurope.com\/fr\/#organization\",\"name\":\"Gaia Pole\",\"url\":\"https:\/\/gaiapoleeurope.com\/fr\/\",\"logo\":{\"@type\":\"ImageObject\",\"inLanguage\":\"fr-FR\",\"@id\":\"https:\/\/gaiapoleeurope.com\/fr\/#\/schema\/logo\/image\/\",\"url\":\"https:\/\/gaiapoleeurope.com\/wp-content\/uploads\/2024\/08\/gaia-logo.svg\",\"contentUrl\":\"https:\/\/gaiapoleeurope.com\/wp-content\/uploads\/2024\/08\/gaia-logo.svg\",\"width\":423,\"height\":170,\"caption\":\"Gaia Pole\"},\"image\":{\"@id\":\"https:\/\/gaiapoleeurope.com\/fr\/#\/schema\/logo\/image\/\"},\"sameAs\":[\"https:\/\/www.facebook.com\/gaiapolefitness\"]}]}<\/script>\n<!-- \/ Yoast SEO plugin. -->","yoast_head_json":{"title":"EASY PORTABLE POLE - Gaia Pole","description":"Le Easy Portable Pole est id\u00e9al pour ceux qui recherchent la libert\u00e9 et qui aiment tourner. En effet, il est facile \u00e0 transporter.","robots":{"index":"index","follow":"follow","max-snippet":"max-snippet:-1","max-image-preview":"max-image-preview:large","max-video-preview":"max-video-preview:-1"},"canonical":"https:\/\/gaiapoleeurope.com\/fr\/barres\/easy-portable-pole\/","og_locale":"fr_FR","og_type":"article","og_title":"EASY PORTABLE POLE - Gaia Pole","og_description":"Le Easy Portable Pole est id\u00e9al pour ceux qui recherchent la libert\u00e9 et qui aiment tourner. En effet, il est facile \u00e0 transporter.","og_url":"https:\/\/gaiapoleeurope.com\/fr\/barres\/easy-portable-pole\/","og_site_name":"Gaia Pole","article_publisher":"https:\/\/www.facebook.com\/gaiapolefitness","article_modified_time":"2025-09-11T03:51:45+00:00","og_image":[{"width":1080,"height":1080,"url":"https:\/\/gaiapoleeurope.com\/wp-content\/uploads\/2025\/06\/capa-portatil-easy.jpg","type":"image\/jpeg"}],"twitter_card":"summary_large_image","schema":{"@context":"https:\/\/schema.org","@graph":[{"@type":"WebPage","@id":"https:\/\/gaiapoleeurope.com\/fr\/barres\/easy-portable-pole\/","url":"https:\/\/gaiapoleeurope.com\/fr\/barres\/easy-portable-pole\/","name":"EASY PORTABLE POLE - Gaia Pole","isPartOf":{"@id":"https:\/\/gaiapoleeurope.com\/fr\/#website"},"primaryImageOfPage":{"@id":"https:\/\/gaiapoleeurope.com\/fr\/barres\/easy-portable-pole\/#primaryimage"},"image":{"@id":"https:\/\/gaiapoleeurope.com\/fr\/barres\/easy-portable-pole\/#primaryimage"},"thumbnailUrl":"https:\/\/gaiapoleeurope.com\/wp-content\/uploads\/2025\/06\/capa-portatil-easy.jpg","datePublished":"2024-07-10T16:34:20+00:00","dateModified":"2025-09-11T03:51:45+00:00","description":"Le Easy Portable Pole est id\u00e9al pour ceux qui recherchent la libert\u00e9 et qui aiment tourner. En effet, il est facile \u00e0 transporter.","breadcrumb":{"@id":"https:\/\/gaiapoleeurope.com\/fr\/barres\/easy-portable-pole\/#breadcrumb"},"inLanguage":"fr-FR","potentialAction":[{"@type":"ReadAction","target":["https:\/\/gaiapoleeurope.com\/fr\/barres\/easy-portable-pole\/"]}]},{"@type":"ImageObject","inLanguage":"fr-FR","@id":"https:\/\/gaiapoleeurope.com\/fr\/barres\/easy-portable-pole\/#primaryimage","url":"https:\/\/gaiapoleeurope.com\/wp-content\/uploads\/2025\/06\/capa-portatil-easy.jpg","contentUrl":"https:\/\/gaiapoleeurope.com\/wp-content\/uploads\/2025\/06\/capa-portatil-easy.jpg","width":1080,"height":1080},{"@type":"BreadcrumbList","@id":"https:\/\/gaiapoleeurope.com\/fr\/barres\/easy-portable-pole\/#breadcrumb","itemListElement":[{"@type":"ListItem","position":1,"name":"Home","item":"https:\/\/gaiapoleeurope.com\/fr\/"},{"@type":"ListItem","position":2,"name":"Boutique","item":"https:\/\/gaiapoleeurope.com\/fr\/boutique\/"},{"@type":"ListItem","position":3,"name":"Barres","item":"https:\/\/gaiapoleeurope.com\/fr\/barres\/"},{"@type":"ListItem","position":4,"name":"EASY PORTABLE POLE"}]},{"@type":"WebSite","@id":"https:\/\/gaiapoleeurope.com\/fr\/#website","url":"https:\/\/gaiapoleeurope.com\/fr\/","name":"Gaia Pole","description":"","publisher":{"@id":"https:\/\/gaiapoleeurope.com\/fr\/#organization"},"potentialAction":[{"@type":"SearchAction","target":{"@type":"EntryPoint","urlTemplate":"https:\/\/gaiapoleeurope.com\/fr\/?s={search_term_string}"},"query-input":{"@type":"PropertyValueSpecification","valueRequired":true,"valueName":"search_term_string"}}],"inLanguage":"fr-FR"},{"@type":"Organization","@id":"https:\/\/gaiapoleeurope.com\/fr\/#organization","name":"Gaia Pole","url":"https:\/\/gaiapoleeurope.com\/fr\/","logo":{"@type":"ImageObject","inLanguage":"fr-FR","@id":"https:\/\/gaiapoleeurope.com\/fr\/#\/schema\/logo\/image\/","url":"https:\/\/gaiapoleeurope.com\/wp-content\/uploads\/2024\/08\/gaia-logo.svg","contentUrl":"https:\/\/gaiapoleeurope.com\/wp-content\/uploads\/2024\/08\/gaia-logo.svg","width":423,"height":170,"caption":"Gaia Pole"},"image":{"@id":"https:\/\/gaiapoleeurope.com\/fr\/#\/schema\/logo\/image\/"},"sameAs":["https:\/\/www.facebook.com\/gaiapolefitness"]}]}},"_links":{"self":[{"href":"https:\/\/gaiapoleeurope.com\/fr\/wp-json\/wp\/v2\/product\/62349","targetHints":{"allow":["GET"]}}],"collection":[{"href":"https:\/\/gaiapoleeurope.com\/fr\/wp-json\/wp\/v2\/product"}],"about":[{"href":"https:\/\/gaiapoleeurope.com\/fr\/wp-json\/wp\/v2\/types\/product"}],"replies":[{"embeddable":true,"href":"https:\/\/gaiapoleeurope.com\/fr\/wp-json\/wp\/v2\/comments?post=62349"}],"wp:featuredmedia":[{"embeddable":true,"href":"https:\/\/gaiapoleeurope.com\/fr\/wp-json\/wp\/v2\/media\/62035"}],"wp:attachment":[{"href":"https:\/\/gaiapoleeurope.com\/fr\/wp-json\/wp\/v2\/media?parent=62349"}],"wp:term":[{"taxonomy":"filtro","embeddable":true,"href":"https:\/\/gaiapoleeurope.com\/fr\/wp-json\/wp\/v2\/filtro?post=62349"},{"taxonomy":"product_brand","embeddable":true,"href":"https:\/\/gaiapoleeurope.com\/fr\/wp-json\/wp\/v2\/product_brand?post=62349"},{"taxonomy":"product_cat","embeddable":true,"href":"https:\/\/gaiapoleeurope.com\/fr\/wp-json\/wp\/v2\/product_cat?post=62349"},{"taxonomy":"product_tag","embeddable":true,"href":"https:\/\/gaiapoleeurope.com\/fr\/wp-json\/wp\/v2\/product_tag?post=62349"}],"curies":[{"name":"wp","href":"https:\/\/api.w.org\/{rel}","templated":true}]}}