{"id":64038,"date":"2024-07-26T09:45:27","date_gmt":"2024-07-26T09:45:27","guid":{"rendered":"https:\/\/dev.gaiapole.com\/solutions\/"},"modified":"2025-08-20T13:03:56","modified_gmt":"2025-08-20T13:03:56","slug":"solutions","status":"publish","type":"page","link":"https:\/\/gaiapoleeurope.com\/fr\/solutions\/","title":{"rendered":"Solutions"},"content":{"rendered":"","protected":false},"excerpt":{"rendered":"","protected":false},"author":1,"featured_media":0,"parent":0,"menu_order":0,"comment_status":"closed","ping_status":"closed","template":"template-page-solucoes.php","meta":{"_acf_changed":false,"footnotes":""},"class_list":["post-64038","page","type-page","status-publish","hentry"],"acf":[],"yoast_head":"<!-- This site is optimized with the Yoast SEO plugin v26.1.1 - https:\/\/yoast.com\/wordpress\/plugins\/seo\/ -->\n<title>Solutions - Gaia Pole<\/title>\n<meta name=\"description\" content=\"Solutions compl\u00e8tes pour studios de pole dance : barres, sc\u00e8nes, accessoires et support sp\u00e9cialis\u00e9.\" \/>\n<meta name=\"robots\" content=\"index, follow, max-snippet:-1, max-image-preview:large, max-video-preview:-1\" \/>\n<link rel=\"canonical\" href=\"https:\/\/gaiapoleeurope.com\/fr\/solutions\/\" \/>\n<meta property=\"og:locale\" content=\"fr_FR\" \/>\n<meta property=\"og:type\" content=\"article\" \/>\n<meta property=\"og:title\" content=\"Solutions - Gaia Pole\" \/>\n<meta property=\"og:description\" content=\"Solutions compl\u00e8tes pour studios de pole dance : barres, sc\u00e8nes, accessoires et support sp\u00e9cialis\u00e9.\" \/>\n<meta property=\"og:url\" content=\"https:\/\/gaiapoleeurope.com\/fr\/solutions\/\" \/>\n<meta property=\"og:site_name\" content=\"Gaia Pole\" \/>\n<meta property=\"article:publisher\" content=\"https:\/\/www.facebook.com\/gaiapolefitness\" \/>\n<meta property=\"article:modified_time\" content=\"2025-08-20T13:03:56+00:00\" \/>\n<meta name=\"twitter:card\" content=\"summary_large_image\" \/>\n<script type=\"application\/ld+json\" class=\"yoast-schema-graph\">{\"@context\":\"https:\/\/schema.org\",\"@graph\":[{\"@type\":\"WebPage\",\"@id\":\"https:\/\/gaiapoleeurope.com\/fr\/solutions\/\",\"url\":\"https:\/\/gaiapoleeurope.com\/fr\/solutions\/\",\"name\":\"Solutions - Gaia Pole\",\"isPartOf\":{\"@id\":\"https:\/\/gaiapoleeurope.com\/fr\/#website\"},\"datePublished\":\"2024-07-26T09:45:27+00:00\",\"dateModified\":\"2025-08-20T13:03:56+00:00\",\"description\":\"Solutions compl\u00e8tes pour studios de pole dance : barres, sc\u00e8nes, accessoires et support sp\u00e9cialis\u00e9.\",\"breadcrumb\":{\"@id\":\"https:\/\/gaiapoleeurope.com\/fr\/solutions\/#breadcrumb\"},\"inLanguage\":\"fr-FR\",\"potentialAction\":[{\"@type\":\"ReadAction\",\"target\":[\"https:\/\/gaiapoleeurope.com\/fr\/solutions\/\"]}]},{\"@type\":\"BreadcrumbList\",\"@id\":\"https:\/\/gaiapoleeurope.com\/fr\/solutions\/#breadcrumb\",\"itemListElement\":[{\"@type\":\"ListItem\",\"position\":1,\"name\":\"Home\",\"item\":\"https:\/\/gaiapoleeurope.com\/fr\/\"},{\"@type\":\"ListItem\",\"position\":2,\"name\":\"Solutions\"}]},{\"@type\":\"WebSite\",\"@id\":\"https:\/\/gaiapoleeurope.com\/fr\/#website\",\"url\":\"https:\/\/gaiapoleeurope.com\/fr\/\",\"name\":\"Gaia Pole\",\"description\":\"\",\"publisher\":{\"@id\":\"https:\/\/gaiapoleeurope.com\/fr\/#organization\"},\"potentialAction\":[{\"@type\":\"SearchAction\",\"target\":{\"@type\":\"EntryPoint\",\"urlTemplate\":\"https:\/\/gaiapoleeurope.com\/fr\/?s={search_term_string}\"},\"query-input\":{\"@type\":\"PropertyValueSpecification\",\"valueRequired\":true,\"valueName\":\"search_term_string\"}}],\"inLanguage\":\"fr-FR\"},{\"@type\":\"Organization\",\"@id\":\"https:\/\/gaiapoleeurope.com\/fr\/#organization\",\"name\":\"Gaia Pole\",\"url\":\"https:\/\/gaiapoleeurope.com\/fr\/\",\"logo\":{\"@type\":\"ImageObject\",\"inLanguage\":\"fr-FR\",\"@id\":\"https:\/\/gaiapoleeurope.com\/fr\/#\/schema\/logo\/image\/\",\"url\":\"https:\/\/gaiapoleeurope.com\/wp-content\/uploads\/2024\/08\/gaia-logo.svg\",\"contentUrl\":\"https:\/\/gaiapoleeurope.com\/wp-content\/uploads\/2024\/08\/gaia-logo.svg\",\"width\":423,\"height\":170,\"caption\":\"Gaia Pole\"},\"image\":{\"@id\":\"https:\/\/gaiapoleeurope.com\/fr\/#\/schema\/logo\/image\/\"},\"sameAs\":[\"https:\/\/www.facebook.com\/gaiapolefitness\"]}]}<\/script>\n<!-- \/ Yoast SEO plugin. -->","yoast_head_json":{"title":"Solutions - Gaia Pole","description":"Solutions compl\u00e8tes pour studios de pole dance : barres, sc\u00e8nes, accessoires et support sp\u00e9cialis\u00e9.","robots":{"index":"index","follow":"follow","max-snippet":"max-snippet:-1","max-image-preview":"max-image-preview:large","max-video-preview":"max-video-preview:-1"},"canonical":"https:\/\/gaiapoleeurope.com\/fr\/solutions\/","og_locale":"fr_FR","og_type":"article","og_title":"Solutions - Gaia Pole","og_description":"Solutions compl\u00e8tes pour studios de pole dance : barres, sc\u00e8nes, accessoires et support sp\u00e9cialis\u00e9.","og_url":"https:\/\/gaiapoleeurope.com\/fr\/solutions\/","og_site_name":"Gaia Pole","article_publisher":"https:\/\/www.facebook.com\/gaiapolefitness","article_modified_time":"2025-08-20T13:03:56+00:00","twitter_card":"summary_large_image","schema":{"@context":"https:\/\/schema.org","@graph":[{"@type":"WebPage","@id":"https:\/\/gaiapoleeurope.com\/fr\/solutions\/","url":"https:\/\/gaiapoleeurope.com\/fr\/solutions\/","name":"Solutions - Gaia Pole","isPartOf":{"@id":"https:\/\/gaiapoleeurope.com\/fr\/#website"},"datePublished":"2024-07-26T09:45:27+00:00","dateModified":"2025-08-20T13:03:56+00:00","description":"Solutions compl\u00e8tes pour studios de pole dance : barres, sc\u00e8nes, accessoires et support sp\u00e9cialis\u00e9.","breadcrumb":{"@id":"https:\/\/gaiapoleeurope.com\/fr\/solutions\/#breadcrumb"},"inLanguage":"fr-FR","potentialAction":[{"@type":"ReadAction","target":["https:\/\/gaiapoleeurope.com\/fr\/solutions\/"]}]},{"@type":"BreadcrumbList","@id":"https:\/\/gaiapoleeurope.com\/fr\/solutions\/#breadcrumb","itemListElement":[{"@type":"ListItem","position":1,"name":"Home","item":"https:\/\/gaiapoleeurope.com\/fr\/"},{"@type":"ListItem","position":2,"name":"Solutions"}]},{"@type":"WebSite","@id":"https:\/\/gaiapoleeurope.com\/fr\/#website","url":"https:\/\/gaiapoleeurope.com\/fr\/","name":"Gaia Pole","description":"","publisher":{"@id":"https:\/\/gaiapoleeurope.com\/fr\/#organization"},"potentialAction":[{"@type":"SearchAction","target":{"@type":"EntryPoint","urlTemplate":"https:\/\/gaiapoleeurope.com\/fr\/?s={search_term_string}"},"query-input":{"@type":"PropertyValueSpecification","valueRequired":true,"valueName":"search_term_string"}}],"inLanguage":"fr-FR"},{"@type":"Organization","@id":"https:\/\/gaiapoleeurope.com\/fr\/#organization","name":"Gaia Pole","url":"https:\/\/gaiapoleeurope.com\/fr\/","logo":{"@type":"ImageObject","inLanguage":"fr-FR","@id":"https:\/\/gaiapoleeurope.com\/fr\/#\/schema\/logo\/image\/","url":"https:\/\/gaiapoleeurope.com\/wp-content\/uploads\/2024\/08\/gaia-logo.svg","contentUrl":"https:\/\/gaiapoleeurope.com\/wp-content\/uploads\/2024\/08\/gaia-logo.svg","width":423,"height":170,"caption":"Gaia Pole"},"image":{"@id":"https:\/\/gaiapoleeurope.com\/fr\/#\/schema\/logo\/image\/"},"sameAs":["https:\/\/www.facebook.com\/gaiapolefitness"]}]}},"_links":{"self":[{"href":"https:\/\/gaiapoleeurope.com\/fr\/wp-json\/wp\/v2\/pages\/64038","targetHints":{"allow":["GET"]}}],"collection":[{"href":"https:\/\/gaiapoleeurope.com\/fr\/wp-json\/wp\/v2\/pages"}],"about":[{"href":"https:\/\/gaiapoleeurope.com\/fr\/wp-json\/wp\/v2\/types\/page"}],"author":[{"embeddable":true,"href":"https:\/\/gaiapoleeurope.com\/fr\/wp-json\/wp\/v2\/users\/1"}],"replies":[{"embeddable":true,"href":"https:\/\/gaiapoleeurope.com\/fr\/wp-json\/wp\/v2\/comments?post=64038"}],"version-history":[{"count":1,"href":"https:\/\/gaiapoleeurope.com\/fr\/wp-json\/wp\/v2\/pages\/64038\/revisions"}],"predecessor-version":[{"id":69529,"href":"https:\/\/gaiapoleeurope.com\/fr\/wp-json\/wp\/v2\/pages\/64038\/revisions\/69529"}],"wp:attachment":[{"href":"https:\/\/gaiapoleeurope.com\/fr\/wp-json\/wp\/v2\/media?parent=64038"}],"curies":[{"name":"wp","href":"https:\/\/api.w.org\/{rel}","templated":true}]}}