{"id":69936,"date":"2024-07-10T13:36:38","date_gmt":"2024-07-10T16:36:38","guid":{"rendered":"https:\/\/dev.gaiapole.com\/sin%20categor\u00eda\/all-in-one-articulated-portable-pole\/"},"modified":"2025-08-22T12:29:14","modified_gmt":"2025-08-22T12:29:14","slug":"all-in-one-articulated-portable-pole","status":"publish","type":"product","link":"https:\/\/gaiapoleeurope.com\/es\/barras\/all-in-one-articulated-portable-pole\/","title":{"rendered":"ALL IN ONE ARTICULATED PORTABLE POLE"},"content":{"rendered":"<p>El ALL IN ONE ARTICULATED AND PORTABLE POLE realmente lo tiene todo. \u00a1Es el pole m\u00e1s completo del mundo! Esta tecnolog\u00eda patentada es diferente a todas las dem\u00e1s desmontables del mercado y puede guardarse fijado al techo cuando no est\u00e1 en uso. Adem\u00e1s, es totalmente desmontable, lo que facilita su transporte y permite montarlo en una gran variedad de alturas. Cuenta con funciones de spinning y est\u00e1tico, pudiendo cambiar de una a otra con un simple clic    <\/p>\n","protected":false},"excerpt":{"rendered":"<p>El ALL IN ONE ARTICULATED AND PORTABLE POLE realmente lo tiene todo. \u00a1Es el pole m\u00e1s completo del mundo! Esta tecnolog\u00eda patentada es diferente a todas las dem\u00e1s desmontables del mercado y puede guardarse fijado al techo cuando no est\u00e1 en uso. Adem\u00e1s, es totalmente desmontable, lo que facilita su transporte y permite montarlo en [&hellip;]<\/p>\n","protected":false},"featured_media":68662,"comment_status":"open","ping_status":"closed","template":"","meta":{"_acf_changed":false},"filtro":[1653,1988,1719,1989,1649,1721,1720],"product_brand":[],"product_cat":[1658],"product_tag":[2013,2016,1942,2017,1724,2014,2012,1569,1901,2015],"class_list":{"0":"post-69936","1":"product","2":"type-product","3":"status-publish","4":"has-post-thumbnail","6":"filtro-acero-inoxidable","7":"filtro-adaptable-es","8":"filtro-con-un-solo-clic","9":"filtro-facil-de-transportar-es","10":"filtro-instalacion-por-presion","11":"filtro-libera-espacio-facilmente","12":"filtro-sin-necesidad-de-escalera","13":"product_cat-barras","14":"product_tag-acero-inoxidable-es","15":"product_tag-all-in-one-articulated-pole-es","16":"product_tag-articulada-es","17":"product_tag-articulated-pole-es","18":"product_tag-barra-de-pole-dance-es","19":"product_tag-estatico-es","20":"product_tag-instalado-a-presion","21":"product_tag-portatil-es","22":"product_tag-quick-lock-es","23":"product_tag-spinning-es","25":"first","26":"instock","27":"taxable","28":"shipping-taxable","29":"purchasable","30":"product-type-variable","31":"has-default-attributes","32":"add-to-wishlist-before_image"},"acf":[],"yoast_head":"<!-- This site is optimized with the Yoast SEO plugin v26.1.1 - https:\/\/yoast.com\/wordpress\/plugins\/seo\/ -->\n<title>ALL IN ONE ARTICULATED PORTABLE POLE - Gaia Pole<\/title>\n<meta name=\"description\" content=\"El ALL IN ONE ARTICULATED POLE es el pole m\u00e1s completo del mundo. \u00a1Esta tecnolog\u00eda patentada es diferente a todas las dem\u00e1s desmontables del mercado!\" \/>\n<meta name=\"robots\" content=\"index, follow, max-snippet:-1, max-image-preview:large, max-video-preview:-1\" \/>\n<link rel=\"canonical\" href=\"https:\/\/gaiapoleeurope.com\/es\/barras\/all-in-one-articulated-portable-pole\/\" \/>\n<meta property=\"og:locale\" content=\"es_ES\" \/>\n<meta property=\"og:type\" content=\"article\" \/>\n<meta property=\"og:title\" content=\"ALL IN ONE ARTICULATED PORTABLE POLE - Gaia Pole\" \/>\n<meta property=\"og:description\" content=\"El ALL IN ONE ARTICULATED POLE es el pole m\u00e1s completo del mundo. \u00a1Esta tecnolog\u00eda patentada es diferente a todas las dem\u00e1s desmontables del mercado!\" \/>\n<meta property=\"og:url\" content=\"https:\/\/gaiapoleeurope.com\/es\/barras\/all-in-one-articulated-portable-pole\/\" \/>\n<meta property=\"og:site_name\" content=\"Gaia Pole\" \/>\n<meta property=\"article:publisher\" content=\"https:\/\/www.facebook.com\/gaiapolefitness\" \/>\n<meta property=\"article:modified_time\" content=\"2025-08-22T12:29:14+00:00\" \/>\n<meta property=\"og:image\" content=\"https:\/\/gaiapoleeurope.com\/wp-content\/uploads\/2025\/06\/capa-all-in-one.jpg\" \/>\n\t<meta property=\"og:image:width\" content=\"1080\" \/>\n\t<meta property=\"og:image:height\" content=\"1080\" \/>\n\t<meta property=\"og:image:type\" content=\"image\/jpeg\" \/>\n<meta name=\"twitter:card\" content=\"summary_large_image\" \/>\n<script type=\"application\/ld+json\" class=\"yoast-schema-graph\">{\"@context\":\"https:\/\/schema.org\",\"@graph\":[{\"@type\":\"WebPage\",\"@id\":\"https:\/\/gaiapoleeurope.com\/es\/barras\/all-in-one-articulated-portable-pole\/\",\"url\":\"https:\/\/gaiapoleeurope.com\/es\/barras\/all-in-one-articulated-portable-pole\/\",\"name\":\"ALL IN ONE ARTICULATED PORTABLE POLE - Gaia Pole\",\"isPartOf\":{\"@id\":\"https:\/\/gaiapoleeurope.com\/es\/#website\"},\"primaryImageOfPage\":{\"@id\":\"https:\/\/gaiapoleeurope.com\/es\/barras\/all-in-one-articulated-portable-pole\/#primaryimage\"},\"image\":{\"@id\":\"https:\/\/gaiapoleeurope.com\/es\/barras\/all-in-one-articulated-portable-pole\/#primaryimage\"},\"thumbnailUrl\":\"https:\/\/gaiapoleeurope.com\/wp-content\/uploads\/2025\/06\/capa-all-in-one.jpg\",\"datePublished\":\"2024-07-10T16:36:38+00:00\",\"dateModified\":\"2025-08-22T12:29:14+00:00\",\"description\":\"El ALL IN ONE ARTICULATED POLE es el pole m\u00e1s completo del mundo. \u00a1Esta tecnolog\u00eda patentada es diferente a todas las dem\u00e1s desmontables del mercado!\",\"breadcrumb\":{\"@id\":\"https:\/\/gaiapoleeurope.com\/es\/barras\/all-in-one-articulated-portable-pole\/#breadcrumb\"},\"inLanguage\":\"es\",\"potentialAction\":[{\"@type\":\"ReadAction\",\"target\":[\"https:\/\/gaiapoleeurope.com\/es\/barras\/all-in-one-articulated-portable-pole\/\"]}]},{\"@type\":\"ImageObject\",\"inLanguage\":\"es\",\"@id\":\"https:\/\/gaiapoleeurope.com\/es\/barras\/all-in-one-articulated-portable-pole\/#primaryimage\",\"url\":\"https:\/\/gaiapoleeurope.com\/wp-content\/uploads\/2025\/06\/capa-all-in-one.jpg\",\"contentUrl\":\"https:\/\/gaiapoleeurope.com\/wp-content\/uploads\/2025\/06\/capa-all-in-one.jpg\",\"width\":1080,\"height\":1080},{\"@type\":\"BreadcrumbList\",\"@id\":\"https:\/\/gaiapoleeurope.com\/es\/barras\/all-in-one-articulated-portable-pole\/#breadcrumb\",\"itemListElement\":[{\"@type\":\"ListItem\",\"position\":1,\"name\":\"Home\",\"item\":\"https:\/\/gaiapoleeurope.com\/es\/\"},{\"@type\":\"ListItem\",\"position\":2,\"name\":\"P\u00e1gina de la loja\",\"item\":\"https:\/\/gaiapoleeurope.com\/es\/pagina-de-la-loja\/\"},{\"@type\":\"ListItem\",\"position\":3,\"name\":\"Barras\",\"item\":\"https:\/\/gaiapoleeurope.com\/es\/barras\/\"},{\"@type\":\"ListItem\",\"position\":4,\"name\":\"ALL IN ONE ARTICULATED PORTABLE POLE\"}]},{\"@type\":\"WebSite\",\"@id\":\"https:\/\/gaiapoleeurope.com\/es\/#website\",\"url\":\"https:\/\/gaiapoleeurope.com\/es\/\",\"name\":\"Gaia Pole\",\"description\":\"\",\"publisher\":{\"@id\":\"https:\/\/gaiapoleeurope.com\/es\/#organization\"},\"potentialAction\":[{\"@type\":\"SearchAction\",\"target\":{\"@type\":\"EntryPoint\",\"urlTemplate\":\"https:\/\/gaiapoleeurope.com\/es\/?s={search_term_string}\"},\"query-input\":{\"@type\":\"PropertyValueSpecification\",\"valueRequired\":true,\"valueName\":\"search_term_string\"}}],\"inLanguage\":\"es\"},{\"@type\":\"Organization\",\"@id\":\"https:\/\/gaiapoleeurope.com\/es\/#organization\",\"name\":\"Gaia Pole\",\"url\":\"https:\/\/gaiapoleeurope.com\/es\/\",\"logo\":{\"@type\":\"ImageObject\",\"inLanguage\":\"es\",\"@id\":\"https:\/\/gaiapoleeurope.com\/es\/#\/schema\/logo\/image\/\",\"url\":\"https:\/\/gaiapoleeurope.com\/wp-content\/uploads\/2024\/08\/gaia-logo.svg\",\"contentUrl\":\"https:\/\/gaiapoleeurope.com\/wp-content\/uploads\/2024\/08\/gaia-logo.svg\",\"width\":423,\"height\":170,\"caption\":\"Gaia Pole\"},\"image\":{\"@id\":\"https:\/\/gaiapoleeurope.com\/es\/#\/schema\/logo\/image\/\"},\"sameAs\":[\"https:\/\/www.facebook.com\/gaiapolefitness\"]}]}<\/script>\n<!-- \/ Yoast SEO plugin. -->","yoast_head_json":{"title":"ALL IN ONE ARTICULATED PORTABLE POLE - Gaia Pole","description":"El ALL IN ONE ARTICULATED POLE es el pole m\u00e1s completo del mundo. \u00a1Esta tecnolog\u00eda patentada es diferente a todas las dem\u00e1s desmontables del mercado!","robots":{"index":"index","follow":"follow","max-snippet":"max-snippet:-1","max-image-preview":"max-image-preview:large","max-video-preview":"max-video-preview:-1"},"canonical":"https:\/\/gaiapoleeurope.com\/es\/barras\/all-in-one-articulated-portable-pole\/","og_locale":"es_ES","og_type":"article","og_title":"ALL IN ONE ARTICULATED PORTABLE POLE - Gaia Pole","og_description":"El ALL IN ONE ARTICULATED POLE es el pole m\u00e1s completo del mundo. \u00a1Esta tecnolog\u00eda patentada es diferente a todas las dem\u00e1s desmontables del mercado!","og_url":"https:\/\/gaiapoleeurope.com\/es\/barras\/all-in-one-articulated-portable-pole\/","og_site_name":"Gaia Pole","article_publisher":"https:\/\/www.facebook.com\/gaiapolefitness","article_modified_time":"2025-08-22T12:29:14+00:00","og_image":[{"width":1080,"height":1080,"url":"https:\/\/gaiapoleeurope.com\/wp-content\/uploads\/2025\/06\/capa-all-in-one.jpg","type":"image\/jpeg"}],"twitter_card":"summary_large_image","schema":{"@context":"https:\/\/schema.org","@graph":[{"@type":"WebPage","@id":"https:\/\/gaiapoleeurope.com\/es\/barras\/all-in-one-articulated-portable-pole\/","url":"https:\/\/gaiapoleeurope.com\/es\/barras\/all-in-one-articulated-portable-pole\/","name":"ALL IN ONE ARTICULATED PORTABLE POLE - Gaia Pole","isPartOf":{"@id":"https:\/\/gaiapoleeurope.com\/es\/#website"},"primaryImageOfPage":{"@id":"https:\/\/gaiapoleeurope.com\/es\/barras\/all-in-one-articulated-portable-pole\/#primaryimage"},"image":{"@id":"https:\/\/gaiapoleeurope.com\/es\/barras\/all-in-one-articulated-portable-pole\/#primaryimage"},"thumbnailUrl":"https:\/\/gaiapoleeurope.com\/wp-content\/uploads\/2025\/06\/capa-all-in-one.jpg","datePublished":"2024-07-10T16:36:38+00:00","dateModified":"2025-08-22T12:29:14+00:00","description":"El ALL IN ONE ARTICULATED POLE es el pole m\u00e1s completo del mundo. \u00a1Esta tecnolog\u00eda patentada es diferente a todas las dem\u00e1s desmontables del mercado!","breadcrumb":{"@id":"https:\/\/gaiapoleeurope.com\/es\/barras\/all-in-one-articulated-portable-pole\/#breadcrumb"},"inLanguage":"es","potentialAction":[{"@type":"ReadAction","target":["https:\/\/gaiapoleeurope.com\/es\/barras\/all-in-one-articulated-portable-pole\/"]}]},{"@type":"ImageObject","inLanguage":"es","@id":"https:\/\/gaiapoleeurope.com\/es\/barras\/all-in-one-articulated-portable-pole\/#primaryimage","url":"https:\/\/gaiapoleeurope.com\/wp-content\/uploads\/2025\/06\/capa-all-in-one.jpg","contentUrl":"https:\/\/gaiapoleeurope.com\/wp-content\/uploads\/2025\/06\/capa-all-in-one.jpg","width":1080,"height":1080},{"@type":"BreadcrumbList","@id":"https:\/\/gaiapoleeurope.com\/es\/barras\/all-in-one-articulated-portable-pole\/#breadcrumb","itemListElement":[{"@type":"ListItem","position":1,"name":"Home","item":"https:\/\/gaiapoleeurope.com\/es\/"},{"@type":"ListItem","position":2,"name":"P\u00e1gina de la loja","item":"https:\/\/gaiapoleeurope.com\/es\/pagina-de-la-loja\/"},{"@type":"ListItem","position":3,"name":"Barras","item":"https:\/\/gaiapoleeurope.com\/es\/barras\/"},{"@type":"ListItem","position":4,"name":"ALL IN ONE ARTICULATED PORTABLE POLE"}]},{"@type":"WebSite","@id":"https:\/\/gaiapoleeurope.com\/es\/#website","url":"https:\/\/gaiapoleeurope.com\/es\/","name":"Gaia Pole","description":"","publisher":{"@id":"https:\/\/gaiapoleeurope.com\/es\/#organization"},"potentialAction":[{"@type":"SearchAction","target":{"@type":"EntryPoint","urlTemplate":"https:\/\/gaiapoleeurope.com\/es\/?s={search_term_string}"},"query-input":{"@type":"PropertyValueSpecification","valueRequired":true,"valueName":"search_term_string"}}],"inLanguage":"es"},{"@type":"Organization","@id":"https:\/\/gaiapoleeurope.com\/es\/#organization","name":"Gaia Pole","url":"https:\/\/gaiapoleeurope.com\/es\/","logo":{"@type":"ImageObject","inLanguage":"es","@id":"https:\/\/gaiapoleeurope.com\/es\/#\/schema\/logo\/image\/","url":"https:\/\/gaiapoleeurope.com\/wp-content\/uploads\/2024\/08\/gaia-logo.svg","contentUrl":"https:\/\/gaiapoleeurope.com\/wp-content\/uploads\/2024\/08\/gaia-logo.svg","width":423,"height":170,"caption":"Gaia Pole"},"image":{"@id":"https:\/\/gaiapoleeurope.com\/es\/#\/schema\/logo\/image\/"},"sameAs":["https:\/\/www.facebook.com\/gaiapolefitness"]}]}},"_links":{"self":[{"href":"https:\/\/gaiapoleeurope.com\/es\/wp-json\/wp\/v2\/product\/69936","targetHints":{"allow":["GET"]}}],"collection":[{"href":"https:\/\/gaiapoleeurope.com\/es\/wp-json\/wp\/v2\/product"}],"about":[{"href":"https:\/\/gaiapoleeurope.com\/es\/wp-json\/wp\/v2\/types\/product"}],"replies":[{"embeddable":true,"href":"https:\/\/gaiapoleeurope.com\/es\/wp-json\/wp\/v2\/comments?post=69936"}],"wp:featuredmedia":[{"embeddable":true,"href":"https:\/\/gaiapoleeurope.com\/es\/wp-json\/wp\/v2\/media\/68662"}],"wp:attachment":[{"href":"https:\/\/gaiapoleeurope.com\/es\/wp-json\/wp\/v2\/media?parent=69936"}],"wp:term":[{"taxonomy":"filtro","embeddable":true,"href":"https:\/\/gaiapoleeurope.com\/es\/wp-json\/wp\/v2\/filtro?post=69936"},{"taxonomy":"product_brand","embeddable":true,"href":"https:\/\/gaiapoleeurope.com\/es\/wp-json\/wp\/v2\/product_brand?post=69936"},{"taxonomy":"product_cat","embeddable":true,"href":"https:\/\/gaiapoleeurope.com\/es\/wp-json\/wp\/v2\/product_cat?post=69936"},{"taxonomy":"product_tag","embeddable":true,"href":"https:\/\/gaiapoleeurope.com\/es\/wp-json\/wp\/v2\/product_tag?post=69936"}],"curies":[{"name":"wp","href":"https:\/\/api.w.org\/{rel}","templated":true}]}}