{"id":69914,"date":"2024-07-10T13:19:48","date_gmt":"2024-07-10T16:19:48","guid":{"rendered":"https:\/\/dev.gaiapole.com\/sin%20categor\u00eda\/quick-lock-portable-pole\/"},"modified":"2025-09-11T03:43:59","modified_gmt":"2025-09-11T03:43:59","slug":"quick-lock-portable-pole","status":"publish","type":"product","link":"https:\/\/gaiapoleeurope.com\/es\/barras\/quick-lock-portable-pole\/","title":{"rendered":"QUICK LOCK PORTABLE POLE"},"content":{"rendered":"<p>La Quick Lock Portable Pole es perfecta para quienes buscan libertad. Este modelo port\u00e1til se adapta a diferentes alturas.  Instalada a presi\u00f3n y totalmente desmontable, puede transportarse f\u00e1cilmente, ya que es compatible con nuestra maleta r\u00edgida de mano. Adem\u00e1s, pasa de est\u00e1tica a giratoria con un simple clic. <\/p>\n","protected":false},"excerpt":{"rendered":"<p>La Quick Lock Portable Pole es perfecta para quienes buscan libertad. Este modelo port\u00e1til se adapta a diferentes alturas. Instalada a presi\u00f3n y totalmente desmontable, puede transportarse f\u00e1cilmente, ya que es compatible con nuestra maleta r\u00edgida de mano. Adem\u00e1s, pasa de est\u00e1tica a giratoria con un simple clic.<\/p>\n","protected":false},"featured_media":68656,"comment_status":"open","ping_status":"closed","template":"","meta":{"_acf_changed":false},"filtro":[1653,1988,1719,1989,1649,1720],"product_brand":[],"product_cat":[1658],"product_tag":[1939,1724,1901],"class_list":{"0":"post-69914","1":"product","2":"type-product","3":"status-publish","4":"has-post-thumbnail","6":"filtro-acero-inoxidable","7":"filtro-adaptable-es","8":"filtro-con-un-solo-clic","9":"filtro-facil-de-transportar-es","10":"filtro-instalacion-por-presion","11":"filtro-sin-necesidad-de-escalera","12":"product_cat-barras","13":"product_tag-acero-inoxidable","14":"product_tag-barra-de-pole-dance-es","15":"product_tag-quick-lock-es","17":"first","18":"instock","19":"taxable","20":"shipping-taxable","21":"purchasable","22":"product-type-variable","23":"has-default-attributes","24":"add-to-wishlist-before_image"},"acf":[],"yoast_head":"<!-- This site is optimized with the Yoast SEO plugin v26.1.1 - https:\/\/yoast.com\/wordpress\/plugins\/seo\/ -->\n<title>QUICK LOCK PORTABLE POLE - Gaia Pole<\/title>\n<meta name=\"description\" content=\"La Quick Lock Portable Pole es perfecta para quienes buscan libertad. Este modelo port\u00e1til se adapta a diferentes alturas.\" \/>\n<meta name=\"robots\" content=\"index, follow, max-snippet:-1, max-image-preview:large, max-video-preview:-1\" \/>\n<link rel=\"canonical\" href=\"https:\/\/gaiapoleeurope.com\/es\/barras\/quick-lock-portable-pole\/\" \/>\n<meta property=\"og:locale\" content=\"es_ES\" \/>\n<meta property=\"og:type\" content=\"article\" \/>\n<meta property=\"og:title\" content=\"QUICK LOCK PORTABLE POLE - Gaia Pole\" \/>\n<meta property=\"og:description\" content=\"La Quick Lock Portable Pole es perfecta para quienes buscan libertad. Este modelo port\u00e1til se adapta a diferentes alturas.\" \/>\n<meta property=\"og:url\" content=\"https:\/\/gaiapoleeurope.com\/es\/barras\/quick-lock-portable-pole\/\" \/>\n<meta property=\"og:site_name\" content=\"Gaia Pole\" \/>\n<meta property=\"article:publisher\" content=\"https:\/\/www.facebook.com\/gaiapolefitness\" \/>\n<meta property=\"article:modified_time\" content=\"2025-09-11T03:43:59+00:00\" \/>\n<meta property=\"og:image\" content=\"https:\/\/gaiapoleeurope.com\/wp-content\/uploads\/2025\/06\/capa-portatil-ql-2.jpg\" \/>\n\t<meta property=\"og:image:width\" content=\"1080\" \/>\n\t<meta property=\"og:image:height\" content=\"1080\" \/>\n\t<meta property=\"og:image:type\" content=\"image\/jpeg\" \/>\n<meta name=\"twitter:card\" content=\"summary_large_image\" \/>\n<script type=\"application\/ld+json\" class=\"yoast-schema-graph\">{\"@context\":\"https:\/\/schema.org\",\"@graph\":[{\"@type\":\"WebPage\",\"@id\":\"https:\/\/gaiapoleeurope.com\/es\/barras\/quick-lock-portable-pole\/\",\"url\":\"https:\/\/gaiapoleeurope.com\/es\/barras\/quick-lock-portable-pole\/\",\"name\":\"QUICK LOCK PORTABLE POLE - Gaia Pole\",\"isPartOf\":{\"@id\":\"https:\/\/gaiapoleeurope.com\/es\/#website\"},\"primaryImageOfPage\":{\"@id\":\"https:\/\/gaiapoleeurope.com\/es\/barras\/quick-lock-portable-pole\/#primaryimage\"},\"image\":{\"@id\":\"https:\/\/gaiapoleeurope.com\/es\/barras\/quick-lock-portable-pole\/#primaryimage\"},\"thumbnailUrl\":\"https:\/\/gaiapoleeurope.com\/wp-content\/uploads\/2025\/06\/capa-portatil-ql-2.jpg\",\"datePublished\":\"2024-07-10T16:19:48+00:00\",\"dateModified\":\"2025-09-11T03:43:59+00:00\",\"description\":\"La Quick Lock Portable Pole es perfecta para quienes buscan libertad. Este modelo port\u00e1til se adapta a diferentes alturas.\",\"breadcrumb\":{\"@id\":\"https:\/\/gaiapoleeurope.com\/es\/barras\/quick-lock-portable-pole\/#breadcrumb\"},\"inLanguage\":\"es\",\"potentialAction\":[{\"@type\":\"ReadAction\",\"target\":[\"https:\/\/gaiapoleeurope.com\/es\/barras\/quick-lock-portable-pole\/\"]}]},{\"@type\":\"ImageObject\",\"inLanguage\":\"es\",\"@id\":\"https:\/\/gaiapoleeurope.com\/es\/barras\/quick-lock-portable-pole\/#primaryimage\",\"url\":\"https:\/\/gaiapoleeurope.com\/wp-content\/uploads\/2025\/06\/capa-portatil-ql-2.jpg\",\"contentUrl\":\"https:\/\/gaiapoleeurope.com\/wp-content\/uploads\/2025\/06\/capa-portatil-ql-2.jpg\",\"width\":1080,\"height\":1080},{\"@type\":\"BreadcrumbList\",\"@id\":\"https:\/\/gaiapoleeurope.com\/es\/barras\/quick-lock-portable-pole\/#breadcrumb\",\"itemListElement\":[{\"@type\":\"ListItem\",\"position\":1,\"name\":\"Home\",\"item\":\"https:\/\/gaiapoleeurope.com\/es\/\"},{\"@type\":\"ListItem\",\"position\":2,\"name\":\"P\u00e1gina de la loja\",\"item\":\"https:\/\/gaiapoleeurope.com\/es\/pagina-de-la-loja\/\"},{\"@type\":\"ListItem\",\"position\":3,\"name\":\"Barras\",\"item\":\"https:\/\/gaiapoleeurope.com\/es\/barras\/\"},{\"@type\":\"ListItem\",\"position\":4,\"name\":\"QUICK LOCK PORTABLE POLE\"}]},{\"@type\":\"WebSite\",\"@id\":\"https:\/\/gaiapoleeurope.com\/es\/#website\",\"url\":\"https:\/\/gaiapoleeurope.com\/es\/\",\"name\":\"Gaia Pole\",\"description\":\"\",\"publisher\":{\"@id\":\"https:\/\/gaiapoleeurope.com\/es\/#organization\"},\"potentialAction\":[{\"@type\":\"SearchAction\",\"target\":{\"@type\":\"EntryPoint\",\"urlTemplate\":\"https:\/\/gaiapoleeurope.com\/es\/?s={search_term_string}\"},\"query-input\":{\"@type\":\"PropertyValueSpecification\",\"valueRequired\":true,\"valueName\":\"search_term_string\"}}],\"inLanguage\":\"es\"},{\"@type\":\"Organization\",\"@id\":\"https:\/\/gaiapoleeurope.com\/es\/#organization\",\"name\":\"Gaia Pole\",\"url\":\"https:\/\/gaiapoleeurope.com\/es\/\",\"logo\":{\"@type\":\"ImageObject\",\"inLanguage\":\"es\",\"@id\":\"https:\/\/gaiapoleeurope.com\/es\/#\/schema\/logo\/image\/\",\"url\":\"https:\/\/gaiapoleeurope.com\/wp-content\/uploads\/2024\/08\/gaia-logo.svg\",\"contentUrl\":\"https:\/\/gaiapoleeurope.com\/wp-content\/uploads\/2024\/08\/gaia-logo.svg\",\"width\":423,\"height\":170,\"caption\":\"Gaia Pole\"},\"image\":{\"@id\":\"https:\/\/gaiapoleeurope.com\/es\/#\/schema\/logo\/image\/\"},\"sameAs\":[\"https:\/\/www.facebook.com\/gaiapolefitness\"]}]}<\/script>\n<!-- \/ Yoast SEO plugin. -->","yoast_head_json":{"title":"QUICK LOCK PORTABLE POLE - Gaia Pole","description":"La Quick Lock Portable Pole es perfecta para quienes buscan libertad. Este modelo port\u00e1til se adapta a diferentes alturas.","robots":{"index":"index","follow":"follow","max-snippet":"max-snippet:-1","max-image-preview":"max-image-preview:large","max-video-preview":"max-video-preview:-1"},"canonical":"https:\/\/gaiapoleeurope.com\/es\/barras\/quick-lock-portable-pole\/","og_locale":"es_ES","og_type":"article","og_title":"QUICK LOCK PORTABLE POLE - Gaia Pole","og_description":"La Quick Lock Portable Pole es perfecta para quienes buscan libertad. Este modelo port\u00e1til se adapta a diferentes alturas.","og_url":"https:\/\/gaiapoleeurope.com\/es\/barras\/quick-lock-portable-pole\/","og_site_name":"Gaia Pole","article_publisher":"https:\/\/www.facebook.com\/gaiapolefitness","article_modified_time":"2025-09-11T03:43:59+00:00","og_image":[{"width":1080,"height":1080,"url":"https:\/\/gaiapoleeurope.com\/wp-content\/uploads\/2025\/06\/capa-portatil-ql-2.jpg","type":"image\/jpeg"}],"twitter_card":"summary_large_image","schema":{"@context":"https:\/\/schema.org","@graph":[{"@type":"WebPage","@id":"https:\/\/gaiapoleeurope.com\/es\/barras\/quick-lock-portable-pole\/","url":"https:\/\/gaiapoleeurope.com\/es\/barras\/quick-lock-portable-pole\/","name":"QUICK LOCK PORTABLE POLE - Gaia Pole","isPartOf":{"@id":"https:\/\/gaiapoleeurope.com\/es\/#website"},"primaryImageOfPage":{"@id":"https:\/\/gaiapoleeurope.com\/es\/barras\/quick-lock-portable-pole\/#primaryimage"},"image":{"@id":"https:\/\/gaiapoleeurope.com\/es\/barras\/quick-lock-portable-pole\/#primaryimage"},"thumbnailUrl":"https:\/\/gaiapoleeurope.com\/wp-content\/uploads\/2025\/06\/capa-portatil-ql-2.jpg","datePublished":"2024-07-10T16:19:48+00:00","dateModified":"2025-09-11T03:43:59+00:00","description":"La Quick Lock Portable Pole es perfecta para quienes buscan libertad. Este modelo port\u00e1til se adapta a diferentes alturas.","breadcrumb":{"@id":"https:\/\/gaiapoleeurope.com\/es\/barras\/quick-lock-portable-pole\/#breadcrumb"},"inLanguage":"es","potentialAction":[{"@type":"ReadAction","target":["https:\/\/gaiapoleeurope.com\/es\/barras\/quick-lock-portable-pole\/"]}]},{"@type":"ImageObject","inLanguage":"es","@id":"https:\/\/gaiapoleeurope.com\/es\/barras\/quick-lock-portable-pole\/#primaryimage","url":"https:\/\/gaiapoleeurope.com\/wp-content\/uploads\/2025\/06\/capa-portatil-ql-2.jpg","contentUrl":"https:\/\/gaiapoleeurope.com\/wp-content\/uploads\/2025\/06\/capa-portatil-ql-2.jpg","width":1080,"height":1080},{"@type":"BreadcrumbList","@id":"https:\/\/gaiapoleeurope.com\/es\/barras\/quick-lock-portable-pole\/#breadcrumb","itemListElement":[{"@type":"ListItem","position":1,"name":"Home","item":"https:\/\/gaiapoleeurope.com\/es\/"},{"@type":"ListItem","position":2,"name":"P\u00e1gina de la loja","item":"https:\/\/gaiapoleeurope.com\/es\/pagina-de-la-loja\/"},{"@type":"ListItem","position":3,"name":"Barras","item":"https:\/\/gaiapoleeurope.com\/es\/barras\/"},{"@type":"ListItem","position":4,"name":"QUICK LOCK PORTABLE POLE"}]},{"@type":"WebSite","@id":"https:\/\/gaiapoleeurope.com\/es\/#website","url":"https:\/\/gaiapoleeurope.com\/es\/","name":"Gaia Pole","description":"","publisher":{"@id":"https:\/\/gaiapoleeurope.com\/es\/#organization"},"potentialAction":[{"@type":"SearchAction","target":{"@type":"EntryPoint","urlTemplate":"https:\/\/gaiapoleeurope.com\/es\/?s={search_term_string}"},"query-input":{"@type":"PropertyValueSpecification","valueRequired":true,"valueName":"search_term_string"}}],"inLanguage":"es"},{"@type":"Organization","@id":"https:\/\/gaiapoleeurope.com\/es\/#organization","name":"Gaia Pole","url":"https:\/\/gaiapoleeurope.com\/es\/","logo":{"@type":"ImageObject","inLanguage":"es","@id":"https:\/\/gaiapoleeurope.com\/es\/#\/schema\/logo\/image\/","url":"https:\/\/gaiapoleeurope.com\/wp-content\/uploads\/2024\/08\/gaia-logo.svg","contentUrl":"https:\/\/gaiapoleeurope.com\/wp-content\/uploads\/2024\/08\/gaia-logo.svg","width":423,"height":170,"caption":"Gaia Pole"},"image":{"@id":"https:\/\/gaiapoleeurope.com\/es\/#\/schema\/logo\/image\/"},"sameAs":["https:\/\/www.facebook.com\/gaiapolefitness"]}]}},"_links":{"self":[{"href":"https:\/\/gaiapoleeurope.com\/es\/wp-json\/wp\/v2\/product\/69914","targetHints":{"allow":["GET"]}}],"collection":[{"href":"https:\/\/gaiapoleeurope.com\/es\/wp-json\/wp\/v2\/product"}],"about":[{"href":"https:\/\/gaiapoleeurope.com\/es\/wp-json\/wp\/v2\/types\/product"}],"replies":[{"embeddable":true,"href":"https:\/\/gaiapoleeurope.com\/es\/wp-json\/wp\/v2\/comments?post=69914"}],"wp:featuredmedia":[{"embeddable":true,"href":"https:\/\/gaiapoleeurope.com\/es\/wp-json\/wp\/v2\/media\/68656"}],"wp:attachment":[{"href":"https:\/\/gaiapoleeurope.com\/es\/wp-json\/wp\/v2\/media?parent=69914"}],"wp:term":[{"taxonomy":"filtro","embeddable":true,"href":"https:\/\/gaiapoleeurope.com\/es\/wp-json\/wp\/v2\/filtro?post=69914"},{"taxonomy":"product_brand","embeddable":true,"href":"https:\/\/gaiapoleeurope.com\/es\/wp-json\/wp\/v2\/product_brand?post=69914"},{"taxonomy":"product_cat","embeddable":true,"href":"https:\/\/gaiapoleeurope.com\/es\/wp-json\/wp\/v2\/product_cat?post=69914"},{"taxonomy":"product_tag","embeddable":true,"href":"https:\/\/gaiapoleeurope.com\/es\/wp-json\/wp\/v2\/product_tag?post=69914"}],"curies":[{"name":"wp","href":"https:\/\/api.w.org\/{rel}","templated":true}]}}