{"id":69892,"date":"2024-06-26T07:25:01","date_gmt":"2024-06-26T10:25:01","guid":{"rendered":"https:\/\/dev.gaiapole.com\/sin%20categor\u00eda\/quick-lock-removable-pole\/"},"modified":"2025-11-02T11:26:50","modified_gmt":"2025-11-02T11:26:50","slug":"quick-lock-removable-pole","status":"publish","type":"product","link":"https:\/\/gaiapoleeurope.com\/es\/barras\/quick-lock-removable-pole\/","title":{"rendered":"QUICK LOCK REMOVABLE POLE"},"content":{"rendered":"<p>El Quick Lock Removable Pole es la soluci\u00f3n moderna y pr\u00e1ctica para quienes buscan fluidez y seguridad en cada actuaci\u00f3n. Instalado a presi\u00f3n y hecho a medida para la altura que necesites, este tubo de acero inoxidable de 2 piezas pasa de est\u00e1tico a giratorio con un simple clic. <\/p>\n","protected":false},"excerpt":{"rendered":"<p>El Quick Lock Removable Pole es la soluci\u00f3n moderna y pr\u00e1ctica para quienes buscan fluidez y seguridad en cada actuaci\u00f3n. Instalado a presi\u00f3n y hecho a medida para la altura que necesites, este tubo de acero inoxidable de 2 piezas pasa de est\u00e1tico a giratorio con un simple clic.<\/p>\n","protected":false},"featured_media":68629,"comment_status":"open","ping_status":"closed","template":"","meta":{"_acf_changed":false},"filtro":[1653,1719,1650,1649,2078,1962,1961,1654,1720],"product_brand":[],"product_cat":[1658],"product_tag":[1941,1939,1724,1901,1940,1963,1964],"class_list":{"0":"post-69892","1":"product","2":"type-product","3":"status-publish","4":"has-post-thumbnail","6":"filtro-acero-inoxidable","7":"filtro-con-un-solo-clic","8":"filtro-hecha-a-medida","9":"filtro-instalacion-por-presion","10":"filtro-brass-golden-es","11":"filtro-quick-lock-removable-pole-es","12":"filtro-removable-pole-es","13":"filtro-revestimiento-de-goma","14":"filtro-sin-necesidad-de-escalera","15":"product_cat-barras","16":"product_tag-a-presion","17":"product_tag-acero-inoxidable","18":"product_tag-barra-de-pole-dance-es","19":"product_tag-quick-lock-es","20":"product_tag-recubierto-de-goma","21":"product_tag-removable-es","22":"product_tag-sin-agujeros","23":"product_shipping_class-equipamientos","25":"first","26":"instock","27":"taxable","28":"shipping-taxable","29":"purchasable","30":"product-type-variable","31":"add-to-wishlist-before_image"},"acf":[],"yoast_head":"<!-- This site is optimized with the Yoast SEO plugin v26.1.1 - https:\/\/yoast.com\/wordpress\/plugins\/seo\/ -->\n<title>QUICK LOCK REMOVABLE POLE - Gaia Pole<\/title>\n<meta name=\"description\" content=\"El Quick Lock Removable Pole es la soluci\u00f3n moderna y pr\u00e1ctica para quienes buscan fluidez y seguridad en cada actuaci\u00f3n.\" \/>\n<meta name=\"robots\" content=\"index, follow, max-snippet:-1, max-image-preview:large, max-video-preview:-1\" \/>\n<link rel=\"canonical\" href=\"https:\/\/gaiapoleeurope.com\/es\/barras\/quick-lock-removable-pole\/\" \/>\n<meta property=\"og:locale\" content=\"es_ES\" \/>\n<meta property=\"og:type\" content=\"article\" \/>\n<meta property=\"og:title\" content=\"QUICK LOCK REMOVABLE POLE - Gaia Pole\" \/>\n<meta property=\"og:description\" content=\"El Quick Lock Removable Pole es la soluci\u00f3n moderna y pr\u00e1ctica para quienes buscan fluidez y seguridad en cada actuaci\u00f3n.\" \/>\n<meta property=\"og:url\" content=\"https:\/\/gaiapoleeurope.com\/es\/barras\/quick-lock-removable-pole\/\" \/>\n<meta property=\"og:site_name\" content=\"Gaia Pole\" \/>\n<meta property=\"article:publisher\" content=\"https:\/\/www.facebook.com\/gaiapolefitness\" \/>\n<meta property=\"article:modified_time\" content=\"2025-11-02T11:26:50+00:00\" \/>\n<meta property=\"og:image\" content=\"https:\/\/gaiapoleeurope.com\/wp-content\/uploads\/2025\/06\/capa-removivel-ql.jpg\" \/>\n\t<meta property=\"og:image:width\" content=\"1080\" \/>\n\t<meta property=\"og:image:height\" content=\"1080\" \/>\n\t<meta property=\"og:image:type\" content=\"image\/jpeg\" \/>\n<meta name=\"twitter:card\" content=\"summary_large_image\" \/>\n<script type=\"application\/ld+json\" class=\"yoast-schema-graph\">{\"@context\":\"https:\/\/schema.org\",\"@graph\":[{\"@type\":\"WebPage\",\"@id\":\"https:\/\/gaiapoleeurope.com\/es\/barras\/quick-lock-removable-pole\/\",\"url\":\"https:\/\/gaiapoleeurope.com\/es\/barras\/quick-lock-removable-pole\/\",\"name\":\"QUICK LOCK REMOVABLE POLE - Gaia Pole\",\"isPartOf\":{\"@id\":\"https:\/\/gaiapoleeurope.com\/es\/#website\"},\"primaryImageOfPage\":{\"@id\":\"https:\/\/gaiapoleeurope.com\/es\/barras\/quick-lock-removable-pole\/#primaryimage\"},\"image\":{\"@id\":\"https:\/\/gaiapoleeurope.com\/es\/barras\/quick-lock-removable-pole\/#primaryimage\"},\"thumbnailUrl\":\"https:\/\/gaiapoleeurope.com\/wp-content\/uploads\/2025\/06\/capa-removivel-ql.jpg\",\"datePublished\":\"2024-06-26T10:25:01+00:00\",\"dateModified\":\"2025-11-02T11:26:50+00:00\",\"description\":\"El Quick Lock Removable Pole es la soluci\u00f3n moderna y pr\u00e1ctica para quienes buscan fluidez y seguridad en cada actuaci\u00f3n.\",\"breadcrumb\":{\"@id\":\"https:\/\/gaiapoleeurope.com\/es\/barras\/quick-lock-removable-pole\/#breadcrumb\"},\"inLanguage\":\"es\",\"potentialAction\":[{\"@type\":\"ReadAction\",\"target\":[\"https:\/\/gaiapoleeurope.com\/es\/barras\/quick-lock-removable-pole\/\"]}]},{\"@type\":\"ImageObject\",\"inLanguage\":\"es\",\"@id\":\"https:\/\/gaiapoleeurope.com\/es\/barras\/quick-lock-removable-pole\/#primaryimage\",\"url\":\"https:\/\/gaiapoleeurope.com\/wp-content\/uploads\/2025\/06\/capa-removivel-ql.jpg\",\"contentUrl\":\"https:\/\/gaiapoleeurope.com\/wp-content\/uploads\/2025\/06\/capa-removivel-ql.jpg\",\"width\":1080,\"height\":1080},{\"@type\":\"BreadcrumbList\",\"@id\":\"https:\/\/gaiapoleeurope.com\/es\/barras\/quick-lock-removable-pole\/#breadcrumb\",\"itemListElement\":[{\"@type\":\"ListItem\",\"position\":1,\"name\":\"Home\",\"item\":\"https:\/\/gaiapoleeurope.com\/es\/\"},{\"@type\":\"ListItem\",\"position\":2,\"name\":\"P\u00e1gina de la loja\",\"item\":\"https:\/\/gaiapoleeurope.com\/es\/pagina-de-la-loja\/\"},{\"@type\":\"ListItem\",\"position\":3,\"name\":\"Barras\",\"item\":\"https:\/\/gaiapoleeurope.com\/es\/barras\/\"},{\"@type\":\"ListItem\",\"position\":4,\"name\":\"QUICK LOCK REMOVABLE POLE\"}]},{\"@type\":\"WebSite\",\"@id\":\"https:\/\/gaiapoleeurope.com\/es\/#website\",\"url\":\"https:\/\/gaiapoleeurope.com\/es\/\",\"name\":\"Gaia Pole\",\"description\":\"\",\"publisher\":{\"@id\":\"https:\/\/gaiapoleeurope.com\/es\/#organization\"},\"potentialAction\":[{\"@type\":\"SearchAction\",\"target\":{\"@type\":\"EntryPoint\",\"urlTemplate\":\"https:\/\/gaiapoleeurope.com\/es\/?s={search_term_string}\"},\"query-input\":{\"@type\":\"PropertyValueSpecification\",\"valueRequired\":true,\"valueName\":\"search_term_string\"}}],\"inLanguage\":\"es\"},{\"@type\":\"Organization\",\"@id\":\"https:\/\/gaiapoleeurope.com\/es\/#organization\",\"name\":\"Gaia Pole\",\"url\":\"https:\/\/gaiapoleeurope.com\/es\/\",\"logo\":{\"@type\":\"ImageObject\",\"inLanguage\":\"es\",\"@id\":\"https:\/\/gaiapoleeurope.com\/es\/#\/schema\/logo\/image\/\",\"url\":\"https:\/\/gaiapoleeurope.com\/wp-content\/uploads\/2024\/08\/gaia-logo.svg\",\"contentUrl\":\"https:\/\/gaiapoleeurope.com\/wp-content\/uploads\/2024\/08\/gaia-logo.svg\",\"width\":423,\"height\":170,\"caption\":\"Gaia Pole\"},\"image\":{\"@id\":\"https:\/\/gaiapoleeurope.com\/es\/#\/schema\/logo\/image\/\"},\"sameAs\":[\"https:\/\/www.facebook.com\/gaiapolefitness\"]}]}<\/script>\n<!-- \/ Yoast SEO plugin. -->","yoast_head_json":{"title":"QUICK LOCK REMOVABLE POLE - Gaia Pole","description":"El Quick Lock Removable Pole es la soluci\u00f3n moderna y pr\u00e1ctica para quienes buscan fluidez y seguridad en cada actuaci\u00f3n.","robots":{"index":"index","follow":"follow","max-snippet":"max-snippet:-1","max-image-preview":"max-image-preview:large","max-video-preview":"max-video-preview:-1"},"canonical":"https:\/\/gaiapoleeurope.com\/es\/barras\/quick-lock-removable-pole\/","og_locale":"es_ES","og_type":"article","og_title":"QUICK LOCK REMOVABLE POLE - Gaia Pole","og_description":"El Quick Lock Removable Pole es la soluci\u00f3n moderna y pr\u00e1ctica para quienes buscan fluidez y seguridad en cada actuaci\u00f3n.","og_url":"https:\/\/gaiapoleeurope.com\/es\/barras\/quick-lock-removable-pole\/","og_site_name":"Gaia Pole","article_publisher":"https:\/\/www.facebook.com\/gaiapolefitness","article_modified_time":"2025-11-02T11:26:50+00:00","og_image":[{"width":1080,"height":1080,"url":"https:\/\/gaiapoleeurope.com\/wp-content\/uploads\/2025\/06\/capa-removivel-ql.jpg","type":"image\/jpeg"}],"twitter_card":"summary_large_image","schema":{"@context":"https:\/\/schema.org","@graph":[{"@type":"WebPage","@id":"https:\/\/gaiapoleeurope.com\/es\/barras\/quick-lock-removable-pole\/","url":"https:\/\/gaiapoleeurope.com\/es\/barras\/quick-lock-removable-pole\/","name":"QUICK LOCK REMOVABLE POLE - Gaia Pole","isPartOf":{"@id":"https:\/\/gaiapoleeurope.com\/es\/#website"},"primaryImageOfPage":{"@id":"https:\/\/gaiapoleeurope.com\/es\/barras\/quick-lock-removable-pole\/#primaryimage"},"image":{"@id":"https:\/\/gaiapoleeurope.com\/es\/barras\/quick-lock-removable-pole\/#primaryimage"},"thumbnailUrl":"https:\/\/gaiapoleeurope.com\/wp-content\/uploads\/2025\/06\/capa-removivel-ql.jpg","datePublished":"2024-06-26T10:25:01+00:00","dateModified":"2025-11-02T11:26:50+00:00","description":"El Quick Lock Removable Pole es la soluci\u00f3n moderna y pr\u00e1ctica para quienes buscan fluidez y seguridad en cada actuaci\u00f3n.","breadcrumb":{"@id":"https:\/\/gaiapoleeurope.com\/es\/barras\/quick-lock-removable-pole\/#breadcrumb"},"inLanguage":"es","potentialAction":[{"@type":"ReadAction","target":["https:\/\/gaiapoleeurope.com\/es\/barras\/quick-lock-removable-pole\/"]}]},{"@type":"ImageObject","inLanguage":"es","@id":"https:\/\/gaiapoleeurope.com\/es\/barras\/quick-lock-removable-pole\/#primaryimage","url":"https:\/\/gaiapoleeurope.com\/wp-content\/uploads\/2025\/06\/capa-removivel-ql.jpg","contentUrl":"https:\/\/gaiapoleeurope.com\/wp-content\/uploads\/2025\/06\/capa-removivel-ql.jpg","width":1080,"height":1080},{"@type":"BreadcrumbList","@id":"https:\/\/gaiapoleeurope.com\/es\/barras\/quick-lock-removable-pole\/#breadcrumb","itemListElement":[{"@type":"ListItem","position":1,"name":"Home","item":"https:\/\/gaiapoleeurope.com\/es\/"},{"@type":"ListItem","position":2,"name":"P\u00e1gina de la loja","item":"https:\/\/gaiapoleeurope.com\/es\/pagina-de-la-loja\/"},{"@type":"ListItem","position":3,"name":"Barras","item":"https:\/\/gaiapoleeurope.com\/es\/barras\/"},{"@type":"ListItem","position":4,"name":"QUICK LOCK REMOVABLE POLE"}]},{"@type":"WebSite","@id":"https:\/\/gaiapoleeurope.com\/es\/#website","url":"https:\/\/gaiapoleeurope.com\/es\/","name":"Gaia Pole","description":"","publisher":{"@id":"https:\/\/gaiapoleeurope.com\/es\/#organization"},"potentialAction":[{"@type":"SearchAction","target":{"@type":"EntryPoint","urlTemplate":"https:\/\/gaiapoleeurope.com\/es\/?s={search_term_string}"},"query-input":{"@type":"PropertyValueSpecification","valueRequired":true,"valueName":"search_term_string"}}],"inLanguage":"es"},{"@type":"Organization","@id":"https:\/\/gaiapoleeurope.com\/es\/#organization","name":"Gaia Pole","url":"https:\/\/gaiapoleeurope.com\/es\/","logo":{"@type":"ImageObject","inLanguage":"es","@id":"https:\/\/gaiapoleeurope.com\/es\/#\/schema\/logo\/image\/","url":"https:\/\/gaiapoleeurope.com\/wp-content\/uploads\/2024\/08\/gaia-logo.svg","contentUrl":"https:\/\/gaiapoleeurope.com\/wp-content\/uploads\/2024\/08\/gaia-logo.svg","width":423,"height":170,"caption":"Gaia Pole"},"image":{"@id":"https:\/\/gaiapoleeurope.com\/es\/#\/schema\/logo\/image\/"},"sameAs":["https:\/\/www.facebook.com\/gaiapolefitness"]}]}},"_links":{"self":[{"href":"https:\/\/gaiapoleeurope.com\/es\/wp-json\/wp\/v2\/product\/69892","targetHints":{"allow":["GET"]}}],"collection":[{"href":"https:\/\/gaiapoleeurope.com\/es\/wp-json\/wp\/v2\/product"}],"about":[{"href":"https:\/\/gaiapoleeurope.com\/es\/wp-json\/wp\/v2\/types\/product"}],"replies":[{"embeddable":true,"href":"https:\/\/gaiapoleeurope.com\/es\/wp-json\/wp\/v2\/comments?post=69892"}],"wp:featuredmedia":[{"embeddable":true,"href":"https:\/\/gaiapoleeurope.com\/es\/wp-json\/wp\/v2\/media\/68629"}],"wp:attachment":[{"href":"https:\/\/gaiapoleeurope.com\/es\/wp-json\/wp\/v2\/media?parent=69892"}],"wp:term":[{"taxonomy":"filtro","embeddable":true,"href":"https:\/\/gaiapoleeurope.com\/es\/wp-json\/wp\/v2\/filtro?post=69892"},{"taxonomy":"product_brand","embeddable":true,"href":"https:\/\/gaiapoleeurope.com\/es\/wp-json\/wp\/v2\/product_brand?post=69892"},{"taxonomy":"product_cat","embeddable":true,"href":"https:\/\/gaiapoleeurope.com\/es\/wp-json\/wp\/v2\/product_cat?post=69892"},{"taxonomy":"product_tag","embeddable":true,"href":"https:\/\/gaiapoleeurope.com\/es\/wp-json\/wp\/v2\/product_tag?post=69892"}],"curies":[{"name":"wp","href":"https:\/\/api.w.org\/{rel}","templated":true}]}}