{"id":69871,"date":"2024-07-10T13:41:49","date_gmt":"2024-07-10T16:41:49","guid":{"rendered":"https:\/\/dev.gaiapole.com\/sin%20categor\u00eda\/portable-flying-pole\/"},"modified":"2025-09-11T04:30:02","modified_gmt":"2025-09-11T04:30:02","slug":"portable-flying-pole","status":"publish","type":"product","link":"https:\/\/gaiapoleeurope.com\/es\/aereas\/portable-flying-pole\/","title":{"rendered":"PORTABLE FLYING POLE"},"content":{"rendered":"<p>Nuestro exclusivo <strong>Portable Flying Pole<\/strong> es un m\u00e1stil pendular recubierto de goma que ofrece DOS posibilidades de longitud para que explores tus habilidades en cualquier lugar, ya que puede montarse en el techo o incluso instalarse en la naturaleza para divertirse con actividades a\u00e9reas; instalado en nuestro Gaia Stage para hacerlo girar con la funci\u00f3n Quick Lock o en nuestra exclusiva base Whirpool para una actuaci\u00f3n con giro completo. Desmontable y totalmente f\u00e1cil de transportar con nuestra maleta r\u00edgida de mano opcional. <\/p>\n","protected":false},"excerpt":{"rendered":"<p>Nuestro exclusivo Portable Flying Pole es un m\u00e1stil pendular recubierto de goma que ofrece DOS posibilidades de longitud para que explores tus habilidades en cualquier lugar, ya que puede montarse en el techo o incluso instalarse en la naturaleza para divertirse con actividades a\u00e9reas; instalado en nuestro Gaia Stage para hacerlo girar con la funci\u00f3n [&hellip;]<\/p>\n","protected":false},"featured_media":68671,"comment_status":"open","ping_status":"closed","template":"","meta":{"_acf_changed":false},"filtro":[],"product_brand":[],"product_cat":[1567],"product_tag":[1922,1692,1924,1569,1923],"class_list":{"0":"post-69871","1":"product","2":"type-product","3":"status-publish","4":"has-post-thumbnail","6":"product_cat-aereas","7":"product_tag-chinese-pole-es","8":"product_tag-flying-pole-es","9":"product_tag-portable-flying-pole-es","10":"product_tag-portatil-es","11":"product_tag-rubber-pole-es","13":"first","14":"instock","15":"taxable","16":"shipping-taxable","17":"purchasable","18":"product-type-variable","19":"has-default-attributes","20":"add-to-wishlist-before_image"},"acf":[],"yoast_head":"<!-- This site is optimized with the Yoast SEO plugin v26.1.1 - https:\/\/yoast.com\/wordpress\/plugins\/seo\/ -->\n<title>PORTABLE FLYING POLE - Gaia Pole<\/title>\n<meta name=\"description\" content=\"El \u00fanico en el mercado, el Portable Flying Pole es un m\u00e1stil pendular recubierto de goma que ofrece DOS posibilidades de longitud para que explores tus habilidades en cualquier entorno.\" \/>\n<meta name=\"robots\" content=\"index, follow, max-snippet:-1, max-image-preview:large, max-video-preview:-1\" \/>\n<link rel=\"canonical\" href=\"https:\/\/gaiapoleeurope.com\/es\/aereas\/portable-flying-pole\/\" \/>\n<meta property=\"og:locale\" content=\"es_ES\" \/>\n<meta property=\"og:type\" content=\"article\" \/>\n<meta property=\"og:title\" content=\"PORTABLE FLYING POLE - Gaia Pole\" \/>\n<meta property=\"og:description\" content=\"El \u00fanico en el mercado, el Portable Flying Pole es un m\u00e1stil pendular recubierto de goma que ofrece DOS posibilidades de longitud para que explores tus habilidades en cualquier entorno.\" \/>\n<meta property=\"og:url\" content=\"https:\/\/gaiapoleeurope.com\/es\/aereas\/portable-flying-pole\/\" \/>\n<meta property=\"og:site_name\" content=\"Gaia Pole\" \/>\n<meta property=\"article:publisher\" content=\"https:\/\/www.facebook.com\/gaiapolefitness\" \/>\n<meta property=\"article:modified_time\" content=\"2025-09-11T04:30:02+00:00\" \/>\n<meta property=\"og:image\" content=\"https:\/\/gaiapoleeurope.com\/wp-content\/uploads\/2025\/06\/capa-flying-pole.jpg\" \/>\n\t<meta property=\"og:image:width\" content=\"1080\" \/>\n\t<meta property=\"og:image:height\" content=\"1080\" \/>\n\t<meta property=\"og:image:type\" content=\"image\/jpeg\" \/>\n<meta name=\"twitter:card\" content=\"summary_large_image\" \/>\n<script type=\"application\/ld+json\" class=\"yoast-schema-graph\">{\"@context\":\"https:\/\/schema.org\",\"@graph\":[{\"@type\":\"WebPage\",\"@id\":\"https:\/\/gaiapoleeurope.com\/es\/aereas\/portable-flying-pole\/\",\"url\":\"https:\/\/gaiapoleeurope.com\/es\/aereas\/portable-flying-pole\/\",\"name\":\"PORTABLE FLYING POLE - Gaia Pole\",\"isPartOf\":{\"@id\":\"https:\/\/gaiapoleeurope.com\/es\/#website\"},\"primaryImageOfPage\":{\"@id\":\"https:\/\/gaiapoleeurope.com\/es\/aereas\/portable-flying-pole\/#primaryimage\"},\"image\":{\"@id\":\"https:\/\/gaiapoleeurope.com\/es\/aereas\/portable-flying-pole\/#primaryimage\"},\"thumbnailUrl\":\"https:\/\/gaiapoleeurope.com\/wp-content\/uploads\/2025\/06\/capa-flying-pole-1.jpg\",\"datePublished\":\"2024-07-10T16:41:49+00:00\",\"dateModified\":\"2025-09-11T04:30:02+00:00\",\"description\":\"El \u00fanico en el mercado, el Portable Flying Pole es un m\u00e1stil pendular recubierto de goma que ofrece DOS posibilidades de longitud para que explores tus habilidades en cualquier entorno.\",\"breadcrumb\":{\"@id\":\"https:\/\/gaiapoleeurope.com\/es\/aereas\/portable-flying-pole\/#breadcrumb\"},\"inLanguage\":\"es\",\"potentialAction\":[{\"@type\":\"ReadAction\",\"target\":[\"https:\/\/gaiapoleeurope.com\/es\/aereas\/portable-flying-pole\/\"]}]},{\"@type\":\"ImageObject\",\"inLanguage\":\"es\",\"@id\":\"https:\/\/gaiapoleeurope.com\/es\/aereas\/portable-flying-pole\/#primaryimage\",\"url\":\"https:\/\/gaiapoleeurope.com\/wp-content\/uploads\/2025\/06\/capa-flying-pole-1.jpg\",\"contentUrl\":\"https:\/\/gaiapoleeurope.com\/wp-content\/uploads\/2025\/06\/capa-flying-pole-1.jpg\",\"width\":1080,\"height\":1080},{\"@type\":\"BreadcrumbList\",\"@id\":\"https:\/\/gaiapoleeurope.com\/es\/aereas\/portable-flying-pole\/#breadcrumb\",\"itemListElement\":[{\"@type\":\"ListItem\",\"position\":1,\"name\":\"Home\",\"item\":\"https:\/\/gaiapoleeurope.com\/es\/\"},{\"@type\":\"ListItem\",\"position\":2,\"name\":\"P\u00e1gina de la loja\",\"item\":\"https:\/\/gaiapoleeurope.com\/es\/pagina-de-la-loja\/\"},{\"@type\":\"ListItem\",\"position\":3,\"name\":\"Actividades a\u00e9reas\",\"item\":\"https:\/\/gaiapoleeurope.com\/es\/aereas\/\"},{\"@type\":\"ListItem\",\"position\":4,\"name\":\"PORTABLE FLYING POLE\"}]},{\"@type\":\"WebSite\",\"@id\":\"https:\/\/gaiapoleeurope.com\/es\/#website\",\"url\":\"https:\/\/gaiapoleeurope.com\/es\/\",\"name\":\"Gaia Pole\",\"description\":\"\",\"publisher\":{\"@id\":\"https:\/\/gaiapoleeurope.com\/es\/#organization\"},\"potentialAction\":[{\"@type\":\"SearchAction\",\"target\":{\"@type\":\"EntryPoint\",\"urlTemplate\":\"https:\/\/gaiapoleeurope.com\/es\/?s={search_term_string}\"},\"query-input\":{\"@type\":\"PropertyValueSpecification\",\"valueRequired\":true,\"valueName\":\"search_term_string\"}}],\"inLanguage\":\"es\"},{\"@type\":\"Organization\",\"@id\":\"https:\/\/gaiapoleeurope.com\/es\/#organization\",\"name\":\"Gaia Pole\",\"url\":\"https:\/\/gaiapoleeurope.com\/es\/\",\"logo\":{\"@type\":\"ImageObject\",\"inLanguage\":\"es\",\"@id\":\"https:\/\/gaiapoleeurope.com\/es\/#\/schema\/logo\/image\/\",\"url\":\"https:\/\/gaiapoleeurope.com\/wp-content\/uploads\/2024\/08\/gaia-logo.svg\",\"contentUrl\":\"https:\/\/gaiapoleeurope.com\/wp-content\/uploads\/2024\/08\/gaia-logo.svg\",\"width\":423,\"height\":170,\"caption\":\"Gaia Pole\"},\"image\":{\"@id\":\"https:\/\/gaiapoleeurope.com\/es\/#\/schema\/logo\/image\/\"},\"sameAs\":[\"https:\/\/www.facebook.com\/gaiapolefitness\"]}]}<\/script>\n<!-- \/ Yoast SEO plugin. -->","yoast_head_json":{"title":"PORTABLE FLYING POLE - Gaia Pole","description":"El \u00fanico en el mercado, el Portable Flying Pole es un m\u00e1stil pendular recubierto de goma que ofrece DOS posibilidades de longitud para que explores tus habilidades en cualquier entorno.","robots":{"index":"index","follow":"follow","max-snippet":"max-snippet:-1","max-image-preview":"max-image-preview:large","max-video-preview":"max-video-preview:-1"},"canonical":"https:\/\/gaiapoleeurope.com\/es\/aereas\/portable-flying-pole\/","og_locale":"es_ES","og_type":"article","og_title":"PORTABLE FLYING POLE - Gaia Pole","og_description":"El \u00fanico en el mercado, el Portable Flying Pole es un m\u00e1stil pendular recubierto de goma que ofrece DOS posibilidades de longitud para que explores tus habilidades en cualquier entorno.","og_url":"https:\/\/gaiapoleeurope.com\/es\/aereas\/portable-flying-pole\/","og_site_name":"Gaia Pole","article_publisher":"https:\/\/www.facebook.com\/gaiapolefitness","article_modified_time":"2025-09-11T04:30:02+00:00","og_image":[{"width":1080,"height":1080,"url":"https:\/\/gaiapoleeurope.com\/wp-content\/uploads\/2025\/06\/capa-flying-pole.jpg","type":"image\/jpeg"}],"twitter_card":"summary_large_image","schema":{"@context":"https:\/\/schema.org","@graph":[{"@type":"WebPage","@id":"https:\/\/gaiapoleeurope.com\/es\/aereas\/portable-flying-pole\/","url":"https:\/\/gaiapoleeurope.com\/es\/aereas\/portable-flying-pole\/","name":"PORTABLE FLYING POLE - Gaia Pole","isPartOf":{"@id":"https:\/\/gaiapoleeurope.com\/es\/#website"},"primaryImageOfPage":{"@id":"https:\/\/gaiapoleeurope.com\/es\/aereas\/portable-flying-pole\/#primaryimage"},"image":{"@id":"https:\/\/gaiapoleeurope.com\/es\/aereas\/portable-flying-pole\/#primaryimage"},"thumbnailUrl":"https:\/\/gaiapoleeurope.com\/wp-content\/uploads\/2025\/06\/capa-flying-pole-1.jpg","datePublished":"2024-07-10T16:41:49+00:00","dateModified":"2025-09-11T04:30:02+00:00","description":"El \u00fanico en el mercado, el Portable Flying Pole es un m\u00e1stil pendular recubierto de goma que ofrece DOS posibilidades de longitud para que explores tus habilidades en cualquier entorno.","breadcrumb":{"@id":"https:\/\/gaiapoleeurope.com\/es\/aereas\/portable-flying-pole\/#breadcrumb"},"inLanguage":"es","potentialAction":[{"@type":"ReadAction","target":["https:\/\/gaiapoleeurope.com\/es\/aereas\/portable-flying-pole\/"]}]},{"@type":"ImageObject","inLanguage":"es","@id":"https:\/\/gaiapoleeurope.com\/es\/aereas\/portable-flying-pole\/#primaryimage","url":"https:\/\/gaiapoleeurope.com\/wp-content\/uploads\/2025\/06\/capa-flying-pole-1.jpg","contentUrl":"https:\/\/gaiapoleeurope.com\/wp-content\/uploads\/2025\/06\/capa-flying-pole-1.jpg","width":1080,"height":1080},{"@type":"BreadcrumbList","@id":"https:\/\/gaiapoleeurope.com\/es\/aereas\/portable-flying-pole\/#breadcrumb","itemListElement":[{"@type":"ListItem","position":1,"name":"Home","item":"https:\/\/gaiapoleeurope.com\/es\/"},{"@type":"ListItem","position":2,"name":"P\u00e1gina de la loja","item":"https:\/\/gaiapoleeurope.com\/es\/pagina-de-la-loja\/"},{"@type":"ListItem","position":3,"name":"Actividades a\u00e9reas","item":"https:\/\/gaiapoleeurope.com\/es\/aereas\/"},{"@type":"ListItem","position":4,"name":"PORTABLE FLYING POLE"}]},{"@type":"WebSite","@id":"https:\/\/gaiapoleeurope.com\/es\/#website","url":"https:\/\/gaiapoleeurope.com\/es\/","name":"Gaia Pole","description":"","publisher":{"@id":"https:\/\/gaiapoleeurope.com\/es\/#organization"},"potentialAction":[{"@type":"SearchAction","target":{"@type":"EntryPoint","urlTemplate":"https:\/\/gaiapoleeurope.com\/es\/?s={search_term_string}"},"query-input":{"@type":"PropertyValueSpecification","valueRequired":true,"valueName":"search_term_string"}}],"inLanguage":"es"},{"@type":"Organization","@id":"https:\/\/gaiapoleeurope.com\/es\/#organization","name":"Gaia Pole","url":"https:\/\/gaiapoleeurope.com\/es\/","logo":{"@type":"ImageObject","inLanguage":"es","@id":"https:\/\/gaiapoleeurope.com\/es\/#\/schema\/logo\/image\/","url":"https:\/\/gaiapoleeurope.com\/wp-content\/uploads\/2024\/08\/gaia-logo.svg","contentUrl":"https:\/\/gaiapoleeurope.com\/wp-content\/uploads\/2024\/08\/gaia-logo.svg","width":423,"height":170,"caption":"Gaia Pole"},"image":{"@id":"https:\/\/gaiapoleeurope.com\/es\/#\/schema\/logo\/image\/"},"sameAs":["https:\/\/www.facebook.com\/gaiapolefitness"]}]}},"_links":{"self":[{"href":"https:\/\/gaiapoleeurope.com\/es\/wp-json\/wp\/v2\/product\/69871","targetHints":{"allow":["GET"]}}],"collection":[{"href":"https:\/\/gaiapoleeurope.com\/es\/wp-json\/wp\/v2\/product"}],"about":[{"href":"https:\/\/gaiapoleeurope.com\/es\/wp-json\/wp\/v2\/types\/product"}],"replies":[{"embeddable":true,"href":"https:\/\/gaiapoleeurope.com\/es\/wp-json\/wp\/v2\/comments?post=69871"}],"wp:featuredmedia":[{"embeddable":true,"href":"https:\/\/gaiapoleeurope.com\/es\/wp-json\/wp\/v2\/media\/68671"}],"wp:attachment":[{"href":"https:\/\/gaiapoleeurope.com\/es\/wp-json\/wp\/v2\/media?parent=69871"}],"wp:term":[{"taxonomy":"filtro","embeddable":true,"href":"https:\/\/gaiapoleeurope.com\/es\/wp-json\/wp\/v2\/filtro?post=69871"},{"taxonomy":"product_brand","embeddable":true,"href":"https:\/\/gaiapoleeurope.com\/es\/wp-json\/wp\/v2\/product_brand?post=69871"},{"taxonomy":"product_cat","embeddable":true,"href":"https:\/\/gaiapoleeurope.com\/es\/wp-json\/wp\/v2\/product_cat?post=69871"},{"taxonomy":"product_tag","embeddable":true,"href":"https:\/\/gaiapoleeurope.com\/es\/wp-json\/wp\/v2\/product_tag?post=69871"}],"curies":[{"name":"wp","href":"https:\/\/api.w.org\/{rel}","templated":true}]}}