{"id":69682,"date":"2024-07-11T08:44:52","date_gmt":"2024-07-11T11:44:52","guid":{"rendered":"https:\/\/dev.gaiapole.com\/sin%20categor\u00eda\/aerial-ceiling-mount\/"},"modified":"2025-09-11T05:54:12","modified_gmt":"2025-09-11T05:54:12","slug":"aerial-ceiling-mount","status":"publish","type":"product","link":"https:\/\/gaiapoleeurope.com\/es\/estructuras-y-soportes\/aerial-ceiling-mount\/","title":{"rendered":"AERIAL CEILING MOUNT"},"content":{"rendered":"<p>El AERIAL CEILING MOUNT es perfecto para garantizar total seguridad al instalar equipos a\u00e9reos como el Flying Pole, Telas Acrob\u00e1ticas, Aro A\u00e9reo, Silk y muchos m\u00e1s.<\/p>\n","protected":false},"excerpt":{"rendered":"<p>El AERIAL CEILING MOUNT es perfecto para garantizar total seguridad al instalar equipos a\u00e9reos como el Flying Pole, Telas Acrob\u00e1ticas, Aro A\u00e9reo, Silk y muchos m\u00e1s.<\/p>\n","protected":false},"featured_media":68707,"comment_status":"open","ping_status":"closed","template":"","meta":{"_acf_changed":false},"filtro":[],"product_brand":[],"product_cat":[1744],"product_tag":[1568,1762,1759,1760,1761],"class_list":{"0":"post-69682","1":"product","2":"type-product","3":"status-publish","4":"has-post-thumbnail","6":"product_cat-estructuras-y-soportes","7":"product_tag-aerial-es","8":"product_tag-bungee-es","9":"product_tag-fabric-es","10":"product_tag-support-es","11":"product_tag-trapeze-es","12":"product_shipping_class-melhor-envio-es","14":"first","15":"instock","16":"taxable","17":"shipping-taxable","18":"purchasable","19":"product-type-variable","20":"add-to-wishlist-before_image"},"acf":[],"yoast_head":"<!-- This site is optimized with the Yoast SEO plugin v26.1.1 - https:\/\/yoast.com\/wordpress\/plugins\/seo\/ -->\n<title>AERIAL CEILING MOUNT - Gaia Pole<\/title>\n<meta name=\"description\" content=\"El AERIAL CEILING MOUNT es perfecto para garantizar total seguridad al instalar equipos a\u00e9reos como el Flying Pole, Telas Acrob\u00e1ticas, Aro A\u00e9reo.\" \/>\n<meta name=\"robots\" content=\"index, follow, max-snippet:-1, max-image-preview:large, max-video-preview:-1\" \/>\n<link rel=\"canonical\" href=\"https:\/\/gaiapoleeurope.com\/es\/estructuras-y-soportes\/aerial-ceiling-mount\/\" \/>\n<meta property=\"og:locale\" content=\"es_ES\" \/>\n<meta property=\"og:type\" content=\"article\" \/>\n<meta property=\"og:title\" content=\"AERIAL CEILING MOUNT - Gaia Pole\" \/>\n<meta property=\"og:description\" content=\"El AERIAL CEILING MOUNT es perfecto para garantizar total seguridad al instalar equipos a\u00e9reos como el Flying Pole, Telas Acrob\u00e1ticas, Aro A\u00e9reo.\" \/>\n<meta property=\"og:url\" content=\"https:\/\/gaiapoleeurope.com\/es\/estructuras-y-soportes\/aerial-ceiling-mount\/\" \/>\n<meta property=\"og:site_name\" content=\"Gaia Pole\" \/>\n<meta property=\"article:publisher\" content=\"https:\/\/www.facebook.com\/gaiapolefitness\" \/>\n<meta property=\"article:modified_time\" content=\"2025-09-11T05:54:12+00:00\" \/>\n<meta property=\"og:image\" content=\"https:\/\/gaiapoleeurope.com\/wp-content\/uploads\/2025\/06\/capa-suporte-para-teto-e-aereos.jpg\" \/>\n\t<meta property=\"og:image:width\" content=\"1080\" \/>\n\t<meta property=\"og:image:height\" content=\"1080\" \/>\n\t<meta property=\"og:image:type\" content=\"image\/jpeg\" \/>\n<meta name=\"twitter:card\" content=\"summary_large_image\" \/>\n<script type=\"application\/ld+json\" class=\"yoast-schema-graph\">{\"@context\":\"https:\/\/schema.org\",\"@graph\":[{\"@type\":\"WebPage\",\"@id\":\"https:\/\/gaiapoleeurope.com\/es\/estructuras-y-soportes\/aerial-ceiling-mount\/\",\"url\":\"https:\/\/gaiapoleeurope.com\/es\/estructuras-y-soportes\/aerial-ceiling-mount\/\",\"name\":\"AERIAL CEILING MOUNT - Gaia Pole\",\"isPartOf\":{\"@id\":\"https:\/\/gaiapoleeurope.com\/es\/#website\"},\"primaryImageOfPage\":{\"@id\":\"https:\/\/gaiapoleeurope.com\/es\/estructuras-y-soportes\/aerial-ceiling-mount\/#primaryimage\"},\"image\":{\"@id\":\"https:\/\/gaiapoleeurope.com\/es\/estructuras-y-soportes\/aerial-ceiling-mount\/#primaryimage\"},\"thumbnailUrl\":\"https:\/\/gaiapoleeurope.com\/wp-content\/uploads\/2025\/06\/capa-suporte-para-teto-e-aereos.jpg\",\"datePublished\":\"2024-07-11T11:44:52+00:00\",\"dateModified\":\"2025-09-11T05:54:12+00:00\",\"description\":\"El AERIAL CEILING MOUNT es perfecto para garantizar total seguridad al instalar equipos a\u00e9reos como el Flying Pole, Telas Acrob\u00e1ticas, Aro A\u00e9reo.\",\"breadcrumb\":{\"@id\":\"https:\/\/gaiapoleeurope.com\/es\/estructuras-y-soportes\/aerial-ceiling-mount\/#breadcrumb\"},\"inLanguage\":\"es\",\"potentialAction\":[{\"@type\":\"ReadAction\",\"target\":[\"https:\/\/gaiapoleeurope.com\/es\/estructuras-y-soportes\/aerial-ceiling-mount\/\"]}]},{\"@type\":\"ImageObject\",\"inLanguage\":\"es\",\"@id\":\"https:\/\/gaiapoleeurope.com\/es\/estructuras-y-soportes\/aerial-ceiling-mount\/#primaryimage\",\"url\":\"https:\/\/gaiapoleeurope.com\/wp-content\/uploads\/2025\/06\/capa-suporte-para-teto-e-aereos.jpg\",\"contentUrl\":\"https:\/\/gaiapoleeurope.com\/wp-content\/uploads\/2025\/06\/capa-suporte-para-teto-e-aereos.jpg\",\"width\":1080,\"height\":1080},{\"@type\":\"BreadcrumbList\",\"@id\":\"https:\/\/gaiapoleeurope.com\/es\/estructuras-y-soportes\/aerial-ceiling-mount\/#breadcrumb\",\"itemListElement\":[{\"@type\":\"ListItem\",\"position\":1,\"name\":\"Home\",\"item\":\"https:\/\/gaiapoleeurope.com\/es\/\"},{\"@type\":\"ListItem\",\"position\":2,\"name\":\"P\u00e1gina de la loja\",\"item\":\"https:\/\/gaiapoleeurope.com\/es\/pagina-de-la-loja\/\"},{\"@type\":\"ListItem\",\"position\":3,\"name\":\"Estructuras y Soportes\",\"item\":\"https:\/\/gaiapoleeurope.com\/es\/estructuras-y-soportes\/\"},{\"@type\":\"ListItem\",\"position\":4,\"name\":\"AERIAL CEILING MOUNT\"}]},{\"@type\":\"WebSite\",\"@id\":\"https:\/\/gaiapoleeurope.com\/es\/#website\",\"url\":\"https:\/\/gaiapoleeurope.com\/es\/\",\"name\":\"Gaia Pole\",\"description\":\"\",\"publisher\":{\"@id\":\"https:\/\/gaiapoleeurope.com\/es\/#organization\"},\"potentialAction\":[{\"@type\":\"SearchAction\",\"target\":{\"@type\":\"EntryPoint\",\"urlTemplate\":\"https:\/\/gaiapoleeurope.com\/es\/?s={search_term_string}\"},\"query-input\":{\"@type\":\"PropertyValueSpecification\",\"valueRequired\":true,\"valueName\":\"search_term_string\"}}],\"inLanguage\":\"es\"},{\"@type\":\"Organization\",\"@id\":\"https:\/\/gaiapoleeurope.com\/es\/#organization\",\"name\":\"Gaia Pole\",\"url\":\"https:\/\/gaiapoleeurope.com\/es\/\",\"logo\":{\"@type\":\"ImageObject\",\"inLanguage\":\"es\",\"@id\":\"https:\/\/gaiapoleeurope.com\/es\/#\/schema\/logo\/image\/\",\"url\":\"https:\/\/gaiapoleeurope.com\/wp-content\/uploads\/2024\/08\/gaia-logo.svg\",\"contentUrl\":\"https:\/\/gaiapoleeurope.com\/wp-content\/uploads\/2024\/08\/gaia-logo.svg\",\"width\":423,\"height\":170,\"caption\":\"Gaia Pole\"},\"image\":{\"@id\":\"https:\/\/gaiapoleeurope.com\/es\/#\/schema\/logo\/image\/\"},\"sameAs\":[\"https:\/\/www.facebook.com\/gaiapolefitness\"]}]}<\/script>\n<!-- \/ Yoast SEO plugin. -->","yoast_head_json":{"title":"AERIAL CEILING MOUNT - Gaia Pole","description":"El AERIAL CEILING MOUNT es perfecto para garantizar total seguridad al instalar equipos a\u00e9reos como el Flying Pole, Telas Acrob\u00e1ticas, Aro A\u00e9reo.","robots":{"index":"index","follow":"follow","max-snippet":"max-snippet:-1","max-image-preview":"max-image-preview:large","max-video-preview":"max-video-preview:-1"},"canonical":"https:\/\/gaiapoleeurope.com\/es\/estructuras-y-soportes\/aerial-ceiling-mount\/","og_locale":"es_ES","og_type":"article","og_title":"AERIAL CEILING MOUNT - Gaia Pole","og_description":"El AERIAL CEILING MOUNT es perfecto para garantizar total seguridad al instalar equipos a\u00e9reos como el Flying Pole, Telas Acrob\u00e1ticas, Aro A\u00e9reo.","og_url":"https:\/\/gaiapoleeurope.com\/es\/estructuras-y-soportes\/aerial-ceiling-mount\/","og_site_name":"Gaia Pole","article_publisher":"https:\/\/www.facebook.com\/gaiapolefitness","article_modified_time":"2025-09-11T05:54:12+00:00","og_image":[{"width":1080,"height":1080,"url":"https:\/\/gaiapoleeurope.com\/wp-content\/uploads\/2025\/06\/capa-suporte-para-teto-e-aereos.jpg","type":"image\/jpeg"}],"twitter_card":"summary_large_image","schema":{"@context":"https:\/\/schema.org","@graph":[{"@type":"WebPage","@id":"https:\/\/gaiapoleeurope.com\/es\/estructuras-y-soportes\/aerial-ceiling-mount\/","url":"https:\/\/gaiapoleeurope.com\/es\/estructuras-y-soportes\/aerial-ceiling-mount\/","name":"AERIAL CEILING MOUNT - Gaia Pole","isPartOf":{"@id":"https:\/\/gaiapoleeurope.com\/es\/#website"},"primaryImageOfPage":{"@id":"https:\/\/gaiapoleeurope.com\/es\/estructuras-y-soportes\/aerial-ceiling-mount\/#primaryimage"},"image":{"@id":"https:\/\/gaiapoleeurope.com\/es\/estructuras-y-soportes\/aerial-ceiling-mount\/#primaryimage"},"thumbnailUrl":"https:\/\/gaiapoleeurope.com\/wp-content\/uploads\/2025\/06\/capa-suporte-para-teto-e-aereos.jpg","datePublished":"2024-07-11T11:44:52+00:00","dateModified":"2025-09-11T05:54:12+00:00","description":"El AERIAL CEILING MOUNT es perfecto para garantizar total seguridad al instalar equipos a\u00e9reos como el Flying Pole, Telas Acrob\u00e1ticas, Aro A\u00e9reo.","breadcrumb":{"@id":"https:\/\/gaiapoleeurope.com\/es\/estructuras-y-soportes\/aerial-ceiling-mount\/#breadcrumb"},"inLanguage":"es","potentialAction":[{"@type":"ReadAction","target":["https:\/\/gaiapoleeurope.com\/es\/estructuras-y-soportes\/aerial-ceiling-mount\/"]}]},{"@type":"ImageObject","inLanguage":"es","@id":"https:\/\/gaiapoleeurope.com\/es\/estructuras-y-soportes\/aerial-ceiling-mount\/#primaryimage","url":"https:\/\/gaiapoleeurope.com\/wp-content\/uploads\/2025\/06\/capa-suporte-para-teto-e-aereos.jpg","contentUrl":"https:\/\/gaiapoleeurope.com\/wp-content\/uploads\/2025\/06\/capa-suporte-para-teto-e-aereos.jpg","width":1080,"height":1080},{"@type":"BreadcrumbList","@id":"https:\/\/gaiapoleeurope.com\/es\/estructuras-y-soportes\/aerial-ceiling-mount\/#breadcrumb","itemListElement":[{"@type":"ListItem","position":1,"name":"Home","item":"https:\/\/gaiapoleeurope.com\/es\/"},{"@type":"ListItem","position":2,"name":"P\u00e1gina de la loja","item":"https:\/\/gaiapoleeurope.com\/es\/pagina-de-la-loja\/"},{"@type":"ListItem","position":3,"name":"Estructuras y Soportes","item":"https:\/\/gaiapoleeurope.com\/es\/estructuras-y-soportes\/"},{"@type":"ListItem","position":4,"name":"AERIAL CEILING MOUNT"}]},{"@type":"WebSite","@id":"https:\/\/gaiapoleeurope.com\/es\/#website","url":"https:\/\/gaiapoleeurope.com\/es\/","name":"Gaia Pole","description":"","publisher":{"@id":"https:\/\/gaiapoleeurope.com\/es\/#organization"},"potentialAction":[{"@type":"SearchAction","target":{"@type":"EntryPoint","urlTemplate":"https:\/\/gaiapoleeurope.com\/es\/?s={search_term_string}"},"query-input":{"@type":"PropertyValueSpecification","valueRequired":true,"valueName":"search_term_string"}}],"inLanguage":"es"},{"@type":"Organization","@id":"https:\/\/gaiapoleeurope.com\/es\/#organization","name":"Gaia Pole","url":"https:\/\/gaiapoleeurope.com\/es\/","logo":{"@type":"ImageObject","inLanguage":"es","@id":"https:\/\/gaiapoleeurope.com\/es\/#\/schema\/logo\/image\/","url":"https:\/\/gaiapoleeurope.com\/wp-content\/uploads\/2024\/08\/gaia-logo.svg","contentUrl":"https:\/\/gaiapoleeurope.com\/wp-content\/uploads\/2024\/08\/gaia-logo.svg","width":423,"height":170,"caption":"Gaia Pole"},"image":{"@id":"https:\/\/gaiapoleeurope.com\/es\/#\/schema\/logo\/image\/"},"sameAs":["https:\/\/www.facebook.com\/gaiapolefitness"]}]}},"_links":{"self":[{"href":"https:\/\/gaiapoleeurope.com\/es\/wp-json\/wp\/v2\/product\/69682","targetHints":{"allow":["GET"]}}],"collection":[{"href":"https:\/\/gaiapoleeurope.com\/es\/wp-json\/wp\/v2\/product"}],"about":[{"href":"https:\/\/gaiapoleeurope.com\/es\/wp-json\/wp\/v2\/types\/product"}],"replies":[{"embeddable":true,"href":"https:\/\/gaiapoleeurope.com\/es\/wp-json\/wp\/v2\/comments?post=69682"}],"wp:featuredmedia":[{"embeddable":true,"href":"https:\/\/gaiapoleeurope.com\/es\/wp-json\/wp\/v2\/media\/68707"}],"wp:attachment":[{"href":"https:\/\/gaiapoleeurope.com\/es\/wp-json\/wp\/v2\/media?parent=69682"}],"wp:term":[{"taxonomy":"filtro","embeddable":true,"href":"https:\/\/gaiapoleeurope.com\/es\/wp-json\/wp\/v2\/filtro?post=69682"},{"taxonomy":"product_brand","embeddable":true,"href":"https:\/\/gaiapoleeurope.com\/es\/wp-json\/wp\/v2\/product_brand?post=69682"},{"taxonomy":"product_cat","embeddable":true,"href":"https:\/\/gaiapoleeurope.com\/es\/wp-json\/wp\/v2\/product_cat?post=69682"},{"taxonomy":"product_tag","embeddable":true,"href":"https:\/\/gaiapoleeurope.com\/es\/wp-json\/wp\/v2\/product_tag?post=69682"}],"curies":[{"name":"wp","href":"https:\/\/api.w.org\/{rel}","templated":true}]}}