{"id":69628,"date":"2024-08-07T11:12:43","date_gmt":"2024-08-07T14:12:43","guid":{"rendered":"https:\/\/dev.gaiapole.com\/sin%20categor\u00eda\/static-removable-pole\/"},"modified":"2025-10-31T12:10:53","modified_gmt":"2025-10-31T12:10:53","slug":"static-removable-pole","status":"publish","type":"product","link":"https:\/\/gaiapoleeurope.com\/es\/barras\/static-removable-pole\/","title":{"rendered":"STATIC REMOVABLE POLE"},"content":{"rendered":"<p>La barra est\u00e1tica desmontable es perfecta para quienes est\u00e1n comenzando en el deporte y quieren avanzar poco a poco. Instalada por presi\u00f3n y hecha a medida para la altura que necesites, esta barra de acero inoxidable de 2 piezas tiene \u00fanicamente la funci\u00f3n est\u00e1tica, pero puede actualizarse a una barra giratoria en el futuro sustituyendo la pieza inferior, \u00a1as\u00ed que evoluciona contigo! <\/p>\n","protected":false},"excerpt":{"rendered":"<p>La barra est\u00e1tica desmontable es perfecta para quienes est\u00e1n comenzando en el deporte y quieren avanzar poco a poco. Instalada por presi\u00f3n y hecha a medida para la altura que necesites, esta barra de acero inoxidable de 2 piezas tiene \u00fanicamente la funci\u00f3n est\u00e1tica, pero puede actualizarse a una barra giratoria en el futuro sustituyendo [&hellip;]<\/p>\n","protected":false},"featured_media":68746,"comment_status":"open","ping_status":"closed","template":"","meta":{"_acf_changed":false},"filtro":[1653,1651,1650,1649,2078,1654,1652,1655],"product_brand":[],"product_cat":[1658],"product_tag":[],"class_list":{"0":"post-69628","1":"product","2":"type-product","3":"status-publish","4":"has-post-thumbnail","6":"filtro-acero-inoxidable","7":"filtro-con-escalera","8":"filtro-hecha-a-medida","9":"filtro-instalacion-por-presion","10":"filtro-brass-golden-es","11":"filtro-revestimiento-de-goma","12":"filtro-solo-estatica","13":"filtro-static-removable-pole-es","14":"product_cat-barras","15":"product_shipping_class-equipamientos","17":"first","18":"instock","19":"taxable","20":"shipping-taxable","21":"purchasable","22":"product-type-variable","23":"add-to-wishlist-before_image"},"acf":[],"yoast_head":"<!-- This site is optimized with the Yoast SEO plugin v26.1.1 - https:\/\/yoast.com\/wordpress\/plugins\/seo\/ -->\n<title>STATIC REMOVABLE POLE - Gaia Pole<\/title>\n<meta name=\"description\" content=\"La barra est\u00e1tica desmontable es perfecta para quienes est\u00e1n comenzando en el deporte y desean avanzar poco a poco.\" \/>\n<meta name=\"robots\" content=\"index, follow, max-snippet:-1, max-image-preview:large, max-video-preview:-1\" \/>\n<link rel=\"canonical\" href=\"https:\/\/gaiapoleeurope.com\/es\/barras\/static-removable-pole\/\" \/>\n<meta property=\"og:locale\" content=\"es_ES\" \/>\n<meta property=\"og:type\" content=\"article\" \/>\n<meta property=\"og:title\" content=\"STATIC REMOVABLE POLE - Gaia Pole\" \/>\n<meta property=\"og:description\" content=\"La barra est\u00e1tica desmontable es perfecta para quienes est\u00e1n comenzando en el deporte y desean avanzar poco a poco.\" \/>\n<meta property=\"og:url\" content=\"https:\/\/gaiapoleeurope.com\/es\/barras\/static-removable-pole\/\" \/>\n<meta property=\"og:site_name\" content=\"Gaia Pole\" \/>\n<meta property=\"article:publisher\" content=\"https:\/\/www.facebook.com\/gaiapolefitness\" \/>\n<meta property=\"article:modified_time\" content=\"2025-10-31T12:10:53+00:00\" \/>\n<meta property=\"og:image\" content=\"https:\/\/gaiapoleeurope.com\/wp-content\/uploads\/2025\/06\/capa-removivel-estatico.jpg\" \/>\n\t<meta property=\"og:image:width\" content=\"1080\" \/>\n\t<meta property=\"og:image:height\" content=\"1080\" \/>\n\t<meta property=\"og:image:type\" content=\"image\/jpeg\" \/>\n<meta name=\"twitter:card\" content=\"summary_large_image\" \/>\n<script type=\"application\/ld+json\" class=\"yoast-schema-graph\">{\"@context\":\"https:\/\/schema.org\",\"@graph\":[{\"@type\":\"WebPage\",\"@id\":\"https:\/\/gaiapoleeurope.com\/es\/barras\/static-removable-pole\/\",\"url\":\"https:\/\/gaiapoleeurope.com\/es\/barras\/static-removable-pole\/\",\"name\":\"STATIC REMOVABLE POLE - Gaia Pole\",\"isPartOf\":{\"@id\":\"https:\/\/gaiapoleeurope.com\/es\/#website\"},\"primaryImageOfPage\":{\"@id\":\"https:\/\/gaiapoleeurope.com\/es\/barras\/static-removable-pole\/#primaryimage\"},\"image\":{\"@id\":\"https:\/\/gaiapoleeurope.com\/es\/barras\/static-removable-pole\/#primaryimage\"},\"thumbnailUrl\":\"https:\/\/gaiapoleeurope.com\/wp-content\/uploads\/2025\/06\/capa-removivel-estatico.jpg\",\"datePublished\":\"2024-08-07T14:12:43+00:00\",\"dateModified\":\"2025-10-31T12:10:53+00:00\",\"description\":\"La barra est\u00e1tica desmontable es perfecta para quienes est\u00e1n comenzando en el deporte y desean avanzar poco a poco.\",\"breadcrumb\":{\"@id\":\"https:\/\/gaiapoleeurope.com\/es\/barras\/static-removable-pole\/#breadcrumb\"},\"inLanguage\":\"es\",\"potentialAction\":[{\"@type\":\"ReadAction\",\"target\":[\"https:\/\/gaiapoleeurope.com\/es\/barras\/static-removable-pole\/\"]}]},{\"@type\":\"ImageObject\",\"inLanguage\":\"es\",\"@id\":\"https:\/\/gaiapoleeurope.com\/es\/barras\/static-removable-pole\/#primaryimage\",\"url\":\"https:\/\/gaiapoleeurope.com\/wp-content\/uploads\/2025\/06\/capa-removivel-estatico.jpg\",\"contentUrl\":\"https:\/\/gaiapoleeurope.com\/wp-content\/uploads\/2025\/06\/capa-removivel-estatico.jpg\",\"width\":1080,\"height\":1080},{\"@type\":\"BreadcrumbList\",\"@id\":\"https:\/\/gaiapoleeurope.com\/es\/barras\/static-removable-pole\/#breadcrumb\",\"itemListElement\":[{\"@type\":\"ListItem\",\"position\":1,\"name\":\"Home\",\"item\":\"https:\/\/gaiapoleeurope.com\/es\/\"},{\"@type\":\"ListItem\",\"position\":2,\"name\":\"P\u00e1gina de la loja\",\"item\":\"https:\/\/gaiapoleeurope.com\/es\/pagina-de-la-loja\/\"},{\"@type\":\"ListItem\",\"position\":3,\"name\":\"Barras\",\"item\":\"https:\/\/gaiapoleeurope.com\/es\/barras\/\"},{\"@type\":\"ListItem\",\"position\":4,\"name\":\"STATIC REMOVABLE POLE\"}]},{\"@type\":\"WebSite\",\"@id\":\"https:\/\/gaiapoleeurope.com\/es\/#website\",\"url\":\"https:\/\/gaiapoleeurope.com\/es\/\",\"name\":\"Gaia Pole\",\"description\":\"\",\"publisher\":{\"@id\":\"https:\/\/gaiapoleeurope.com\/es\/#organization\"},\"potentialAction\":[{\"@type\":\"SearchAction\",\"target\":{\"@type\":\"EntryPoint\",\"urlTemplate\":\"https:\/\/gaiapoleeurope.com\/es\/?s={search_term_string}\"},\"query-input\":{\"@type\":\"PropertyValueSpecification\",\"valueRequired\":true,\"valueName\":\"search_term_string\"}}],\"inLanguage\":\"es\"},{\"@type\":\"Organization\",\"@id\":\"https:\/\/gaiapoleeurope.com\/es\/#organization\",\"name\":\"Gaia Pole\",\"url\":\"https:\/\/gaiapoleeurope.com\/es\/\",\"logo\":{\"@type\":\"ImageObject\",\"inLanguage\":\"es\",\"@id\":\"https:\/\/gaiapoleeurope.com\/es\/#\/schema\/logo\/image\/\",\"url\":\"https:\/\/gaiapoleeurope.com\/wp-content\/uploads\/2024\/08\/gaia-logo.svg\",\"contentUrl\":\"https:\/\/gaiapoleeurope.com\/wp-content\/uploads\/2024\/08\/gaia-logo.svg\",\"width\":423,\"height\":170,\"caption\":\"Gaia Pole\"},\"image\":{\"@id\":\"https:\/\/gaiapoleeurope.com\/es\/#\/schema\/logo\/image\/\"},\"sameAs\":[\"https:\/\/www.facebook.com\/gaiapolefitness\"]}]}<\/script>\n<!-- \/ Yoast SEO plugin. -->","yoast_head_json":{"title":"STATIC REMOVABLE POLE - Gaia Pole","description":"La barra est\u00e1tica desmontable es perfecta para quienes est\u00e1n comenzando en el deporte y desean avanzar poco a poco.","robots":{"index":"index","follow":"follow","max-snippet":"max-snippet:-1","max-image-preview":"max-image-preview:large","max-video-preview":"max-video-preview:-1"},"canonical":"https:\/\/gaiapoleeurope.com\/es\/barras\/static-removable-pole\/","og_locale":"es_ES","og_type":"article","og_title":"STATIC REMOVABLE POLE - Gaia Pole","og_description":"La barra est\u00e1tica desmontable es perfecta para quienes est\u00e1n comenzando en el deporte y desean avanzar poco a poco.","og_url":"https:\/\/gaiapoleeurope.com\/es\/barras\/static-removable-pole\/","og_site_name":"Gaia Pole","article_publisher":"https:\/\/www.facebook.com\/gaiapolefitness","article_modified_time":"2025-10-31T12:10:53+00:00","og_image":[{"width":1080,"height":1080,"url":"https:\/\/gaiapoleeurope.com\/wp-content\/uploads\/2025\/06\/capa-removivel-estatico.jpg","type":"image\/jpeg"}],"twitter_card":"summary_large_image","schema":{"@context":"https:\/\/schema.org","@graph":[{"@type":"WebPage","@id":"https:\/\/gaiapoleeurope.com\/es\/barras\/static-removable-pole\/","url":"https:\/\/gaiapoleeurope.com\/es\/barras\/static-removable-pole\/","name":"STATIC REMOVABLE POLE - Gaia Pole","isPartOf":{"@id":"https:\/\/gaiapoleeurope.com\/es\/#website"},"primaryImageOfPage":{"@id":"https:\/\/gaiapoleeurope.com\/es\/barras\/static-removable-pole\/#primaryimage"},"image":{"@id":"https:\/\/gaiapoleeurope.com\/es\/barras\/static-removable-pole\/#primaryimage"},"thumbnailUrl":"https:\/\/gaiapoleeurope.com\/wp-content\/uploads\/2025\/06\/capa-removivel-estatico.jpg","datePublished":"2024-08-07T14:12:43+00:00","dateModified":"2025-10-31T12:10:53+00:00","description":"La barra est\u00e1tica desmontable es perfecta para quienes est\u00e1n comenzando en el deporte y desean avanzar poco a poco.","breadcrumb":{"@id":"https:\/\/gaiapoleeurope.com\/es\/barras\/static-removable-pole\/#breadcrumb"},"inLanguage":"es","potentialAction":[{"@type":"ReadAction","target":["https:\/\/gaiapoleeurope.com\/es\/barras\/static-removable-pole\/"]}]},{"@type":"ImageObject","inLanguage":"es","@id":"https:\/\/gaiapoleeurope.com\/es\/barras\/static-removable-pole\/#primaryimage","url":"https:\/\/gaiapoleeurope.com\/wp-content\/uploads\/2025\/06\/capa-removivel-estatico.jpg","contentUrl":"https:\/\/gaiapoleeurope.com\/wp-content\/uploads\/2025\/06\/capa-removivel-estatico.jpg","width":1080,"height":1080},{"@type":"BreadcrumbList","@id":"https:\/\/gaiapoleeurope.com\/es\/barras\/static-removable-pole\/#breadcrumb","itemListElement":[{"@type":"ListItem","position":1,"name":"Home","item":"https:\/\/gaiapoleeurope.com\/es\/"},{"@type":"ListItem","position":2,"name":"P\u00e1gina de la loja","item":"https:\/\/gaiapoleeurope.com\/es\/pagina-de-la-loja\/"},{"@type":"ListItem","position":3,"name":"Barras","item":"https:\/\/gaiapoleeurope.com\/es\/barras\/"},{"@type":"ListItem","position":4,"name":"STATIC REMOVABLE POLE"}]},{"@type":"WebSite","@id":"https:\/\/gaiapoleeurope.com\/es\/#website","url":"https:\/\/gaiapoleeurope.com\/es\/","name":"Gaia Pole","description":"","publisher":{"@id":"https:\/\/gaiapoleeurope.com\/es\/#organization"},"potentialAction":[{"@type":"SearchAction","target":{"@type":"EntryPoint","urlTemplate":"https:\/\/gaiapoleeurope.com\/es\/?s={search_term_string}"},"query-input":{"@type":"PropertyValueSpecification","valueRequired":true,"valueName":"search_term_string"}}],"inLanguage":"es"},{"@type":"Organization","@id":"https:\/\/gaiapoleeurope.com\/es\/#organization","name":"Gaia Pole","url":"https:\/\/gaiapoleeurope.com\/es\/","logo":{"@type":"ImageObject","inLanguage":"es","@id":"https:\/\/gaiapoleeurope.com\/es\/#\/schema\/logo\/image\/","url":"https:\/\/gaiapoleeurope.com\/wp-content\/uploads\/2024\/08\/gaia-logo.svg","contentUrl":"https:\/\/gaiapoleeurope.com\/wp-content\/uploads\/2024\/08\/gaia-logo.svg","width":423,"height":170,"caption":"Gaia Pole"},"image":{"@id":"https:\/\/gaiapoleeurope.com\/es\/#\/schema\/logo\/image\/"},"sameAs":["https:\/\/www.facebook.com\/gaiapolefitness"]}]}},"_links":{"self":[{"href":"https:\/\/gaiapoleeurope.com\/es\/wp-json\/wp\/v2\/product\/69628","targetHints":{"allow":["GET"]}}],"collection":[{"href":"https:\/\/gaiapoleeurope.com\/es\/wp-json\/wp\/v2\/product"}],"about":[{"href":"https:\/\/gaiapoleeurope.com\/es\/wp-json\/wp\/v2\/types\/product"}],"replies":[{"embeddable":true,"href":"https:\/\/gaiapoleeurope.com\/es\/wp-json\/wp\/v2\/comments?post=69628"}],"wp:featuredmedia":[{"embeddable":true,"href":"https:\/\/gaiapoleeurope.com\/es\/wp-json\/wp\/v2\/media\/68746"}],"wp:attachment":[{"href":"https:\/\/gaiapoleeurope.com\/es\/wp-json\/wp\/v2\/media?parent=69628"}],"wp:term":[{"taxonomy":"filtro","embeddable":true,"href":"https:\/\/gaiapoleeurope.com\/es\/wp-json\/wp\/v2\/filtro?post=69628"},{"taxonomy":"product_brand","embeddable":true,"href":"https:\/\/gaiapoleeurope.com\/es\/wp-json\/wp\/v2\/product_brand?post=69628"},{"taxonomy":"product_cat","embeddable":true,"href":"https:\/\/gaiapoleeurope.com\/es\/wp-json\/wp\/v2\/product_cat?post=69628"},{"taxonomy":"product_tag","embeddable":true,"href":"https:\/\/gaiapoleeurope.com\/es\/wp-json\/wp\/v2\/product_tag?post=69628"}],"curies":[{"name":"wp","href":"https:\/\/api.w.org\/{rel}","templated":true}]}}