{"id":69550,"date":"2025-01-09T11:33:25","date_gmt":"2025-01-09T11:33:25","guid":{"rendered":"https:\/\/dev.gaiapole.com\/sin%20categor\u00eda\/portable-multidiscipline-aerial-rig\/"},"modified":"2025-09-11T06:17:17","modified_gmt":"2025-09-11T06:17:17","slug":"portable-multidiscipline-aerial-rig","status":"publish","type":"product","link":"https:\/\/gaiapoleeurope.com\/es\/aereas\/portable-multidiscipline-aerial-rig\/","title":{"rendered":"Portable Multidiscipline Aerial Rig"},"content":{"rendered":"<p>Estructura estable y port\u00e1til de 5 m para disciplinas a\u00e9reas, montada y desmontable, no requiere fijaci\u00f3n, f\u00e1cil de instalar y transportar, apta para Aerial Hoop (Lyra), Trapecio, Telas, Tejidos y Bungee.<\/p>\n","protected":false},"excerpt":{"rendered":"<p>Estructura estable y port\u00e1til de 5 m para disciplinas a\u00e9reas, montada y desmontable, no requiere fijaci\u00f3n, f\u00e1cil de instalar y transportar, apta para Aerial Hoop (Lyra), Trapecio, Telas, Tejidos y Bungee.<\/p>\n","protected":false},"featured_media":68758,"comment_status":"open","ping_status":"closed","template":"","meta":{"_acf_changed":false},"filtro":[1566,1564,1565,1563],"product_brand":[],"product_cat":[1567],"product_tag":[1568,1571,1570,1569],"class_list":{"0":"post-69550","1":"product","2":"type-product","3":"status-publish","4":"has-post-thumbnail","6":"filtro-a-frame-es","7":"filtro-aerial-es","8":"filtro-aerial-rig-es","9":"filtro-portatil-es","10":"product_cat-aereas","11":"product_tag-aerial-es","12":"product_tag-aerial-rig-es","13":"product_tag-estructura","14":"product_tag-portatil-es","16":"first","17":"instock","18":"taxable","19":"shipping-taxable","20":"purchasable","21":"product-type-simple","22":"add-to-wishlist-before_image"},"acf":[],"yoast_head":"<!-- This site is optimized with the Yoast SEO plugin v26.1.1 - https:\/\/yoast.com\/wordpress\/plugins\/seo\/ -->\n<title>Portable Multidiscipline Aerial Rig - Gaia Pole<\/title>\n<meta name=\"description\" content=\"Estructura estable y port\u00e1til de 5 m para disciplinas a\u00e9reas, no requiere fijaci\u00f3n, f\u00e1cil de instalar y transportar, apta para Aerial Hoop, Trapecio y Bungee.\" \/>\n<meta name=\"robots\" content=\"index, follow, max-snippet:-1, max-image-preview:large, max-video-preview:-1\" \/>\n<link rel=\"canonical\" href=\"https:\/\/gaiapoleeurope.com\/es\/aereas\/portable-multidiscipline-aerial-rig\/\" \/>\n<meta property=\"og:locale\" content=\"es_ES\" \/>\n<meta property=\"og:type\" content=\"article\" \/>\n<meta property=\"og:title\" content=\"Portable Multidiscipline Aerial Rig - Gaia Pole\" \/>\n<meta property=\"og:description\" content=\"Estructura estable y port\u00e1til de 5 m para disciplinas a\u00e9reas, no requiere fijaci\u00f3n, f\u00e1cil de instalar y transportar, apta para Aerial Hoop, Trapecio y Bungee.\" \/>\n<meta property=\"og:url\" content=\"https:\/\/gaiapoleeurope.com\/es\/aereas\/portable-multidiscipline-aerial-rig\/\" \/>\n<meta property=\"og:site_name\" content=\"Gaia Pole\" \/>\n<meta property=\"article:publisher\" content=\"https:\/\/www.facebook.com\/gaiapolefitness\" \/>\n<meta property=\"article:modified_time\" content=\"2025-09-11T06:17:17+00:00\" \/>\n<meta property=\"og:image\" content=\"https:\/\/gaiapoleeurope.com\/wp-content\/uploads\/2025\/06\/06-1.webp\" \/>\n\t<meta property=\"og:image:width\" content=\"1080\" \/>\n\t<meta property=\"og:image:height\" content=\"1080\" \/>\n\t<meta property=\"og:image:type\" content=\"image\/webp\" \/>\n<meta name=\"twitter:card\" content=\"summary_large_image\" \/>\n<script type=\"application\/ld+json\" class=\"yoast-schema-graph\">{\"@context\":\"https:\/\/schema.org\",\"@graph\":[{\"@type\":\"WebPage\",\"@id\":\"https:\/\/gaiapoleeurope.com\/es\/aereas\/portable-multidiscipline-aerial-rig\/\",\"url\":\"https:\/\/gaiapoleeurope.com\/es\/aereas\/portable-multidiscipline-aerial-rig\/\",\"name\":\"Portable Multidiscipline Aerial Rig - Gaia Pole\",\"isPartOf\":{\"@id\":\"https:\/\/gaiapoleeurope.com\/es\/#website\"},\"primaryImageOfPage\":{\"@id\":\"https:\/\/gaiapoleeurope.com\/es\/aereas\/portable-multidiscipline-aerial-rig\/#primaryimage\"},\"image\":{\"@id\":\"https:\/\/gaiapoleeurope.com\/es\/aereas\/portable-multidiscipline-aerial-rig\/#primaryimage\"},\"thumbnailUrl\":\"https:\/\/gaiapoleeurope.com\/wp-content\/uploads\/2025\/06\/06-1.webp\",\"datePublished\":\"2025-01-09T11:33:25+00:00\",\"dateModified\":\"2025-09-11T06:17:17+00:00\",\"description\":\"Estructura estable y port\u00e1til de 5 m para disciplinas a\u00e9reas, no requiere fijaci\u00f3n, f\u00e1cil de instalar y transportar, apta para Aerial Hoop, Trapecio y Bungee.\",\"breadcrumb\":{\"@id\":\"https:\/\/gaiapoleeurope.com\/es\/aereas\/portable-multidiscipline-aerial-rig\/#breadcrumb\"},\"inLanguage\":\"es\",\"potentialAction\":[{\"@type\":\"ReadAction\",\"target\":[\"https:\/\/gaiapoleeurope.com\/es\/aereas\/portable-multidiscipline-aerial-rig\/\"]}]},{\"@type\":\"ImageObject\",\"inLanguage\":\"es\",\"@id\":\"https:\/\/gaiapoleeurope.com\/es\/aereas\/portable-multidiscipline-aerial-rig\/#primaryimage\",\"url\":\"https:\/\/gaiapoleeurope.com\/wp-content\/uploads\/2025\/06\/06-1.webp\",\"contentUrl\":\"https:\/\/gaiapoleeurope.com\/wp-content\/uploads\/2025\/06\/06-1.webp\",\"width\":1080,\"height\":1080},{\"@type\":\"BreadcrumbList\",\"@id\":\"https:\/\/gaiapoleeurope.com\/es\/aereas\/portable-multidiscipline-aerial-rig\/#breadcrumb\",\"itemListElement\":[{\"@type\":\"ListItem\",\"position\":1,\"name\":\"Home\",\"item\":\"https:\/\/gaiapoleeurope.com\/es\/\"},{\"@type\":\"ListItem\",\"position\":2,\"name\":\"P\u00e1gina de la loja\",\"item\":\"https:\/\/gaiapoleeurope.com\/es\/pagina-de-la-loja\/\"},{\"@type\":\"ListItem\",\"position\":3,\"name\":\"Actividades a\u00e9reas\",\"item\":\"https:\/\/gaiapoleeurope.com\/es\/aereas\/\"},{\"@type\":\"ListItem\",\"position\":4,\"name\":\"Portable Multidiscipline Aerial Rig\"}]},{\"@type\":\"WebSite\",\"@id\":\"https:\/\/gaiapoleeurope.com\/es\/#website\",\"url\":\"https:\/\/gaiapoleeurope.com\/es\/\",\"name\":\"Gaia Pole\",\"description\":\"\",\"publisher\":{\"@id\":\"https:\/\/gaiapoleeurope.com\/es\/#organization\"},\"potentialAction\":[{\"@type\":\"SearchAction\",\"target\":{\"@type\":\"EntryPoint\",\"urlTemplate\":\"https:\/\/gaiapoleeurope.com\/es\/?s={search_term_string}\"},\"query-input\":{\"@type\":\"PropertyValueSpecification\",\"valueRequired\":true,\"valueName\":\"search_term_string\"}}],\"inLanguage\":\"es\"},{\"@type\":\"Organization\",\"@id\":\"https:\/\/gaiapoleeurope.com\/es\/#organization\",\"name\":\"Gaia Pole\",\"url\":\"https:\/\/gaiapoleeurope.com\/es\/\",\"logo\":{\"@type\":\"ImageObject\",\"inLanguage\":\"es\",\"@id\":\"https:\/\/gaiapoleeurope.com\/es\/#\/schema\/logo\/image\/\",\"url\":\"https:\/\/gaiapoleeurope.com\/wp-content\/uploads\/2024\/08\/gaia-logo.svg\",\"contentUrl\":\"https:\/\/gaiapoleeurope.com\/wp-content\/uploads\/2024\/08\/gaia-logo.svg\",\"width\":423,\"height\":170,\"caption\":\"Gaia Pole\"},\"image\":{\"@id\":\"https:\/\/gaiapoleeurope.com\/es\/#\/schema\/logo\/image\/\"},\"sameAs\":[\"https:\/\/www.facebook.com\/gaiapolefitness\"]}]}<\/script>\n<!-- \/ Yoast SEO plugin. -->","yoast_head_json":{"title":"Portable Multidiscipline Aerial Rig - Gaia Pole","description":"Estructura estable y port\u00e1til de 5 m para disciplinas a\u00e9reas, no requiere fijaci\u00f3n, f\u00e1cil de instalar y transportar, apta para Aerial Hoop, Trapecio y Bungee.","robots":{"index":"index","follow":"follow","max-snippet":"max-snippet:-1","max-image-preview":"max-image-preview:large","max-video-preview":"max-video-preview:-1"},"canonical":"https:\/\/gaiapoleeurope.com\/es\/aereas\/portable-multidiscipline-aerial-rig\/","og_locale":"es_ES","og_type":"article","og_title":"Portable Multidiscipline Aerial Rig - Gaia Pole","og_description":"Estructura estable y port\u00e1til de 5 m para disciplinas a\u00e9reas, no requiere fijaci\u00f3n, f\u00e1cil de instalar y transportar, apta para Aerial Hoop, Trapecio y Bungee.","og_url":"https:\/\/gaiapoleeurope.com\/es\/aereas\/portable-multidiscipline-aerial-rig\/","og_site_name":"Gaia Pole","article_publisher":"https:\/\/www.facebook.com\/gaiapolefitness","article_modified_time":"2025-09-11T06:17:17+00:00","og_image":[{"width":1080,"height":1080,"url":"https:\/\/gaiapoleeurope.com\/wp-content\/uploads\/2025\/06\/06-1.webp","type":"image\/webp"}],"twitter_card":"summary_large_image","schema":{"@context":"https:\/\/schema.org","@graph":[{"@type":"WebPage","@id":"https:\/\/gaiapoleeurope.com\/es\/aereas\/portable-multidiscipline-aerial-rig\/","url":"https:\/\/gaiapoleeurope.com\/es\/aereas\/portable-multidiscipline-aerial-rig\/","name":"Portable Multidiscipline Aerial Rig - Gaia Pole","isPartOf":{"@id":"https:\/\/gaiapoleeurope.com\/es\/#website"},"primaryImageOfPage":{"@id":"https:\/\/gaiapoleeurope.com\/es\/aereas\/portable-multidiscipline-aerial-rig\/#primaryimage"},"image":{"@id":"https:\/\/gaiapoleeurope.com\/es\/aereas\/portable-multidiscipline-aerial-rig\/#primaryimage"},"thumbnailUrl":"https:\/\/gaiapoleeurope.com\/wp-content\/uploads\/2025\/06\/06-1.webp","datePublished":"2025-01-09T11:33:25+00:00","dateModified":"2025-09-11T06:17:17+00:00","description":"Estructura estable y port\u00e1til de 5 m para disciplinas a\u00e9reas, no requiere fijaci\u00f3n, f\u00e1cil de instalar y transportar, apta para Aerial Hoop, Trapecio y Bungee.","breadcrumb":{"@id":"https:\/\/gaiapoleeurope.com\/es\/aereas\/portable-multidiscipline-aerial-rig\/#breadcrumb"},"inLanguage":"es","potentialAction":[{"@type":"ReadAction","target":["https:\/\/gaiapoleeurope.com\/es\/aereas\/portable-multidiscipline-aerial-rig\/"]}]},{"@type":"ImageObject","inLanguage":"es","@id":"https:\/\/gaiapoleeurope.com\/es\/aereas\/portable-multidiscipline-aerial-rig\/#primaryimage","url":"https:\/\/gaiapoleeurope.com\/wp-content\/uploads\/2025\/06\/06-1.webp","contentUrl":"https:\/\/gaiapoleeurope.com\/wp-content\/uploads\/2025\/06\/06-1.webp","width":1080,"height":1080},{"@type":"BreadcrumbList","@id":"https:\/\/gaiapoleeurope.com\/es\/aereas\/portable-multidiscipline-aerial-rig\/#breadcrumb","itemListElement":[{"@type":"ListItem","position":1,"name":"Home","item":"https:\/\/gaiapoleeurope.com\/es\/"},{"@type":"ListItem","position":2,"name":"P\u00e1gina de la loja","item":"https:\/\/gaiapoleeurope.com\/es\/pagina-de-la-loja\/"},{"@type":"ListItem","position":3,"name":"Actividades a\u00e9reas","item":"https:\/\/gaiapoleeurope.com\/es\/aereas\/"},{"@type":"ListItem","position":4,"name":"Portable Multidiscipline Aerial Rig"}]},{"@type":"WebSite","@id":"https:\/\/gaiapoleeurope.com\/es\/#website","url":"https:\/\/gaiapoleeurope.com\/es\/","name":"Gaia Pole","description":"","publisher":{"@id":"https:\/\/gaiapoleeurope.com\/es\/#organization"},"potentialAction":[{"@type":"SearchAction","target":{"@type":"EntryPoint","urlTemplate":"https:\/\/gaiapoleeurope.com\/es\/?s={search_term_string}"},"query-input":{"@type":"PropertyValueSpecification","valueRequired":true,"valueName":"search_term_string"}}],"inLanguage":"es"},{"@type":"Organization","@id":"https:\/\/gaiapoleeurope.com\/es\/#organization","name":"Gaia Pole","url":"https:\/\/gaiapoleeurope.com\/es\/","logo":{"@type":"ImageObject","inLanguage":"es","@id":"https:\/\/gaiapoleeurope.com\/es\/#\/schema\/logo\/image\/","url":"https:\/\/gaiapoleeurope.com\/wp-content\/uploads\/2024\/08\/gaia-logo.svg","contentUrl":"https:\/\/gaiapoleeurope.com\/wp-content\/uploads\/2024\/08\/gaia-logo.svg","width":423,"height":170,"caption":"Gaia Pole"},"image":{"@id":"https:\/\/gaiapoleeurope.com\/es\/#\/schema\/logo\/image\/"},"sameAs":["https:\/\/www.facebook.com\/gaiapolefitness"]}]}},"_links":{"self":[{"href":"https:\/\/gaiapoleeurope.com\/es\/wp-json\/wp\/v2\/product\/69550","targetHints":{"allow":["GET"]}}],"collection":[{"href":"https:\/\/gaiapoleeurope.com\/es\/wp-json\/wp\/v2\/product"}],"about":[{"href":"https:\/\/gaiapoleeurope.com\/es\/wp-json\/wp\/v2\/types\/product"}],"replies":[{"embeddable":true,"href":"https:\/\/gaiapoleeurope.com\/es\/wp-json\/wp\/v2\/comments?post=69550"}],"wp:featuredmedia":[{"embeddable":true,"href":"https:\/\/gaiapoleeurope.com\/es\/wp-json\/wp\/v2\/media\/68758"}],"wp:attachment":[{"href":"https:\/\/gaiapoleeurope.com\/es\/wp-json\/wp\/v2\/media?parent=69550"}],"wp:term":[{"taxonomy":"filtro","embeddable":true,"href":"https:\/\/gaiapoleeurope.com\/es\/wp-json\/wp\/v2\/filtro?post=69550"},{"taxonomy":"product_brand","embeddable":true,"href":"https:\/\/gaiapoleeurope.com\/es\/wp-json\/wp\/v2\/product_brand?post=69550"},{"taxonomy":"product_cat","embeddable":true,"href":"https:\/\/gaiapoleeurope.com\/es\/wp-json\/wp\/v2\/product_cat?post=69550"},{"taxonomy":"product_tag","embeddable":true,"href":"https:\/\/gaiapoleeurope.com\/es\/wp-json\/wp\/v2\/product_tag?post=69550"}],"curies":[{"name":"wp","href":"https:\/\/api.w.org\/{rel}","templated":true}]}}