{"id":69434,"date":"2024-07-10T13:36:38","date_gmt":"2024-07-10T16:36:38","guid":{"rendered":"https:\/\/dev.gaiapole.com\/unkategorisiert\/all-in-one-articulated-portable-pole\/"},"modified":"2025-09-11T04:02:58","modified_gmt":"2025-09-11T04:02:58","slug":"all-in-one-articulated-portable-pole","status":"publish","type":"product","link":"https:\/\/gaiapoleeurope.com\/de\/stangen\/all-in-one-articulated-portable-pole\/","title":{"rendered":"ALL IN ONE ARTICULATED PORTABLE POLE"},"content":{"rendered":"<p>Der ALL IN ONE ARTICULATED AND PORTABLE POLE hat wirklich alles. Es ist die vollst\u00e4ndigste Stange der Welt! Diese patentierte Technologie unterscheidet sich von allen anderen abnehmbaren Stangen auf dem Markt und kann in die Decke eingeklappt werden, wenn sie nicht in Gebrauch ist. Au\u00dferdem ist sie vollst\u00e4ndig abnehmbar, was den Transport erleichtert und kann in einer gro\u00dfen Vielfalt von H\u00f6hen montiert werden. Sowohl rotierende als auch statische Funktion verf\u00fcgbar, Wechsel von einer zur anderen mit einem einfachen Klick.    <\/p>\n","protected":false},"excerpt":{"rendered":"<p>Der ALL IN ONE ARTICULATED AND PORTABLE POLE hat wirklich alles. Es ist die vollst\u00e4ndigste Stange der Welt! Diese patentierte Technologie unterscheidet sich von allen anderen abnehmbaren Stangen auf dem Markt und kann in die Decke eingeklappt werden, wenn sie nicht in Gebrauch ist. Au\u00dferdem ist sie vollst\u00e4ndig abnehmbar, was den Transport erleichtert und kann [&hellip;]<\/p>\n","protected":false},"featured_media":62040,"comment_status":"open","ping_status":"closed","template":"","meta":{"_acf_changed":false},"filtro":[1394,1150,1165,1170,1398,1159,1400],"product_brand":[],"product_cat":[1072],"product_tag":[1514,1515,1222,1098,1510,1100,1513,1511,1512,1213],"class_list":{"0":"post-69434","1":"product","2":"type-product","3":"status-publish","4":"has-post-thumbnail","6":"filtro-anpassbar","7":"filtro-druckmontage","8":"filtro-edelstahl","9":"filtro-keine-leiter-erforderlich","10":"filtro-leicht-zu-transportieren","11":"filtro-mit-einem-klick","12":"filtro-platz-einfach-freimachen","13":"product_cat-stangen","14":"product_tag-all-in-one-articulated-pole-de","15":"product_tag-articulated-pole-de","16":"product_tag-gelenkig","17":"product_tag-pole-dance-bar-de","18":"product_tag-pressure-mounted-de","19":"product_tag-schnellverschluss","20":"product_tag-spinning-de","21":"product_tag-stanless-steel-de","22":"product_tag-static-de","23":"product_tag-tragbar","25":"first","26":"instock","27":"taxable","28":"shipping-taxable","29":"purchasable","30":"product-type-variable","31":"has-default-attributes","32":"add-to-wishlist-before_image"},"acf":[],"yoast_head":"<!-- This site is optimized with the Yoast SEO plugin v26.1.1 - https:\/\/yoast.com\/wordpress\/plugins\/seo\/ -->\n<title>ALL IN ONE ARTICULATED PORTABLE POLE - Gaia Pole<\/title>\n<meta name=\"description\" content=\"Der ALL IN ONE ARTICULATED POLE ist die vollst\u00e4ndigste Stange der Welt! Diese patentierte Technologie unterscheidet sich von allen anderen abnehmbaren Stangen auf dem Markt.\" \/>\n<meta name=\"robots\" content=\"index, follow, max-snippet:-1, max-image-preview:large, max-video-preview:-1\" \/>\n<link rel=\"canonical\" href=\"https:\/\/gaiapoleeurope.com\/de\/stangen\/all-in-one-articulated-portable-pole\/\" \/>\n<meta property=\"og:locale\" content=\"de_DE\" \/>\n<meta property=\"og:type\" content=\"article\" \/>\n<meta property=\"og:title\" content=\"ALL IN ONE ARTICULATED PORTABLE POLE - Gaia Pole\" \/>\n<meta property=\"og:description\" content=\"Der ALL IN ONE ARTICULATED POLE ist die vollst\u00e4ndigste Stange der Welt! Diese patentierte Technologie unterscheidet sich von allen anderen abnehmbaren Stangen auf dem Markt.\" \/>\n<meta property=\"og:url\" content=\"https:\/\/gaiapoleeurope.com\/de\/stangen\/all-in-one-articulated-portable-pole\/\" \/>\n<meta property=\"og:site_name\" content=\"Gaia Pole\" \/>\n<meta property=\"article:publisher\" content=\"https:\/\/www.facebook.com\/gaiapolefitness\" \/>\n<meta property=\"article:modified_time\" content=\"2025-09-11T04:02:58+00:00\" \/>\n<meta property=\"og:image\" content=\"https:\/\/gaiapoleeurope.com\/wp-content\/uploads\/2025\/06\/capa-all-in-one.jpg\" \/>\n\t<meta property=\"og:image:width\" content=\"1080\" \/>\n\t<meta property=\"og:image:height\" content=\"1080\" \/>\n\t<meta property=\"og:image:type\" content=\"image\/jpeg\" \/>\n<meta name=\"twitter:card\" content=\"summary_large_image\" \/>\n<script type=\"application\/ld+json\" class=\"yoast-schema-graph\">{\"@context\":\"https:\/\/schema.org\",\"@graph\":[{\"@type\":\"WebPage\",\"@id\":\"https:\/\/gaiapoleeurope.com\/de\/stangen\/all-in-one-articulated-portable-pole\/\",\"url\":\"https:\/\/gaiapoleeurope.com\/de\/stangen\/all-in-one-articulated-portable-pole\/\",\"name\":\"ALL IN ONE ARTICULATED PORTABLE POLE - Gaia Pole\",\"isPartOf\":{\"@id\":\"https:\/\/gaiapoleeurope.com\/de\/#website\"},\"primaryImageOfPage\":{\"@id\":\"https:\/\/gaiapoleeurope.com\/de\/stangen\/all-in-one-articulated-portable-pole\/#primaryimage\"},\"image\":{\"@id\":\"https:\/\/gaiapoleeurope.com\/de\/stangen\/all-in-one-articulated-portable-pole\/#primaryimage\"},\"thumbnailUrl\":\"https:\/\/gaiapoleeurope.com\/wp-content\/uploads\/2025\/06\/capa-all-in-one.jpg\",\"datePublished\":\"2024-07-10T16:36:38+00:00\",\"dateModified\":\"2025-09-11T04:02:58+00:00\",\"description\":\"Der ALL IN ONE ARTICULATED POLE ist die vollst\u00e4ndigste Stange der Welt! Diese patentierte Technologie unterscheidet sich von allen anderen abnehmbaren Stangen auf dem Markt.\",\"breadcrumb\":{\"@id\":\"https:\/\/gaiapoleeurope.com\/de\/stangen\/all-in-one-articulated-portable-pole\/#breadcrumb\"},\"inLanguage\":\"de\",\"potentialAction\":[{\"@type\":\"ReadAction\",\"target\":[\"https:\/\/gaiapoleeurope.com\/de\/stangen\/all-in-one-articulated-portable-pole\/\"]}]},{\"@type\":\"ImageObject\",\"inLanguage\":\"de\",\"@id\":\"https:\/\/gaiapoleeurope.com\/de\/stangen\/all-in-one-articulated-portable-pole\/#primaryimage\",\"url\":\"https:\/\/gaiapoleeurope.com\/wp-content\/uploads\/2025\/06\/capa-all-in-one.jpg\",\"contentUrl\":\"https:\/\/gaiapoleeurope.com\/wp-content\/uploads\/2025\/06\/capa-all-in-one.jpg\",\"width\":1080,\"height\":1080},{\"@type\":\"BreadcrumbList\",\"@id\":\"https:\/\/gaiapoleeurope.com\/de\/stangen\/all-in-one-articulated-portable-pole\/#breadcrumb\",\"itemListElement\":[{\"@type\":\"ListItem\",\"position\":1,\"name\":\"Home\",\"item\":\"https:\/\/gaiapoleeurope.com\/de\/\"},{\"@type\":\"ListItem\",\"position\":2,\"name\":\"Shop\",\"item\":\"https:\/\/gaiapoleeurope.com\/de\/shop\/\"},{\"@type\":\"ListItem\",\"position\":3,\"name\":\"Stangen\",\"item\":\"https:\/\/gaiapoleeurope.com\/de\/stangen\/\"},{\"@type\":\"ListItem\",\"position\":4,\"name\":\"ALL IN ONE ARTICULATED PORTABLE POLE\"}]},{\"@type\":\"WebSite\",\"@id\":\"https:\/\/gaiapoleeurope.com\/de\/#website\",\"url\":\"https:\/\/gaiapoleeurope.com\/de\/\",\"name\":\"Gaia Pole\",\"description\":\"\",\"publisher\":{\"@id\":\"https:\/\/gaiapoleeurope.com\/de\/#organization\"},\"potentialAction\":[{\"@type\":\"SearchAction\",\"target\":{\"@type\":\"EntryPoint\",\"urlTemplate\":\"https:\/\/gaiapoleeurope.com\/de\/?s={search_term_string}\"},\"query-input\":{\"@type\":\"PropertyValueSpecification\",\"valueRequired\":true,\"valueName\":\"search_term_string\"}}],\"inLanguage\":\"de\"},{\"@type\":\"Organization\",\"@id\":\"https:\/\/gaiapoleeurope.com\/de\/#organization\",\"name\":\"Gaia Pole\",\"url\":\"https:\/\/gaiapoleeurope.com\/de\/\",\"logo\":{\"@type\":\"ImageObject\",\"inLanguage\":\"de\",\"@id\":\"https:\/\/gaiapoleeurope.com\/de\/#\/schema\/logo\/image\/\",\"url\":\"https:\/\/gaiapoleeurope.com\/wp-content\/uploads\/2024\/08\/gaia-logo.svg\",\"contentUrl\":\"https:\/\/gaiapoleeurope.com\/wp-content\/uploads\/2024\/08\/gaia-logo.svg\",\"width\":423,\"height\":170,\"caption\":\"Gaia Pole\"},\"image\":{\"@id\":\"https:\/\/gaiapoleeurope.com\/de\/#\/schema\/logo\/image\/\"},\"sameAs\":[\"https:\/\/www.facebook.com\/gaiapolefitness\"]}]}<\/script>\n<!-- \/ Yoast SEO plugin. -->","yoast_head_json":{"title":"ALL IN ONE ARTICULATED PORTABLE POLE - Gaia Pole","description":"Der ALL IN ONE ARTICULATED POLE ist die vollst\u00e4ndigste Stange der Welt! Diese patentierte Technologie unterscheidet sich von allen anderen abnehmbaren Stangen auf dem Markt.","robots":{"index":"index","follow":"follow","max-snippet":"max-snippet:-1","max-image-preview":"max-image-preview:large","max-video-preview":"max-video-preview:-1"},"canonical":"https:\/\/gaiapoleeurope.com\/de\/stangen\/all-in-one-articulated-portable-pole\/","og_locale":"de_DE","og_type":"article","og_title":"ALL IN ONE ARTICULATED PORTABLE POLE - Gaia Pole","og_description":"Der ALL IN ONE ARTICULATED POLE ist die vollst\u00e4ndigste Stange der Welt! Diese patentierte Technologie unterscheidet sich von allen anderen abnehmbaren Stangen auf dem Markt.","og_url":"https:\/\/gaiapoleeurope.com\/de\/stangen\/all-in-one-articulated-portable-pole\/","og_site_name":"Gaia Pole","article_publisher":"https:\/\/www.facebook.com\/gaiapolefitness","article_modified_time":"2025-09-11T04:02:58+00:00","og_image":[{"width":1080,"height":1080,"url":"https:\/\/gaiapoleeurope.com\/wp-content\/uploads\/2025\/06\/capa-all-in-one.jpg","type":"image\/jpeg"}],"twitter_card":"summary_large_image","schema":{"@context":"https:\/\/schema.org","@graph":[{"@type":"WebPage","@id":"https:\/\/gaiapoleeurope.com\/de\/stangen\/all-in-one-articulated-portable-pole\/","url":"https:\/\/gaiapoleeurope.com\/de\/stangen\/all-in-one-articulated-portable-pole\/","name":"ALL IN ONE ARTICULATED PORTABLE POLE - Gaia Pole","isPartOf":{"@id":"https:\/\/gaiapoleeurope.com\/de\/#website"},"primaryImageOfPage":{"@id":"https:\/\/gaiapoleeurope.com\/de\/stangen\/all-in-one-articulated-portable-pole\/#primaryimage"},"image":{"@id":"https:\/\/gaiapoleeurope.com\/de\/stangen\/all-in-one-articulated-portable-pole\/#primaryimage"},"thumbnailUrl":"https:\/\/gaiapoleeurope.com\/wp-content\/uploads\/2025\/06\/capa-all-in-one.jpg","datePublished":"2024-07-10T16:36:38+00:00","dateModified":"2025-09-11T04:02:58+00:00","description":"Der ALL IN ONE ARTICULATED POLE ist die vollst\u00e4ndigste Stange der Welt! Diese patentierte Technologie unterscheidet sich von allen anderen abnehmbaren Stangen auf dem Markt.","breadcrumb":{"@id":"https:\/\/gaiapoleeurope.com\/de\/stangen\/all-in-one-articulated-portable-pole\/#breadcrumb"},"inLanguage":"de","potentialAction":[{"@type":"ReadAction","target":["https:\/\/gaiapoleeurope.com\/de\/stangen\/all-in-one-articulated-portable-pole\/"]}]},{"@type":"ImageObject","inLanguage":"de","@id":"https:\/\/gaiapoleeurope.com\/de\/stangen\/all-in-one-articulated-portable-pole\/#primaryimage","url":"https:\/\/gaiapoleeurope.com\/wp-content\/uploads\/2025\/06\/capa-all-in-one.jpg","contentUrl":"https:\/\/gaiapoleeurope.com\/wp-content\/uploads\/2025\/06\/capa-all-in-one.jpg","width":1080,"height":1080},{"@type":"BreadcrumbList","@id":"https:\/\/gaiapoleeurope.com\/de\/stangen\/all-in-one-articulated-portable-pole\/#breadcrumb","itemListElement":[{"@type":"ListItem","position":1,"name":"Home","item":"https:\/\/gaiapoleeurope.com\/de\/"},{"@type":"ListItem","position":2,"name":"Shop","item":"https:\/\/gaiapoleeurope.com\/de\/shop\/"},{"@type":"ListItem","position":3,"name":"Stangen","item":"https:\/\/gaiapoleeurope.com\/de\/stangen\/"},{"@type":"ListItem","position":4,"name":"ALL IN ONE ARTICULATED PORTABLE POLE"}]},{"@type":"WebSite","@id":"https:\/\/gaiapoleeurope.com\/de\/#website","url":"https:\/\/gaiapoleeurope.com\/de\/","name":"Gaia Pole","description":"","publisher":{"@id":"https:\/\/gaiapoleeurope.com\/de\/#organization"},"potentialAction":[{"@type":"SearchAction","target":{"@type":"EntryPoint","urlTemplate":"https:\/\/gaiapoleeurope.com\/de\/?s={search_term_string}"},"query-input":{"@type":"PropertyValueSpecification","valueRequired":true,"valueName":"search_term_string"}}],"inLanguage":"de"},{"@type":"Organization","@id":"https:\/\/gaiapoleeurope.com\/de\/#organization","name":"Gaia Pole","url":"https:\/\/gaiapoleeurope.com\/de\/","logo":{"@type":"ImageObject","inLanguage":"de","@id":"https:\/\/gaiapoleeurope.com\/de\/#\/schema\/logo\/image\/","url":"https:\/\/gaiapoleeurope.com\/wp-content\/uploads\/2024\/08\/gaia-logo.svg","contentUrl":"https:\/\/gaiapoleeurope.com\/wp-content\/uploads\/2024\/08\/gaia-logo.svg","width":423,"height":170,"caption":"Gaia Pole"},"image":{"@id":"https:\/\/gaiapoleeurope.com\/de\/#\/schema\/logo\/image\/"},"sameAs":["https:\/\/www.facebook.com\/gaiapolefitness"]}]}},"_links":{"self":[{"href":"https:\/\/gaiapoleeurope.com\/de\/wp-json\/wp\/v2\/product\/69434","targetHints":{"allow":["GET"]}}],"collection":[{"href":"https:\/\/gaiapoleeurope.com\/de\/wp-json\/wp\/v2\/product"}],"about":[{"href":"https:\/\/gaiapoleeurope.com\/de\/wp-json\/wp\/v2\/types\/product"}],"replies":[{"embeddable":true,"href":"https:\/\/gaiapoleeurope.com\/de\/wp-json\/wp\/v2\/comments?post=69434"}],"wp:featuredmedia":[{"embeddable":true,"href":"https:\/\/gaiapoleeurope.com\/de\/wp-json\/wp\/v2\/media\/62040"}],"wp:attachment":[{"href":"https:\/\/gaiapoleeurope.com\/de\/wp-json\/wp\/v2\/media?parent=69434"}],"wp:term":[{"taxonomy":"filtro","embeddable":true,"href":"https:\/\/gaiapoleeurope.com\/de\/wp-json\/wp\/v2\/filtro?post=69434"},{"taxonomy":"product_brand","embeddable":true,"href":"https:\/\/gaiapoleeurope.com\/de\/wp-json\/wp\/v2\/product_brand?post=69434"},{"taxonomy":"product_cat","embeddable":true,"href":"https:\/\/gaiapoleeurope.com\/de\/wp-json\/wp\/v2\/product_cat?post=69434"},{"taxonomy":"product_tag","embeddable":true,"href":"https:\/\/gaiapoleeurope.com\/de\/wp-json\/wp\/v2\/product_tag?post=69434"}],"curies":[{"name":"wp","href":"https:\/\/api.w.org\/{rel}","templated":true}]}}