{"id":62531,"date":"2024-07-10T13:19:48","date_gmt":"2024-07-10T16:19:48","guid":{"rendered":"https:\/\/dev.gaiapole.com\/unkategorisiert\/quick-lock-tragbare-stange\/"},"modified":"2025-09-11T03:42:44","modified_gmt":"2025-09-11T03:42:44","slug":"quick-lock-portable-pole","status":"publish","type":"product","link":"https:\/\/gaiapoleeurope.com\/de\/stangen\/quick-lock-portable-pole\/","title":{"rendered":"QUICK LOCK PORTABLE POLE"},"content":{"rendered":"<p>Die Quick Lock Portable Pole ist perfekt f\u00fcr alle, die Freiheit suchen! Dieses tragbare Modell passt sich an verschiedene H\u00f6hen an.  Er ist auf Druck montiert und vollst\u00e4ndig abnehmbar und kann leicht transportiert werden, da er mit unserem Handgep\u00e4ck-Hartschalenkoffer kompatibel ist. Dar\u00fcber hinaus geht es mit einem einfachen Klick von statisch zu drehen. <\/p>\n","protected":false},"excerpt":{"rendered":"<p>Die Quick Lock Portable Pole ist perfekt f\u00fcr alle, die Freiheit suchen! Dieses tragbare Modell passt sich an verschiedene H\u00f6hen an. Er ist auf Druck montiert und vollst\u00e4ndig abnehmbar und kann leicht transportiert werden, da er mit unserem Handgep\u00e4ck-Hartschalenkoffer kompatibel ist. Dar\u00fcber hinaus geht es mit einem einfachen Klick von statisch zu drehen.<\/p>\n","protected":false},"featured_media":62032,"comment_status":"open","ping_status":"closed","template":"","meta":{"_acf_changed":false},"filtro":[1394,1150,1165,1170,1398,1159],"product_brand":[],"product_cat":[1072],"product_tag":[1098,1099,1100],"class_list":{"0":"post-62531","1":"product","2":"type-product","3":"status-publish","4":"has-post-thumbnail","6":"filtro-anpassbar","7":"filtro-druckmontage","8":"filtro-edelstahl","9":"filtro-keine-leiter-erforderlich","10":"filtro-leicht-zu-transportieren","11":"filtro-mit-einem-klick","12":"product_cat-stangen","13":"product_tag-pole-dance-bar-de","14":"product_tag-rostfreier-stahl","15":"product_tag-schnellverschluss","17":"first","18":"instock","19":"taxable","20":"shipping-taxable","21":"purchasable","22":"product-type-variable","23":"has-default-attributes","24":"add-to-wishlist-before_image"},"acf":[],"yoast_head":"<!-- This site is optimized with the Yoast SEO plugin v26.1.1 - https:\/\/yoast.com\/wordpress\/plugins\/seo\/ -->\n<title>QUICK LOCK PORTABLE POLE - Gaia Pole<\/title>\n<meta name=\"description\" content=\"Die Quick Lock Portable Pole ist perfekt f\u00fcr alle, die Freiheit suchen! Dieses tragbare Modell passt sich an verschiedene H\u00f6hen an.\" \/>\n<meta name=\"robots\" content=\"index, follow, max-snippet:-1, max-image-preview:large, max-video-preview:-1\" \/>\n<link rel=\"canonical\" href=\"https:\/\/gaiapoleeurope.com\/de\/stangen\/quick-lock-portable-pole\/\" \/>\n<meta property=\"og:locale\" content=\"de_DE\" \/>\n<meta property=\"og:type\" content=\"article\" \/>\n<meta property=\"og:title\" content=\"QUICK LOCK PORTABLE POLE - Gaia Pole\" \/>\n<meta property=\"og:description\" content=\"Die Quick Lock Portable Pole ist perfekt f\u00fcr alle, die Freiheit suchen! Dieses tragbare Modell passt sich an verschiedene H\u00f6hen an.\" \/>\n<meta property=\"og:url\" content=\"https:\/\/gaiapoleeurope.com\/de\/stangen\/quick-lock-portable-pole\/\" \/>\n<meta property=\"og:site_name\" content=\"Gaia Pole\" \/>\n<meta property=\"article:publisher\" content=\"https:\/\/www.facebook.com\/gaiapolefitness\" \/>\n<meta property=\"article:modified_time\" content=\"2025-09-11T03:42:44+00:00\" \/>\n<meta property=\"og:image\" content=\"https:\/\/gaiapoleeurope.com\/wp-content\/uploads\/2025\/06\/capa-portatil-ql-2.jpg\" \/>\n\t<meta property=\"og:image:width\" content=\"1080\" \/>\n\t<meta property=\"og:image:height\" content=\"1080\" \/>\n\t<meta property=\"og:image:type\" content=\"image\/jpeg\" \/>\n<meta name=\"twitter:card\" content=\"summary_large_image\" \/>\n<script type=\"application\/ld+json\" class=\"yoast-schema-graph\">{\"@context\":\"https:\/\/schema.org\",\"@graph\":[{\"@type\":\"WebPage\",\"@id\":\"https:\/\/gaiapoleeurope.com\/de\/stangen\/quick-lock-portable-pole\/\",\"url\":\"https:\/\/gaiapoleeurope.com\/de\/stangen\/quick-lock-portable-pole\/\",\"name\":\"QUICK LOCK PORTABLE POLE - Gaia Pole\",\"isPartOf\":{\"@id\":\"https:\/\/gaiapoleeurope.com\/de\/#website\"},\"primaryImageOfPage\":{\"@id\":\"https:\/\/gaiapoleeurope.com\/de\/stangen\/quick-lock-portable-pole\/#primaryimage\"},\"image\":{\"@id\":\"https:\/\/gaiapoleeurope.com\/de\/stangen\/quick-lock-portable-pole\/#primaryimage\"},\"thumbnailUrl\":\"https:\/\/gaiapoleeurope.com\/wp-content\/uploads\/2025\/06\/capa-portatil-ql-2.jpg\",\"datePublished\":\"2024-07-10T16:19:48+00:00\",\"dateModified\":\"2025-09-11T03:42:44+00:00\",\"description\":\"Die Quick Lock Portable Pole ist perfekt f\u00fcr alle, die Freiheit suchen! Dieses tragbare Modell passt sich an verschiedene H\u00f6hen an.\",\"breadcrumb\":{\"@id\":\"https:\/\/gaiapoleeurope.com\/de\/stangen\/quick-lock-portable-pole\/#breadcrumb\"},\"inLanguage\":\"de\",\"potentialAction\":[{\"@type\":\"ReadAction\",\"target\":[\"https:\/\/gaiapoleeurope.com\/de\/stangen\/quick-lock-portable-pole\/\"]}]},{\"@type\":\"ImageObject\",\"inLanguage\":\"de\",\"@id\":\"https:\/\/gaiapoleeurope.com\/de\/stangen\/quick-lock-portable-pole\/#primaryimage\",\"url\":\"https:\/\/gaiapoleeurope.com\/wp-content\/uploads\/2025\/06\/capa-portatil-ql-2.jpg\",\"contentUrl\":\"https:\/\/gaiapoleeurope.com\/wp-content\/uploads\/2025\/06\/capa-portatil-ql-2.jpg\",\"width\":1080,\"height\":1080},{\"@type\":\"BreadcrumbList\",\"@id\":\"https:\/\/gaiapoleeurope.com\/de\/stangen\/quick-lock-portable-pole\/#breadcrumb\",\"itemListElement\":[{\"@type\":\"ListItem\",\"position\":1,\"name\":\"Home\",\"item\":\"https:\/\/gaiapoleeurope.com\/de\/\"},{\"@type\":\"ListItem\",\"position\":2,\"name\":\"Shop\",\"item\":\"https:\/\/gaiapoleeurope.com\/de\/shop\/\"},{\"@type\":\"ListItem\",\"position\":3,\"name\":\"Stangen\",\"item\":\"https:\/\/gaiapoleeurope.com\/de\/stangen\/\"},{\"@type\":\"ListItem\",\"position\":4,\"name\":\"QUICK LOCK PORTABLE POLE\"}]},{\"@type\":\"WebSite\",\"@id\":\"https:\/\/gaiapoleeurope.com\/de\/#website\",\"url\":\"https:\/\/gaiapoleeurope.com\/de\/\",\"name\":\"Gaia Pole\",\"description\":\"\",\"publisher\":{\"@id\":\"https:\/\/gaiapoleeurope.com\/de\/#organization\"},\"potentialAction\":[{\"@type\":\"SearchAction\",\"target\":{\"@type\":\"EntryPoint\",\"urlTemplate\":\"https:\/\/gaiapoleeurope.com\/de\/?s={search_term_string}\"},\"query-input\":{\"@type\":\"PropertyValueSpecification\",\"valueRequired\":true,\"valueName\":\"search_term_string\"}}],\"inLanguage\":\"de\"},{\"@type\":\"Organization\",\"@id\":\"https:\/\/gaiapoleeurope.com\/de\/#organization\",\"name\":\"Gaia Pole\",\"url\":\"https:\/\/gaiapoleeurope.com\/de\/\",\"logo\":{\"@type\":\"ImageObject\",\"inLanguage\":\"de\",\"@id\":\"https:\/\/gaiapoleeurope.com\/de\/#\/schema\/logo\/image\/\",\"url\":\"https:\/\/gaiapoleeurope.com\/wp-content\/uploads\/2024\/08\/gaia-logo.svg\",\"contentUrl\":\"https:\/\/gaiapoleeurope.com\/wp-content\/uploads\/2024\/08\/gaia-logo.svg\",\"width\":423,\"height\":170,\"caption\":\"Gaia Pole\"},\"image\":{\"@id\":\"https:\/\/gaiapoleeurope.com\/de\/#\/schema\/logo\/image\/\"},\"sameAs\":[\"https:\/\/www.facebook.com\/gaiapolefitness\"]}]}<\/script>\n<!-- \/ Yoast SEO plugin. -->","yoast_head_json":{"title":"QUICK LOCK PORTABLE POLE - Gaia Pole","description":"Die Quick Lock Portable Pole ist perfekt f\u00fcr alle, die Freiheit suchen! Dieses tragbare Modell passt sich an verschiedene H\u00f6hen an.","robots":{"index":"index","follow":"follow","max-snippet":"max-snippet:-1","max-image-preview":"max-image-preview:large","max-video-preview":"max-video-preview:-1"},"canonical":"https:\/\/gaiapoleeurope.com\/de\/stangen\/quick-lock-portable-pole\/","og_locale":"de_DE","og_type":"article","og_title":"QUICK LOCK PORTABLE POLE - Gaia Pole","og_description":"Die Quick Lock Portable Pole ist perfekt f\u00fcr alle, die Freiheit suchen! Dieses tragbare Modell passt sich an verschiedene H\u00f6hen an.","og_url":"https:\/\/gaiapoleeurope.com\/de\/stangen\/quick-lock-portable-pole\/","og_site_name":"Gaia Pole","article_publisher":"https:\/\/www.facebook.com\/gaiapolefitness","article_modified_time":"2025-09-11T03:42:44+00:00","og_image":[{"width":1080,"height":1080,"url":"https:\/\/gaiapoleeurope.com\/wp-content\/uploads\/2025\/06\/capa-portatil-ql-2.jpg","type":"image\/jpeg"}],"twitter_card":"summary_large_image","schema":{"@context":"https:\/\/schema.org","@graph":[{"@type":"WebPage","@id":"https:\/\/gaiapoleeurope.com\/de\/stangen\/quick-lock-portable-pole\/","url":"https:\/\/gaiapoleeurope.com\/de\/stangen\/quick-lock-portable-pole\/","name":"QUICK LOCK PORTABLE POLE - Gaia Pole","isPartOf":{"@id":"https:\/\/gaiapoleeurope.com\/de\/#website"},"primaryImageOfPage":{"@id":"https:\/\/gaiapoleeurope.com\/de\/stangen\/quick-lock-portable-pole\/#primaryimage"},"image":{"@id":"https:\/\/gaiapoleeurope.com\/de\/stangen\/quick-lock-portable-pole\/#primaryimage"},"thumbnailUrl":"https:\/\/gaiapoleeurope.com\/wp-content\/uploads\/2025\/06\/capa-portatil-ql-2.jpg","datePublished":"2024-07-10T16:19:48+00:00","dateModified":"2025-09-11T03:42:44+00:00","description":"Die Quick Lock Portable Pole ist perfekt f\u00fcr alle, die Freiheit suchen! Dieses tragbare Modell passt sich an verschiedene H\u00f6hen an.","breadcrumb":{"@id":"https:\/\/gaiapoleeurope.com\/de\/stangen\/quick-lock-portable-pole\/#breadcrumb"},"inLanguage":"de","potentialAction":[{"@type":"ReadAction","target":["https:\/\/gaiapoleeurope.com\/de\/stangen\/quick-lock-portable-pole\/"]}]},{"@type":"ImageObject","inLanguage":"de","@id":"https:\/\/gaiapoleeurope.com\/de\/stangen\/quick-lock-portable-pole\/#primaryimage","url":"https:\/\/gaiapoleeurope.com\/wp-content\/uploads\/2025\/06\/capa-portatil-ql-2.jpg","contentUrl":"https:\/\/gaiapoleeurope.com\/wp-content\/uploads\/2025\/06\/capa-portatil-ql-2.jpg","width":1080,"height":1080},{"@type":"BreadcrumbList","@id":"https:\/\/gaiapoleeurope.com\/de\/stangen\/quick-lock-portable-pole\/#breadcrumb","itemListElement":[{"@type":"ListItem","position":1,"name":"Home","item":"https:\/\/gaiapoleeurope.com\/de\/"},{"@type":"ListItem","position":2,"name":"Shop","item":"https:\/\/gaiapoleeurope.com\/de\/shop\/"},{"@type":"ListItem","position":3,"name":"Stangen","item":"https:\/\/gaiapoleeurope.com\/de\/stangen\/"},{"@type":"ListItem","position":4,"name":"QUICK LOCK PORTABLE POLE"}]},{"@type":"WebSite","@id":"https:\/\/gaiapoleeurope.com\/de\/#website","url":"https:\/\/gaiapoleeurope.com\/de\/","name":"Gaia Pole","description":"","publisher":{"@id":"https:\/\/gaiapoleeurope.com\/de\/#organization"},"potentialAction":[{"@type":"SearchAction","target":{"@type":"EntryPoint","urlTemplate":"https:\/\/gaiapoleeurope.com\/de\/?s={search_term_string}"},"query-input":{"@type":"PropertyValueSpecification","valueRequired":true,"valueName":"search_term_string"}}],"inLanguage":"de"},{"@type":"Organization","@id":"https:\/\/gaiapoleeurope.com\/de\/#organization","name":"Gaia Pole","url":"https:\/\/gaiapoleeurope.com\/de\/","logo":{"@type":"ImageObject","inLanguage":"de","@id":"https:\/\/gaiapoleeurope.com\/de\/#\/schema\/logo\/image\/","url":"https:\/\/gaiapoleeurope.com\/wp-content\/uploads\/2024\/08\/gaia-logo.svg","contentUrl":"https:\/\/gaiapoleeurope.com\/wp-content\/uploads\/2024\/08\/gaia-logo.svg","width":423,"height":170,"caption":"Gaia Pole"},"image":{"@id":"https:\/\/gaiapoleeurope.com\/de\/#\/schema\/logo\/image\/"},"sameAs":["https:\/\/www.facebook.com\/gaiapolefitness"]}]}},"_links":{"self":[{"href":"https:\/\/gaiapoleeurope.com\/de\/wp-json\/wp\/v2\/product\/62531","targetHints":{"allow":["GET"]}}],"collection":[{"href":"https:\/\/gaiapoleeurope.com\/de\/wp-json\/wp\/v2\/product"}],"about":[{"href":"https:\/\/gaiapoleeurope.com\/de\/wp-json\/wp\/v2\/types\/product"}],"replies":[{"embeddable":true,"href":"https:\/\/gaiapoleeurope.com\/de\/wp-json\/wp\/v2\/comments?post=62531"}],"wp:featuredmedia":[{"embeddable":true,"href":"https:\/\/gaiapoleeurope.com\/de\/wp-json\/wp\/v2\/media\/62032"}],"wp:attachment":[{"href":"https:\/\/gaiapoleeurope.com\/de\/wp-json\/wp\/v2\/media?parent=62531"}],"wp:term":[{"taxonomy":"filtro","embeddable":true,"href":"https:\/\/gaiapoleeurope.com\/de\/wp-json\/wp\/v2\/filtro?post=62531"},{"taxonomy":"product_brand","embeddable":true,"href":"https:\/\/gaiapoleeurope.com\/de\/wp-json\/wp\/v2\/product_brand?post=62531"},{"taxonomy":"product_cat","embeddable":true,"href":"https:\/\/gaiapoleeurope.com\/de\/wp-json\/wp\/v2\/product_cat?post=62531"},{"taxonomy":"product_tag","embeddable":true,"href":"https:\/\/gaiapoleeurope.com\/de\/wp-json\/wp\/v2\/product_tag?post=62531"}],"curies":[{"name":"wp","href":"https:\/\/api.w.org\/{rel}","templated":true}]}}