{"id":62497,"date":"2024-07-10T13:49:04","date_gmt":"2024-07-10T16:49:04","guid":{"rendered":"https:\/\/dev.gaiapole.com\/unkategorisiert\/tragbare-buehnenstange\/"},"modified":"2025-10-08T16:31:47","modified_gmt":"2025-10-08T16:31:47","slug":"portable-stage-pole","status":"publish","type":"product","link":"https:\/\/gaiapoleeurope.com\/de\/buhnen\/portable-stage-pole\/","title":{"rendered":"PORTABLE STAGE POLE"},"content":{"rendered":"<p>Die <strong>Quick Lock Portable Stage Pole<\/strong> ist eine exklusive Kreation von Gaia Pole, die Praktikabilit\u00e4t, Sch\u00f6nheit und Sicherheit in einem Produkt vereint.  <span style=\"font-weight: 400;\">Als einziger auf der Welt, der sich in rollende Koffer verwandeln l\u00e4sst, ist er ideal f\u00fcr <strong>Outdoor-Aktivit\u00e4ten<\/strong> und <strong>Veranstaltungen<\/strong> sowie ein leistungsstarkes Marketinginstrument f\u00fcr Studios. Quadratisch und gel\u00e4ndestabil, mit intelligentem Transport und nicht nur mit einer Quick Lock Pole aus Edelstahl, sondern auch mit der Flying Pole f\u00fcr eine gummierte Stange oder dem sch\u00f6nen Lollipop Hoop. <\/span><\/p>\n","protected":false},"excerpt":{"rendered":"<p>Die Quick Lock Portable Stage Pole ist eine exklusive Kreation von Gaia Pole, die Praktikabilit\u00e4t, Sch\u00f6nheit und Sicherheit in einem Produkt vereint. Als einziger auf der Welt, der sich in rollende Koffer verwandeln l\u00e4sst, ist er ideal f\u00fcr Outdoor-Aktivit\u00e4ten und Veranstaltungen sowie ein leistungsstarkes Marketinginstrument f\u00fcr Studios. Quadratisch und gel\u00e4ndestabil, mit intelligentem Transport und nicht [&hellip;]<\/p>\n","protected":false},"featured_media":70261,"comment_status":"open","ping_status":"closed","template":"","meta":{"_acf_changed":false},"filtro":[],"product_brand":[],"product_cat":[1225],"product_tag":[1230,1227,1232,1228,1100,1231,1229],"class_list":{"0":"post-62497","1":"product","2":"type-product","3":"status-publish","4":"has-post-thumbnail","6":"product_cat-buhnen","7":"product_tag-buhne","8":"product_tag-buhnen","9":"product_tag-buhnenstange","10":"product_tag-mobile-buhnen","11":"product_tag-schnellverschluss","12":"product_tag-tragbare-buhne","13":"product_tag-tragbare-tische","14":"product_shipping_class-palcos-de","16":"first","17":"instock","18":"taxable","19":"shipping-taxable","20":"purchasable","21":"product-type-variable","22":"has-default-attributes","23":"add-to-wishlist-before_image"},"acf":[],"yoast_head":"<!-- This site is optimized with the Yoast SEO plugin v26.1.1 - https:\/\/yoast.com\/wordpress\/plugins\/seo\/ -->\n<title>PORTABLE STAGE POLE - Gaia Pole<\/title>\n<meta name=\"description\" content=\"Die Quick Lock Portable Stage Pole ist eine exklusive Kreation von Gaia Pole, die Praktikabilit\u00e4t, Sch\u00f6nheit und Sicherheit in einem Produkt vereint.\" \/>\n<meta name=\"robots\" content=\"index, follow, max-snippet:-1, max-image-preview:large, max-video-preview:-1\" \/>\n<link rel=\"canonical\" href=\"https:\/\/gaiapoleeurope.com\/de\/buhnen\/portable-stage-pole\/\" \/>\n<meta property=\"og:locale\" content=\"de_DE\" \/>\n<meta property=\"og:type\" content=\"article\" \/>\n<meta property=\"og:title\" content=\"PORTABLE STAGE POLE - Gaia Pole\" \/>\n<meta property=\"og:description\" content=\"Die Quick Lock Portable Stage Pole ist eine exklusive Kreation von Gaia Pole, die Praktikabilit\u00e4t, Sch\u00f6nheit und Sicherheit in einem Produkt vereint.\" \/>\n<meta property=\"og:url\" content=\"https:\/\/gaiapoleeurope.com\/de\/buhnen\/portable-stage-pole\/\" \/>\n<meta property=\"og:site_name\" content=\"Gaia Pole\" \/>\n<meta property=\"article:publisher\" content=\"https:\/\/www.facebook.com\/gaiapolefitness\" \/>\n<meta property=\"article:modified_time\" content=\"2025-10-08T16:31:47+00:00\" \/>\n<meta property=\"og:image\" content=\"https:\/\/gaiapoleeurope.com\/wp-content\/uploads\/2024\/07\/01_Capa_Palco-Quick-Lock-1.jpg\" \/>\n\t<meta property=\"og:image:width\" content=\"1080\" \/>\n\t<meta property=\"og:image:height\" content=\"1080\" \/>\n\t<meta property=\"og:image:type\" content=\"image\/jpeg\" \/>\n<meta name=\"twitter:card\" content=\"summary_large_image\" \/>\n<meta name=\"twitter:label1\" content=\"Gesch\u00e4tzte Lesezeit\" \/>\n\t<meta name=\"twitter:data1\" content=\"1\u00a0Minute\" \/>\n<script type=\"application\/ld+json\" class=\"yoast-schema-graph\">{\"@context\":\"https:\/\/schema.org\",\"@graph\":[{\"@type\":\"WebPage\",\"@id\":\"https:\/\/gaiapoleeurope.com\/de\/buhnen\/portable-stage-pole\/\",\"url\":\"https:\/\/gaiapoleeurope.com\/de\/buhnen\/portable-stage-pole\/\",\"name\":\"PORTABLE STAGE POLE - Gaia Pole\",\"isPartOf\":{\"@id\":\"https:\/\/gaiapoleeurope.com\/de\/#website\"},\"primaryImageOfPage\":{\"@id\":\"https:\/\/gaiapoleeurope.com\/de\/buhnen\/portable-stage-pole\/#primaryimage\"},\"image\":{\"@id\":\"https:\/\/gaiapoleeurope.com\/de\/buhnen\/portable-stage-pole\/#primaryimage\"},\"thumbnailUrl\":\"https:\/\/gaiapoleeurope.com\/wp-content\/uploads\/2024\/07\/01_Capa_Palco-Quick-Lock.jpg\",\"datePublished\":\"2024-07-10T16:49:04+00:00\",\"dateModified\":\"2025-10-08T16:31:47+00:00\",\"description\":\"Die Quick Lock Portable Stage Pole ist eine exklusive Kreation von Gaia Pole, die Praktikabilit\u00e4t, Sch\u00f6nheit und Sicherheit in einem Produkt vereint.\",\"breadcrumb\":{\"@id\":\"https:\/\/gaiapoleeurope.com\/de\/buhnen\/portable-stage-pole\/#breadcrumb\"},\"inLanguage\":\"de\",\"potentialAction\":[{\"@type\":\"ReadAction\",\"target\":[\"https:\/\/gaiapoleeurope.com\/de\/buhnen\/portable-stage-pole\/\"]}]},{\"@type\":\"ImageObject\",\"inLanguage\":\"de\",\"@id\":\"https:\/\/gaiapoleeurope.com\/de\/buhnen\/portable-stage-pole\/#primaryimage\",\"url\":\"https:\/\/gaiapoleeurope.com\/wp-content\/uploads\/2024\/07\/01_Capa_Palco-Quick-Lock.jpg\",\"contentUrl\":\"https:\/\/gaiapoleeurope.com\/wp-content\/uploads\/2024\/07\/01_Capa_Palco-Quick-Lock.jpg\",\"width\":1080,\"height\":1080},{\"@type\":\"BreadcrumbList\",\"@id\":\"https:\/\/gaiapoleeurope.com\/de\/buhnen\/portable-stage-pole\/#breadcrumb\",\"itemListElement\":[{\"@type\":\"ListItem\",\"position\":1,\"name\":\"Home\",\"item\":\"https:\/\/gaiapoleeurope.com\/de\/\"},{\"@type\":\"ListItem\",\"position\":2,\"name\":\"Shop\",\"item\":\"https:\/\/gaiapoleeurope.com\/de\/shop\/\"},{\"@type\":\"ListItem\",\"position\":3,\"name\":\"B\u00fchnen\",\"item\":\"https:\/\/gaiapoleeurope.com\/de\/buhnen\/\"},{\"@type\":\"ListItem\",\"position\":4,\"name\":\"PORTABLE STAGE POLE\"}]},{\"@type\":\"WebSite\",\"@id\":\"https:\/\/gaiapoleeurope.com\/de\/#website\",\"url\":\"https:\/\/gaiapoleeurope.com\/de\/\",\"name\":\"Gaia Pole\",\"description\":\"\",\"publisher\":{\"@id\":\"https:\/\/gaiapoleeurope.com\/de\/#organization\"},\"potentialAction\":[{\"@type\":\"SearchAction\",\"target\":{\"@type\":\"EntryPoint\",\"urlTemplate\":\"https:\/\/gaiapoleeurope.com\/de\/?s={search_term_string}\"},\"query-input\":{\"@type\":\"PropertyValueSpecification\",\"valueRequired\":true,\"valueName\":\"search_term_string\"}}],\"inLanguage\":\"de\"},{\"@type\":\"Organization\",\"@id\":\"https:\/\/gaiapoleeurope.com\/de\/#organization\",\"name\":\"Gaia Pole\",\"url\":\"https:\/\/gaiapoleeurope.com\/de\/\",\"logo\":{\"@type\":\"ImageObject\",\"inLanguage\":\"de\",\"@id\":\"https:\/\/gaiapoleeurope.com\/de\/#\/schema\/logo\/image\/\",\"url\":\"https:\/\/gaiapoleeurope.com\/wp-content\/uploads\/2024\/08\/gaia-logo.svg\",\"contentUrl\":\"https:\/\/gaiapoleeurope.com\/wp-content\/uploads\/2024\/08\/gaia-logo.svg\",\"width\":423,\"height\":170,\"caption\":\"Gaia Pole\"},\"image\":{\"@id\":\"https:\/\/gaiapoleeurope.com\/de\/#\/schema\/logo\/image\/\"},\"sameAs\":[\"https:\/\/www.facebook.com\/gaiapolefitness\"]}]}<\/script>\n<!-- \/ Yoast SEO plugin. -->","yoast_head_json":{"title":"PORTABLE STAGE POLE - Gaia Pole","description":"Die Quick Lock Portable Stage Pole ist eine exklusive Kreation von Gaia Pole, die Praktikabilit\u00e4t, Sch\u00f6nheit und Sicherheit in einem Produkt vereint.","robots":{"index":"index","follow":"follow","max-snippet":"max-snippet:-1","max-image-preview":"max-image-preview:large","max-video-preview":"max-video-preview:-1"},"canonical":"https:\/\/gaiapoleeurope.com\/de\/buhnen\/portable-stage-pole\/","og_locale":"de_DE","og_type":"article","og_title":"PORTABLE STAGE POLE - Gaia Pole","og_description":"Die Quick Lock Portable Stage Pole ist eine exklusive Kreation von Gaia Pole, die Praktikabilit\u00e4t, Sch\u00f6nheit und Sicherheit in einem Produkt vereint.","og_url":"https:\/\/gaiapoleeurope.com\/de\/buhnen\/portable-stage-pole\/","og_site_name":"Gaia Pole","article_publisher":"https:\/\/www.facebook.com\/gaiapolefitness","article_modified_time":"2025-10-08T16:31:47+00:00","og_image":[{"width":1080,"height":1080,"url":"https:\/\/gaiapoleeurope.com\/wp-content\/uploads\/2024\/07\/01_Capa_Palco-Quick-Lock-1.jpg","type":"image\/jpeg"}],"twitter_card":"summary_large_image","twitter_misc":{"Gesch\u00e4tzte Lesezeit":"1\u00a0Minute"},"schema":{"@context":"https:\/\/schema.org","@graph":[{"@type":"WebPage","@id":"https:\/\/gaiapoleeurope.com\/de\/buhnen\/portable-stage-pole\/","url":"https:\/\/gaiapoleeurope.com\/de\/buhnen\/portable-stage-pole\/","name":"PORTABLE STAGE POLE - Gaia Pole","isPartOf":{"@id":"https:\/\/gaiapoleeurope.com\/de\/#website"},"primaryImageOfPage":{"@id":"https:\/\/gaiapoleeurope.com\/de\/buhnen\/portable-stage-pole\/#primaryimage"},"image":{"@id":"https:\/\/gaiapoleeurope.com\/de\/buhnen\/portable-stage-pole\/#primaryimage"},"thumbnailUrl":"https:\/\/gaiapoleeurope.com\/wp-content\/uploads\/2024\/07\/01_Capa_Palco-Quick-Lock.jpg","datePublished":"2024-07-10T16:49:04+00:00","dateModified":"2025-10-08T16:31:47+00:00","description":"Die Quick Lock Portable Stage Pole ist eine exklusive Kreation von Gaia Pole, die Praktikabilit\u00e4t, Sch\u00f6nheit und Sicherheit in einem Produkt vereint.","breadcrumb":{"@id":"https:\/\/gaiapoleeurope.com\/de\/buhnen\/portable-stage-pole\/#breadcrumb"},"inLanguage":"de","potentialAction":[{"@type":"ReadAction","target":["https:\/\/gaiapoleeurope.com\/de\/buhnen\/portable-stage-pole\/"]}]},{"@type":"ImageObject","inLanguage":"de","@id":"https:\/\/gaiapoleeurope.com\/de\/buhnen\/portable-stage-pole\/#primaryimage","url":"https:\/\/gaiapoleeurope.com\/wp-content\/uploads\/2024\/07\/01_Capa_Palco-Quick-Lock.jpg","contentUrl":"https:\/\/gaiapoleeurope.com\/wp-content\/uploads\/2024\/07\/01_Capa_Palco-Quick-Lock.jpg","width":1080,"height":1080},{"@type":"BreadcrumbList","@id":"https:\/\/gaiapoleeurope.com\/de\/buhnen\/portable-stage-pole\/#breadcrumb","itemListElement":[{"@type":"ListItem","position":1,"name":"Home","item":"https:\/\/gaiapoleeurope.com\/de\/"},{"@type":"ListItem","position":2,"name":"Shop","item":"https:\/\/gaiapoleeurope.com\/de\/shop\/"},{"@type":"ListItem","position":3,"name":"B\u00fchnen","item":"https:\/\/gaiapoleeurope.com\/de\/buhnen\/"},{"@type":"ListItem","position":4,"name":"PORTABLE STAGE POLE"}]},{"@type":"WebSite","@id":"https:\/\/gaiapoleeurope.com\/de\/#website","url":"https:\/\/gaiapoleeurope.com\/de\/","name":"Gaia Pole","description":"","publisher":{"@id":"https:\/\/gaiapoleeurope.com\/de\/#organization"},"potentialAction":[{"@type":"SearchAction","target":{"@type":"EntryPoint","urlTemplate":"https:\/\/gaiapoleeurope.com\/de\/?s={search_term_string}"},"query-input":{"@type":"PropertyValueSpecification","valueRequired":true,"valueName":"search_term_string"}}],"inLanguage":"de"},{"@type":"Organization","@id":"https:\/\/gaiapoleeurope.com\/de\/#organization","name":"Gaia Pole","url":"https:\/\/gaiapoleeurope.com\/de\/","logo":{"@type":"ImageObject","inLanguage":"de","@id":"https:\/\/gaiapoleeurope.com\/de\/#\/schema\/logo\/image\/","url":"https:\/\/gaiapoleeurope.com\/wp-content\/uploads\/2024\/08\/gaia-logo.svg","contentUrl":"https:\/\/gaiapoleeurope.com\/wp-content\/uploads\/2024\/08\/gaia-logo.svg","width":423,"height":170,"caption":"Gaia Pole"},"image":{"@id":"https:\/\/gaiapoleeurope.com\/de\/#\/schema\/logo\/image\/"},"sameAs":["https:\/\/www.facebook.com\/gaiapolefitness"]}]}},"_links":{"self":[{"href":"https:\/\/gaiapoleeurope.com\/de\/wp-json\/wp\/v2\/product\/62497","targetHints":{"allow":["GET"]}}],"collection":[{"href":"https:\/\/gaiapoleeurope.com\/de\/wp-json\/wp\/v2\/product"}],"about":[{"href":"https:\/\/gaiapoleeurope.com\/de\/wp-json\/wp\/v2\/types\/product"}],"replies":[{"embeddable":true,"href":"https:\/\/gaiapoleeurope.com\/de\/wp-json\/wp\/v2\/comments?post=62497"}],"wp:featuredmedia":[{"embeddable":true,"href":"https:\/\/gaiapoleeurope.com\/de\/wp-json\/wp\/v2\/media\/70261"}],"wp:attachment":[{"href":"https:\/\/gaiapoleeurope.com\/de\/wp-json\/wp\/v2\/media?parent=62497"}],"wp:term":[{"taxonomy":"filtro","embeddable":true,"href":"https:\/\/gaiapoleeurope.com\/de\/wp-json\/wp\/v2\/filtro?post=62497"},{"taxonomy":"product_brand","embeddable":true,"href":"https:\/\/gaiapoleeurope.com\/de\/wp-json\/wp\/v2\/product_brand?post=62497"},{"taxonomy":"product_cat","embeddable":true,"href":"https:\/\/gaiapoleeurope.com\/de\/wp-json\/wp\/v2\/product_cat?post=62497"},{"taxonomy":"product_tag","embeddable":true,"href":"https:\/\/gaiapoleeurope.com\/de\/wp-json\/wp\/v2\/product_tag?post=62497"}],"curies":[{"name":"wp","href":"https:\/\/api.w.org\/{rel}","templated":true}]}}