{"id":62485,"date":"2024-07-10T13:41:49","date_gmt":"2024-07-10T16:41:49","guid":{"rendered":"https:\/\/dev.gaiapole.com\/unkategorisiert\/tragbarer-flugstock\/"},"modified":"2025-09-11T04:28:33","modified_gmt":"2025-09-11T04:28:33","slug":"portable-flying-pole","status":"publish","type":"product","link":"https:\/\/gaiapoleeurope.com\/de\/aerial\/portable-flying-pole\/","title":{"rendered":"PORTABLE FLYING POLE"},"content":{"rendered":"<p>Unsere einzigartige <strong>PORTABLE FLYING POLE<\/strong> ist eine gummierte Pendelstange, die Ihnen ZWEI L\u00e4ngenm\u00f6glichkeiten bietet, um Ihre F\u00e4higkeiten \u00fcberall zu erkunden, da sie an der Decke montiert oder sogar in der Natur montiert werden kann, um Spa\u00df in der Luft zu haben. installiert in unserer Gaia-B\u00fchne, um mit der Quick Lock-Funktion eine Runde zu drehen, oder in unsere exklusive Whirlpool-Grundplatte f\u00fcr eine Vollkreis-Performance. Abnehmbar und total einfach zu transportieren mit unserem optionalen Handgep\u00e4ck-Hartschalenkoffer! <\/p>\n","protected":false},"excerpt":{"rendered":"<p>Unsere einzigartige PORTABLE FLYING POLE ist eine gummierte Pendelstange, die Ihnen ZWEI L\u00e4ngenm\u00f6glichkeiten bietet, um Ihre F\u00e4higkeiten \u00fcberall zu erkunden, da sie an der Decke montiert oder sogar in der Natur montiert werden kann, um Spa\u00df in der Luft zu haben. installiert in unserer Gaia-B\u00fchne, um mit der Quick Lock-Funktion eine Runde zu drehen, oder [&hellip;]<\/p>\n","protected":false},"featured_media":62052,"comment_status":"open","ping_status":"closed","template":"","meta":{"_acf_changed":false},"filtro":[],"product_brand":[],"product_cat":[1202],"product_tag":[1214,1189,1215,1213,1216],"class_list":{"0":"post-62485","1":"product","2":"type-product","3":"status-publish","4":"has-post-thumbnail","6":"product_cat-aerial","7":"product_tag-chinesischer-pol","8":"product_tag-fliegende-stange","9":"product_tag-gummistange","10":"product_tag-tragbar","11":"product_tag-tragbare-flugstange","13":"first","14":"instock","15":"taxable","16":"shipping-taxable","17":"purchasable","18":"product-type-variable","19":"has-default-attributes","20":"add-to-wishlist-before_image"},"acf":[],"yoast_head":"<!-- This site is optimized with the Yoast SEO plugin v26.1.1 - https:\/\/yoast.com\/wordpress\/plugins\/seo\/ -->\n<title>PORTABLE FLYING POLE - Gaia Pole<\/title>\n<meta name=\"description\" content=\"Die Portable Flying Pole ist die einzige auf dem Markt, eine gummierte Pendelstange, die Ihnen ZWEI L\u00e4ngenm\u00f6glichkeiten bietet, um Ihre F\u00e4higkeiten in jeder Umgebung zu erkunden!\" \/>\n<meta name=\"robots\" content=\"index, follow, max-snippet:-1, max-image-preview:large, max-video-preview:-1\" \/>\n<link rel=\"canonical\" href=\"https:\/\/gaiapoleeurope.com\/de\/aerial\/portable-flying-pole\/\" \/>\n<meta property=\"og:locale\" content=\"de_DE\" \/>\n<meta property=\"og:type\" content=\"article\" \/>\n<meta property=\"og:title\" content=\"PORTABLE FLYING POLE - Gaia Pole\" \/>\n<meta property=\"og:description\" content=\"Die Portable Flying Pole ist die einzige auf dem Markt, eine gummierte Pendelstange, die Ihnen ZWEI L\u00e4ngenm\u00f6glichkeiten bietet, um Ihre F\u00e4higkeiten in jeder Umgebung zu erkunden!\" \/>\n<meta property=\"og:url\" content=\"https:\/\/gaiapoleeurope.com\/de\/aerial\/portable-flying-pole\/\" \/>\n<meta property=\"og:site_name\" content=\"Gaia Pole\" \/>\n<meta property=\"article:publisher\" content=\"https:\/\/www.facebook.com\/gaiapolefitness\" \/>\n<meta property=\"article:modified_time\" content=\"2025-09-11T04:28:33+00:00\" \/>\n<meta property=\"og:image\" content=\"https:\/\/gaiapoleeurope.com\/wp-content\/uploads\/2025\/06\/capa-flying-pole.jpg\" \/>\n\t<meta property=\"og:image:width\" content=\"1080\" \/>\n\t<meta property=\"og:image:height\" content=\"1080\" \/>\n\t<meta property=\"og:image:type\" content=\"image\/jpeg\" \/>\n<meta name=\"twitter:card\" content=\"summary_large_image\" \/>\n<script type=\"application\/ld+json\" class=\"yoast-schema-graph\">{\"@context\":\"https:\/\/schema.org\",\"@graph\":[{\"@type\":\"WebPage\",\"@id\":\"https:\/\/gaiapoleeurope.com\/de\/aerial\/portable-flying-pole\/\",\"url\":\"https:\/\/gaiapoleeurope.com\/de\/aerial\/portable-flying-pole\/\",\"name\":\"PORTABLE FLYING POLE - Gaia Pole\",\"isPartOf\":{\"@id\":\"https:\/\/gaiapoleeurope.com\/de\/#website\"},\"primaryImageOfPage\":{\"@id\":\"https:\/\/gaiapoleeurope.com\/de\/aerial\/portable-flying-pole\/#primaryimage\"},\"image\":{\"@id\":\"https:\/\/gaiapoleeurope.com\/de\/aerial\/portable-flying-pole\/#primaryimage\"},\"thumbnailUrl\":\"https:\/\/gaiapoleeurope.com\/wp-content\/uploads\/2025\/06\/capa-flying-pole-1.jpg\",\"datePublished\":\"2024-07-10T16:41:49+00:00\",\"dateModified\":\"2025-09-11T04:28:33+00:00\",\"description\":\"Die Portable Flying Pole ist die einzige auf dem Markt, eine gummierte Pendelstange, die Ihnen ZWEI L\u00e4ngenm\u00f6glichkeiten bietet, um Ihre F\u00e4higkeiten in jeder Umgebung zu erkunden!\",\"breadcrumb\":{\"@id\":\"https:\/\/gaiapoleeurope.com\/de\/aerial\/portable-flying-pole\/#breadcrumb\"},\"inLanguage\":\"de\",\"potentialAction\":[{\"@type\":\"ReadAction\",\"target\":[\"https:\/\/gaiapoleeurope.com\/de\/aerial\/portable-flying-pole\/\"]}]},{\"@type\":\"ImageObject\",\"inLanguage\":\"de\",\"@id\":\"https:\/\/gaiapoleeurope.com\/de\/aerial\/portable-flying-pole\/#primaryimage\",\"url\":\"https:\/\/gaiapoleeurope.com\/wp-content\/uploads\/2025\/06\/capa-flying-pole-1.jpg\",\"contentUrl\":\"https:\/\/gaiapoleeurope.com\/wp-content\/uploads\/2025\/06\/capa-flying-pole-1.jpg\",\"width\":1080,\"height\":1080},{\"@type\":\"BreadcrumbList\",\"@id\":\"https:\/\/gaiapoleeurope.com\/de\/aerial\/portable-flying-pole\/#breadcrumb\",\"itemListElement\":[{\"@type\":\"ListItem\",\"position\":1,\"name\":\"Home\",\"item\":\"https:\/\/gaiapoleeurope.com\/de\/\"},{\"@type\":\"ListItem\",\"position\":2,\"name\":\"Shop\",\"item\":\"https:\/\/gaiapoleeurope.com\/de\/shop\/\"},{\"@type\":\"ListItem\",\"position\":3,\"name\":\"Aerial-Aktivit\u00e4ten\",\"item\":\"https:\/\/gaiapoleeurope.com\/de\/aerial\/\"},{\"@type\":\"ListItem\",\"position\":4,\"name\":\"PORTABLE FLYING POLE\"}]},{\"@type\":\"WebSite\",\"@id\":\"https:\/\/gaiapoleeurope.com\/de\/#website\",\"url\":\"https:\/\/gaiapoleeurope.com\/de\/\",\"name\":\"Gaia Pole\",\"description\":\"\",\"publisher\":{\"@id\":\"https:\/\/gaiapoleeurope.com\/de\/#organization\"},\"potentialAction\":[{\"@type\":\"SearchAction\",\"target\":{\"@type\":\"EntryPoint\",\"urlTemplate\":\"https:\/\/gaiapoleeurope.com\/de\/?s={search_term_string}\"},\"query-input\":{\"@type\":\"PropertyValueSpecification\",\"valueRequired\":true,\"valueName\":\"search_term_string\"}}],\"inLanguage\":\"de\"},{\"@type\":\"Organization\",\"@id\":\"https:\/\/gaiapoleeurope.com\/de\/#organization\",\"name\":\"Gaia Pole\",\"url\":\"https:\/\/gaiapoleeurope.com\/de\/\",\"logo\":{\"@type\":\"ImageObject\",\"inLanguage\":\"de\",\"@id\":\"https:\/\/gaiapoleeurope.com\/de\/#\/schema\/logo\/image\/\",\"url\":\"https:\/\/gaiapoleeurope.com\/wp-content\/uploads\/2024\/08\/gaia-logo.svg\",\"contentUrl\":\"https:\/\/gaiapoleeurope.com\/wp-content\/uploads\/2024\/08\/gaia-logo.svg\",\"width\":423,\"height\":170,\"caption\":\"Gaia Pole\"},\"image\":{\"@id\":\"https:\/\/gaiapoleeurope.com\/de\/#\/schema\/logo\/image\/\"},\"sameAs\":[\"https:\/\/www.facebook.com\/gaiapolefitness\"]}]}<\/script>\n<!-- \/ Yoast SEO plugin. -->","yoast_head_json":{"title":"PORTABLE FLYING POLE - Gaia Pole","description":"Die Portable Flying Pole ist die einzige auf dem Markt, eine gummierte Pendelstange, die Ihnen ZWEI L\u00e4ngenm\u00f6glichkeiten bietet, um Ihre F\u00e4higkeiten in jeder Umgebung zu erkunden!","robots":{"index":"index","follow":"follow","max-snippet":"max-snippet:-1","max-image-preview":"max-image-preview:large","max-video-preview":"max-video-preview:-1"},"canonical":"https:\/\/gaiapoleeurope.com\/de\/aerial\/portable-flying-pole\/","og_locale":"de_DE","og_type":"article","og_title":"PORTABLE FLYING POLE - Gaia Pole","og_description":"Die Portable Flying Pole ist die einzige auf dem Markt, eine gummierte Pendelstange, die Ihnen ZWEI L\u00e4ngenm\u00f6glichkeiten bietet, um Ihre F\u00e4higkeiten in jeder Umgebung zu erkunden!","og_url":"https:\/\/gaiapoleeurope.com\/de\/aerial\/portable-flying-pole\/","og_site_name":"Gaia Pole","article_publisher":"https:\/\/www.facebook.com\/gaiapolefitness","article_modified_time":"2025-09-11T04:28:33+00:00","og_image":[{"width":1080,"height":1080,"url":"https:\/\/gaiapoleeurope.com\/wp-content\/uploads\/2025\/06\/capa-flying-pole.jpg","type":"image\/jpeg"}],"twitter_card":"summary_large_image","schema":{"@context":"https:\/\/schema.org","@graph":[{"@type":"WebPage","@id":"https:\/\/gaiapoleeurope.com\/de\/aerial\/portable-flying-pole\/","url":"https:\/\/gaiapoleeurope.com\/de\/aerial\/portable-flying-pole\/","name":"PORTABLE FLYING POLE - Gaia Pole","isPartOf":{"@id":"https:\/\/gaiapoleeurope.com\/de\/#website"},"primaryImageOfPage":{"@id":"https:\/\/gaiapoleeurope.com\/de\/aerial\/portable-flying-pole\/#primaryimage"},"image":{"@id":"https:\/\/gaiapoleeurope.com\/de\/aerial\/portable-flying-pole\/#primaryimage"},"thumbnailUrl":"https:\/\/gaiapoleeurope.com\/wp-content\/uploads\/2025\/06\/capa-flying-pole-1.jpg","datePublished":"2024-07-10T16:41:49+00:00","dateModified":"2025-09-11T04:28:33+00:00","description":"Die Portable Flying Pole ist die einzige auf dem Markt, eine gummierte Pendelstange, die Ihnen ZWEI L\u00e4ngenm\u00f6glichkeiten bietet, um Ihre F\u00e4higkeiten in jeder Umgebung zu erkunden!","breadcrumb":{"@id":"https:\/\/gaiapoleeurope.com\/de\/aerial\/portable-flying-pole\/#breadcrumb"},"inLanguage":"de","potentialAction":[{"@type":"ReadAction","target":["https:\/\/gaiapoleeurope.com\/de\/aerial\/portable-flying-pole\/"]}]},{"@type":"ImageObject","inLanguage":"de","@id":"https:\/\/gaiapoleeurope.com\/de\/aerial\/portable-flying-pole\/#primaryimage","url":"https:\/\/gaiapoleeurope.com\/wp-content\/uploads\/2025\/06\/capa-flying-pole-1.jpg","contentUrl":"https:\/\/gaiapoleeurope.com\/wp-content\/uploads\/2025\/06\/capa-flying-pole-1.jpg","width":1080,"height":1080},{"@type":"BreadcrumbList","@id":"https:\/\/gaiapoleeurope.com\/de\/aerial\/portable-flying-pole\/#breadcrumb","itemListElement":[{"@type":"ListItem","position":1,"name":"Home","item":"https:\/\/gaiapoleeurope.com\/de\/"},{"@type":"ListItem","position":2,"name":"Shop","item":"https:\/\/gaiapoleeurope.com\/de\/shop\/"},{"@type":"ListItem","position":3,"name":"Aerial-Aktivit\u00e4ten","item":"https:\/\/gaiapoleeurope.com\/de\/aerial\/"},{"@type":"ListItem","position":4,"name":"PORTABLE FLYING POLE"}]},{"@type":"WebSite","@id":"https:\/\/gaiapoleeurope.com\/de\/#website","url":"https:\/\/gaiapoleeurope.com\/de\/","name":"Gaia Pole","description":"","publisher":{"@id":"https:\/\/gaiapoleeurope.com\/de\/#organization"},"potentialAction":[{"@type":"SearchAction","target":{"@type":"EntryPoint","urlTemplate":"https:\/\/gaiapoleeurope.com\/de\/?s={search_term_string}"},"query-input":{"@type":"PropertyValueSpecification","valueRequired":true,"valueName":"search_term_string"}}],"inLanguage":"de"},{"@type":"Organization","@id":"https:\/\/gaiapoleeurope.com\/de\/#organization","name":"Gaia Pole","url":"https:\/\/gaiapoleeurope.com\/de\/","logo":{"@type":"ImageObject","inLanguage":"de","@id":"https:\/\/gaiapoleeurope.com\/de\/#\/schema\/logo\/image\/","url":"https:\/\/gaiapoleeurope.com\/wp-content\/uploads\/2024\/08\/gaia-logo.svg","contentUrl":"https:\/\/gaiapoleeurope.com\/wp-content\/uploads\/2024\/08\/gaia-logo.svg","width":423,"height":170,"caption":"Gaia Pole"},"image":{"@id":"https:\/\/gaiapoleeurope.com\/de\/#\/schema\/logo\/image\/"},"sameAs":["https:\/\/www.facebook.com\/gaiapolefitness"]}]}},"_links":{"self":[{"href":"https:\/\/gaiapoleeurope.com\/de\/wp-json\/wp\/v2\/product\/62485","targetHints":{"allow":["GET"]}}],"collection":[{"href":"https:\/\/gaiapoleeurope.com\/de\/wp-json\/wp\/v2\/product"}],"about":[{"href":"https:\/\/gaiapoleeurope.com\/de\/wp-json\/wp\/v2\/types\/product"}],"replies":[{"embeddable":true,"href":"https:\/\/gaiapoleeurope.com\/de\/wp-json\/wp\/v2\/comments?post=62485"}],"wp:featuredmedia":[{"embeddable":true,"href":"https:\/\/gaiapoleeurope.com\/de\/wp-json\/wp\/v2\/media\/62052"}],"wp:attachment":[{"href":"https:\/\/gaiapoleeurope.com\/de\/wp-json\/wp\/v2\/media?parent=62485"}],"wp:term":[{"taxonomy":"filtro","embeddable":true,"href":"https:\/\/gaiapoleeurope.com\/de\/wp-json\/wp\/v2\/filtro?post=62485"},{"taxonomy":"product_brand","embeddable":true,"href":"https:\/\/gaiapoleeurope.com\/de\/wp-json\/wp\/v2\/product_brand?post=62485"},{"taxonomy":"product_cat","embeddable":true,"href":"https:\/\/gaiapoleeurope.com\/de\/wp-json\/wp\/v2\/product_cat?post=62485"},{"taxonomy":"product_tag","embeddable":true,"href":"https:\/\/gaiapoleeurope.com\/de\/wp-json\/wp\/v2\/product_tag?post=62485"}],"curies":[{"name":"wp","href":"https:\/\/api.w.org\/{rel}","templated":true}]}}