{"id":62484,"date":"2024-07-10T13:52:20","date_gmt":"2024-07-10T16:52:20","guid":{"rendered":"https:\/\/dev.gaiapole.com\/unkategorisiert\/sicherheitsmatte\/"},"modified":"2025-09-11T05:00:17","modified_gmt":"2025-09-11T05:00:17","slug":"safety-mat","status":"publish","type":"product","link":"https:\/\/gaiapoleeurope.com\/de\/zubehor\/safety-mat\/","title":{"rendered":"SAFETY MAT"},"content":{"rendered":"<p>Wenn du auf der Suche nach zus\u00e4tzlicher Sicherheit in deiner Praxis bist, ist die <strong>Gaia Pole Safety Mat<\/strong> die perfekte L\u00f6sung! Erfahren Sie mehr \u00fcber dieses Premium-Produkt! Es passt sich perfekt um Ihre Pole an.  <\/p>\n","protected":false},"excerpt":{"rendered":"<p>Wenn du auf der Suche nach zus\u00e4tzlicher Sicherheit in deiner Praxis bist, ist die Gaia Pole Safety Mat die perfekte L\u00f6sung! Erfahren Sie mehr \u00fcber dieses Premium-Produkt! Es passt sich perfekt um Ihre Pole an.<\/p>\n","protected":false},"featured_media":62068,"comment_status":"open","ping_status":"closed","template":"","meta":{"_acf_changed":false},"filtro":[],"product_brand":[],"product_cat":[1111],"product_tag":[1208,1190,1209,1210,1117,1112],"class_list":{"0":"post-62484","1":"product","2":"type-product","3":"status-publish","4":"has-post-thumbnail","6":"product_cat-zubehor","7":"product_tag-matratze","8":"product_tag-schutz","9":"product_tag-sicherheit","10":"product_tag-sicherheitsmatte","11":"product_tag-stangentanz","12":"product_tag-zubehor","14":"first","15":"instock","16":"taxable","17":"shipping-taxable","18":"purchasable","19":"product-type-simple","20":"add-to-wishlist-before_image"},"acf":[],"yoast_head":"<!-- This site is optimized with the Yoast SEO plugin v26.1.1 - https:\/\/yoast.com\/wordpress\/plugins\/seo\/ -->\n<title>SAFETY MAT - Gaia Pole<\/title>\n<meta name=\"description\" content=\"Wenn du auf der Suche nach zus\u00e4tzlicher Sicherheit in deiner Praxis bist, ist die Gaia Pole Safety Mat die perfekte L\u00f6sung! Erfahren Sie mehr \u00fcber dieses Premium-Produkt!\" \/>\n<meta name=\"robots\" content=\"index, follow, max-snippet:-1, max-image-preview:large, max-video-preview:-1\" \/>\n<link rel=\"canonical\" href=\"https:\/\/gaiapoleeurope.com\/de\/zubehor\/safety-mat\/\" \/>\n<meta property=\"og:locale\" content=\"de_DE\" \/>\n<meta property=\"og:type\" content=\"article\" \/>\n<meta property=\"og:title\" content=\"SAFETY MAT - Gaia Pole\" \/>\n<meta property=\"og:description\" content=\"Wenn du auf der Suche nach zus\u00e4tzlicher Sicherheit in deiner Praxis bist, ist die Gaia Pole Safety Mat die perfekte L\u00f6sung! Erfahren Sie mehr \u00fcber dieses Premium-Produkt!\" \/>\n<meta property=\"og:url\" content=\"https:\/\/gaiapoleeurope.com\/de\/zubehor\/safety-mat\/\" \/>\n<meta property=\"og:site_name\" content=\"Gaia Pole\" \/>\n<meta property=\"article:publisher\" content=\"https:\/\/www.facebook.com\/gaiapolefitness\" \/>\n<meta property=\"article:modified_time\" content=\"2025-09-11T05:00:17+00:00\" \/>\n<meta property=\"og:image\" content=\"https:\/\/gaiapoleeurope.com\/wp-content\/uploads\/2025\/06\/capa-colchonete-de-protecao.jpg\" \/>\n\t<meta property=\"og:image:width\" content=\"1080\" \/>\n\t<meta property=\"og:image:height\" content=\"1080\" \/>\n\t<meta property=\"og:image:type\" content=\"image\/jpeg\" \/>\n<meta name=\"twitter:card\" content=\"summary_large_image\" \/>\n<script type=\"application\/ld+json\" class=\"yoast-schema-graph\">{\"@context\":\"https:\/\/schema.org\",\"@graph\":[{\"@type\":\"WebPage\",\"@id\":\"https:\/\/gaiapoleeurope.com\/de\/zubehor\/safety-mat\/\",\"url\":\"https:\/\/gaiapoleeurope.com\/de\/zubehor\/safety-mat\/\",\"name\":\"SAFETY MAT - Gaia Pole\",\"isPartOf\":{\"@id\":\"https:\/\/gaiapoleeurope.com\/de\/#website\"},\"primaryImageOfPage\":{\"@id\":\"https:\/\/gaiapoleeurope.com\/de\/zubehor\/safety-mat\/#primaryimage\"},\"image\":{\"@id\":\"https:\/\/gaiapoleeurope.com\/de\/zubehor\/safety-mat\/#primaryimage\"},\"thumbnailUrl\":\"https:\/\/gaiapoleeurope.com\/wp-content\/uploads\/2025\/06\/capa-colchonete-de-protecao.jpg\",\"datePublished\":\"2024-07-10T16:52:20+00:00\",\"dateModified\":\"2025-09-11T05:00:17+00:00\",\"description\":\"Wenn du auf der Suche nach zus\u00e4tzlicher Sicherheit in deiner Praxis bist, ist die Gaia Pole Safety Mat die perfekte L\u00f6sung! Erfahren Sie mehr \u00fcber dieses Premium-Produkt!\",\"breadcrumb\":{\"@id\":\"https:\/\/gaiapoleeurope.com\/de\/zubehor\/safety-mat\/#breadcrumb\"},\"inLanguage\":\"de\",\"potentialAction\":[{\"@type\":\"ReadAction\",\"target\":[\"https:\/\/gaiapoleeurope.com\/de\/zubehor\/safety-mat\/\"]}]},{\"@type\":\"ImageObject\",\"inLanguage\":\"de\",\"@id\":\"https:\/\/gaiapoleeurope.com\/de\/zubehor\/safety-mat\/#primaryimage\",\"url\":\"https:\/\/gaiapoleeurope.com\/wp-content\/uploads\/2025\/06\/capa-colchonete-de-protecao.jpg\",\"contentUrl\":\"https:\/\/gaiapoleeurope.com\/wp-content\/uploads\/2025\/06\/capa-colchonete-de-protecao.jpg\",\"width\":1080,\"height\":1080},{\"@type\":\"BreadcrumbList\",\"@id\":\"https:\/\/gaiapoleeurope.com\/de\/zubehor\/safety-mat\/#breadcrumb\",\"itemListElement\":[{\"@type\":\"ListItem\",\"position\":1,\"name\":\"Home\",\"item\":\"https:\/\/gaiapoleeurope.com\/de\/\"},{\"@type\":\"ListItem\",\"position\":2,\"name\":\"Shop\",\"item\":\"https:\/\/gaiapoleeurope.com\/de\/shop\/\"},{\"@type\":\"ListItem\",\"position\":3,\"name\":\"Zubeh\u00f6r\",\"item\":\"https:\/\/gaiapoleeurope.com\/de\/zubehor\/\"},{\"@type\":\"ListItem\",\"position\":4,\"name\":\"SAFETY MAT\"}]},{\"@type\":\"WebSite\",\"@id\":\"https:\/\/gaiapoleeurope.com\/de\/#website\",\"url\":\"https:\/\/gaiapoleeurope.com\/de\/\",\"name\":\"Gaia Pole\",\"description\":\"\",\"publisher\":{\"@id\":\"https:\/\/gaiapoleeurope.com\/de\/#organization\"},\"potentialAction\":[{\"@type\":\"SearchAction\",\"target\":{\"@type\":\"EntryPoint\",\"urlTemplate\":\"https:\/\/gaiapoleeurope.com\/de\/?s={search_term_string}\"},\"query-input\":{\"@type\":\"PropertyValueSpecification\",\"valueRequired\":true,\"valueName\":\"search_term_string\"}}],\"inLanguage\":\"de\"},{\"@type\":\"Organization\",\"@id\":\"https:\/\/gaiapoleeurope.com\/de\/#organization\",\"name\":\"Gaia Pole\",\"url\":\"https:\/\/gaiapoleeurope.com\/de\/\",\"logo\":{\"@type\":\"ImageObject\",\"inLanguage\":\"de\",\"@id\":\"https:\/\/gaiapoleeurope.com\/de\/#\/schema\/logo\/image\/\",\"url\":\"https:\/\/gaiapoleeurope.com\/wp-content\/uploads\/2024\/08\/gaia-logo.svg\",\"contentUrl\":\"https:\/\/gaiapoleeurope.com\/wp-content\/uploads\/2024\/08\/gaia-logo.svg\",\"width\":423,\"height\":170,\"caption\":\"Gaia Pole\"},\"image\":{\"@id\":\"https:\/\/gaiapoleeurope.com\/de\/#\/schema\/logo\/image\/\"},\"sameAs\":[\"https:\/\/www.facebook.com\/gaiapolefitness\"]}]}<\/script>\n<!-- \/ Yoast SEO plugin. -->","yoast_head_json":{"title":"SAFETY MAT - Gaia Pole","description":"Wenn du auf der Suche nach zus\u00e4tzlicher Sicherheit in deiner Praxis bist, ist die Gaia Pole Safety Mat die perfekte L\u00f6sung! Erfahren Sie mehr \u00fcber dieses Premium-Produkt!","robots":{"index":"index","follow":"follow","max-snippet":"max-snippet:-1","max-image-preview":"max-image-preview:large","max-video-preview":"max-video-preview:-1"},"canonical":"https:\/\/gaiapoleeurope.com\/de\/zubehor\/safety-mat\/","og_locale":"de_DE","og_type":"article","og_title":"SAFETY MAT - Gaia Pole","og_description":"Wenn du auf der Suche nach zus\u00e4tzlicher Sicherheit in deiner Praxis bist, ist die Gaia Pole Safety Mat die perfekte L\u00f6sung! Erfahren Sie mehr \u00fcber dieses Premium-Produkt!","og_url":"https:\/\/gaiapoleeurope.com\/de\/zubehor\/safety-mat\/","og_site_name":"Gaia Pole","article_publisher":"https:\/\/www.facebook.com\/gaiapolefitness","article_modified_time":"2025-09-11T05:00:17+00:00","og_image":[{"width":1080,"height":1080,"url":"https:\/\/gaiapoleeurope.com\/wp-content\/uploads\/2025\/06\/capa-colchonete-de-protecao.jpg","type":"image\/jpeg"}],"twitter_card":"summary_large_image","schema":{"@context":"https:\/\/schema.org","@graph":[{"@type":"WebPage","@id":"https:\/\/gaiapoleeurope.com\/de\/zubehor\/safety-mat\/","url":"https:\/\/gaiapoleeurope.com\/de\/zubehor\/safety-mat\/","name":"SAFETY MAT - Gaia Pole","isPartOf":{"@id":"https:\/\/gaiapoleeurope.com\/de\/#website"},"primaryImageOfPage":{"@id":"https:\/\/gaiapoleeurope.com\/de\/zubehor\/safety-mat\/#primaryimage"},"image":{"@id":"https:\/\/gaiapoleeurope.com\/de\/zubehor\/safety-mat\/#primaryimage"},"thumbnailUrl":"https:\/\/gaiapoleeurope.com\/wp-content\/uploads\/2025\/06\/capa-colchonete-de-protecao.jpg","datePublished":"2024-07-10T16:52:20+00:00","dateModified":"2025-09-11T05:00:17+00:00","description":"Wenn du auf der Suche nach zus\u00e4tzlicher Sicherheit in deiner Praxis bist, ist die Gaia Pole Safety Mat die perfekte L\u00f6sung! Erfahren Sie mehr \u00fcber dieses Premium-Produkt!","breadcrumb":{"@id":"https:\/\/gaiapoleeurope.com\/de\/zubehor\/safety-mat\/#breadcrumb"},"inLanguage":"de","potentialAction":[{"@type":"ReadAction","target":["https:\/\/gaiapoleeurope.com\/de\/zubehor\/safety-mat\/"]}]},{"@type":"ImageObject","inLanguage":"de","@id":"https:\/\/gaiapoleeurope.com\/de\/zubehor\/safety-mat\/#primaryimage","url":"https:\/\/gaiapoleeurope.com\/wp-content\/uploads\/2025\/06\/capa-colchonete-de-protecao.jpg","contentUrl":"https:\/\/gaiapoleeurope.com\/wp-content\/uploads\/2025\/06\/capa-colchonete-de-protecao.jpg","width":1080,"height":1080},{"@type":"BreadcrumbList","@id":"https:\/\/gaiapoleeurope.com\/de\/zubehor\/safety-mat\/#breadcrumb","itemListElement":[{"@type":"ListItem","position":1,"name":"Home","item":"https:\/\/gaiapoleeurope.com\/de\/"},{"@type":"ListItem","position":2,"name":"Shop","item":"https:\/\/gaiapoleeurope.com\/de\/shop\/"},{"@type":"ListItem","position":3,"name":"Zubeh\u00f6r","item":"https:\/\/gaiapoleeurope.com\/de\/zubehor\/"},{"@type":"ListItem","position":4,"name":"SAFETY MAT"}]},{"@type":"WebSite","@id":"https:\/\/gaiapoleeurope.com\/de\/#website","url":"https:\/\/gaiapoleeurope.com\/de\/","name":"Gaia Pole","description":"","publisher":{"@id":"https:\/\/gaiapoleeurope.com\/de\/#organization"},"potentialAction":[{"@type":"SearchAction","target":{"@type":"EntryPoint","urlTemplate":"https:\/\/gaiapoleeurope.com\/de\/?s={search_term_string}"},"query-input":{"@type":"PropertyValueSpecification","valueRequired":true,"valueName":"search_term_string"}}],"inLanguage":"de"},{"@type":"Organization","@id":"https:\/\/gaiapoleeurope.com\/de\/#organization","name":"Gaia Pole","url":"https:\/\/gaiapoleeurope.com\/de\/","logo":{"@type":"ImageObject","inLanguage":"de","@id":"https:\/\/gaiapoleeurope.com\/de\/#\/schema\/logo\/image\/","url":"https:\/\/gaiapoleeurope.com\/wp-content\/uploads\/2024\/08\/gaia-logo.svg","contentUrl":"https:\/\/gaiapoleeurope.com\/wp-content\/uploads\/2024\/08\/gaia-logo.svg","width":423,"height":170,"caption":"Gaia Pole"},"image":{"@id":"https:\/\/gaiapoleeurope.com\/de\/#\/schema\/logo\/image\/"},"sameAs":["https:\/\/www.facebook.com\/gaiapolefitness"]}]}},"_links":{"self":[{"href":"https:\/\/gaiapoleeurope.com\/de\/wp-json\/wp\/v2\/product\/62484","targetHints":{"allow":["GET"]}}],"collection":[{"href":"https:\/\/gaiapoleeurope.com\/de\/wp-json\/wp\/v2\/product"}],"about":[{"href":"https:\/\/gaiapoleeurope.com\/de\/wp-json\/wp\/v2\/types\/product"}],"replies":[{"embeddable":true,"href":"https:\/\/gaiapoleeurope.com\/de\/wp-json\/wp\/v2\/comments?post=62484"}],"wp:featuredmedia":[{"embeddable":true,"href":"https:\/\/gaiapoleeurope.com\/de\/wp-json\/wp\/v2\/media\/62068"}],"wp:attachment":[{"href":"https:\/\/gaiapoleeurope.com\/de\/wp-json\/wp\/v2\/media?parent=62484"}],"wp:term":[{"taxonomy":"filtro","embeddable":true,"href":"https:\/\/gaiapoleeurope.com\/de\/wp-json\/wp\/v2\/filtro?post=62484"},{"taxonomy":"product_brand","embeddable":true,"href":"https:\/\/gaiapoleeurope.com\/de\/wp-json\/wp\/v2\/product_brand?post=62484"},{"taxonomy":"product_cat","embeddable":true,"href":"https:\/\/gaiapoleeurope.com\/de\/wp-json\/wp\/v2\/product_cat?post=62484"},{"taxonomy":"product_tag","embeddable":true,"href":"https:\/\/gaiapoleeurope.com\/de\/wp-json\/wp\/v2\/product_tag?post=62484"}],"curies":[{"name":"wp","href":"https:\/\/api.w.org\/{rel}","templated":true}]}}