{"id":62477,"date":"2024-07-10T16:47:03","date_gmt":"2024-07-10T16:47:03","guid":{"rendered":"https:\/\/dev.gaiapole.com\/unkategorisiert\/aerial-oder-lollipop-hoop\/"},"modified":"2025-09-11T05:43:09","modified_gmt":"2025-09-11T05:43:09","slug":"aerial-lollipop-hoop","status":"publish","type":"product","link":"https:\/\/gaiapoleeurope.com\/de\/aerial\/aerial-lollipop-hoop\/","title":{"rendered":"AERIAL OR LOLLIPOP HOOP"},"content":{"rendered":"<p><strong>Der Gaia Pole Aerial Hoop<\/strong> ist perfekt f\u00fcr alle, die die Magie des Zirkus in ihren Raum bringen m\u00f6chten. Es ist ideal f\u00fcr Profis und Anf\u00e4nger gleicherma\u00dfen. W\u00e4hlen Sie zwischen Nullpunkt, Einzelpunkt oder 2 Rigging-Punkten. Ebenfalls erh\u00e4ltlich ist <strong>der Lollipop Hoop<\/strong> &#8211; kompatibel mit <a href=\"https:\/\/gaiapoleeurope.com\/de\/buhnen\/portable-stage-pole\/\">Gaia Stage.<\/a>   <\/p>\n","protected":false},"excerpt":{"rendered":"<p>Der Gaia Pole Aerial Hoop ist perfekt f\u00fcr alle, die die Magie des Zirkus in ihren Raum bringen m\u00f6chten. Es ist ideal f\u00fcr Profis und Anf\u00e4nger gleicherma\u00dfen. W\u00e4hlen Sie zwischen Nullpunkt, Einzelpunkt oder 2 Rigging-Punkten. Ebenfalls erh\u00e4ltlich ist der Lollipop Hoop &#8211; kompatibel mit Gaia Stage.<\/p>\n","protected":false},"featured_media":62060,"comment_status":"open","ping_status":"closed","template":"","meta":{"_acf_changed":false},"filtro":[],"product_brand":[],"product_cat":[1202],"product_tag":[1204,1185,1203,1205],"class_list":{"0":"post-62477","1":"product","2":"type-product","3":"status-publish","4":"has-post-thumbnail","6":"product_cat-aerial","7":"product_tag-aerial-hoop-reifen","8":"product_tag-antenne","9":"product_tag-einbausatz","10":"product_tag-reifen","11":"product_shipping_class-equipamentos-de","13":"first","14":"instock","15":"taxable","16":"shipping-taxable","17":"purchasable","18":"product-type-variable","19":"has-default-attributes","20":"add-to-wishlist-before_image"},"acf":[],"yoast_head":"<!-- This site is optimized with the Yoast SEO plugin v26.1.1 - https:\/\/yoast.com\/wordpress\/plugins\/seo\/ -->\n<title>AERIAL OR LOLLIPOP HOOP - Gaia Pole<\/title>\n<meta name=\"description\" content=\"Gaia Pole Aerial oder Lollipop Hoop ist perfekt f\u00fcr alle, die die Magie des Zirkus in ihren Raum bringen m\u00f6chten. Ideal f\u00fcr Profis und Anf\u00e4nger.\" \/>\n<meta name=\"robots\" content=\"index, follow, max-snippet:-1, max-image-preview:large, max-video-preview:-1\" \/>\n<link rel=\"canonical\" href=\"https:\/\/gaiapoleeurope.com\/de\/aerial\/aerial-lollipop-hoop\/\" \/>\n<meta property=\"og:locale\" content=\"de_DE\" \/>\n<meta property=\"og:type\" content=\"article\" \/>\n<meta property=\"og:title\" content=\"AERIAL OR LOLLIPOP HOOP - Gaia Pole\" \/>\n<meta property=\"og:description\" content=\"Gaia Pole Aerial oder Lollipop Hoop ist perfekt f\u00fcr alle, die die Magie des Zirkus in ihren Raum bringen m\u00f6chten. Ideal f\u00fcr Profis und Anf\u00e4nger.\" \/>\n<meta property=\"og:url\" content=\"https:\/\/gaiapoleeurope.com\/de\/aerial\/aerial-lollipop-hoop\/\" \/>\n<meta property=\"og:site_name\" content=\"Gaia Pole\" \/>\n<meta property=\"article:publisher\" content=\"https:\/\/www.facebook.com\/gaiapolefitness\" \/>\n<meta property=\"article:modified_time\" content=\"2025-09-11T05:43:09+00:00\" \/>\n<meta property=\"og:image\" content=\"https:\/\/gaiapoleeurope.com\/wp-content\/uploads\/2025\/06\/capa-lira-circense.jpg\" \/>\n\t<meta property=\"og:image:width\" content=\"1080\" \/>\n\t<meta property=\"og:image:height\" content=\"1080\" \/>\n\t<meta property=\"og:image:type\" content=\"image\/jpeg\" \/>\n<meta name=\"twitter:card\" content=\"summary_large_image\" \/>\n<script type=\"application\/ld+json\" class=\"yoast-schema-graph\">{\"@context\":\"https:\/\/schema.org\",\"@graph\":[{\"@type\":\"WebPage\",\"@id\":\"https:\/\/gaiapoleeurope.com\/de\/aerial\/aerial-lollipop-hoop\/\",\"url\":\"https:\/\/gaiapoleeurope.com\/de\/aerial\/aerial-lollipop-hoop\/\",\"name\":\"AERIAL OR LOLLIPOP HOOP - Gaia Pole\",\"isPartOf\":{\"@id\":\"https:\/\/gaiapoleeurope.com\/de\/#website\"},\"primaryImageOfPage\":{\"@id\":\"https:\/\/gaiapoleeurope.com\/de\/aerial\/aerial-lollipop-hoop\/#primaryimage\"},\"image\":{\"@id\":\"https:\/\/gaiapoleeurope.com\/de\/aerial\/aerial-lollipop-hoop\/#primaryimage\"},\"thumbnailUrl\":\"https:\/\/gaiapoleeurope.com\/wp-content\/uploads\/2025\/06\/capa-lira-circense.jpg\",\"datePublished\":\"2024-07-10T16:47:03+00:00\",\"dateModified\":\"2025-09-11T05:43:09+00:00\",\"description\":\"Gaia Pole Aerial oder Lollipop Hoop ist perfekt f\u00fcr alle, die die Magie des Zirkus in ihren Raum bringen m\u00f6chten. Ideal f\u00fcr Profis und Anf\u00e4nger.\",\"breadcrumb\":{\"@id\":\"https:\/\/gaiapoleeurope.com\/de\/aerial\/aerial-lollipop-hoop\/#breadcrumb\"},\"inLanguage\":\"de\",\"potentialAction\":[{\"@type\":\"ReadAction\",\"target\":[\"https:\/\/gaiapoleeurope.com\/de\/aerial\/aerial-lollipop-hoop\/\"]}]},{\"@type\":\"ImageObject\",\"inLanguage\":\"de\",\"@id\":\"https:\/\/gaiapoleeurope.com\/de\/aerial\/aerial-lollipop-hoop\/#primaryimage\",\"url\":\"https:\/\/gaiapoleeurope.com\/wp-content\/uploads\/2025\/06\/capa-lira-circense.jpg\",\"contentUrl\":\"https:\/\/gaiapoleeurope.com\/wp-content\/uploads\/2025\/06\/capa-lira-circense.jpg\",\"width\":1080,\"height\":1080},{\"@type\":\"BreadcrumbList\",\"@id\":\"https:\/\/gaiapoleeurope.com\/de\/aerial\/aerial-lollipop-hoop\/#breadcrumb\",\"itemListElement\":[{\"@type\":\"ListItem\",\"position\":1,\"name\":\"Home\",\"item\":\"https:\/\/gaiapoleeurope.com\/de\/\"},{\"@type\":\"ListItem\",\"position\":2,\"name\":\"Shop\",\"item\":\"https:\/\/gaiapoleeurope.com\/de\/shop\/\"},{\"@type\":\"ListItem\",\"position\":3,\"name\":\"Aerial-Aktivit\u00e4ten\",\"item\":\"https:\/\/gaiapoleeurope.com\/de\/aerial\/\"},{\"@type\":\"ListItem\",\"position\":4,\"name\":\"AERIAL OR LOLLIPOP HOOP\"}]},{\"@type\":\"WebSite\",\"@id\":\"https:\/\/gaiapoleeurope.com\/de\/#website\",\"url\":\"https:\/\/gaiapoleeurope.com\/de\/\",\"name\":\"Gaia Pole\",\"description\":\"\",\"publisher\":{\"@id\":\"https:\/\/gaiapoleeurope.com\/de\/#organization\"},\"potentialAction\":[{\"@type\":\"SearchAction\",\"target\":{\"@type\":\"EntryPoint\",\"urlTemplate\":\"https:\/\/gaiapoleeurope.com\/de\/?s={search_term_string}\"},\"query-input\":{\"@type\":\"PropertyValueSpecification\",\"valueRequired\":true,\"valueName\":\"search_term_string\"}}],\"inLanguage\":\"de\"},{\"@type\":\"Organization\",\"@id\":\"https:\/\/gaiapoleeurope.com\/de\/#organization\",\"name\":\"Gaia Pole\",\"url\":\"https:\/\/gaiapoleeurope.com\/de\/\",\"logo\":{\"@type\":\"ImageObject\",\"inLanguage\":\"de\",\"@id\":\"https:\/\/gaiapoleeurope.com\/de\/#\/schema\/logo\/image\/\",\"url\":\"https:\/\/gaiapoleeurope.com\/wp-content\/uploads\/2024\/08\/gaia-logo.svg\",\"contentUrl\":\"https:\/\/gaiapoleeurope.com\/wp-content\/uploads\/2024\/08\/gaia-logo.svg\",\"width\":423,\"height\":170,\"caption\":\"Gaia Pole\"},\"image\":{\"@id\":\"https:\/\/gaiapoleeurope.com\/de\/#\/schema\/logo\/image\/\"},\"sameAs\":[\"https:\/\/www.facebook.com\/gaiapolefitness\"]}]}<\/script>\n<!-- \/ Yoast SEO plugin. -->","yoast_head_json":{"title":"AERIAL OR LOLLIPOP HOOP - Gaia Pole","description":"Gaia Pole Aerial oder Lollipop Hoop ist perfekt f\u00fcr alle, die die Magie des Zirkus in ihren Raum bringen m\u00f6chten. Ideal f\u00fcr Profis und Anf\u00e4nger.","robots":{"index":"index","follow":"follow","max-snippet":"max-snippet:-1","max-image-preview":"max-image-preview:large","max-video-preview":"max-video-preview:-1"},"canonical":"https:\/\/gaiapoleeurope.com\/de\/aerial\/aerial-lollipop-hoop\/","og_locale":"de_DE","og_type":"article","og_title":"AERIAL OR LOLLIPOP HOOP - Gaia Pole","og_description":"Gaia Pole Aerial oder Lollipop Hoop ist perfekt f\u00fcr alle, die die Magie des Zirkus in ihren Raum bringen m\u00f6chten. Ideal f\u00fcr Profis und Anf\u00e4nger.","og_url":"https:\/\/gaiapoleeurope.com\/de\/aerial\/aerial-lollipop-hoop\/","og_site_name":"Gaia Pole","article_publisher":"https:\/\/www.facebook.com\/gaiapolefitness","article_modified_time":"2025-09-11T05:43:09+00:00","og_image":[{"width":1080,"height":1080,"url":"https:\/\/gaiapoleeurope.com\/wp-content\/uploads\/2025\/06\/capa-lira-circense.jpg","type":"image\/jpeg"}],"twitter_card":"summary_large_image","schema":{"@context":"https:\/\/schema.org","@graph":[{"@type":"WebPage","@id":"https:\/\/gaiapoleeurope.com\/de\/aerial\/aerial-lollipop-hoop\/","url":"https:\/\/gaiapoleeurope.com\/de\/aerial\/aerial-lollipop-hoop\/","name":"AERIAL OR LOLLIPOP HOOP - Gaia Pole","isPartOf":{"@id":"https:\/\/gaiapoleeurope.com\/de\/#website"},"primaryImageOfPage":{"@id":"https:\/\/gaiapoleeurope.com\/de\/aerial\/aerial-lollipop-hoop\/#primaryimage"},"image":{"@id":"https:\/\/gaiapoleeurope.com\/de\/aerial\/aerial-lollipop-hoop\/#primaryimage"},"thumbnailUrl":"https:\/\/gaiapoleeurope.com\/wp-content\/uploads\/2025\/06\/capa-lira-circense.jpg","datePublished":"2024-07-10T16:47:03+00:00","dateModified":"2025-09-11T05:43:09+00:00","description":"Gaia Pole Aerial oder Lollipop Hoop ist perfekt f\u00fcr alle, die die Magie des Zirkus in ihren Raum bringen m\u00f6chten. Ideal f\u00fcr Profis und Anf\u00e4nger.","breadcrumb":{"@id":"https:\/\/gaiapoleeurope.com\/de\/aerial\/aerial-lollipop-hoop\/#breadcrumb"},"inLanguage":"de","potentialAction":[{"@type":"ReadAction","target":["https:\/\/gaiapoleeurope.com\/de\/aerial\/aerial-lollipop-hoop\/"]}]},{"@type":"ImageObject","inLanguage":"de","@id":"https:\/\/gaiapoleeurope.com\/de\/aerial\/aerial-lollipop-hoop\/#primaryimage","url":"https:\/\/gaiapoleeurope.com\/wp-content\/uploads\/2025\/06\/capa-lira-circense.jpg","contentUrl":"https:\/\/gaiapoleeurope.com\/wp-content\/uploads\/2025\/06\/capa-lira-circense.jpg","width":1080,"height":1080},{"@type":"BreadcrumbList","@id":"https:\/\/gaiapoleeurope.com\/de\/aerial\/aerial-lollipop-hoop\/#breadcrumb","itemListElement":[{"@type":"ListItem","position":1,"name":"Home","item":"https:\/\/gaiapoleeurope.com\/de\/"},{"@type":"ListItem","position":2,"name":"Shop","item":"https:\/\/gaiapoleeurope.com\/de\/shop\/"},{"@type":"ListItem","position":3,"name":"Aerial-Aktivit\u00e4ten","item":"https:\/\/gaiapoleeurope.com\/de\/aerial\/"},{"@type":"ListItem","position":4,"name":"AERIAL OR LOLLIPOP HOOP"}]},{"@type":"WebSite","@id":"https:\/\/gaiapoleeurope.com\/de\/#website","url":"https:\/\/gaiapoleeurope.com\/de\/","name":"Gaia Pole","description":"","publisher":{"@id":"https:\/\/gaiapoleeurope.com\/de\/#organization"},"potentialAction":[{"@type":"SearchAction","target":{"@type":"EntryPoint","urlTemplate":"https:\/\/gaiapoleeurope.com\/de\/?s={search_term_string}"},"query-input":{"@type":"PropertyValueSpecification","valueRequired":true,"valueName":"search_term_string"}}],"inLanguage":"de"},{"@type":"Organization","@id":"https:\/\/gaiapoleeurope.com\/de\/#organization","name":"Gaia Pole","url":"https:\/\/gaiapoleeurope.com\/de\/","logo":{"@type":"ImageObject","inLanguage":"de","@id":"https:\/\/gaiapoleeurope.com\/de\/#\/schema\/logo\/image\/","url":"https:\/\/gaiapoleeurope.com\/wp-content\/uploads\/2024\/08\/gaia-logo.svg","contentUrl":"https:\/\/gaiapoleeurope.com\/wp-content\/uploads\/2024\/08\/gaia-logo.svg","width":423,"height":170,"caption":"Gaia Pole"},"image":{"@id":"https:\/\/gaiapoleeurope.com\/de\/#\/schema\/logo\/image\/"},"sameAs":["https:\/\/www.facebook.com\/gaiapolefitness"]}]}},"_links":{"self":[{"href":"https:\/\/gaiapoleeurope.com\/de\/wp-json\/wp\/v2\/product\/62477","targetHints":{"allow":["GET"]}}],"collection":[{"href":"https:\/\/gaiapoleeurope.com\/de\/wp-json\/wp\/v2\/product"}],"about":[{"href":"https:\/\/gaiapoleeurope.com\/de\/wp-json\/wp\/v2\/types\/product"}],"replies":[{"embeddable":true,"href":"https:\/\/gaiapoleeurope.com\/de\/wp-json\/wp\/v2\/comments?post=62477"}],"wp:featuredmedia":[{"embeddable":true,"href":"https:\/\/gaiapoleeurope.com\/de\/wp-json\/wp\/v2\/media\/62060"}],"wp:attachment":[{"href":"https:\/\/gaiapoleeurope.com\/de\/wp-json\/wp\/v2\/media?parent=62477"}],"wp:term":[{"taxonomy":"filtro","embeddable":true,"href":"https:\/\/gaiapoleeurope.com\/de\/wp-json\/wp\/v2\/filtro?post=62477"},{"taxonomy":"product_brand","embeddable":true,"href":"https:\/\/gaiapoleeurope.com\/de\/wp-json\/wp\/v2\/product_brand?post=62477"},{"taxonomy":"product_cat","embeddable":true,"href":"https:\/\/gaiapoleeurope.com\/de\/wp-json\/wp\/v2\/product_cat?post=62477"},{"taxonomy":"product_tag","embeddable":true,"href":"https:\/\/gaiapoleeurope.com\/de\/wp-json\/wp\/v2\/product_tag?post=62477"}],"curies":[{"name":"wp","href":"https:\/\/api.w.org\/{rel}","templated":true}]}}