{"id":62476,"date":"2024-07-11T08:43:08","date_gmt":"2024-07-11T11:43:08","guid":{"rendered":"https:\/\/dev.gaiapole.com\/unkategorisiert\/handgepaeck-hartschalenkoffer\/"},"modified":"2025-09-11T05:49:42","modified_gmt":"2025-09-11T05:49:42","slug":"carry-on-hard-case","status":"publish","type":"product","link":"https:\/\/gaiapoleeurope.com\/de\/zubehor\/carry-on-hard-case\/","title":{"rendered":"CARRY-ON HARD CASE"},"content":{"rendered":"<p>Der Carry-on Hard Case ist das perfekte Zubeh\u00f6r f\u00fcr alle, die ein beliebiges Modell einer tragbaren Stange besitzen und die Integrit\u00e4t ihrer Ausr\u00fcstung bewahren m\u00f6chten. Es ist auch mit der Flying Pole kompatibel und stellt sicher, dass keine Teile verloren gehen, und es ist perfekt f\u00fcr den Trunck Ihres Autos oder um als Gep\u00e4ck auf Flugreisen aufgegeben zu werden. <\/p>\n","protected":false},"excerpt":{"rendered":"<p>Der Carry-on Hard Case ist das perfekte Zubeh\u00f6r f\u00fcr alle, die ein beliebiges Modell einer tragbaren Stange besitzen und die Integrit\u00e4t ihrer Ausr\u00fcstung bewahren m\u00f6chten. Es ist auch mit der Flying Pole kompatibel und stellt sicher, dass keine Teile verloren gehen, und es ist perfekt f\u00fcr den Trunck Ihres Autos oder um als Gep\u00e4ck auf [&hellip;]<\/p>\n","protected":false},"featured_media":62092,"comment_status":"open","ping_status":"closed","template":"","meta":{"_acf_changed":false},"filtro":[],"product_brand":[],"product_cat":[1111],"product_tag":[1192,1189,1193,1195,1194,1190,1191],"class_list":{"0":"post-62476","1":"product","2":"type-product","3":"status-publish","4":"has-post-thumbnail","6":"product_cat-zubehor","7":"product_tag-fall","8":"product_tag-fliegende-stange","9":"product_tag-handgepack-hartschalenkoffer","10":"product_tag-handgepack-koffer","11":"product_tag-hartschalenkoffer","12":"product_tag-schutz","13":"product_tag-transport","15":"first","16":"instock","17":"taxable","18":"shipping-taxable","19":"purchasable","20":"product-type-simple","21":"add-to-wishlist-before_image"},"acf":[],"yoast_head":"<!-- This site is optimized with the Yoast SEO plugin v26.1.1 - https:\/\/yoast.com\/wordpress\/plugins\/seo\/ -->\n<title>CARRY-ON HARD CASE - Gaia Pole<\/title>\n<meta name=\"description\" content=\"Der Carry-on Hard Case ist das perfekte Zubeh\u00f6r f\u00fcr alle, die ein beliebiges Modell einer tragbaren Stange besitzen und die Integrit\u00e4t ihrer Ausr\u00fcstung bewahren m\u00f6chten.\" \/>\n<meta name=\"robots\" content=\"index, follow, max-snippet:-1, max-image-preview:large, max-video-preview:-1\" \/>\n<link rel=\"canonical\" href=\"https:\/\/gaiapoleeurope.com\/de\/zubehor\/carry-on-hard-case\/\" \/>\n<meta property=\"og:locale\" content=\"de_DE\" \/>\n<meta property=\"og:type\" content=\"article\" \/>\n<meta property=\"og:title\" content=\"CARRY-ON HARD CASE - Gaia Pole\" \/>\n<meta property=\"og:description\" content=\"Der Carry-on Hard Case ist das perfekte Zubeh\u00f6r f\u00fcr alle, die ein beliebiges Modell einer tragbaren Stange besitzen und die Integrit\u00e4t ihrer Ausr\u00fcstung bewahren m\u00f6chten.\" \/>\n<meta property=\"og:url\" content=\"https:\/\/gaiapoleeurope.com\/de\/zubehor\/carry-on-hard-case\/\" \/>\n<meta property=\"og:site_name\" content=\"Gaia Pole\" \/>\n<meta property=\"article:publisher\" content=\"https:\/\/www.facebook.com\/gaiapolefitness\" \/>\n<meta property=\"article:modified_time\" content=\"2025-09-11T05:49:42+00:00\" \/>\n<meta property=\"og:image\" content=\"https:\/\/gaiapoleeurope.com\/wp-content\/uploads\/2025\/06\/capa-estojo-para-transporte.jpg\" \/>\n\t<meta property=\"og:image:width\" content=\"1080\" \/>\n\t<meta property=\"og:image:height\" content=\"1080\" \/>\n\t<meta property=\"og:image:type\" content=\"image\/jpeg\" \/>\n<meta name=\"twitter:card\" content=\"summary_large_image\" \/>\n<script type=\"application\/ld+json\" class=\"yoast-schema-graph\">{\"@context\":\"https:\/\/schema.org\",\"@graph\":[{\"@type\":\"WebPage\",\"@id\":\"https:\/\/gaiapoleeurope.com\/de\/zubehor\/carry-on-hard-case\/\",\"url\":\"https:\/\/gaiapoleeurope.com\/de\/zubehor\/carry-on-hard-case\/\",\"name\":\"CARRY-ON HARD CASE - Gaia Pole\",\"isPartOf\":{\"@id\":\"https:\/\/gaiapoleeurope.com\/de\/#website\"},\"primaryImageOfPage\":{\"@id\":\"https:\/\/gaiapoleeurope.com\/de\/zubehor\/carry-on-hard-case\/#primaryimage\"},\"image\":{\"@id\":\"https:\/\/gaiapoleeurope.com\/de\/zubehor\/carry-on-hard-case\/#primaryimage\"},\"thumbnailUrl\":\"https:\/\/gaiapoleeurope.com\/wp-content\/uploads\/2025\/06\/capa-estojo-para-transporte.jpg\",\"datePublished\":\"2024-07-11T11:43:08+00:00\",\"dateModified\":\"2025-09-11T05:49:42+00:00\",\"description\":\"Der Carry-on Hard Case ist das perfekte Zubeh\u00f6r f\u00fcr alle, die ein beliebiges Modell einer tragbaren Stange besitzen und die Integrit\u00e4t ihrer Ausr\u00fcstung bewahren m\u00f6chten.\",\"breadcrumb\":{\"@id\":\"https:\/\/gaiapoleeurope.com\/de\/zubehor\/carry-on-hard-case\/#breadcrumb\"},\"inLanguage\":\"de\",\"potentialAction\":[{\"@type\":\"ReadAction\",\"target\":[\"https:\/\/gaiapoleeurope.com\/de\/zubehor\/carry-on-hard-case\/\"]}]},{\"@type\":\"ImageObject\",\"inLanguage\":\"de\",\"@id\":\"https:\/\/gaiapoleeurope.com\/de\/zubehor\/carry-on-hard-case\/#primaryimage\",\"url\":\"https:\/\/gaiapoleeurope.com\/wp-content\/uploads\/2025\/06\/capa-estojo-para-transporte.jpg\",\"contentUrl\":\"https:\/\/gaiapoleeurope.com\/wp-content\/uploads\/2025\/06\/capa-estojo-para-transporte.jpg\",\"width\":1080,\"height\":1080},{\"@type\":\"BreadcrumbList\",\"@id\":\"https:\/\/gaiapoleeurope.com\/de\/zubehor\/carry-on-hard-case\/#breadcrumb\",\"itemListElement\":[{\"@type\":\"ListItem\",\"position\":1,\"name\":\"Home\",\"item\":\"https:\/\/gaiapoleeurope.com\/de\/\"},{\"@type\":\"ListItem\",\"position\":2,\"name\":\"Shop\",\"item\":\"https:\/\/gaiapoleeurope.com\/de\/shop\/\"},{\"@type\":\"ListItem\",\"position\":3,\"name\":\"Zubeh\u00f6r\",\"item\":\"https:\/\/gaiapoleeurope.com\/de\/zubehor\/\"},{\"@type\":\"ListItem\",\"position\":4,\"name\":\"CARRY-ON HARD CASE\"}]},{\"@type\":\"WebSite\",\"@id\":\"https:\/\/gaiapoleeurope.com\/de\/#website\",\"url\":\"https:\/\/gaiapoleeurope.com\/de\/\",\"name\":\"Gaia Pole\",\"description\":\"\",\"publisher\":{\"@id\":\"https:\/\/gaiapoleeurope.com\/de\/#organization\"},\"potentialAction\":[{\"@type\":\"SearchAction\",\"target\":{\"@type\":\"EntryPoint\",\"urlTemplate\":\"https:\/\/gaiapoleeurope.com\/de\/?s={search_term_string}\"},\"query-input\":{\"@type\":\"PropertyValueSpecification\",\"valueRequired\":true,\"valueName\":\"search_term_string\"}}],\"inLanguage\":\"de\"},{\"@type\":\"Organization\",\"@id\":\"https:\/\/gaiapoleeurope.com\/de\/#organization\",\"name\":\"Gaia Pole\",\"url\":\"https:\/\/gaiapoleeurope.com\/de\/\",\"logo\":{\"@type\":\"ImageObject\",\"inLanguage\":\"de\",\"@id\":\"https:\/\/gaiapoleeurope.com\/de\/#\/schema\/logo\/image\/\",\"url\":\"https:\/\/gaiapoleeurope.com\/wp-content\/uploads\/2024\/08\/gaia-logo.svg\",\"contentUrl\":\"https:\/\/gaiapoleeurope.com\/wp-content\/uploads\/2024\/08\/gaia-logo.svg\",\"width\":423,\"height\":170,\"caption\":\"Gaia Pole\"},\"image\":{\"@id\":\"https:\/\/gaiapoleeurope.com\/de\/#\/schema\/logo\/image\/\"},\"sameAs\":[\"https:\/\/www.facebook.com\/gaiapolefitness\"]}]}<\/script>\n<!-- \/ Yoast SEO plugin. -->","yoast_head_json":{"title":"CARRY-ON HARD CASE - Gaia Pole","description":"Der Carry-on Hard Case ist das perfekte Zubeh\u00f6r f\u00fcr alle, die ein beliebiges Modell einer tragbaren Stange besitzen und die Integrit\u00e4t ihrer Ausr\u00fcstung bewahren m\u00f6chten.","robots":{"index":"index","follow":"follow","max-snippet":"max-snippet:-1","max-image-preview":"max-image-preview:large","max-video-preview":"max-video-preview:-1"},"canonical":"https:\/\/gaiapoleeurope.com\/de\/zubehor\/carry-on-hard-case\/","og_locale":"de_DE","og_type":"article","og_title":"CARRY-ON HARD CASE - Gaia Pole","og_description":"Der Carry-on Hard Case ist das perfekte Zubeh\u00f6r f\u00fcr alle, die ein beliebiges Modell einer tragbaren Stange besitzen und die Integrit\u00e4t ihrer Ausr\u00fcstung bewahren m\u00f6chten.","og_url":"https:\/\/gaiapoleeurope.com\/de\/zubehor\/carry-on-hard-case\/","og_site_name":"Gaia Pole","article_publisher":"https:\/\/www.facebook.com\/gaiapolefitness","article_modified_time":"2025-09-11T05:49:42+00:00","og_image":[{"width":1080,"height":1080,"url":"https:\/\/gaiapoleeurope.com\/wp-content\/uploads\/2025\/06\/capa-estojo-para-transporte.jpg","type":"image\/jpeg"}],"twitter_card":"summary_large_image","schema":{"@context":"https:\/\/schema.org","@graph":[{"@type":"WebPage","@id":"https:\/\/gaiapoleeurope.com\/de\/zubehor\/carry-on-hard-case\/","url":"https:\/\/gaiapoleeurope.com\/de\/zubehor\/carry-on-hard-case\/","name":"CARRY-ON HARD CASE - Gaia Pole","isPartOf":{"@id":"https:\/\/gaiapoleeurope.com\/de\/#website"},"primaryImageOfPage":{"@id":"https:\/\/gaiapoleeurope.com\/de\/zubehor\/carry-on-hard-case\/#primaryimage"},"image":{"@id":"https:\/\/gaiapoleeurope.com\/de\/zubehor\/carry-on-hard-case\/#primaryimage"},"thumbnailUrl":"https:\/\/gaiapoleeurope.com\/wp-content\/uploads\/2025\/06\/capa-estojo-para-transporte.jpg","datePublished":"2024-07-11T11:43:08+00:00","dateModified":"2025-09-11T05:49:42+00:00","description":"Der Carry-on Hard Case ist das perfekte Zubeh\u00f6r f\u00fcr alle, die ein beliebiges Modell einer tragbaren Stange besitzen und die Integrit\u00e4t ihrer Ausr\u00fcstung bewahren m\u00f6chten.","breadcrumb":{"@id":"https:\/\/gaiapoleeurope.com\/de\/zubehor\/carry-on-hard-case\/#breadcrumb"},"inLanguage":"de","potentialAction":[{"@type":"ReadAction","target":["https:\/\/gaiapoleeurope.com\/de\/zubehor\/carry-on-hard-case\/"]}]},{"@type":"ImageObject","inLanguage":"de","@id":"https:\/\/gaiapoleeurope.com\/de\/zubehor\/carry-on-hard-case\/#primaryimage","url":"https:\/\/gaiapoleeurope.com\/wp-content\/uploads\/2025\/06\/capa-estojo-para-transporte.jpg","contentUrl":"https:\/\/gaiapoleeurope.com\/wp-content\/uploads\/2025\/06\/capa-estojo-para-transporte.jpg","width":1080,"height":1080},{"@type":"BreadcrumbList","@id":"https:\/\/gaiapoleeurope.com\/de\/zubehor\/carry-on-hard-case\/#breadcrumb","itemListElement":[{"@type":"ListItem","position":1,"name":"Home","item":"https:\/\/gaiapoleeurope.com\/de\/"},{"@type":"ListItem","position":2,"name":"Shop","item":"https:\/\/gaiapoleeurope.com\/de\/shop\/"},{"@type":"ListItem","position":3,"name":"Zubeh\u00f6r","item":"https:\/\/gaiapoleeurope.com\/de\/zubehor\/"},{"@type":"ListItem","position":4,"name":"CARRY-ON HARD CASE"}]},{"@type":"WebSite","@id":"https:\/\/gaiapoleeurope.com\/de\/#website","url":"https:\/\/gaiapoleeurope.com\/de\/","name":"Gaia Pole","description":"","publisher":{"@id":"https:\/\/gaiapoleeurope.com\/de\/#organization"},"potentialAction":[{"@type":"SearchAction","target":{"@type":"EntryPoint","urlTemplate":"https:\/\/gaiapoleeurope.com\/de\/?s={search_term_string}"},"query-input":{"@type":"PropertyValueSpecification","valueRequired":true,"valueName":"search_term_string"}}],"inLanguage":"de"},{"@type":"Organization","@id":"https:\/\/gaiapoleeurope.com\/de\/#organization","name":"Gaia Pole","url":"https:\/\/gaiapoleeurope.com\/de\/","logo":{"@type":"ImageObject","inLanguage":"de","@id":"https:\/\/gaiapoleeurope.com\/de\/#\/schema\/logo\/image\/","url":"https:\/\/gaiapoleeurope.com\/wp-content\/uploads\/2024\/08\/gaia-logo.svg","contentUrl":"https:\/\/gaiapoleeurope.com\/wp-content\/uploads\/2024\/08\/gaia-logo.svg","width":423,"height":170,"caption":"Gaia Pole"},"image":{"@id":"https:\/\/gaiapoleeurope.com\/de\/#\/schema\/logo\/image\/"},"sameAs":["https:\/\/www.facebook.com\/gaiapolefitness"]}]}},"_links":{"self":[{"href":"https:\/\/gaiapoleeurope.com\/de\/wp-json\/wp\/v2\/product\/62476","targetHints":{"allow":["GET"]}}],"collection":[{"href":"https:\/\/gaiapoleeurope.com\/de\/wp-json\/wp\/v2\/product"}],"about":[{"href":"https:\/\/gaiapoleeurope.com\/de\/wp-json\/wp\/v2\/types\/product"}],"replies":[{"embeddable":true,"href":"https:\/\/gaiapoleeurope.com\/de\/wp-json\/wp\/v2\/comments?post=62476"}],"wp:featuredmedia":[{"embeddable":true,"href":"https:\/\/gaiapoleeurope.com\/de\/wp-json\/wp\/v2\/media\/62092"}],"wp:attachment":[{"href":"https:\/\/gaiapoleeurope.com\/de\/wp-json\/wp\/v2\/media?parent=62476"}],"wp:term":[{"taxonomy":"filtro","embeddable":true,"href":"https:\/\/gaiapoleeurope.com\/de\/wp-json\/wp\/v2\/filtro?post=62476"},{"taxonomy":"product_brand","embeddable":true,"href":"https:\/\/gaiapoleeurope.com\/de\/wp-json\/wp\/v2\/product_brand?post=62476"},{"taxonomy":"product_cat","embeddable":true,"href":"https:\/\/gaiapoleeurope.com\/de\/wp-json\/wp\/v2\/product_cat?post=62476"},{"taxonomy":"product_tag","embeddable":true,"href":"https:\/\/gaiapoleeurope.com\/de\/wp-json\/wp\/v2\/product_tag?post=62476"}],"curies":[{"name":"wp","href":"https:\/\/api.w.org\/{rel}","templated":true}]}}