{"id":62468,"date":"2024-07-17T09:33:19","date_gmt":"2024-07-17T12:33:19","guid":{"rendered":"https:\/\/dev.gaiapole.com\/unkategorisiert\/quick-lock-mast-wandhalterung-schienensystem\/"},"modified":"2025-11-02T11:50:30","modified_gmt":"2025-11-02T11:50:30","slug":"quick-lock-pole-wall-mount-track-rail-system","status":"publish","type":"product","link":"https:\/\/gaiapoleeurope.com\/de\/stangen\/quick-lock-pole-wall-mount-track-rail-system\/","title":{"rendered":"QUICK LOCK POLE WALL MOUNT TRACK RAIL SYSTEM"},"content":{"rendered":"<p>Schieben Sie Ihre Stange und befestigen Sie sie an der Wand mit dem <strong>QUICK LOCK POLE Wand-zu-Wand-Schienensystem<\/strong>. Einfach, schnell und einfach, um nach dem Training Platz zu schaffen. Vollst\u00e4ndig von unten unter Druck montiert, \u00fcberhaupt keine Leitern, mit einer 2-teiligen Edelstahlstange, die auf die von Ihnen ben\u00f6tigte H\u00f6he zugeschnitten ist und mit einem einfachen Klick von statisch zu drehend wechselt.  <\/p>\n","protected":false},"excerpt":{"rendered":"<p>Schieben Sie Ihre Stange und befestigen Sie sie an der Wand mit dem QUICK LOCK POLE Wand-zu-Wand-Schienensystem. Einfach, schnell und einfach, um nach dem Training Platz zu schaffen. Vollst\u00e4ndig von unten unter Druck montiert, \u00fcberhaupt keine Leitern, mit einer 2-teiligen Edelstahlstange, die auf die von Ihnen ben\u00f6tigte H\u00f6he zugeschnitten ist und mit einem einfachen Klick [&hellip;]<\/p>\n","protected":false},"featured_media":62112,"comment_status":"open","ping_status":"closed","template":"","meta":{"_acf_changed":false},"filtro":[1150,1165,1170,1156,2075,1159,1167,1400],"product_brand":[],"product_cat":[1072],"product_tag":[1178,1175,1098,1176,1177],"class_list":{"0":"post-62468","1":"product","2":"type-product","3":"status-publish","4":"has-post-thumbnail","6":"filtro-druckmontage","7":"filtro-edelstahl","8":"filtro-keine-leiter-erforderlich","9":"filtro-masgeschneidert","10":"filtro-brass-golden-de","11":"filtro-mit-einem-klick","12":"filtro-mit-gummibeschichtung","13":"filtro-platz-einfach-freimachen","14":"product_cat-stangen","15":"product_tag-karren","16":"product_tag-montieren","17":"product_tag-pole-dance-bar-de","18":"product_tag-schiene","19":"product_tag-wand-zu-wand-struktur","21":"first","22":"instock","23":"taxable","24":"shipping-taxable","25":"purchasable","26":"product-type-variable","27":"add-to-wishlist-before_image"},"acf":[],"yoast_head":"<!-- This site is optimized with the Yoast SEO plugin v26.1.1 - https:\/\/yoast.com\/wordpress\/plugins\/seo\/ -->\n<title>QUICK LOCK POLE WALL MOUNT TRACK RAIL SYSTEM - Gaia Pole<\/title>\n<meta name=\"description\" content=\"Schieben Sie Ihre Stange und befestigen Sie sie mit dem QUICK LOCK POLE Wall Mount Track Rail System an der Wand. Einfach, schnell und einfach, um nach dem Training Platz zu schaffen.\" \/>\n<meta name=\"robots\" content=\"index, follow, max-snippet:-1, max-image-preview:large, max-video-preview:-1\" \/>\n<link rel=\"canonical\" href=\"https:\/\/gaiapoleeurope.com\/de\/stangen\/quick-lock-pole-wall-mount-track-rail-system\/\" \/>\n<meta property=\"og:locale\" content=\"de_DE\" \/>\n<meta property=\"og:type\" content=\"article\" \/>\n<meta property=\"og:title\" content=\"QUICK LOCK POLE WALL MOUNT TRACK RAIL SYSTEM - Gaia Pole\" \/>\n<meta property=\"og:description\" content=\"Schieben Sie Ihre Stange und befestigen Sie sie mit dem QUICK LOCK POLE Wall Mount Track Rail System an der Wand. Einfach, schnell und einfach, um nach dem Training Platz zu schaffen.\" \/>\n<meta property=\"og:url\" content=\"https:\/\/gaiapoleeurope.com\/de\/stangen\/quick-lock-pole-wall-mount-track-rail-system\/\" \/>\n<meta property=\"og:site_name\" content=\"Gaia Pole\" \/>\n<meta property=\"article:publisher\" content=\"https:\/\/www.facebook.com\/gaiapolefitness\" \/>\n<meta property=\"article:modified_time\" content=\"2025-11-02T11:50:30+00:00\" \/>\n<meta property=\"og:image\" content=\"https:\/\/gaiapoleeurope.com\/wp-content\/uploads\/2025\/06\/capa-trilho-de-parede-a-parede.jpg\" \/>\n\t<meta property=\"og:image:width\" content=\"1080\" \/>\n\t<meta property=\"og:image:height\" content=\"1080\" \/>\n\t<meta property=\"og:image:type\" content=\"image\/jpeg\" \/>\n<meta name=\"twitter:card\" content=\"summary_large_image\" \/>\n<script type=\"application\/ld+json\" class=\"yoast-schema-graph\">{\"@context\":\"https:\/\/schema.org\",\"@graph\":[{\"@type\":\"WebPage\",\"@id\":\"https:\/\/gaiapoleeurope.com\/de\/stangen\/quick-lock-pole-wall-mount-track-rail-system\/\",\"url\":\"https:\/\/gaiapoleeurope.com\/de\/stangen\/quick-lock-pole-wall-mount-track-rail-system\/\",\"name\":\"QUICK LOCK POLE WALL MOUNT TRACK RAIL SYSTEM - Gaia Pole\",\"isPartOf\":{\"@id\":\"https:\/\/gaiapoleeurope.com\/de\/#website\"},\"primaryImageOfPage\":{\"@id\":\"https:\/\/gaiapoleeurope.com\/de\/stangen\/quick-lock-pole-wall-mount-track-rail-system\/#primaryimage\"},\"image\":{\"@id\":\"https:\/\/gaiapoleeurope.com\/de\/stangen\/quick-lock-pole-wall-mount-track-rail-system\/#primaryimage\"},\"thumbnailUrl\":\"https:\/\/gaiapoleeurope.com\/wp-content\/uploads\/2025\/06\/capa-trilho-de-parede-a-parede.jpg\",\"datePublished\":\"2024-07-17T12:33:19+00:00\",\"dateModified\":\"2025-11-02T11:50:30+00:00\",\"description\":\"Schieben Sie Ihre Stange und befestigen Sie sie mit dem QUICK LOCK POLE Wall Mount Track Rail System an der Wand. Einfach, schnell und einfach, um nach dem Training Platz zu schaffen.\",\"breadcrumb\":{\"@id\":\"https:\/\/gaiapoleeurope.com\/de\/stangen\/quick-lock-pole-wall-mount-track-rail-system\/#breadcrumb\"},\"inLanguage\":\"de\",\"potentialAction\":[{\"@type\":\"ReadAction\",\"target\":[\"https:\/\/gaiapoleeurope.com\/de\/stangen\/quick-lock-pole-wall-mount-track-rail-system\/\"]}]},{\"@type\":\"ImageObject\",\"inLanguage\":\"de\",\"@id\":\"https:\/\/gaiapoleeurope.com\/de\/stangen\/quick-lock-pole-wall-mount-track-rail-system\/#primaryimage\",\"url\":\"https:\/\/gaiapoleeurope.com\/wp-content\/uploads\/2025\/06\/capa-trilho-de-parede-a-parede.jpg\",\"contentUrl\":\"https:\/\/gaiapoleeurope.com\/wp-content\/uploads\/2025\/06\/capa-trilho-de-parede-a-parede.jpg\",\"width\":1080,\"height\":1080},{\"@type\":\"BreadcrumbList\",\"@id\":\"https:\/\/gaiapoleeurope.com\/de\/stangen\/quick-lock-pole-wall-mount-track-rail-system\/#breadcrumb\",\"itemListElement\":[{\"@type\":\"ListItem\",\"position\":1,\"name\":\"Home\",\"item\":\"https:\/\/gaiapoleeurope.com\/de\/\"},{\"@type\":\"ListItem\",\"position\":2,\"name\":\"Shop\",\"item\":\"https:\/\/gaiapoleeurope.com\/de\/shop\/\"},{\"@type\":\"ListItem\",\"position\":3,\"name\":\"Stangen\",\"item\":\"https:\/\/gaiapoleeurope.com\/de\/stangen\/\"},{\"@type\":\"ListItem\",\"position\":4,\"name\":\"QUICK LOCK POLE WALL MOUNT TRACK RAIL SYSTEM\"}]},{\"@type\":\"WebSite\",\"@id\":\"https:\/\/gaiapoleeurope.com\/de\/#website\",\"url\":\"https:\/\/gaiapoleeurope.com\/de\/\",\"name\":\"Gaia Pole\",\"description\":\"\",\"publisher\":{\"@id\":\"https:\/\/gaiapoleeurope.com\/de\/#organization\"},\"potentialAction\":[{\"@type\":\"SearchAction\",\"target\":{\"@type\":\"EntryPoint\",\"urlTemplate\":\"https:\/\/gaiapoleeurope.com\/de\/?s={search_term_string}\"},\"query-input\":{\"@type\":\"PropertyValueSpecification\",\"valueRequired\":true,\"valueName\":\"search_term_string\"}}],\"inLanguage\":\"de\"},{\"@type\":\"Organization\",\"@id\":\"https:\/\/gaiapoleeurope.com\/de\/#organization\",\"name\":\"Gaia Pole\",\"url\":\"https:\/\/gaiapoleeurope.com\/de\/\",\"logo\":{\"@type\":\"ImageObject\",\"inLanguage\":\"de\",\"@id\":\"https:\/\/gaiapoleeurope.com\/de\/#\/schema\/logo\/image\/\",\"url\":\"https:\/\/gaiapoleeurope.com\/wp-content\/uploads\/2024\/08\/gaia-logo.svg\",\"contentUrl\":\"https:\/\/gaiapoleeurope.com\/wp-content\/uploads\/2024\/08\/gaia-logo.svg\",\"width\":423,\"height\":170,\"caption\":\"Gaia Pole\"},\"image\":{\"@id\":\"https:\/\/gaiapoleeurope.com\/de\/#\/schema\/logo\/image\/\"},\"sameAs\":[\"https:\/\/www.facebook.com\/gaiapolefitness\"]}]}<\/script>\n<!-- \/ Yoast SEO plugin. -->","yoast_head_json":{"title":"QUICK LOCK POLE WALL MOUNT TRACK RAIL SYSTEM - Gaia Pole","description":"Schieben Sie Ihre Stange und befestigen Sie sie mit dem QUICK LOCK POLE Wall Mount Track Rail System an der Wand. Einfach, schnell und einfach, um nach dem Training Platz zu schaffen.","robots":{"index":"index","follow":"follow","max-snippet":"max-snippet:-1","max-image-preview":"max-image-preview:large","max-video-preview":"max-video-preview:-1"},"canonical":"https:\/\/gaiapoleeurope.com\/de\/stangen\/quick-lock-pole-wall-mount-track-rail-system\/","og_locale":"de_DE","og_type":"article","og_title":"QUICK LOCK POLE WALL MOUNT TRACK RAIL SYSTEM - Gaia Pole","og_description":"Schieben Sie Ihre Stange und befestigen Sie sie mit dem QUICK LOCK POLE Wall Mount Track Rail System an der Wand. Einfach, schnell und einfach, um nach dem Training Platz zu schaffen.","og_url":"https:\/\/gaiapoleeurope.com\/de\/stangen\/quick-lock-pole-wall-mount-track-rail-system\/","og_site_name":"Gaia Pole","article_publisher":"https:\/\/www.facebook.com\/gaiapolefitness","article_modified_time":"2025-11-02T11:50:30+00:00","og_image":[{"width":1080,"height":1080,"url":"https:\/\/gaiapoleeurope.com\/wp-content\/uploads\/2025\/06\/capa-trilho-de-parede-a-parede.jpg","type":"image\/jpeg"}],"twitter_card":"summary_large_image","schema":{"@context":"https:\/\/schema.org","@graph":[{"@type":"WebPage","@id":"https:\/\/gaiapoleeurope.com\/de\/stangen\/quick-lock-pole-wall-mount-track-rail-system\/","url":"https:\/\/gaiapoleeurope.com\/de\/stangen\/quick-lock-pole-wall-mount-track-rail-system\/","name":"QUICK LOCK POLE WALL MOUNT TRACK RAIL SYSTEM - Gaia Pole","isPartOf":{"@id":"https:\/\/gaiapoleeurope.com\/de\/#website"},"primaryImageOfPage":{"@id":"https:\/\/gaiapoleeurope.com\/de\/stangen\/quick-lock-pole-wall-mount-track-rail-system\/#primaryimage"},"image":{"@id":"https:\/\/gaiapoleeurope.com\/de\/stangen\/quick-lock-pole-wall-mount-track-rail-system\/#primaryimage"},"thumbnailUrl":"https:\/\/gaiapoleeurope.com\/wp-content\/uploads\/2025\/06\/capa-trilho-de-parede-a-parede.jpg","datePublished":"2024-07-17T12:33:19+00:00","dateModified":"2025-11-02T11:50:30+00:00","description":"Schieben Sie Ihre Stange und befestigen Sie sie mit dem QUICK LOCK POLE Wall Mount Track Rail System an der Wand. Einfach, schnell und einfach, um nach dem Training Platz zu schaffen.","breadcrumb":{"@id":"https:\/\/gaiapoleeurope.com\/de\/stangen\/quick-lock-pole-wall-mount-track-rail-system\/#breadcrumb"},"inLanguage":"de","potentialAction":[{"@type":"ReadAction","target":["https:\/\/gaiapoleeurope.com\/de\/stangen\/quick-lock-pole-wall-mount-track-rail-system\/"]}]},{"@type":"ImageObject","inLanguage":"de","@id":"https:\/\/gaiapoleeurope.com\/de\/stangen\/quick-lock-pole-wall-mount-track-rail-system\/#primaryimage","url":"https:\/\/gaiapoleeurope.com\/wp-content\/uploads\/2025\/06\/capa-trilho-de-parede-a-parede.jpg","contentUrl":"https:\/\/gaiapoleeurope.com\/wp-content\/uploads\/2025\/06\/capa-trilho-de-parede-a-parede.jpg","width":1080,"height":1080},{"@type":"BreadcrumbList","@id":"https:\/\/gaiapoleeurope.com\/de\/stangen\/quick-lock-pole-wall-mount-track-rail-system\/#breadcrumb","itemListElement":[{"@type":"ListItem","position":1,"name":"Home","item":"https:\/\/gaiapoleeurope.com\/de\/"},{"@type":"ListItem","position":2,"name":"Shop","item":"https:\/\/gaiapoleeurope.com\/de\/shop\/"},{"@type":"ListItem","position":3,"name":"Stangen","item":"https:\/\/gaiapoleeurope.com\/de\/stangen\/"},{"@type":"ListItem","position":4,"name":"QUICK LOCK POLE WALL MOUNT TRACK RAIL SYSTEM"}]},{"@type":"WebSite","@id":"https:\/\/gaiapoleeurope.com\/de\/#website","url":"https:\/\/gaiapoleeurope.com\/de\/","name":"Gaia Pole","description":"","publisher":{"@id":"https:\/\/gaiapoleeurope.com\/de\/#organization"},"potentialAction":[{"@type":"SearchAction","target":{"@type":"EntryPoint","urlTemplate":"https:\/\/gaiapoleeurope.com\/de\/?s={search_term_string}"},"query-input":{"@type":"PropertyValueSpecification","valueRequired":true,"valueName":"search_term_string"}}],"inLanguage":"de"},{"@type":"Organization","@id":"https:\/\/gaiapoleeurope.com\/de\/#organization","name":"Gaia Pole","url":"https:\/\/gaiapoleeurope.com\/de\/","logo":{"@type":"ImageObject","inLanguage":"de","@id":"https:\/\/gaiapoleeurope.com\/de\/#\/schema\/logo\/image\/","url":"https:\/\/gaiapoleeurope.com\/wp-content\/uploads\/2024\/08\/gaia-logo.svg","contentUrl":"https:\/\/gaiapoleeurope.com\/wp-content\/uploads\/2024\/08\/gaia-logo.svg","width":423,"height":170,"caption":"Gaia Pole"},"image":{"@id":"https:\/\/gaiapoleeurope.com\/de\/#\/schema\/logo\/image\/"},"sameAs":["https:\/\/www.facebook.com\/gaiapolefitness"]}]}},"_links":{"self":[{"href":"https:\/\/gaiapoleeurope.com\/de\/wp-json\/wp\/v2\/product\/62468","targetHints":{"allow":["GET"]}}],"collection":[{"href":"https:\/\/gaiapoleeurope.com\/de\/wp-json\/wp\/v2\/product"}],"about":[{"href":"https:\/\/gaiapoleeurope.com\/de\/wp-json\/wp\/v2\/types\/product"}],"replies":[{"embeddable":true,"href":"https:\/\/gaiapoleeurope.com\/de\/wp-json\/wp\/v2\/comments?post=62468"}],"wp:featuredmedia":[{"embeddable":true,"href":"https:\/\/gaiapoleeurope.com\/de\/wp-json\/wp\/v2\/media\/62112"}],"wp:attachment":[{"href":"https:\/\/gaiapoleeurope.com\/de\/wp-json\/wp\/v2\/media?parent=62468"}],"wp:term":[{"taxonomy":"filtro","embeddable":true,"href":"https:\/\/gaiapoleeurope.com\/de\/wp-json\/wp\/v2\/filtro?post=62468"},{"taxonomy":"product_brand","embeddable":true,"href":"https:\/\/gaiapoleeurope.com\/de\/wp-json\/wp\/v2\/product_brand?post=62468"},{"taxonomy":"product_cat","embeddable":true,"href":"https:\/\/gaiapoleeurope.com\/de\/wp-json\/wp\/v2\/product_cat?post=62468"},{"taxonomy":"product_tag","embeddable":true,"href":"https:\/\/gaiapoleeurope.com\/de\/wp-json\/wp\/v2\/product_tag?post=62468"}],"curies":[{"name":"wp","href":"https:\/\/api.w.org\/{rel}","templated":true}]}}