{"id":62376,"date":"2024-07-10T11:16:32","date_gmt":"2024-07-10T14:16:32","guid":{"rendered":"https:\/\/dev.gaiapole.com\/unkategorisiert\/schnellverschluss-dauerpfahl\/"},"modified":"2025-10-31T12:51:55","modified_gmt":"2025-10-31T12:51:55","slug":"quick-lock-permanent-pole","status":"publish","type":"product","link":"https:\/\/gaiapoleeurope.com\/de\/stangen\/quick-lock-permanent-pole\/","title":{"rendered":"QUICK LOCK PERMANENT POLE"},"content":{"rendered":"<p>Die QUICK LOCK PERMANENT POLE ist perfekt f\u00fcr alle, die einen Platz zum \u00dcben reserviert haben und mit nur einem Klick zwischen Static und Spinning wechseln wollen! Es handelt sich um eine 2-teilige Stange aus Edelstahl, die sowohl an der Decke als auch am Boden verschraubt wird und genau auf die H\u00f6he zugeschnitten ist, die Sie ben\u00f6tigen. <\/p>\n","protected":false},"excerpt":{"rendered":"<p>Die QUICK LOCK PERMANENT POLE ist perfekt f\u00fcr alle, die einen Platz zum \u00dcben reserviert haben und mit nur einem Klick zwischen Static und Spinning wechseln wollen! Es handelt sich um eine 2-teilige Stange aus Edelstahl, die sowohl an der Decke als auch am Boden verschraubt wird und genau auf die H\u00f6he zugeschnitten ist, die [&hellip;]<\/p>\n","protected":false},"featured_media":62189,"comment_status":"open","ping_status":"closed","template":"","meta":{"_acf_changed":false},"filtro":[1165,1156,2075,1159,1167,1162,1153],"product_brand":[],"product_cat":[1072],"product_tag":[1146,1098,1100,1145],"class_list":{"0":"post-62376","1":"product","2":"type-product","3":"status-publish","4":"has-post-thumbnail","6":"filtro-edelstahl","7":"filtro-masgeschneidert","8":"filtro-brass-golden-de","9":"filtro-mit-einem-klick","10":"filtro-mit-gummibeschichtung","11":"filtro-mit-leiter","12":"filtro-verschraubt","13":"product_cat-stangen","14":"product_tag-dauermast","15":"product_tag-pole-dance-bar-de","16":"product_tag-schnellverschluss","17":"product_tag-schnellverschluss-permanent","18":"product_shipping_class-equipamentos-de","20":"first","21":"instock","22":"taxable","23":"shipping-taxable","24":"purchasable","25":"product-type-variable","26":"add-to-wishlist-before_image"},"acf":[],"yoast_head":"<!-- This site is optimized with the Yoast SEO plugin v26.1.1 - https:\/\/yoast.com\/wordpress\/plugins\/seo\/ -->\n<title>QUICK LOCK PERMANENT POLE - Gaia Pole<\/title>\n<meta name=\"description\" content=\"Die QUICK LOCK PERMANENT POLE ist perfekt f\u00fcr alle, die einen Platz zum \u00dcben reserviert haben und mit nur einem Klick zwischen Static und Spinning wechseln m\u00f6chten!\" \/>\n<meta name=\"robots\" content=\"index, follow, max-snippet:-1, max-image-preview:large, max-video-preview:-1\" \/>\n<link rel=\"canonical\" href=\"https:\/\/gaiapoleeurope.com\/de\/stangen\/quick-lock-permanent-pole\/\" \/>\n<meta property=\"og:locale\" content=\"de_DE\" \/>\n<meta property=\"og:type\" content=\"article\" \/>\n<meta property=\"og:title\" content=\"QUICK LOCK PERMANENT POLE - Gaia Pole\" \/>\n<meta property=\"og:description\" content=\"Die QUICK LOCK PERMANENT POLE ist perfekt f\u00fcr alle, die einen Platz zum \u00dcben reserviert haben und mit nur einem Klick zwischen Static und Spinning wechseln m\u00f6chten!\" \/>\n<meta property=\"og:url\" content=\"https:\/\/gaiapoleeurope.com\/de\/stangen\/quick-lock-permanent-pole\/\" \/>\n<meta property=\"og:site_name\" content=\"Gaia Pole\" \/>\n<meta property=\"article:publisher\" content=\"https:\/\/www.facebook.com\/gaiapolefitness\" \/>\n<meta property=\"article:modified_time\" content=\"2025-10-31T12:51:55+00:00\" \/>\n<meta property=\"og:image\" content=\"https:\/\/gaiapoleeurope.com\/wp-content\/uploads\/2024\/07\/Capa_Fixa-QL.png\" \/>\n\t<meta property=\"og:image:width\" content=\"1080\" \/>\n\t<meta property=\"og:image:height\" content=\"1080\" \/>\n\t<meta property=\"og:image:type\" content=\"image\/png\" \/>\n<meta name=\"twitter:card\" content=\"summary_large_image\" \/>\n<script type=\"application\/ld+json\" class=\"yoast-schema-graph\">{\"@context\":\"https:\/\/schema.org\",\"@graph\":[{\"@type\":\"WebPage\",\"@id\":\"https:\/\/gaiapoleeurope.com\/de\/stangen\/quick-lock-permanent-pole\/\",\"url\":\"https:\/\/gaiapoleeurope.com\/de\/stangen\/quick-lock-permanent-pole\/\",\"name\":\"QUICK LOCK PERMANENT POLE - Gaia Pole\",\"isPartOf\":{\"@id\":\"https:\/\/gaiapoleeurope.com\/de\/#website\"},\"primaryImageOfPage\":{\"@id\":\"https:\/\/gaiapoleeurope.com\/de\/stangen\/quick-lock-permanent-pole\/#primaryimage\"},\"image\":{\"@id\":\"https:\/\/gaiapoleeurope.com\/de\/stangen\/quick-lock-permanent-pole\/#primaryimage\"},\"thumbnailUrl\":\"https:\/\/gaiapoleeurope.com\/wp-content\/uploads\/2025\/06\/Permanent-Poles.webp\",\"datePublished\":\"2024-07-10T14:16:32+00:00\",\"dateModified\":\"2025-10-31T12:51:55+00:00\",\"description\":\"Die QUICK LOCK PERMANENT POLE ist perfekt f\u00fcr alle, die einen Platz zum \u00dcben reserviert haben und mit nur einem Klick zwischen Static und Spinning wechseln m\u00f6chten!\",\"breadcrumb\":{\"@id\":\"https:\/\/gaiapoleeurope.com\/de\/stangen\/quick-lock-permanent-pole\/#breadcrumb\"},\"inLanguage\":\"de\",\"potentialAction\":[{\"@type\":\"ReadAction\",\"target\":[\"https:\/\/gaiapoleeurope.com\/de\/stangen\/quick-lock-permanent-pole\/\"]}]},{\"@type\":\"ImageObject\",\"inLanguage\":\"de\",\"@id\":\"https:\/\/gaiapoleeurope.com\/de\/stangen\/quick-lock-permanent-pole\/#primaryimage\",\"url\":\"https:\/\/gaiapoleeurope.com\/wp-content\/uploads\/2025\/06\/Permanent-Poles.webp\",\"contentUrl\":\"https:\/\/gaiapoleeurope.com\/wp-content\/uploads\/2025\/06\/Permanent-Poles.webp\",\"width\":1080,\"height\":1080},{\"@type\":\"BreadcrumbList\",\"@id\":\"https:\/\/gaiapoleeurope.com\/de\/stangen\/quick-lock-permanent-pole\/#breadcrumb\",\"itemListElement\":[{\"@type\":\"ListItem\",\"position\":1,\"name\":\"Home\",\"item\":\"https:\/\/gaiapoleeurope.com\/de\/\"},{\"@type\":\"ListItem\",\"position\":2,\"name\":\"Shop\",\"item\":\"https:\/\/gaiapoleeurope.com\/de\/shop\/\"},{\"@type\":\"ListItem\",\"position\":3,\"name\":\"Stangen\",\"item\":\"https:\/\/gaiapoleeurope.com\/de\/stangen\/\"},{\"@type\":\"ListItem\",\"position\":4,\"name\":\"QUICK LOCK PERMANENT POLE\"}]},{\"@type\":\"WebSite\",\"@id\":\"https:\/\/gaiapoleeurope.com\/de\/#website\",\"url\":\"https:\/\/gaiapoleeurope.com\/de\/\",\"name\":\"Gaia Pole\",\"description\":\"\",\"publisher\":{\"@id\":\"https:\/\/gaiapoleeurope.com\/de\/#organization\"},\"potentialAction\":[{\"@type\":\"SearchAction\",\"target\":{\"@type\":\"EntryPoint\",\"urlTemplate\":\"https:\/\/gaiapoleeurope.com\/de\/?s={search_term_string}\"},\"query-input\":{\"@type\":\"PropertyValueSpecification\",\"valueRequired\":true,\"valueName\":\"search_term_string\"}}],\"inLanguage\":\"de\"},{\"@type\":\"Organization\",\"@id\":\"https:\/\/gaiapoleeurope.com\/de\/#organization\",\"name\":\"Gaia Pole\",\"url\":\"https:\/\/gaiapoleeurope.com\/de\/\",\"logo\":{\"@type\":\"ImageObject\",\"inLanguage\":\"de\",\"@id\":\"https:\/\/gaiapoleeurope.com\/de\/#\/schema\/logo\/image\/\",\"url\":\"https:\/\/gaiapoleeurope.com\/wp-content\/uploads\/2024\/08\/gaia-logo.svg\",\"contentUrl\":\"https:\/\/gaiapoleeurope.com\/wp-content\/uploads\/2024\/08\/gaia-logo.svg\",\"width\":423,\"height\":170,\"caption\":\"Gaia Pole\"},\"image\":{\"@id\":\"https:\/\/gaiapoleeurope.com\/de\/#\/schema\/logo\/image\/\"},\"sameAs\":[\"https:\/\/www.facebook.com\/gaiapolefitness\"]}]}<\/script>\n<!-- \/ Yoast SEO plugin. -->","yoast_head_json":{"title":"QUICK LOCK PERMANENT POLE - Gaia Pole","description":"Die QUICK LOCK PERMANENT POLE ist perfekt f\u00fcr alle, die einen Platz zum \u00dcben reserviert haben und mit nur einem Klick zwischen Static und Spinning wechseln m\u00f6chten!","robots":{"index":"index","follow":"follow","max-snippet":"max-snippet:-1","max-image-preview":"max-image-preview:large","max-video-preview":"max-video-preview:-1"},"canonical":"https:\/\/gaiapoleeurope.com\/de\/stangen\/quick-lock-permanent-pole\/","og_locale":"de_DE","og_type":"article","og_title":"QUICK LOCK PERMANENT POLE - Gaia Pole","og_description":"Die QUICK LOCK PERMANENT POLE ist perfekt f\u00fcr alle, die einen Platz zum \u00dcben reserviert haben und mit nur einem Klick zwischen Static und Spinning wechseln m\u00f6chten!","og_url":"https:\/\/gaiapoleeurope.com\/de\/stangen\/quick-lock-permanent-pole\/","og_site_name":"Gaia Pole","article_publisher":"https:\/\/www.facebook.com\/gaiapolefitness","article_modified_time":"2025-10-31T12:51:55+00:00","og_image":[{"width":1080,"height":1080,"url":"https:\/\/gaiapoleeurope.com\/wp-content\/uploads\/2024\/07\/Capa_Fixa-QL.png","type":"image\/png"}],"twitter_card":"summary_large_image","schema":{"@context":"https:\/\/schema.org","@graph":[{"@type":"WebPage","@id":"https:\/\/gaiapoleeurope.com\/de\/stangen\/quick-lock-permanent-pole\/","url":"https:\/\/gaiapoleeurope.com\/de\/stangen\/quick-lock-permanent-pole\/","name":"QUICK LOCK PERMANENT POLE - Gaia Pole","isPartOf":{"@id":"https:\/\/gaiapoleeurope.com\/de\/#website"},"primaryImageOfPage":{"@id":"https:\/\/gaiapoleeurope.com\/de\/stangen\/quick-lock-permanent-pole\/#primaryimage"},"image":{"@id":"https:\/\/gaiapoleeurope.com\/de\/stangen\/quick-lock-permanent-pole\/#primaryimage"},"thumbnailUrl":"https:\/\/gaiapoleeurope.com\/wp-content\/uploads\/2025\/06\/Permanent-Poles.webp","datePublished":"2024-07-10T14:16:32+00:00","dateModified":"2025-10-31T12:51:55+00:00","description":"Die QUICK LOCK PERMANENT POLE ist perfekt f\u00fcr alle, die einen Platz zum \u00dcben reserviert haben und mit nur einem Klick zwischen Static und Spinning wechseln m\u00f6chten!","breadcrumb":{"@id":"https:\/\/gaiapoleeurope.com\/de\/stangen\/quick-lock-permanent-pole\/#breadcrumb"},"inLanguage":"de","potentialAction":[{"@type":"ReadAction","target":["https:\/\/gaiapoleeurope.com\/de\/stangen\/quick-lock-permanent-pole\/"]}]},{"@type":"ImageObject","inLanguage":"de","@id":"https:\/\/gaiapoleeurope.com\/de\/stangen\/quick-lock-permanent-pole\/#primaryimage","url":"https:\/\/gaiapoleeurope.com\/wp-content\/uploads\/2025\/06\/Permanent-Poles.webp","contentUrl":"https:\/\/gaiapoleeurope.com\/wp-content\/uploads\/2025\/06\/Permanent-Poles.webp","width":1080,"height":1080},{"@type":"BreadcrumbList","@id":"https:\/\/gaiapoleeurope.com\/de\/stangen\/quick-lock-permanent-pole\/#breadcrumb","itemListElement":[{"@type":"ListItem","position":1,"name":"Home","item":"https:\/\/gaiapoleeurope.com\/de\/"},{"@type":"ListItem","position":2,"name":"Shop","item":"https:\/\/gaiapoleeurope.com\/de\/shop\/"},{"@type":"ListItem","position":3,"name":"Stangen","item":"https:\/\/gaiapoleeurope.com\/de\/stangen\/"},{"@type":"ListItem","position":4,"name":"QUICK LOCK PERMANENT POLE"}]},{"@type":"WebSite","@id":"https:\/\/gaiapoleeurope.com\/de\/#website","url":"https:\/\/gaiapoleeurope.com\/de\/","name":"Gaia Pole","description":"","publisher":{"@id":"https:\/\/gaiapoleeurope.com\/de\/#organization"},"potentialAction":[{"@type":"SearchAction","target":{"@type":"EntryPoint","urlTemplate":"https:\/\/gaiapoleeurope.com\/de\/?s={search_term_string}"},"query-input":{"@type":"PropertyValueSpecification","valueRequired":true,"valueName":"search_term_string"}}],"inLanguage":"de"},{"@type":"Organization","@id":"https:\/\/gaiapoleeurope.com\/de\/#organization","name":"Gaia Pole","url":"https:\/\/gaiapoleeurope.com\/de\/","logo":{"@type":"ImageObject","inLanguage":"de","@id":"https:\/\/gaiapoleeurope.com\/de\/#\/schema\/logo\/image\/","url":"https:\/\/gaiapoleeurope.com\/wp-content\/uploads\/2024\/08\/gaia-logo.svg","contentUrl":"https:\/\/gaiapoleeurope.com\/wp-content\/uploads\/2024\/08\/gaia-logo.svg","width":423,"height":170,"caption":"Gaia Pole"},"image":{"@id":"https:\/\/gaiapoleeurope.com\/de\/#\/schema\/logo\/image\/"},"sameAs":["https:\/\/www.facebook.com\/gaiapolefitness"]}]}},"_links":{"self":[{"href":"https:\/\/gaiapoleeurope.com\/de\/wp-json\/wp\/v2\/product\/62376","targetHints":{"allow":["GET"]}}],"collection":[{"href":"https:\/\/gaiapoleeurope.com\/de\/wp-json\/wp\/v2\/product"}],"about":[{"href":"https:\/\/gaiapoleeurope.com\/de\/wp-json\/wp\/v2\/types\/product"}],"replies":[{"embeddable":true,"href":"https:\/\/gaiapoleeurope.com\/de\/wp-json\/wp\/v2\/comments?post=62376"}],"wp:featuredmedia":[{"embeddable":true,"href":"https:\/\/gaiapoleeurope.com\/de\/wp-json\/wp\/v2\/media\/62189"}],"wp:attachment":[{"href":"https:\/\/gaiapoleeurope.com\/de\/wp-json\/wp\/v2\/media?parent=62376"}],"wp:term":[{"taxonomy":"filtro","embeddable":true,"href":"https:\/\/gaiapoleeurope.com\/de\/wp-json\/wp\/v2\/filtro?post=62376"},{"taxonomy":"product_brand","embeddable":true,"href":"https:\/\/gaiapoleeurope.com\/de\/wp-json\/wp\/v2\/product_brand?post=62376"},{"taxonomy":"product_cat","embeddable":true,"href":"https:\/\/gaiapoleeurope.com\/de\/wp-json\/wp\/v2\/product_cat?post=62376"},{"taxonomy":"product_tag","embeddable":true,"href":"https:\/\/gaiapoleeurope.com\/de\/wp-json\/wp\/v2\/product_tag?post=62376"}],"curies":[{"name":"wp","href":"https:\/\/api.w.org\/{rel}","templated":true}]}}