{"id":62355,"date":"2024-07-10T11:52:24","date_gmt":"2024-07-10T14:52:24","guid":{"rendered":"https:\/\/dev.gaiapole.com\/unkategorisiert\/leicht-abnehmbare-stange\/"},"modified":"2025-09-10T14:09:27","modified_gmt":"2025-09-10T14:09:27","slug":"easy-removable-pole","status":"publish","type":"product","link":"https:\/\/gaiapoleeurope.com\/de\/stangen\/easy-removable-pole\/","title":{"rendered":"EASY REMOVABLE POLE"},"content":{"rendered":"<p>EASY REMOVABLE POLE ist die perfekte Kombination aus der besten Drehtechnologie und einem Preis, der in Ihre Tasche passt! Diese 2-teilige Edelstahlstange ist druckmontiert und auf die von Ihnen ben\u00f6tigte H\u00f6he zugeschnitten. Sie l\u00e4sst sich mit einem einfachen Klick von statisch auf drehend umstellen und erfordert zur Installation eine Leiter. <\/p>\n","protected":false},"excerpt":{"rendered":"<p>EASY REMOVABLE POLE ist die perfekte Kombination aus der besten Drehtechnologie und einem Preis, der in Ihre Tasche passt! Diese 2-teilige Edelstahlstange ist druckmontiert und auf die von Ihnen ben\u00f6tigte H\u00f6he zugeschnitten. Sie l\u00e4sst sich mit einem einfachen Klick von statisch auf drehend umstellen und erfordert zur Installation eine Leiter.<\/p>\n","protected":false},"featured_media":62024,"comment_status":"open","ping_status":"closed","template":"","meta":{"_acf_changed":false},"filtro":[1150,1165,1156,2075,1159,1167,1162],"product_brand":[],"product_cat":[1072],"product_tag":[1103,1107,1102,1105,1106,1101,1104,1098,1099,1100],"class_list":{"0":"post-62355","1":"product","2":"type-product","3":"status-publish","4":"has-post-thumbnail","6":"filtro-druckmontage","7":"filtro-edelstahl","8":"filtro-masgeschneidert","9":"filtro-brass-golden-de","10":"filtro-mit-einem-klick","11":"filtro-mit-gummibeschichtung","12":"filtro-mit-leiter","13":"product_cat-stangen","14":"product_tag-abnehmbar","15":"product_tag-abnehmbare-stange","16":"product_tag-durch-druck","17":"product_tag-einfach","18":"product_tag-leicht-abnehmbare-stange","19":"product_tag-mit-gummi-uberzogen","20":"product_tag-ohne-locher","21":"product_tag-pole-dance-bar-de","22":"product_tag-rostfreier-stahl","23":"product_tag-schnellverschluss","25":"first","26":"instock","27":"taxable","28":"shipping-taxable","29":"purchasable","30":"product-type-variable","31":"add-to-wishlist-before_image"},"acf":[],"yoast_head":"<!-- This site is optimized with the Yoast SEO plugin v26.1.1 - https:\/\/yoast.com\/wordpress\/plugins\/seo\/ -->\n<title>EASY REMOVABLE POLE - Gaia Pole<\/title>\n<meta name=\"description\" content=\"EASY REMOVABLE POLE ist die perfekte Kombination aus der besten Drehtechnologie und einem Preis, der in Ihre Tasche passt!\" \/>\n<meta name=\"robots\" content=\"index, follow, max-snippet:-1, max-image-preview:large, max-video-preview:-1\" \/>\n<link rel=\"canonical\" href=\"https:\/\/gaiapoleeurope.com\/de\/stangen\/easy-removable-pole\/\" \/>\n<meta property=\"og:locale\" content=\"de_DE\" \/>\n<meta property=\"og:type\" content=\"article\" \/>\n<meta property=\"og:title\" content=\"EASY REMOVABLE POLE - Gaia Pole\" \/>\n<meta property=\"og:description\" content=\"EASY REMOVABLE POLE ist die perfekte Kombination aus der besten Drehtechnologie und einem Preis, der in Ihre Tasche passt!\" \/>\n<meta property=\"og:url\" content=\"https:\/\/gaiapoleeurope.com\/de\/stangen\/easy-removable-pole\/\" \/>\n<meta property=\"og:site_name\" content=\"Gaia Pole\" \/>\n<meta property=\"article:publisher\" content=\"https:\/\/www.facebook.com\/gaiapolefitness\" \/>\n<meta property=\"article:modified_time\" content=\"2025-09-10T14:09:27+00:00\" \/>\n<meta property=\"og:image\" content=\"https:\/\/gaiapoleeurope.com\/wp-content\/uploads\/2025\/06\/capa-removivel-easy.jpg\" \/>\n\t<meta property=\"og:image:width\" content=\"1080\" \/>\n\t<meta property=\"og:image:height\" content=\"1080\" \/>\n\t<meta property=\"og:image:type\" content=\"image\/jpeg\" \/>\n<meta name=\"twitter:card\" content=\"summary_large_image\" \/>\n<script type=\"application\/ld+json\" class=\"yoast-schema-graph\">{\"@context\":\"https:\/\/schema.org\",\"@graph\":[{\"@type\":\"WebPage\",\"@id\":\"https:\/\/gaiapoleeurope.com\/de\/stangen\/easy-removable-pole\/\",\"url\":\"https:\/\/gaiapoleeurope.com\/de\/stangen\/easy-removable-pole\/\",\"name\":\"EASY REMOVABLE POLE - Gaia Pole\",\"isPartOf\":{\"@id\":\"https:\/\/gaiapoleeurope.com\/de\/#website\"},\"primaryImageOfPage\":{\"@id\":\"https:\/\/gaiapoleeurope.com\/de\/stangen\/easy-removable-pole\/#primaryimage\"},\"image\":{\"@id\":\"https:\/\/gaiapoleeurope.com\/de\/stangen\/easy-removable-pole\/#primaryimage\"},\"thumbnailUrl\":\"https:\/\/gaiapoleeurope.com\/wp-content\/uploads\/2025\/06\/capa-removivel-easy.jpg\",\"datePublished\":\"2024-07-10T14:52:24+00:00\",\"dateModified\":\"2025-09-10T14:09:27+00:00\",\"description\":\"EASY REMOVABLE POLE ist die perfekte Kombination aus der besten Drehtechnologie und einem Preis, der in Ihre Tasche passt!\",\"breadcrumb\":{\"@id\":\"https:\/\/gaiapoleeurope.com\/de\/stangen\/easy-removable-pole\/#breadcrumb\"},\"inLanguage\":\"de\",\"potentialAction\":[{\"@type\":\"ReadAction\",\"target\":[\"https:\/\/gaiapoleeurope.com\/de\/stangen\/easy-removable-pole\/\"]}]},{\"@type\":\"ImageObject\",\"inLanguage\":\"de\",\"@id\":\"https:\/\/gaiapoleeurope.com\/de\/stangen\/easy-removable-pole\/#primaryimage\",\"url\":\"https:\/\/gaiapoleeurope.com\/wp-content\/uploads\/2025\/06\/capa-removivel-easy.jpg\",\"contentUrl\":\"https:\/\/gaiapoleeurope.com\/wp-content\/uploads\/2025\/06\/capa-removivel-easy.jpg\",\"width\":1080,\"height\":1080},{\"@type\":\"BreadcrumbList\",\"@id\":\"https:\/\/gaiapoleeurope.com\/de\/stangen\/easy-removable-pole\/#breadcrumb\",\"itemListElement\":[{\"@type\":\"ListItem\",\"position\":1,\"name\":\"Home\",\"item\":\"https:\/\/gaiapoleeurope.com\/de\/\"},{\"@type\":\"ListItem\",\"position\":2,\"name\":\"Shop\",\"item\":\"https:\/\/gaiapoleeurope.com\/de\/shop\/\"},{\"@type\":\"ListItem\",\"position\":3,\"name\":\"Stangen\",\"item\":\"https:\/\/gaiapoleeurope.com\/de\/stangen\/\"},{\"@type\":\"ListItem\",\"position\":4,\"name\":\"EASY REMOVABLE POLE\"}]},{\"@type\":\"WebSite\",\"@id\":\"https:\/\/gaiapoleeurope.com\/de\/#website\",\"url\":\"https:\/\/gaiapoleeurope.com\/de\/\",\"name\":\"Gaia Pole\",\"description\":\"\",\"publisher\":{\"@id\":\"https:\/\/gaiapoleeurope.com\/de\/#organization\"},\"potentialAction\":[{\"@type\":\"SearchAction\",\"target\":{\"@type\":\"EntryPoint\",\"urlTemplate\":\"https:\/\/gaiapoleeurope.com\/de\/?s={search_term_string}\"},\"query-input\":{\"@type\":\"PropertyValueSpecification\",\"valueRequired\":true,\"valueName\":\"search_term_string\"}}],\"inLanguage\":\"de\"},{\"@type\":\"Organization\",\"@id\":\"https:\/\/gaiapoleeurope.com\/de\/#organization\",\"name\":\"Gaia Pole\",\"url\":\"https:\/\/gaiapoleeurope.com\/de\/\",\"logo\":{\"@type\":\"ImageObject\",\"inLanguage\":\"de\",\"@id\":\"https:\/\/gaiapoleeurope.com\/de\/#\/schema\/logo\/image\/\",\"url\":\"https:\/\/gaiapoleeurope.com\/wp-content\/uploads\/2024\/08\/gaia-logo.svg\",\"contentUrl\":\"https:\/\/gaiapoleeurope.com\/wp-content\/uploads\/2024\/08\/gaia-logo.svg\",\"width\":423,\"height\":170,\"caption\":\"Gaia Pole\"},\"image\":{\"@id\":\"https:\/\/gaiapoleeurope.com\/de\/#\/schema\/logo\/image\/\"},\"sameAs\":[\"https:\/\/www.facebook.com\/gaiapolefitness\"]}]}<\/script>\n<!-- \/ Yoast SEO plugin. -->","yoast_head_json":{"title":"EASY REMOVABLE POLE - Gaia Pole","description":"EASY REMOVABLE POLE ist die perfekte Kombination aus der besten Drehtechnologie und einem Preis, der in Ihre Tasche passt!","robots":{"index":"index","follow":"follow","max-snippet":"max-snippet:-1","max-image-preview":"max-image-preview:large","max-video-preview":"max-video-preview:-1"},"canonical":"https:\/\/gaiapoleeurope.com\/de\/stangen\/easy-removable-pole\/","og_locale":"de_DE","og_type":"article","og_title":"EASY REMOVABLE POLE - Gaia Pole","og_description":"EASY REMOVABLE POLE ist die perfekte Kombination aus der besten Drehtechnologie und einem Preis, der in Ihre Tasche passt!","og_url":"https:\/\/gaiapoleeurope.com\/de\/stangen\/easy-removable-pole\/","og_site_name":"Gaia Pole","article_publisher":"https:\/\/www.facebook.com\/gaiapolefitness","article_modified_time":"2025-09-10T14:09:27+00:00","og_image":[{"width":1080,"height":1080,"url":"https:\/\/gaiapoleeurope.com\/wp-content\/uploads\/2025\/06\/capa-removivel-easy.jpg","type":"image\/jpeg"}],"twitter_card":"summary_large_image","schema":{"@context":"https:\/\/schema.org","@graph":[{"@type":"WebPage","@id":"https:\/\/gaiapoleeurope.com\/de\/stangen\/easy-removable-pole\/","url":"https:\/\/gaiapoleeurope.com\/de\/stangen\/easy-removable-pole\/","name":"EASY REMOVABLE POLE - Gaia Pole","isPartOf":{"@id":"https:\/\/gaiapoleeurope.com\/de\/#website"},"primaryImageOfPage":{"@id":"https:\/\/gaiapoleeurope.com\/de\/stangen\/easy-removable-pole\/#primaryimage"},"image":{"@id":"https:\/\/gaiapoleeurope.com\/de\/stangen\/easy-removable-pole\/#primaryimage"},"thumbnailUrl":"https:\/\/gaiapoleeurope.com\/wp-content\/uploads\/2025\/06\/capa-removivel-easy.jpg","datePublished":"2024-07-10T14:52:24+00:00","dateModified":"2025-09-10T14:09:27+00:00","description":"EASY REMOVABLE POLE ist die perfekte Kombination aus der besten Drehtechnologie und einem Preis, der in Ihre Tasche passt!","breadcrumb":{"@id":"https:\/\/gaiapoleeurope.com\/de\/stangen\/easy-removable-pole\/#breadcrumb"},"inLanguage":"de","potentialAction":[{"@type":"ReadAction","target":["https:\/\/gaiapoleeurope.com\/de\/stangen\/easy-removable-pole\/"]}]},{"@type":"ImageObject","inLanguage":"de","@id":"https:\/\/gaiapoleeurope.com\/de\/stangen\/easy-removable-pole\/#primaryimage","url":"https:\/\/gaiapoleeurope.com\/wp-content\/uploads\/2025\/06\/capa-removivel-easy.jpg","contentUrl":"https:\/\/gaiapoleeurope.com\/wp-content\/uploads\/2025\/06\/capa-removivel-easy.jpg","width":1080,"height":1080},{"@type":"BreadcrumbList","@id":"https:\/\/gaiapoleeurope.com\/de\/stangen\/easy-removable-pole\/#breadcrumb","itemListElement":[{"@type":"ListItem","position":1,"name":"Home","item":"https:\/\/gaiapoleeurope.com\/de\/"},{"@type":"ListItem","position":2,"name":"Shop","item":"https:\/\/gaiapoleeurope.com\/de\/shop\/"},{"@type":"ListItem","position":3,"name":"Stangen","item":"https:\/\/gaiapoleeurope.com\/de\/stangen\/"},{"@type":"ListItem","position":4,"name":"EASY REMOVABLE POLE"}]},{"@type":"WebSite","@id":"https:\/\/gaiapoleeurope.com\/de\/#website","url":"https:\/\/gaiapoleeurope.com\/de\/","name":"Gaia Pole","description":"","publisher":{"@id":"https:\/\/gaiapoleeurope.com\/de\/#organization"},"potentialAction":[{"@type":"SearchAction","target":{"@type":"EntryPoint","urlTemplate":"https:\/\/gaiapoleeurope.com\/de\/?s={search_term_string}"},"query-input":{"@type":"PropertyValueSpecification","valueRequired":true,"valueName":"search_term_string"}}],"inLanguage":"de"},{"@type":"Organization","@id":"https:\/\/gaiapoleeurope.com\/de\/#organization","name":"Gaia Pole","url":"https:\/\/gaiapoleeurope.com\/de\/","logo":{"@type":"ImageObject","inLanguage":"de","@id":"https:\/\/gaiapoleeurope.com\/de\/#\/schema\/logo\/image\/","url":"https:\/\/gaiapoleeurope.com\/wp-content\/uploads\/2024\/08\/gaia-logo.svg","contentUrl":"https:\/\/gaiapoleeurope.com\/wp-content\/uploads\/2024\/08\/gaia-logo.svg","width":423,"height":170,"caption":"Gaia Pole"},"image":{"@id":"https:\/\/gaiapoleeurope.com\/de\/#\/schema\/logo\/image\/"},"sameAs":["https:\/\/www.facebook.com\/gaiapolefitness"]}]}},"_links":{"self":[{"href":"https:\/\/gaiapoleeurope.com\/de\/wp-json\/wp\/v2\/product\/62355","targetHints":{"allow":["GET"]}}],"collection":[{"href":"https:\/\/gaiapoleeurope.com\/de\/wp-json\/wp\/v2\/product"}],"about":[{"href":"https:\/\/gaiapoleeurope.com\/de\/wp-json\/wp\/v2\/types\/product"}],"replies":[{"embeddable":true,"href":"https:\/\/gaiapoleeurope.com\/de\/wp-json\/wp\/v2\/comments?post=62355"}],"wp:featuredmedia":[{"embeddable":true,"href":"https:\/\/gaiapoleeurope.com\/de\/wp-json\/wp\/v2\/media\/62024"}],"wp:attachment":[{"href":"https:\/\/gaiapoleeurope.com\/de\/wp-json\/wp\/v2\/media?parent=62355"}],"wp:term":[{"taxonomy":"filtro","embeddable":true,"href":"https:\/\/gaiapoleeurope.com\/de\/wp-json\/wp\/v2\/filtro?post=62355"},{"taxonomy":"product_brand","embeddable":true,"href":"https:\/\/gaiapoleeurope.com\/de\/wp-json\/wp\/v2\/product_brand?post=62355"},{"taxonomy":"product_cat","embeddable":true,"href":"https:\/\/gaiapoleeurope.com\/de\/wp-json\/wp\/v2\/product_cat?post=62355"},{"taxonomy":"product_tag","embeddable":true,"href":"https:\/\/gaiapoleeurope.com\/de\/wp-json\/wp\/v2\/product_tag?post=62355"}],"curies":[{"name":"wp","href":"https:\/\/api.w.org\/{rel}","templated":true}]}}